{"id":1343,"date":"2019-04-15T14:43:31","date_gmt":"2019-04-15T12:43:31","guid":{"rendered":"https:\/\/adventure-club.de\/?page_id=1343"},"modified":"2019-04-25T08:16:48","modified_gmt":"2019-04-25T06:16:48","slug":"clara-freudenreich","status":"publish","type":"page","link":"https:\/\/adventureclub.eu\/en\/home-page\/clara-freudenreich\/","title":{"rendered":"Clara Freudenreich"},"content":{"rendered":"<p>[vc_row][\/vc_row][vc_row][vc_column][vc_empty_space height=&#8221;200px&#8221;][\/vc_column][\/vc_row][vc_row][vc_column][vc_column_text]<\/p>\n<h2 style=\"text-align: center;\">Clara Freudenreich<\/h2>\n<p>[\/vc_column_text][\/vc_column][\/vc_row][vc_row][vc_column][vc_empty_space][\/vc_column][\/vc_row][vc_row][vc_column][vc_column_text]<\/p>\n<h4 style=\"text-align: center;\">Member since 2003<\/h4>\n<p>[\/vc_column_text][\/vc_column][\/vc_row][vc_row][vc_column][vc_empty_space][\/vc_column][\/vc_row][vc_row][vc_column][vc_single_image image=&#8221;1258&#8243; img_size=&#8221;large&#8221; alignment=&#8221;center&#8221;][\/vc_column][\/vc_row][vc_row][vc_column][vc_empty_space][\/vc_column][\/vc_row][vc_row][vc_column][vc_empty_space][\/vc_column][\/vc_row][vc_row][vc_column][vc_single_image image=&#8221;398&#8243; img_size=&#8221;medium&#8221; alignment=&#8221;center&#8221;][\/vc_column][\/vc_row][vc_row][vc_column][vc_empty_space][\/vc_column][\/vc_row][vc_row][vc_column width=&#8221;1\/2&#8243;][vc_column_text]<\/p>\n<p style=\"text-align: left;\">When Clara Freudenreich was born in Strasbourg in 1944, no one suspected that she would one day go down in the history books as a dinosaur whisperer. The youngest child of six, she grew up on a farm in post-war Alsace. Even at an early age, it became apparent what would later be the key to her success: her extraordinary talent in dealing with animals.<\/p>\n<blockquote>\n<p style=\"text-align: left;\">\u201cWhat she did with the animals in the yard was \u2026 just unbelievable. She managed to teach even the dumbest chicken elaborate tricks. Even the nasty geese were tame around her. That always impressed us kids. And, of course, none of the boys from the neighbouring farm would dare annoy her.\u201d<\/p>\n<\/blockquote>\n<p style=\"text-align: left;\">&#8211; Luc Petit, Madame Freudenreich\u2019s Cousin<\/p>\n<p style=\"text-align: left;\">By the age of eight, Clara Freudenreich was accompanying her father to the regular appointments with veterinarian and blacksmith, because only she could keep even the unruliest stallion in the yard in check.<\/p>\n<p style=\"text-align: left;\">However, it became too much for her tradition-conscious parents when she reached the age of 12 and began to secretly keep lizards and snakes in her room. They forbade her from dealing with any exotic animals due to worries that she would not be able to fulfil her duties on the farmyard. Her parent&#8217;s plan was clear: one day, Clara would take over the farm.<\/p>\n<p style=\"text-align: left;\">It was only her grandmother Sophie that showed understanding for the young Clara at the time. Although she too was deeply rooted in the Alsatian tradition, she continued to tell her granddaughter how important it was to follow her heart.<\/p>\n<blockquote>\n<p style=\"text-align: left;\">\u201cMy grandmother was my biggest role model. She led a very modest life, but I knew from an early age that the heart of an adventurer beat in her chest! At some point she told me that, as a young woman, she spent a whole summer with a pack of wolves that had accepted her as a member of their community. That was eye-opening for me. It inspired me to take life into my own hands &#8230; there\u2019s no other way to put it. By the way, I also inherited my Alsatian costume from her. And that continues to suit me just fine to this day!\u201d<\/p>\n<\/blockquote>\n<p style=\"text-align: left;\">&#8211; Madame Freudenreich<\/p>\n<p style=\"text-align: left;\">After a class trip to the Eifel, 14-year-old Clara Freudenreich became an overnight celebrity in the local press. In a small stream, she discovered a salamander species that had never before been spotted in Europe. A number of renowned biologists then offered her an internship. The young Clara was fired up, and her passion for discovering new species had been sparked.<\/p>\n<p style=\"text-align: left;\">She moved out immediately after finishing school to accompany the well-known biologist August von Haekel on an expedition to Uganda and gained valuable experience under his guidance.<br \/>\nIn the following years, she toured all five continents and made a name for herself through her special instinct when it came to finding remote places that hid varieties of animal species.<\/p>\n<p style=\"text-align: left;\">At the age of 28, she detected an underwater cave in Venezuela that had been cut off from the rest of the ecosystem for thousands of years. Inside she found not only species like the arrowhead crab, which had died out around the rest of the world, but also entirely new species whose evolution had been completely independent of any external influences. She also discovered, among other things, the striped luminescent perch, which was named as Percoidei Freudenreichienae in the scientific literature.<\/p>\n<p>[\/vc_column_text][\/vc_column][vc_column width=&#8221;1\/2&#8243;][vc_column_text]<\/p>\n<p style=\"text-align: left;\">Her talent in dealing with the animals continued to be maintained, and so she was able to win over every wild and exotic animal throughout her travels. She swam with crocodiles in the Amazon and tussled with tigers in Siberia.<\/p>\n<blockquote>\n<p style=\"text-align: left;\">\u201cShe has something that I\u2019ve never seen before \u2026\u201d,<\/p>\n<\/blockquote>\n<p style=\"text-align: left;\">wrote August von Haekel about Clara Freudenreich in his expedition reports in 1970.<\/p>\n<blockquote>\n<p style=\"text-align: left;\">\u201cThis gift to tame a wild animal using only eye contact between them. It\u2019s as if she spoke the language of animals, as if she could read their minds.\u201c<\/p>\n<\/blockquote>\n<p style=\"text-align: left;\">Even though her parents may not have expected it, Madame Freudenreich always remained true to her Alsatian background during her travels over the decades. Even on the most daring missions, she naturally wore the traditional clothes of her grandmother. Whether training cobras in Cambodia or Gorilla settlements in the Congo, the outfit remained on and at 3 o&#8217;clock, tea was always served alongside home-baked Gugelhupf.<\/p>\n<p style=\"text-align: left;\">It seems unnecessary, even ridiculous, to want to mark a particular climax of her career in this life\u2019s story. But Clara Freudenreich, after all of her adventures, succeeded in accomplishing a feat during an advanced age of discovery that made all her colleagues pale in disbelief.<\/p>\n<p style=\"text-align: left;\">In a crevasse in Venezuela in January 2002, she detected several dinosaur eggs trapped in the eternal ice. She carefully freed the eggs and, along with her colleagues, planned an unprecedented experiment: to hatch the eggs. For several months, scientists worked with elaborate equipment to hatch the eggs or at least to remove unhatched dinosaur embryos from within them. However, it was using the simplest means that Madame Freudenreich managed to succeed in doing what all her colleagues had failed to. Kept warm using a homemade scarf and wrapped in a vinegar wrap, several eggs were hatched in the spring of 2002. Various types of dinosaurs were hatched and kept secret from the public at her research station in South America over the following months and years.<br \/>\nAfter high-ranking members of ACE were allowed unparalleled access to Clara Freudenreich&#8217;s research station in 2003, they were able to witness the liveliness of the dinosaurs. Madame Freudenreich was immediately admitted into the Adventure Club of Europe.<\/p>\n<p style=\"text-align: left;\">The years went by and the demand of the public grew louder, especially once these alleged dinosaurs were allowed to be scrutinised. However, Clara Freudenreich wanted to protect her animals from the stress of being put on public display, and refused. After the pressure only increased, she closed the research station forever in 2007. Madame Freudenreich explained that none of the dinosaurs had been able to adapt to the changing climate of the Earth and the experiment had failed. In addition, she announced that she would be retiring and taking over the curiosity shop of her deceased husband.<br \/>\nSince then, she has lived in seclusion in Alsace. The research station was thoroughly investigated, but no traces of dinosaurs could be found. Only in paleontological circles is it still rumoured that Madame Freudenreich had some of the eggs secretly taken home. When questioned she denied this, but sent the ACE a tin of home-baked biscuits to mark its 300th anniversary &#8211; all shaped liked dinosaurs.<\/p>\n<p>[\/vc_column_text][\/vc_column][\/vc_row][vc_row][vc_column][vc_empty_space][\/vc_column][\/vc_row][vc_row][vc_column][vc_single_image image=&#8221;398&#8243; img_size=&#8221;medium&#8221; alignment=&#8221;center&#8221;][\/vc_column][\/vc_row][vc_row][vc_column][vc_empty_space][\/vc_column][\/vc_row][vc_row][vc_column][vc_empty_space][\/vc_column][\/vc_row]<\/p>","protected":false},"excerpt":{"rendered":"<p>[vc_row][\/vc_row][vc_row][vc_column][vc_empty_space height=&#8221;200px&#8221;][\/vc_column][\/vc_row][vc_row][vc_column][vc_column_text] Clara Freudenreich [\/vc_column_text][\/vc_column][\/vc_row][vc_row][vc_column][vc_empty_space][\/vc_column][\/vc_row][vc_row][vc_column][vc_column_text] Member since 2003 [\/vc_column_text][\/vc_column][\/vc_row][vc_row][vc_column][vc_empty_space][\/vc_column][\/vc_row][vc_row][vc_column][vc_single_image image=&#8221;1258&#8243; img_size=&#8221;large&#8221; alignment=&#8221;center&#8221;][\/vc_column][\/vc_row][vc_row][vc_column][vc_empty_space][\/vc_column][\/vc_row][vc_row][vc_column][vc_empty_space][\/vc_column][\/vc_row][vc_row][vc_column][vc_single_image image=&#8221;398&#8243; img_size=&#8221;medium&#8221; alignment=&#8221;center&#8221;][\/vc_column][\/vc_row][vc_row][vc_column][vc_empty_space][\/vc_column][\/vc_row][vc_row][vc_column width=&#8221;1\/2&#8243;][vc_column_text] When Clara Freudenreich was born in Strasbourg in 1944, no one suspected that she would one day go down in the history books as a dinosaur whisperer. The youngest child of six, she grew up on a farm in [&hellip;]<\/p>\n","protected":false},"author":9,"featured_media":1258,"parent":303,"menu_order":0,"comment_status":"closed","ping_status":"closed","template":"","meta":{"footnotes":""},"class_list":["post-1343","page","type-page","status-publish","has-post-thumbnail","hentry"],"yoast_head":"<!-- This site is optimized with the Yoast SEO plugin v26.9 - https:\/\/yoast.com\/product\/yoast-seo-wordpress\/ -->\n<title>Clara Freudenreich - Adventure Club of Europe<\/title>\n<meta name=\"description\" content=\"Adventure Club of Europe \u2013 Entdecken Sie unsere interessantesten, spannendsten und zum Teil auch umstrittensten Expeditionen der vergangenen Jahrhunderte.\" \/>\n<meta name=\"robots\" content=\"index, follow, max-snippet:-1, max-image-preview:large, max-video-preview:-1\" \/>\n<link rel=\"canonical\" href=\"https:\/\/adventureclub.eu\/fr\/home-page\/clara-freudenreich\/\" \/>\n<meta property=\"og:locale\" content=\"en_US\" \/>\n<meta property=\"og:type\" content=\"article\" \/>\n<meta property=\"og:title\" content=\"Clara Freudenreich - Adventure Club of Europe\" \/>\n<meta property=\"og:description\" content=\"Adventure Club of Europe \u2013 Entdecken Sie unsere interessantesten, spannendsten und zum Teil auch umstrittensten Expeditionen der vergangenen Jahrhunderte.\" \/>\n<meta property=\"og:url\" content=\"https:\/\/adventureclub.eu\/fr\/home-page\/clara-freudenreich\/\" \/>\n<meta property=\"og:site_name\" content=\"Adventure Club of Europe\" \/>\n<meta property=\"article:modified_time\" content=\"2019-04-25T06:16:48+00:00\" \/>\n<meta property=\"og:image\" content=\"https:\/\/adventureclub.eu\/wp-content\/uploads\/2018\/03\/freudenreich.jpg\" \/>\n\t<meta property=\"og:image:width\" content=\"367\" \/>\n\t<meta property=\"og:image:height\" content=\"558\" \/>\n\t<meta property=\"og:image:type\" content=\"image\/jpeg\" \/>\n<meta name=\"twitter:card\" content=\"summary_large_image\" \/>\n<meta name=\"twitter:label1\" content=\"Est. reading time\" \/>\n\t<meta name=\"twitter:data1\" content=\"21 minutes\" \/>\n<script type=\"application\/ld+json\" class=\"yoast-schema-graph\">{\"@context\":\"https:\/\/schema.org\",\"@graph\":[{\"@type\":\"WebPage\",\"@id\":\"https:\/\/adventureclub.eu\/fr\/home-page\/clara-freudenreich\/\",\"url\":\"https:\/\/adventureclub.eu\/fr\/home-page\/clara-freudenreich\/\",\"name\":\"Clara Freudenreich - Adventure Club of Europe\",\"isPartOf\":{\"@id\":\"https:\/\/adventureclub.eu\/#website\"},\"primaryImageOfPage\":{\"@id\":\"https:\/\/adventureclub.eu\/fr\/home-page\/clara-freudenreich\/#primaryimage\"},\"image\":{\"@id\":\"https:\/\/adventureclub.eu\/fr\/home-page\/clara-freudenreich\/#primaryimage\"},\"thumbnailUrl\":\"https:\/\/adventureclub.eu\/wp-content\/uploads\/2018\/03\/freudenreich.jpg\",\"datePublished\":\"2019-04-15T12:43:31+00:00\",\"dateModified\":\"2019-04-25T06:16:48+00:00\",\"description\":\"Adventure Club of Europe \u2013 Entdecken Sie unsere interessantesten, spannendsten und zum Teil auch umstrittensten Expeditionen der vergangenen Jahrhunderte.\",\"breadcrumb\":{\"@id\":\"https:\/\/adventureclub.eu\/fr\/home-page\/clara-freudenreich\/#breadcrumb\"},\"inLanguage\":\"en-US\",\"potentialAction\":[{\"@type\":\"ReadAction\",\"target\":[\"https:\/\/adventureclub.eu\/fr\/home-page\/clara-freudenreich\/\"]}]},{\"@type\":\"ImageObject\",\"inLanguage\":\"en-US\",\"@id\":\"https:\/\/adventureclub.eu\/fr\/home-page\/clara-freudenreich\/#primaryimage\",\"url\":\"https:\/\/adventureclub.eu\/wp-content\/uploads\/2018\/03\/freudenreich.jpg\",\"contentUrl\":\"https:\/\/adventureclub.eu\/wp-content\/uploads\/2018\/03\/freudenreich.jpg\",\"width\":367,\"height\":558,\"caption\":\"Gem\u00e4lde des Adventure Club of Europe Mitglieds Clara Freudenreich. Sie tr\u00e4gt traditionell els\u00e4ssische Tracht mit einem opulenten Hut.\"},{\"@type\":\"BreadcrumbList\",\"@id\":\"https:\/\/adventureclub.eu\/fr\/home-page\/clara-freudenreich\/#breadcrumb\",\"itemListElement\":[{\"@type\":\"ListItem\",\"position\":1,\"name\":\"Startseite\",\"item\":\"https:\/\/adventureclub.eu\/\"},{\"@type\":\"ListItem\",\"position\":2,\"name\":\"Home Page\",\"item\":\"https:\/\/adventureclub.eu\/\"},{\"@type\":\"ListItem\",\"position\":3,\"name\":\"Clara Freudenreich\"}]},{\"@type\":\"WebSite\",\"@id\":\"https:\/\/adventureclub.eu\/#website\",\"url\":\"https:\/\/adventureclub.eu\/\",\"name\":\"Adventure Club of Europe\",\"description\":\"Adventure Club of Europe \u2013 Entdecken Sie unsere interessantesten, spannendsten und zum Teil auch umstrittensten Expeditionen der vergangenen Jahrhunderte.\",\"publisher\":{\"@id\":\"https:\/\/adventureclub.eu\/#organization\"},\"potentialAction\":[{\"@type\":\"SearchAction\",\"target\":{\"@type\":\"EntryPoint\",\"urlTemplate\":\"https:\/\/adventureclub.eu\/?s={search_term_string}\"},\"query-input\":{\"@type\":\"PropertyValueSpecification\",\"valueRequired\":true,\"valueName\":\"search_term_string\"}}],\"inLanguage\":\"en-US\"},{\"@type\":\"Organization\",\"@id\":\"https:\/\/adventureclub.eu\/#organization\",\"name\":\"Adventure Club of Europe\",\"url\":\"https:\/\/adventureclub.eu\/\",\"logo\":{\"@type\":\"ImageObject\",\"inLanguage\":\"en-US\",\"@id\":\"https:\/\/adventureclub.eu\/#\/schema\/logo\/image\/\",\"url\":\"https:\/\/adventureclub.eu\/wp-content\/uploads\/2017\/05\/ACE-TITLE-PAGE.jpg\",\"contentUrl\":\"https:\/\/adventureclub.eu\/wp-content\/uploads\/2017\/05\/ACE-TITLE-PAGE.jpg\",\"width\":1024,\"height\":604,\"caption\":\"Adventure Club of Europe\"},\"image\":{\"@id\":\"https:\/\/adventureclub.eu\/#\/schema\/logo\/image\/\"}}]}<\/script>\n<!-- \/ Yoast SEO plugin. -->","yoast_head_json":{"title":"Clara Freudenreich - Adventure Club of Europe","description":"Adventure Club of Europe \u2013 Entdecken Sie unsere interessantesten, spannendsten und zum Teil auch umstrittensten Expeditionen der vergangenen Jahrhunderte.","robots":{"index":"index","follow":"follow","max-snippet":"max-snippet:-1","max-image-preview":"max-image-preview:large","max-video-preview":"max-video-preview:-1"},"canonical":"https:\/\/adventureclub.eu\/fr\/home-page\/clara-freudenreich\/","og_locale":"en_US","og_type":"article","og_title":"Clara Freudenreich - Adventure Club of Europe","og_description":"Adventure Club of Europe \u2013 Entdecken Sie unsere interessantesten, spannendsten und zum Teil auch umstrittensten Expeditionen der vergangenen Jahrhunderte.","og_url":"https:\/\/adventureclub.eu\/fr\/home-page\/clara-freudenreich\/","og_site_name":"Adventure Club of Europe","article_modified_time":"2019-04-25T06:16:48+00:00","og_image":[{"width":367,"height":558,"url":"https:\/\/adventureclub.eu\/wp-content\/uploads\/2018\/03\/freudenreich.jpg","type":"image\/jpeg"}],"twitter_card":"summary_large_image","twitter_misc":{"Est. reading time":"21 minutes"},"schema":{"@context":"https:\/\/schema.org","@graph":[{"@type":"WebPage","@id":"https:\/\/adventureclub.eu\/fr\/home-page\/clara-freudenreich\/","url":"https:\/\/adventureclub.eu\/fr\/home-page\/clara-freudenreich\/","name":"Clara Freudenreich - Adventure Club of Europe","isPartOf":{"@id":"https:\/\/adventureclub.eu\/#website"},"primaryImageOfPage":{"@id":"https:\/\/adventureclub.eu\/fr\/home-page\/clara-freudenreich\/#primaryimage"},"image":{"@id":"https:\/\/adventureclub.eu\/fr\/home-page\/clara-freudenreich\/#primaryimage"},"thumbnailUrl":"https:\/\/adventureclub.eu\/wp-content\/uploads\/2018\/03\/freudenreich.jpg","datePublished":"2019-04-15T12:43:31+00:00","dateModified":"2019-04-25T06:16:48+00:00","description":"Adventure Club of Europe \u2013 Entdecken Sie unsere interessantesten, spannendsten und zum Teil auch umstrittensten Expeditionen der vergangenen Jahrhunderte.","breadcrumb":{"@id":"https:\/\/adventureclub.eu\/fr\/home-page\/clara-freudenreich\/#breadcrumb"},"inLanguage":"en-US","potentialAction":[{"@type":"ReadAction","target":["https:\/\/adventureclub.eu\/fr\/home-page\/clara-freudenreich\/"]}]},{"@type":"ImageObject","inLanguage":"en-US","@id":"https:\/\/adventureclub.eu\/fr\/home-page\/clara-freudenreich\/#primaryimage","url":"https:\/\/adventureclub.eu\/wp-content\/uploads\/2018\/03\/freudenreich.jpg","contentUrl":"https:\/\/adventureclub.eu\/wp-content\/uploads\/2018\/03\/freudenreich.jpg","width":367,"height":558,"caption":"Gem\u00e4lde des Adventure Club of Europe Mitglieds Clara Freudenreich. Sie tr\u00e4gt traditionell els\u00e4ssische Tracht mit einem opulenten Hut."},{"@type":"BreadcrumbList","@id":"https:\/\/adventureclub.eu\/fr\/home-page\/clara-freudenreich\/#breadcrumb","itemListElement":[{"@type":"ListItem","position":1,"name":"Startseite","item":"https:\/\/adventureclub.eu\/"},{"@type":"ListItem","position":2,"name":"Home Page","item":"https:\/\/adventureclub.eu\/"},{"@type":"ListItem","position":3,"name":"Clara Freudenreich"}]},{"@type":"WebSite","@id":"https:\/\/adventureclub.eu\/#website","url":"https:\/\/adventureclub.eu\/","name":"Adventure Club of Europe","description":"Adventure Club of Europe \u2013 Entdecken Sie unsere interessantesten, spannendsten und zum Teil auch umstrittensten Expeditionen der vergangenen Jahrhunderte.","publisher":{"@id":"https:\/\/adventureclub.eu\/#organization"},"potentialAction":[{"@type":"SearchAction","target":{"@type":"EntryPoint","urlTemplate":"https:\/\/adventureclub.eu\/?s={search_term_string}"},"query-input":{"@type":"PropertyValueSpecification","valueRequired":true,"valueName":"search_term_string"}}],"inLanguage":"en-US"},{"@type":"Organization","@id":"https:\/\/adventureclub.eu\/#organization","name":"Adventure Club of Europe","url":"https:\/\/adventureclub.eu\/","logo":{"@type":"ImageObject","inLanguage":"en-US","@id":"https:\/\/adventureclub.eu\/#\/schema\/logo\/image\/","url":"https:\/\/adventureclub.eu\/wp-content\/uploads\/2017\/05\/ACE-TITLE-PAGE.jpg","contentUrl":"https:\/\/adventureclub.eu\/wp-content\/uploads\/2017\/05\/ACE-TITLE-PAGE.jpg","width":1024,"height":604,"caption":"Adventure Club of Europe"},"image":{"@id":"https:\/\/adventureclub.eu\/#\/schema\/logo\/image\/"}}]}},"_links":{"self":[{"href":"https:\/\/adventureclub.eu\/en\/wp-json\/wp\/v2\/pages\/1343","targetHints":{"allow":["GET"]}}],"collection":[{"href":"https:\/\/adventureclub.eu\/en\/wp-json\/wp\/v2\/pages"}],"about":[{"href":"https:\/\/adventureclub.eu\/en\/wp-json\/wp\/v2\/types\/page"}],"author":[{"embeddable":true,"href":"https:\/\/adventureclub.eu\/en\/wp-json\/wp\/v2\/users\/9"}],"replies":[{"embeddable":true,"href":"https:\/\/adventureclub.eu\/en\/wp-json\/wp\/v2\/comments?post=1343"}],"version-history":[{"count":22,"href":"https:\/\/adventureclub.eu\/en\/wp-json\/wp\/v2\/pages\/1343\/revisions"}],"predecessor-version":[{"id":1523,"href":"https:\/\/adventureclub.eu\/en\/wp-json\/wp\/v2\/pages\/1343\/revisions\/1523"}],"up":[{"embeddable":true,"href":"https:\/\/adventureclub.eu\/en\/wp-json\/wp\/v2\/pages\/303"}],"wp:featuredmedia":[{"embeddable":true,"href":"https:\/\/adventureclub.eu\/en\/wp-json\/wp\/v2\/media\/1258"}],"wp:attachment":[{"href":"https:\/\/adventureclub.eu\/en\/wp-json\/wp\/v2\/media?parent=1343"}],"curies":[{"name":"wp","href":"https:\/\/api.w.org\/{rel}","templated":true}]}}