{"id":1415,"date":"2019-04-16T15:53:49","date_gmt":"2019-04-16T13:53:49","guid":{"rendered":"https:\/\/adventure-club.de\/?page_id=1415"},"modified":"2019-07-08T14:42:20","modified_gmt":"2019-07-08T12:42:20","slug":"ursula-weber","status":"publish","type":"page","link":"https:\/\/adventureclub.eu\/en\/home-page\/ursula-weber\/","title":{"rendered":"Ursula Weber"},"content":{"rendered":"<p>[vc_row][vc_column][vc_empty_space height=&#8221;200px&#8221;][\/vc_column][\/vc_row][vc_row][vc_column][vc_column_text]<\/p>\n<h2 style=\"text-align: center;\">Ursula Weber<\/h2>\n<p>[\/vc_column_text][\/vc_column][\/vc_row][vc_row][vc_column][vc_empty_space][\/vc_column][\/vc_row][vc_row][vc_column][vc_column_text]<\/p>\n<h4 style=\"text-align: center;\">Member from 1773 to 1801<\/h4>\n<p>[\/vc_column_text][\/vc_column][\/vc_row][vc_row][vc_column][vc_empty_space][\/vc_column][\/vc_row][vc_row][vc_column][vc_single_image image=&#8221;580&#8243; img_size=&#8221;large&#8221; alignment=&#8221;center&#8221;][\/vc_column][\/vc_row][vc_row][vc_column][vc_empty_space][\/vc_column][\/vc_row][vc_row][vc_column][vc_empty_space][\/vc_column][\/vc_row][vc_row][vc_column][vc_single_image image=&#8221;398&#8243; img_size=&#8221;medium&#8221; alignment=&#8221;center&#8221;][\/vc_column][\/vc_row][vc_row][vc_column][vc_empty_space][\/vc_column][\/vc_row][vc_row][vc_column width=&#8221;1\/2&#8243;][vc_column_text]In 1773 three monumental events happened within the Adventure Club of Europe.<\/p>\n<ol>\n<li>James Cook became the first man to reach the <span class=\"tlid-translation translation\" lang=\"en\"><span class=\"\" title=\"\">Antarctic Circle<\/span><\/span>.<\/li>\n<li>Charles Messier discovers the spiral galaxy M51, or whirlpool galaxy, as it is also known.<\/li>\n<li>Ursula Weber became the first female member of the Adventure Club of Europe<\/li>\n<\/ol>\n<p>On 13th December 1773, the ACE met for an annual general meeting in Paris under the chairmanship of the honourable Ludovic de Vaucans\u00e9. In his invitation letter he said:<\/p>\n<blockquote><p>We all felt the same goose bumps when the scientific successes of Cook and Messier shook the world earlier this year.&#8221;<\/p><\/blockquote>\n<p>The use of the term \u2018goose bumps\u2019 was something of a personal joke for the cunning inventor, Ludovic de Vaucans\u00e9. He was well known for his invention; a mechanical goose consisting of 400 moving parts and gears, fluttering, chattering, drinking water, and even digesting grains in an internal chemical reaction &#8211; the non-absent animal excreta occasionally causing surprise to their owners.<\/p>\n<p>Inspired by her passion in the art of clockwork and fascination with the miracles of robotics, Vaucans\u00e9 invited the young Swiss woman, and daughter of a watchmaker, Ursula Weber to the meeting. Her father\u2019s watchmaking company had a branch in Paris.<\/p>\n<blockquote><p>She brought along a simple doll. It was about 70cm in height with movable arms, legs and eyes. On the evening before the meeting I saw it sitting quietly in the dark on the stage. A shiver ran over me as it sat there in the moonlight and I could swear, please do not laugh at me, it winked at me\u201d<\/p><\/blockquote>\n<p>wrote Vaucans\u00e9 in 1773 in a letter to his wife.[\/vc_column_text][\/vc_column][vc_column width=&#8221;1\/2&#8243;][vc_column_text]Ursula Weber presented her doll, which lifted its arm by itself and turned the page of a book. The members of the Adventure Club of Europe were already cheering, but Weber asked them to step closer. Her doll\u2019s performance was not yet finished she explained and handed it a piece of paper.<\/p>\n<blockquote><p>I had expected a few polka dots and stripes from this doll and her young inventor but as I approached this automatic marvel drew the emblem of the Adventure Club of Europe with a filigree feather\u201d, Vaucans\u00e9 wrote, describing the scene.<\/p><\/blockquote>\n<p>Later that very same day, Ursula Weber signed the membership application and got the financial support to create more android dolls.<\/p>\n<blockquote><p>We consider many things in this world incomprehensible. Nevertheless, I think that the word \u2018incomprehensible\u2019 is exactly the driving force that drives us researchers, explorers and inventors to make incomprehensible marvels a reality.Today, my dear, I have seen a machine I thought to be impossible in my not-so-modest career as a watchmaker and lo and behold, there it is. Is it not wonderful what is possible?&#8221;<\/p><\/blockquote>\n<p>he wrote, signing off the letter to his wife.<br \/>\nA year later, in 1774, the three androids &#8220;the Writer, the Organist and the Draughtsman&#8221; were unveiled to the public. The Writer could write any text of 40 characters, the Organist played five pieces and the Draughtsman could draw four different pictures. Ursula Weber went after this on a lengthy pilgrimage throughout Europe.<\/p>\n<p>In the possession of the Adventure Club of Europe:<\/p>\n<p>Artefact:<\/p>\n<ul>\n<li style=\"list-style-type: none;\">\n<ul>\n<li>A prototype of the drawing machine that can paint the ACE logo<\/li>\n<\/ul>\n<\/li>\n<\/ul>\n<p>[\/vc_column_text][\/vc_column][\/vc_row][vc_row][vc_column][vc_empty_space][\/vc_column][\/vc_row][vc_row][vc_column][vc_single_image image=&#8221;398&#8243; img_size=&#8221;medium&#8221; alignment=&#8221;center&#8221;][\/vc_column][\/vc_row][vc_row][vc_column][vc_empty_space][\/vc_column][\/vc_row][vc_row][vc_column][vc_single_image image=&#8221;407&#8243; img_size=&#8221;large&#8221; alignment=&#8221;center&#8221;][\/vc_column][\/vc_row][vc_row][vc_column][vc_empty_space][\/vc_column][\/vc_row][vc_row][vc_column][vc_single_image image=&#8221;408&#8243; img_size=&#8221;large&#8221; alignment=&#8221;center&#8221;][\/vc_column][\/vc_row][vc_row][vc_column][vc_empty_space][\/vc_column][\/vc_row][vc_row][vc_column][vc_empty_space][\/vc_column][\/vc_row]<\/p>","protected":false},"excerpt":{"rendered":"<p>[vc_row][vc_column][vc_empty_space height=&#8221;200px&#8221;][\/vc_column][\/vc_row][vc_row][vc_column][vc_column_text] Ursula Weber [\/vc_column_text][\/vc_column][\/vc_row][vc_row][vc_column][vc_empty_space][\/vc_column][\/vc_row][vc_row][vc_column][vc_column_text] Member from 1773 to 1801 [\/vc_column_text][\/vc_column][\/vc_row][vc_row][vc_column][vc_empty_space][\/vc_column][\/vc_row][vc_row][vc_column][vc_single_image image=&#8221;580&#8243; img_size=&#8221;large&#8221; alignment=&#8221;center&#8221;][\/vc_column][\/vc_row][vc_row][vc_column][vc_empty_space][\/vc_column][\/vc_row][vc_row][vc_column][vc_empty_space][\/vc_column][\/vc_row][vc_row][vc_column][vc_single_image image=&#8221;398&#8243; img_size=&#8221;medium&#8221; alignment=&#8221;center&#8221;][\/vc_column][\/vc_row][vc_row][vc_column][vc_empty_space][\/vc_column][\/vc_row][vc_row][vc_column width=&#8221;1\/2&#8243;][vc_column_text]In 1773 three monumental events happened within the Adventure Club of Europe. James Cook became the first man to reach the Antarctic Circle. Charles Messier discovers the spiral galaxy M51, or whirlpool galaxy, as it is also known. [&hellip;]<\/p>\n","protected":false},"author":9,"featured_media":580,"parent":303,"menu_order":0,"comment_status":"closed","ping_status":"closed","template":"","meta":{"footnotes":""},"class_list":["post-1415","page","type-page","status-publish","has-post-thumbnail","hentry"],"yoast_head":"<!-- This site is optimized with the Yoast SEO plugin v26.9 - https:\/\/yoast.com\/product\/yoast-seo-wordpress\/ -->\n<title>Ursula Weber - Adventure Club of Europe<\/title>\n<meta name=\"description\" content=\"Adventure Club of Europe \u2013 Entdecken Sie unsere interessantesten, spannendsten und zum Teil auch umstrittensten Expeditionen der vergangenen Jahrhunderte.\" \/>\n<meta name=\"robots\" content=\"index, follow, max-snippet:-1, max-image-preview:large, max-video-preview:-1\" \/>\n<link rel=\"canonical\" href=\"https:\/\/adventureclub.eu\/en\/home-page\/ursula-weber\/\" \/>\n<meta property=\"og:locale\" content=\"en_US\" \/>\n<meta property=\"og:type\" content=\"article\" \/>\n<meta property=\"og:title\" content=\"Ursula Weber - Adventure Club of Europe\" \/>\n<meta property=\"og:description\" content=\"Adventure Club of Europe \u2013 Entdecken Sie unsere interessantesten, spannendsten und zum Teil auch umstrittensten Expeditionen der vergangenen Jahrhunderte.\" \/>\n<meta property=\"og:url\" content=\"https:\/\/adventureclub.eu\/en\/home-page\/ursula-weber\/\" \/>\n<meta property=\"og:site_name\" content=\"Adventure Club of Europe\" \/>\n<meta property=\"article:modified_time\" content=\"2019-07-08T12:42:20+00:00\" \/>\n<meta property=\"og:image\" content=\"https:\/\/adventureclub.eu\/wp-content\/uploads\/2014\/11\/mitglieder_ursula.jpg\" \/>\n\t<meta property=\"og:image:width\" content=\"793\" \/>\n\t<meta property=\"og:image:height\" content=\"1024\" \/>\n\t<meta property=\"og:image:type\" content=\"image\/jpeg\" \/>\n<meta name=\"twitter:card\" content=\"summary_large_image\" \/>\n<meta name=\"twitter:label1\" content=\"Est. reading time\" \/>\n\t<meta name=\"twitter:data1\" content=\"12 minutes\" \/>\n<script type=\"application\/ld+json\" class=\"yoast-schema-graph\">{\"@context\":\"https:\/\/schema.org\",\"@graph\":[{\"@type\":\"WebPage\",\"@id\":\"https:\/\/adventureclub.eu\/en\/home-page\/ursula-weber\/\",\"url\":\"https:\/\/adventureclub.eu\/en\/home-page\/ursula-weber\/\",\"name\":\"Ursula Weber - Adventure Club of Europe\",\"isPartOf\":{\"@id\":\"https:\/\/adventureclub.eu\/#website\"},\"primaryImageOfPage\":{\"@id\":\"https:\/\/adventureclub.eu\/en\/home-page\/ursula-weber\/#primaryimage\"},\"image\":{\"@id\":\"https:\/\/adventureclub.eu\/en\/home-page\/ursula-weber\/#primaryimage\"},\"thumbnailUrl\":\"https:\/\/adventureclub.eu\/wp-content\/uploads\/2014\/11\/mitglieder_ursula.jpg\",\"datePublished\":\"2019-04-16T13:53:49+00:00\",\"dateModified\":\"2019-07-08T12:42:20+00:00\",\"description\":\"Adventure Club of Europe \u2013 Entdecken Sie unsere interessantesten, spannendsten und zum Teil auch umstrittensten Expeditionen der vergangenen Jahrhunderte.\",\"breadcrumb\":{\"@id\":\"https:\/\/adventureclub.eu\/en\/home-page\/ursula-weber\/#breadcrumb\"},\"inLanguage\":\"en-US\",\"potentialAction\":[{\"@type\":\"ReadAction\",\"target\":[\"https:\/\/adventureclub.eu\/en\/home-page\/ursula-weber\/\"]}]},{\"@type\":\"ImageObject\",\"inLanguage\":\"en-US\",\"@id\":\"https:\/\/adventureclub.eu\/en\/home-page\/ursula-weber\/#primaryimage\",\"url\":\"https:\/\/adventureclub.eu\/wp-content\/uploads\/2014\/11\/mitglieder_ursula.jpg\",\"contentUrl\":\"https:\/\/adventureclub.eu\/wp-content\/uploads\/2014\/11\/mitglieder_ursula.jpg\",\"width\":793,\"height\":1024,\"caption\":\"Barockes Gem\u00e4lde der Anh\u00e4ngerin des Adventure Club of Europe, Ursula Weber, sie tr\u00e4gt eine opulente Hochsteckfrisur und ein ausgefallenes Ballkleid.\"},{\"@type\":\"BreadcrumbList\",\"@id\":\"https:\/\/adventureclub.eu\/en\/home-page\/ursula-weber\/#breadcrumb\",\"itemListElement\":[{\"@type\":\"ListItem\",\"position\":1,\"name\":\"Startseite\",\"item\":\"https:\/\/adventureclub.eu\/\"},{\"@type\":\"ListItem\",\"position\":2,\"name\":\"Home Page\",\"item\":\"https:\/\/adventureclub.eu\/\"},{\"@type\":\"ListItem\",\"position\":3,\"name\":\"Ursula Weber\"}]},{\"@type\":\"WebSite\",\"@id\":\"https:\/\/adventureclub.eu\/#website\",\"url\":\"https:\/\/adventureclub.eu\/\",\"name\":\"Adventure Club of Europe\",\"description\":\"Adventure Club of Europe \u2013 Entdecken Sie unsere interessantesten, spannendsten und zum Teil auch umstrittensten Expeditionen der vergangenen Jahrhunderte.\",\"publisher\":{\"@id\":\"https:\/\/adventureclub.eu\/#organization\"},\"potentialAction\":[{\"@type\":\"SearchAction\",\"target\":{\"@type\":\"EntryPoint\",\"urlTemplate\":\"https:\/\/adventureclub.eu\/?s={search_term_string}\"},\"query-input\":{\"@type\":\"PropertyValueSpecification\",\"valueRequired\":true,\"valueName\":\"search_term_string\"}}],\"inLanguage\":\"en-US\"},{\"@type\":\"Organization\",\"@id\":\"https:\/\/adventureclub.eu\/#organization\",\"name\":\"Adventure Club of Europe\",\"url\":\"https:\/\/adventureclub.eu\/\",\"logo\":{\"@type\":\"ImageObject\",\"inLanguage\":\"en-US\",\"@id\":\"https:\/\/adventureclub.eu\/#\/schema\/logo\/image\/\",\"url\":\"https:\/\/adventureclub.eu\/wp-content\/uploads\/2017\/05\/ACE-TITLE-PAGE.jpg\",\"contentUrl\":\"https:\/\/adventureclub.eu\/wp-content\/uploads\/2017\/05\/ACE-TITLE-PAGE.jpg\",\"width\":1024,\"height\":604,\"caption\":\"Adventure Club of Europe\"},\"image\":{\"@id\":\"https:\/\/adventureclub.eu\/#\/schema\/logo\/image\/\"}}]}<\/script>\n<!-- \/ Yoast SEO plugin. -->","yoast_head_json":{"title":"Ursula Weber - Adventure Club of Europe","description":"Adventure Club of Europe \u2013 Entdecken Sie unsere interessantesten, spannendsten und zum Teil auch umstrittensten Expeditionen der vergangenen Jahrhunderte.","robots":{"index":"index","follow":"follow","max-snippet":"max-snippet:-1","max-image-preview":"max-image-preview:large","max-video-preview":"max-video-preview:-1"},"canonical":"https:\/\/adventureclub.eu\/en\/home-page\/ursula-weber\/","og_locale":"en_US","og_type":"article","og_title":"Ursula Weber - Adventure Club of Europe","og_description":"Adventure Club of Europe \u2013 Entdecken Sie unsere interessantesten, spannendsten und zum Teil auch umstrittensten Expeditionen der vergangenen Jahrhunderte.","og_url":"https:\/\/adventureclub.eu\/en\/home-page\/ursula-weber\/","og_site_name":"Adventure Club of Europe","article_modified_time":"2019-07-08T12:42:20+00:00","og_image":[{"width":793,"height":1024,"url":"https:\/\/adventureclub.eu\/wp-content\/uploads\/2014\/11\/mitglieder_ursula.jpg","type":"image\/jpeg"}],"twitter_card":"summary_large_image","twitter_misc":{"Est. reading time":"12 minutes"},"schema":{"@context":"https:\/\/schema.org","@graph":[{"@type":"WebPage","@id":"https:\/\/adventureclub.eu\/en\/home-page\/ursula-weber\/","url":"https:\/\/adventureclub.eu\/en\/home-page\/ursula-weber\/","name":"Ursula Weber - Adventure Club of Europe","isPartOf":{"@id":"https:\/\/adventureclub.eu\/#website"},"primaryImageOfPage":{"@id":"https:\/\/adventureclub.eu\/en\/home-page\/ursula-weber\/#primaryimage"},"image":{"@id":"https:\/\/adventureclub.eu\/en\/home-page\/ursula-weber\/#primaryimage"},"thumbnailUrl":"https:\/\/adventureclub.eu\/wp-content\/uploads\/2014\/11\/mitglieder_ursula.jpg","datePublished":"2019-04-16T13:53:49+00:00","dateModified":"2019-07-08T12:42:20+00:00","description":"Adventure Club of Europe \u2013 Entdecken Sie unsere interessantesten, spannendsten und zum Teil auch umstrittensten Expeditionen der vergangenen Jahrhunderte.","breadcrumb":{"@id":"https:\/\/adventureclub.eu\/en\/home-page\/ursula-weber\/#breadcrumb"},"inLanguage":"en-US","potentialAction":[{"@type":"ReadAction","target":["https:\/\/adventureclub.eu\/en\/home-page\/ursula-weber\/"]}]},{"@type":"ImageObject","inLanguage":"en-US","@id":"https:\/\/adventureclub.eu\/en\/home-page\/ursula-weber\/#primaryimage","url":"https:\/\/adventureclub.eu\/wp-content\/uploads\/2014\/11\/mitglieder_ursula.jpg","contentUrl":"https:\/\/adventureclub.eu\/wp-content\/uploads\/2014\/11\/mitglieder_ursula.jpg","width":793,"height":1024,"caption":"Barockes Gem\u00e4lde der Anh\u00e4ngerin des Adventure Club of Europe, Ursula Weber, sie tr\u00e4gt eine opulente Hochsteckfrisur und ein ausgefallenes Ballkleid."},{"@type":"BreadcrumbList","@id":"https:\/\/adventureclub.eu\/en\/home-page\/ursula-weber\/#breadcrumb","itemListElement":[{"@type":"ListItem","position":1,"name":"Startseite","item":"https:\/\/adventureclub.eu\/"},{"@type":"ListItem","position":2,"name":"Home Page","item":"https:\/\/adventureclub.eu\/"},{"@type":"ListItem","position":3,"name":"Ursula Weber"}]},{"@type":"WebSite","@id":"https:\/\/adventureclub.eu\/#website","url":"https:\/\/adventureclub.eu\/","name":"Adventure Club of Europe","description":"Adventure Club of Europe \u2013 Entdecken Sie unsere interessantesten, spannendsten und zum Teil auch umstrittensten Expeditionen der vergangenen Jahrhunderte.","publisher":{"@id":"https:\/\/adventureclub.eu\/#organization"},"potentialAction":[{"@type":"SearchAction","target":{"@type":"EntryPoint","urlTemplate":"https:\/\/adventureclub.eu\/?s={search_term_string}"},"query-input":{"@type":"PropertyValueSpecification","valueRequired":true,"valueName":"search_term_string"}}],"inLanguage":"en-US"},{"@type":"Organization","@id":"https:\/\/adventureclub.eu\/#organization","name":"Adventure Club of Europe","url":"https:\/\/adventureclub.eu\/","logo":{"@type":"ImageObject","inLanguage":"en-US","@id":"https:\/\/adventureclub.eu\/#\/schema\/logo\/image\/","url":"https:\/\/adventureclub.eu\/wp-content\/uploads\/2017\/05\/ACE-TITLE-PAGE.jpg","contentUrl":"https:\/\/adventureclub.eu\/wp-content\/uploads\/2017\/05\/ACE-TITLE-PAGE.jpg","width":1024,"height":604,"caption":"Adventure Club of Europe"},"image":{"@id":"https:\/\/adventureclub.eu\/#\/schema\/logo\/image\/"}}]}},"_links":{"self":[{"href":"https:\/\/adventureclub.eu\/en\/wp-json\/wp\/v2\/pages\/1415","targetHints":{"allow":["GET"]}}],"collection":[{"href":"https:\/\/adventureclub.eu\/en\/wp-json\/wp\/v2\/pages"}],"about":[{"href":"https:\/\/adventureclub.eu\/en\/wp-json\/wp\/v2\/types\/page"}],"author":[{"embeddable":true,"href":"https:\/\/adventureclub.eu\/en\/wp-json\/wp\/v2\/users\/9"}],"replies":[{"embeddable":true,"href":"https:\/\/adventureclub.eu\/en\/wp-json\/wp\/v2\/comments?post=1415"}],"version-history":[{"count":15,"href":"https:\/\/adventureclub.eu\/en\/wp-json\/wp\/v2\/pages\/1415\/revisions"}],"predecessor-version":[{"id":1638,"href":"https:\/\/adventureclub.eu\/en\/wp-json\/wp\/v2\/pages\/1415\/revisions\/1638"}],"up":[{"embeddable":true,"href":"https:\/\/adventureclub.eu\/en\/wp-json\/wp\/v2\/pages\/303"}],"wp:featuredmedia":[{"embeddable":true,"href":"https:\/\/adventureclub.eu\/en\/wp-json\/wp\/v2\/media\/580"}],"wp:attachment":[{"href":"https:\/\/adventureclub.eu\/en\/wp-json\/wp\/v2\/media?parent=1415"}],"curies":[{"name":"wp","href":"https:\/\/api.w.org\/{rel}","templated":true}]}}