{"id":1861,"date":"2022-02-28T08:23:44","date_gmt":"2022-02-28T07:23:44","guid":{"rendered":"https:\/\/adventure-club.de\/?page_id=1861"},"modified":"2022-03-21T14:21:53","modified_gmt":"2022-03-21T13:21:53","slug":"kaiserin-josefina-von-oesterreich","status":"publish","type":"page","link":"https:\/\/adventureclub.eu\/en\/home-page\/kaiserin-josefina-von-oesterreich\/","title":{"rendered":"Empress Josefina of Austria"},"content":{"rendered":"<p>[vc_row][vc_column][vc_empty_space height=&#8221;200px&#8221;][\/vc_column][\/vc_row][vc_row][vc_column][vc_column_text]<\/p>\n<h2 style=\"text-align: center;\">Empress Josefina of Austria<\/h2>\n<p>[\/vc_column_text][\/vc_column][\/vc_row][vc_row][vc_column][vc_empty_space][\/vc_column][\/vc_row][vc_row][vc_column][vc_column_text]<\/p>\n<h4 style=\"text-align: center;\">Member from 1855 until 1912<\/h4>\n<p>[\/vc_column_text][\/vc_column][\/vc_row][vc_row][vc_column][vc_empty_space][\/vc_column][\/vc_row][vc_row][vc_column][vc_single_image image=&#8221;1851&#8243; img_size=&#8221;medium&#8221; alignment=&#8221;center&#8221;][\/vc_column][\/vc_row][vc_row][vc_column][vc_empty_space][\/vc_column][\/vc_row][vc_row][vc_column][vc_empty_space][\/vc_column][\/vc_row][vc_row][vc_column][vc_single_image image=&#8221;398&#8243; img_size=&#8221;medium&#8221; alignment=&#8221;center&#8221;][\/vc_column][\/vc_row][vc_row][vc_column][vc_empty_space][\/vc_column][\/vc_row][vc_row][vc_column width=&#8221;1\/2&#8243;][vc_column_text]Josefina went down in history as one of the smartest and fairest empress that Austria had ever seen. With her beloved husband Theodor by her side, she reigned the country many decades with a special diplomatic skill, made friendly connections to all neighbouring countries in Europe and was admired by the public. She loved hosting big events on her summer residence \u201cBergkristall Castle\u201d which was located not far from Vienna. She cared for the royal gardens with all their little corners and beautiful fountains and statues with great dedication.<\/p>\n<p>She enjoyed a high reputation in the whole of Europe as one of the most open-minded and progressive rulers of that time. However, there was another side to the shining empress Josefina, an adventurer and pioneer, which was known to only a handful of people and kept a secret. Today, only the ACE knows of it.<\/p>\n<p>On court, Josefina collected a secret circle of adventurers, scientists and artists around herself. She used her influence as an empress to support all kinds of travels and expeditions. In her royal salon, the new, the unknown and the unbelievable were discussed, everything that went over the current knowledge and imagination of the time. Therefore, it was not surprising that she became the biggest patron of the adventure club of Europe in Austria and even sponsored a headquarter for the Austrian department, high up in the Alps.<\/p>\n<p>The empress was a frequent guest at this headquarter. There was not much else that brought her as much joy as her regular trips to the mountains.<\/p>\n<p>She remembers in her memoirs:<\/p>\n<blockquote><p>\u201cYes, truly, I loved the mountains. I spent much time in my life there; it just feels like my home. To be far up, discussing with scientists, pioneers and adventurers and speculate about new inventions, yes, that was really my greatest joy.\u201d<\/p><\/blockquote>\n<p>This is how Josefina finally became honorary chairwoman of the ACE in Austria and the club is still using the headquarters by her until today.<\/p>\n<p>A couple years ago, ACE members found one of her diaries up there, filled with different texts and drawings. This raised the hopes of finding out more about the youth and childhood of the empress, as her origins are a mystery even for the ACE itself. There are many secrets and legends entwined with her childhood. She certainly did not come from a royal background: The young emperor Theodor returned with her accompanying him from a hunting trip in the Alps. A little while after, she was his bride and finally the new empress.[\/vc_column_text][\/vc_column][vc_column width=&#8221;1\/2&#8243;][vc_column_text]Her diary shines a little light into the unknown, however it adds more questions, too. One learns that Josefinas nickname as a child was \u201cFina\u201d and she apparently grew up in midst of the Alps. Many passages of text mention a small community in the mountains who call themselves the \u201cYomis\u201d. Allegedly, they are small, gnome-like creatures with turquoise skin and are unusually skilled in forging with magic gems, in a way which only they know. In the Alps, it is often talked about the legends of the mountain spirit, which can be stored in these gems and crystals. The community of the Yomis must have known how to use this magic masterly, because Josefina\u2019s diary shows detailed drawings of items and jewellery studded with gems. The ACE could neither prove this legend to be correct, nor find such a piece of jewellery.<\/p>\n<p>Yet, Josefina describes the items in great detail:<\/p>\n<blockquote><p>\u201cEach of the Yomis wore a different gem. Some were violet, others green, blue or orange, too. Each one in their own way. I saw hair clips, brooches, bracelets and necklaces. Each was beautiful and shone in a way, which could only make a person smile. A kind of calm and happiness seemed to come from them all. It was a bright sea of gems, which united the Yomi magic with the spirit of the mountain.\u201d<\/p><\/blockquote>\n<p>In connection to the legend of the Yomis, the legend of the \u201cdragon heart\u201d is also mentioned in Josefinas (or Finas) diary. It tells the story that a long, long time ago, a bad wizard created an especially powerful gem, which he called the \u201cdragon heart\u201d. In this gem, he locked the entire magic and vitality of an ancient dragon who lived in the mountains. This way he could bind the dragon onto himself. The dragon would be obligated to infinite loyalty to whoever was the owner of the \u201cdragon heart\u201d. With the help of the dragon, the wizard enslaved the Yomis. In a grotto, deep underneath the mountains they were forced to mine more and more gems to increase the power of the wizard into the immeasurable with the help of the gems.<\/p>\n<p>Whether the Yomis were ever able to free themselves is not told in Josefina\u2019s diary. However, there are many hints that Josefina and the Yomis fought together against the wizard. Should they have succeeded in destroying the dragon heart and break the curse, the dragon and the Yomis would have been free again after many years of confinement.<\/p>\n<p>The empress remained silent on the truth of the story all throughout her living days. Yet, many figures of Yomis stand in the royal garden of the empress. Another reference, which is known by the ACE, are the crown and sceptre of the empress. In both is a chip of a big crystal included that is similar in colour and composition to the descriptions of the dragon heart. Sceptre and crown are of an unknown and beautiful craftsmanship. No blacksmith in Austria could have ever forged such detailed and fine decorations. Besides the Yomis\u2026<\/p>\n<p>Artefacts of Empress Josefina, which are now owned by the ACE:<\/p>\n<ul>\n<li>Sceptre<\/li>\n<li>Crown<\/li>\n<li>Diary<\/li>\n<\/ul>\n<p>[\/vc_column_text][\/vc_column][\/vc_row][vc_row][vc_column][vc_empty_space][\/vc_column][\/vc_row][vc_row][vc_column][vc_single_image image=&#8221;398&#8243; img_size=&#8221;medium&#8221; alignment=&#8221;center&#8221;][\/vc_column][\/vc_row][vc_row][vc_column][vc_empty_space][\/vc_column][\/vc_row][vc_row][vc_column][vc_empty_space][\/vc_column][\/vc_row][vc_row][vc_column][vc_empty_space][\/vc_column][\/vc_row]<\/p>","protected":false},"excerpt":{"rendered":"<p>[vc_row][vc_column][vc_empty_space height=&#8221;200px&#8221;][\/vc_column][\/vc_row][vc_row][vc_column][vc_column_text] Empress Josefina of Austria [\/vc_column_text][\/vc_column][\/vc_row][vc_row][vc_column][vc_empty_space][\/vc_column][\/vc_row][vc_row][vc_column][vc_column_text] Member from 1855 until 1912 [\/vc_column_text][\/vc_column][\/vc_row][vc_row][vc_column][vc_empty_space][\/vc_column][\/vc_row][vc_row][vc_column][vc_single_image image=&#8221;1851&#8243; img_size=&#8221;medium&#8221; alignment=&#8221;center&#8221;][\/vc_column][\/vc_row][vc_row][vc_column][vc_empty_space][\/vc_column][\/vc_row][vc_row][vc_column][vc_empty_space][\/vc_column][\/vc_row][vc_row][vc_column][vc_single_image image=&#8221;398&#8243; img_size=&#8221;medium&#8221; alignment=&#8221;center&#8221;][\/vc_column][\/vc_row][vc_row][vc_column][vc_empty_space][\/vc_column][\/vc_row][vc_row][vc_column width=&#8221;1\/2&#8243;][vc_column_text]Josefina went down in history as one of the smartest and fairest empress that Austria had ever seen. With her beloved husband Theodor by her side, she reigned the country many decades with a special diplomatic [&hellip;]<\/p>\n","protected":false},"author":9,"featured_media":1851,"parent":303,"menu_order":0,"comment_status":"closed","ping_status":"closed","template":"","meta":{"footnotes":""},"class_list":["post-1861","page","type-page","status-publish","has-post-thumbnail","hentry"],"yoast_head":"<!-- This site is optimized with the Yoast SEO plugin v26.9 - https:\/\/yoast.com\/product\/yoast-seo-wordpress\/ -->\n<title>Empress Josefina of Austria - Adventure Club of Europe<\/title>\n<meta name=\"description\" content=\"Adventure Club of Europe \u2013 Entdecken Sie unsere interessantesten, spannendsten und zum Teil auch umstrittensten Expeditionen der vergangenen Jahrhunderte.\" \/>\n<meta name=\"robots\" content=\"index, follow, max-snippet:-1, max-image-preview:large, max-video-preview:-1\" \/>\n<link rel=\"canonical\" href=\"https:\/\/adventureclub.eu\/home-page\/kaiserin-josefina-von-oesterreich\/\" \/>\n<meta property=\"og:locale\" content=\"en_US\" \/>\n<meta property=\"og:type\" content=\"article\" \/>\n<meta property=\"og:title\" content=\"Empress Josefina of Austria - Adventure Club of Europe\" \/>\n<meta property=\"og:description\" content=\"Adventure Club of Europe \u2013 Entdecken Sie unsere interessantesten, spannendsten und zum Teil auch umstrittensten Expeditionen der vergangenen Jahrhunderte.\" \/>\n<meta property=\"og:url\" content=\"https:\/\/adventureclub.eu\/home-page\/kaiserin-josefina-von-oesterreich\/\" \/>\n<meta property=\"og:site_name\" content=\"Adventure Club of Europe\" \/>\n<meta property=\"article:modified_time\" content=\"2022-03-21T13:21:53+00:00\" \/>\n<meta property=\"og:image\" content=\"https:\/\/adventureclub.eu\/wp-content\/uploads\/2014\/11\/ace_kaiserin_josefina.jpg\" \/>\n\t<meta property=\"og:image:width\" content=\"585\" \/>\n\t<meta property=\"og:image:height\" content=\"800\" \/>\n\t<meta property=\"og:image:type\" content=\"image\/jpeg\" \/>\n<meta name=\"twitter:card\" content=\"summary_large_image\" \/>\n<meta name=\"twitter:label1\" content=\"Est. reading time\" \/>\n\t<meta name=\"twitter:data1\" content=\"6 minutes\" \/>\n<script type=\"application\/ld+json\" class=\"yoast-schema-graph\">{\"@context\":\"https:\/\/schema.org\",\"@graph\":[{\"@type\":\"WebPage\",\"@id\":\"https:\/\/adventureclub.eu\/home-page\/kaiserin-josefina-von-oesterreich\/\",\"url\":\"https:\/\/adventureclub.eu\/home-page\/kaiserin-josefina-von-oesterreich\/\",\"name\":\"Empress Josefina of Austria - Adventure Club of Europe\",\"isPartOf\":{\"@id\":\"https:\/\/adventureclub.eu\/#website\"},\"primaryImageOfPage\":{\"@id\":\"https:\/\/adventureclub.eu\/home-page\/kaiserin-josefina-von-oesterreich\/#primaryimage\"},\"image\":{\"@id\":\"https:\/\/adventureclub.eu\/home-page\/kaiserin-josefina-von-oesterreich\/#primaryimage\"},\"thumbnailUrl\":\"https:\/\/adventureclub.eu\/wp-content\/uploads\/2014\/11\/ace_kaiserin_josefina.jpg\",\"datePublished\":\"2022-02-28T07:23:44+00:00\",\"dateModified\":\"2022-03-21T13:21:53+00:00\",\"description\":\"Adventure Club of Europe \u2013 Entdecken Sie unsere interessantesten, spannendsten und zum Teil auch umstrittensten Expeditionen der vergangenen Jahrhunderte.\",\"breadcrumb\":{\"@id\":\"https:\/\/adventureclub.eu\/home-page\/kaiserin-josefina-von-oesterreich\/#breadcrumb\"},\"inLanguage\":\"en-US\",\"potentialAction\":[{\"@type\":\"ReadAction\",\"target\":[\"https:\/\/adventureclub.eu\/home-page\/kaiserin-josefina-von-oesterreich\/\"]}]},{\"@type\":\"ImageObject\",\"inLanguage\":\"en-US\",\"@id\":\"https:\/\/adventureclub.eu\/home-page\/kaiserin-josefina-von-oesterreich\/#primaryimage\",\"url\":\"https:\/\/adventureclub.eu\/wp-content\/uploads\/2014\/11\/ace_kaiserin_josefina.jpg\",\"contentUrl\":\"https:\/\/adventureclub.eu\/wp-content\/uploads\/2014\/11\/ace_kaiserin_josefina.jpg\",\"width\":585,\"height\":800,\"caption\":\"Portrait Gem\u00e4lde der Kaiserin Josefina von \u00d6sterreich, Mitglied des Adventure Club of Europe. Sie tr\u00e4gt eine Krone und hat langes rotbraunes Haar.\"},{\"@type\":\"BreadcrumbList\",\"@id\":\"https:\/\/adventureclub.eu\/home-page\/kaiserin-josefina-von-oesterreich\/#breadcrumb\",\"itemListElement\":[{\"@type\":\"ListItem\",\"position\":1,\"name\":\"Startseite\",\"item\":\"https:\/\/adventureclub.eu\/\"},{\"@type\":\"ListItem\",\"position\":2,\"name\":\"Home Page\",\"item\":\"https:\/\/adventureclub.eu\/\"},{\"@type\":\"ListItem\",\"position\":3,\"name\":\"Kaiserin Josefina von \u00d6sterreich\"}]},{\"@type\":\"WebSite\",\"@id\":\"https:\/\/adventureclub.eu\/#website\",\"url\":\"https:\/\/adventureclub.eu\/\",\"name\":\"Adventure Club of Europe\",\"description\":\"Adventure Club of Europe \u2013 Entdecken Sie unsere interessantesten, spannendsten und zum Teil auch umstrittensten Expeditionen der vergangenen Jahrhunderte.\",\"publisher\":{\"@id\":\"https:\/\/adventureclub.eu\/#organization\"},\"potentialAction\":[{\"@type\":\"SearchAction\",\"target\":{\"@type\":\"EntryPoint\",\"urlTemplate\":\"https:\/\/adventureclub.eu\/?s={search_term_string}\"},\"query-input\":{\"@type\":\"PropertyValueSpecification\",\"valueRequired\":true,\"valueName\":\"search_term_string\"}}],\"inLanguage\":\"en-US\"},{\"@type\":\"Organization\",\"@id\":\"https:\/\/adventureclub.eu\/#organization\",\"name\":\"Adventure Club of Europe\",\"url\":\"https:\/\/adventureclub.eu\/\",\"logo\":{\"@type\":\"ImageObject\",\"inLanguage\":\"en-US\",\"@id\":\"https:\/\/adventureclub.eu\/#\/schema\/logo\/image\/\",\"url\":\"https:\/\/adventureclub.eu\/wp-content\/uploads\/2017\/05\/ACE-TITLE-PAGE.jpg\",\"contentUrl\":\"https:\/\/adventureclub.eu\/wp-content\/uploads\/2017\/05\/ACE-TITLE-PAGE.jpg\",\"width\":1024,\"height\":604,\"caption\":\"Adventure Club of Europe\"},\"image\":{\"@id\":\"https:\/\/adventureclub.eu\/#\/schema\/logo\/image\/\"}}]}<\/script>\n<!-- \/ Yoast SEO plugin. -->","yoast_head_json":{"title":"Empress Josefina of Austria - Adventure Club of Europe","description":"Adventure Club of Europe \u2013 Entdecken Sie unsere interessantesten, spannendsten und zum Teil auch umstrittensten Expeditionen der vergangenen Jahrhunderte.","robots":{"index":"index","follow":"follow","max-snippet":"max-snippet:-1","max-image-preview":"max-image-preview:large","max-video-preview":"max-video-preview:-1"},"canonical":"https:\/\/adventureclub.eu\/home-page\/kaiserin-josefina-von-oesterreich\/","og_locale":"en_US","og_type":"article","og_title":"Empress Josefina of Austria - Adventure Club of Europe","og_description":"Adventure Club of Europe \u2013 Entdecken Sie unsere interessantesten, spannendsten und zum Teil auch umstrittensten Expeditionen der vergangenen Jahrhunderte.","og_url":"https:\/\/adventureclub.eu\/home-page\/kaiserin-josefina-von-oesterreich\/","og_site_name":"Adventure Club of Europe","article_modified_time":"2022-03-21T13:21:53+00:00","og_image":[{"width":585,"height":800,"url":"https:\/\/adventureclub.eu\/wp-content\/uploads\/2014\/11\/ace_kaiserin_josefina.jpg","type":"image\/jpeg"}],"twitter_card":"summary_large_image","twitter_misc":{"Est. reading time":"6 minutes"},"schema":{"@context":"https:\/\/schema.org","@graph":[{"@type":"WebPage","@id":"https:\/\/adventureclub.eu\/home-page\/kaiserin-josefina-von-oesterreich\/","url":"https:\/\/adventureclub.eu\/home-page\/kaiserin-josefina-von-oesterreich\/","name":"Empress Josefina of Austria - Adventure Club of Europe","isPartOf":{"@id":"https:\/\/adventureclub.eu\/#website"},"primaryImageOfPage":{"@id":"https:\/\/adventureclub.eu\/home-page\/kaiserin-josefina-von-oesterreich\/#primaryimage"},"image":{"@id":"https:\/\/adventureclub.eu\/home-page\/kaiserin-josefina-von-oesterreich\/#primaryimage"},"thumbnailUrl":"https:\/\/adventureclub.eu\/wp-content\/uploads\/2014\/11\/ace_kaiserin_josefina.jpg","datePublished":"2022-02-28T07:23:44+00:00","dateModified":"2022-03-21T13:21:53+00:00","description":"Adventure Club of Europe \u2013 Entdecken Sie unsere interessantesten, spannendsten und zum Teil auch umstrittensten Expeditionen der vergangenen Jahrhunderte.","breadcrumb":{"@id":"https:\/\/adventureclub.eu\/home-page\/kaiserin-josefina-von-oesterreich\/#breadcrumb"},"inLanguage":"en-US","potentialAction":[{"@type":"ReadAction","target":["https:\/\/adventureclub.eu\/home-page\/kaiserin-josefina-von-oesterreich\/"]}]},{"@type":"ImageObject","inLanguage":"en-US","@id":"https:\/\/adventureclub.eu\/home-page\/kaiserin-josefina-von-oesterreich\/#primaryimage","url":"https:\/\/adventureclub.eu\/wp-content\/uploads\/2014\/11\/ace_kaiserin_josefina.jpg","contentUrl":"https:\/\/adventureclub.eu\/wp-content\/uploads\/2014\/11\/ace_kaiserin_josefina.jpg","width":585,"height":800,"caption":"Portrait Gem\u00e4lde der Kaiserin Josefina von \u00d6sterreich, Mitglied des Adventure Club of Europe. Sie tr\u00e4gt eine Krone und hat langes rotbraunes Haar."},{"@type":"BreadcrumbList","@id":"https:\/\/adventureclub.eu\/home-page\/kaiserin-josefina-von-oesterreich\/#breadcrumb","itemListElement":[{"@type":"ListItem","position":1,"name":"Startseite","item":"https:\/\/adventureclub.eu\/"},{"@type":"ListItem","position":2,"name":"Home Page","item":"https:\/\/adventureclub.eu\/"},{"@type":"ListItem","position":3,"name":"Kaiserin Josefina von \u00d6sterreich"}]},{"@type":"WebSite","@id":"https:\/\/adventureclub.eu\/#website","url":"https:\/\/adventureclub.eu\/","name":"Adventure Club of Europe","description":"Adventure Club of Europe \u2013 Entdecken Sie unsere interessantesten, spannendsten und zum Teil auch umstrittensten Expeditionen der vergangenen Jahrhunderte.","publisher":{"@id":"https:\/\/adventureclub.eu\/#organization"},"potentialAction":[{"@type":"SearchAction","target":{"@type":"EntryPoint","urlTemplate":"https:\/\/adventureclub.eu\/?s={search_term_string}"},"query-input":{"@type":"PropertyValueSpecification","valueRequired":true,"valueName":"search_term_string"}}],"inLanguage":"en-US"},{"@type":"Organization","@id":"https:\/\/adventureclub.eu\/#organization","name":"Adventure Club of Europe","url":"https:\/\/adventureclub.eu\/","logo":{"@type":"ImageObject","inLanguage":"en-US","@id":"https:\/\/adventureclub.eu\/#\/schema\/logo\/image\/","url":"https:\/\/adventureclub.eu\/wp-content\/uploads\/2017\/05\/ACE-TITLE-PAGE.jpg","contentUrl":"https:\/\/adventureclub.eu\/wp-content\/uploads\/2017\/05\/ACE-TITLE-PAGE.jpg","width":1024,"height":604,"caption":"Adventure Club of Europe"},"image":{"@id":"https:\/\/adventureclub.eu\/#\/schema\/logo\/image\/"}}]}},"_links":{"self":[{"href":"https:\/\/adventureclub.eu\/en\/wp-json\/wp\/v2\/pages\/1861","targetHints":{"allow":["GET"]}}],"collection":[{"href":"https:\/\/adventureclub.eu\/en\/wp-json\/wp\/v2\/pages"}],"about":[{"href":"https:\/\/adventureclub.eu\/en\/wp-json\/wp\/v2\/types\/page"}],"author":[{"embeddable":true,"href":"https:\/\/adventureclub.eu\/en\/wp-json\/wp\/v2\/users\/9"}],"replies":[{"embeddable":true,"href":"https:\/\/adventureclub.eu\/en\/wp-json\/wp\/v2\/comments?post=1861"}],"version-history":[{"count":2,"href":"https:\/\/adventureclub.eu\/en\/wp-json\/wp\/v2\/pages\/1861\/revisions"}],"predecessor-version":[{"id":1894,"href":"https:\/\/adventureclub.eu\/en\/wp-json\/wp\/v2\/pages\/1861\/revisions\/1894"}],"up":[{"embeddable":true,"href":"https:\/\/adventureclub.eu\/en\/wp-json\/wp\/v2\/pages\/303"}],"wp:featuredmedia":[{"embeddable":true,"href":"https:\/\/adventureclub.eu\/en\/wp-json\/wp\/v2\/media\/1851"}],"wp:attachment":[{"href":"https:\/\/adventureclub.eu\/en\/wp-json\/wp\/v2\/media?parent=1861"}],"curies":[{"name":"wp","href":"https:\/\/api.w.org\/{rel}","templated":true}]}}