{"id":1343,"date":"2019-04-15T14:43:31","date_gmt":"2019-04-15T12:43:31","guid":{"rendered":"https:\/\/adventure-club.de\/?page_id=1343"},"modified":"2019-04-25T08:16:48","modified_gmt":"2019-04-25T06:16:48","slug":"clara-freudenreich","status":"publish","type":"page","link":"https:\/\/adventureclub.eu\/fr\/home-page\/clara-freudenreich\/","title":{"rendered":"Clara Freudenreich"},"content":{"rendered":"<p>[vc_row][\/vc_row][vc_row][vc_column][vc_empty_space height=\u00a0\u00bb200px\u00a0\u00bb][\/vc_column][\/vc_row][vc_row][vc_column][vc_column_text]<\/p>\n<h2 style=\"text-align: center;\">Clara Freudenreich<\/h2>\n<p>[\/vc_column_text][\/vc_column][\/vc_row][vc_row][vc_column][vc_empty_space][\/vc_column][\/vc_row][vc_row][vc_column][vc_column_text]<\/p>\n<h4 style=\"text-align: center;\">Membre depuis 2003<\/h4>\n<p>[\/vc_column_text][\/vc_column][\/vc_row][vc_row][vc_column][vc_empty_space][\/vc_column][\/vc_row][vc_row][vc_column][vc_single_image image=\u00a0\u00bb1258&Prime; img_size=\u00a0\u00bblarge\u00a0\u00bb alignment=\u00a0\u00bbcenter\u00a0\u00bb][\/vc_column][\/vc_row][vc_row][vc_column][vc_empty_space][\/vc_column][\/vc_row][vc_row][vc_column][vc_empty_space][\/vc_column][\/vc_row][vc_row][vc_column][vc_single_image image=\u00a0\u00bb398&Prime; img_size=\u00a0\u00bbmedium\u00a0\u00bb alignment=\u00a0\u00bbcenter\u00a0\u00bb][\/vc_column][\/vc_row][vc_row][vc_column][vc_empty_space][\/vc_column][\/vc_row][vc_row][vc_column width=\u00a0\u00bb1\/2&Prime;][vc_column_text]<\/p>\n<p style=\"text-align: left;\">Lorsque que Clara Freudenreich naqu\u00eet en 1944 \u00e0 Plobsheim pr\u00e8s de Strasbourg, personne ne soup\u00e7onnait encore qu\u2019elle serait connue plus tard dans les livres d\u2019histoire en tant que celle qui murmurait \u00e0 l\u2019oreille des dinos. En tant que benjamine d\u2019une fratrie de six enfants, elle grandit au sein d\u2019une ferme alsacienne pendant l\u2019apr\u00e8s-guerre. D\u00e8s son plus jeune \u00e2ge, la cl\u00e9 de son succ\u00e8s futur germait d\u00e9j\u00e0 en elle : elle faisait preuve d\u2019un incroyable don de communication avec les animaux.<\/p>\n<blockquote>\n<p style=\"text-align: left;\">\u00ab C\u2019\u00e9tait vraiment incroyable, ce qu\u2019elle parvenait \u00e0 faire faire aux animaux de la ferme. Elle \u00e9tait capable d\u2019apprendre des tours au plus stupide coq de la basse-cour. M\u00eame les plus farouches des oies lui mangeaient dans la main. Cela nous impressionnait vraiment quand on \u00e9tait enfants. Et bien \u00e9videmment, aucun des gar\u00e7ons des fermes voisines ne se serait risqu\u00e9 \u00e0 l\u2019enquiquiner. \u00bb<\/p>\n<\/blockquote>\n<p style=\"text-align: left;\">\u2013 Luc Petit, cousin de Madame Freudenreich<\/p>\n<p style=\"text-align: left;\">D\u00e8s l\u2019\u00e2ge de 8 ans, Clara Freundenreich accompagnait son p\u00e8re aux rendez-vous r\u00e9guliers chez le v\u00e9t\u00e9rinaire et le mar\u00e9chal-ferrant, car elle \u00e9tait la seule \u00e0 pouvoir dompter l\u2019\u00e9talon le plus r\u00e9tif de la ferme.<br \/>\nMais quand \u00e0 l\u2019\u00e2ge de 12 ans, elle se mit \u00e0 \u00e9lever en secret des serpents et des reptiles de toutes \u00e9cailles dans sa chambre, c\u2019en fut trop pour ses parents. Ils lui interdirent de s\u2019occuper d\u2019animaux exotiques, car ils avaient peur qu\u2019elle n\u2019ait plus suffisamment de temps \u00e0 consacrer aux animaux de la ferme. Les intentions de ses parents \u00e9taient claires : Clara devait un jour reprendre les r\u00eanes de la ferme.<br \/>\nSeul sa grand-m\u00e8re Sophie apporta son soutien et se montra compr\u00e9hensive envers la jeune Clara. Bien qu\u2019elle f\u00fbt \u00e9galement profond\u00e9ment ancr\u00e9e dans la tradition alsacienne, elle expliquait n\u00e9anmoins constamment \u00e0 sa petite-fille combien il \u00e9tait important de suivre son c\u0153ur dans toute entreprise.<\/p>\n<blockquote>\n<p style=\"text-align: left;\">\u00ab Ma grand-m\u00e8re a toujours \u00e9t\u00e9 mon plus grand mod\u00e8le. Elle a v\u00e9cu une vie simple, mais depuis ma plus tendre enfance, je savais qu\u2019une aventuri\u00e8re sommeillait en elle ! Un jour elle m\u2019a r\u00e9v\u00e9l\u00e9 que, \u00e9tant jeune fille, elle avait pass\u00e9 tout l\u2019\u00e9t\u00e9 en compagnie d\u2019une horde de loups, qui l\u2019avaient accept\u00e9e au sein de leur communaut\u00e9. \u00c7a m\u2019a ouvert les yeux. Elle m\u2019a inspir\u00e9, elle m\u2019a pouss\u00e9 \u00e0 prendre ma vie en main\u2026 c\u2019est ind\u00e9niable. J\u2019ai en outre h\u00e9rit\u00e9 de son costume traditionnel alsacien. Et il me va encore \u00e0 ravir ! \u00bb<\/p>\n<\/blockquote>\n<p style=\"text-align: left;\">\u2013 Madame Freudenreich<\/p>\n<p style=\"text-align: left;\">Suite \u00e0 une excursion scolaire dans l\u2019Eifel \u00e0 l\u2019\u00e2ge de 14 ans, Clara Freudenreich devint du jour au lendemain une c\u00e9l\u00e9brit\u00e9 de la presse locale. Dans un petit ruisseau, elle avait fait la d\u00e9couverte d\u2019une esp\u00e8ce de salamandre qui n\u2019avait jamais \u00e9t\u00e9 observ\u00e9e en Europe auparavant. De nombreux biologistes lui propos\u00e8rent un stage suite \u00e0 cela. La jeune Clara \u00e9tait tout feu tout flamme : sa passion de d\u00e9couvrir de nouvelles esp\u00e8ces animales \u00e9tait n\u00e9e.<br \/>\nApr\u00e8s avoir termin\u00e9 sa scolarit\u00e9, elle se mit directement en route pour accompagner le c\u00e9l\u00e8bre biologiste August von Haekel dans son exp\u00e9dition en Ouganda, et fit l\u2019acquisition d\u2019une pr\u00e9cieuse exp\u00e9rience sous sa direction. Dans les ann\u00e9es qui suivirent, elle voyagea \u00e0 travers les cinq continents, et se fit un nom gr\u00e2ce \u00e0 son instinct si particulier qui lui permettait de rep\u00e9rer des sites recul\u00e9s, o\u00f9 se dissimulaient de nombreuses esp\u00e8ces animales.<br \/>\n\u00c0 28 ans, elle fit la d\u00e9couverte d\u2019une grotte sous-marine au Venezuela qui \u00e9tait rest\u00e9e coup\u00e9e du reste de l\u2019\u00e9cosyst\u00e8me pendant des milliers d\u2019ann\u00e9es. \u00c0 l\u2019int\u00e9rieur, elle trouva non seulement des esp\u00e8ces telles que le crabe fer \u00e0 cheval, que l\u2019on croyait \u00e9teint, mais aussi de toutes nouvelles esp\u00e8ces, dont l\u2019\u00e9volution s\u2019\u00e9tait faite ind\u00e9pendamment de toute influence externe. Ainsi, elle d\u00e9couvrir entre autres la perche luisante ray\u00e9e, qui fut ajout\u00e9e \u00e0 la classification officielle en tant que Percoidei Freudenreichienae.<\/p>\n<p>[\/vc_column_text][\/vc_column][vc_column width=\u00a0\u00bb1\/2&Prime;][vc_column_text]<\/p>\n<p style=\"text-align: left;\">Son don de communication avec les animaux \u00e9tait rest\u00e9 intact. Au cours de ses voyages, elle \u00e9tait ainsi capable d\u2019amadouer n\u2019importe quel animal, aussi exotique ou sauvage qu\u2019il pouvait \u00eatre. Elle nagea ainsi aux c\u00f4t\u00e9s des crocodiles en Amazonie, et joua avec les tigres en Sib\u00e9rie.<\/p>\n<blockquote>\n<p style=\"text-align: left;\">\u00ab Elle poss\u00e8de un talent que je n\u2019ai jamais observ\u00e9 auparavant\u2026 \u00bb,<\/p>\n<\/blockquote>\n<p style=\"text-align: left;\">\u00e9crivait August von Haekel en 1970 \u00e0 propos de Clara Freudenreich dans son journal d\u2019exp\u00e9dition.<\/p>\n<blockquote>\n<p style=\"text-align: left;\">\u00ab Ce don de dompter un animal sauvage d\u2019un seul regard. Comme si elle comprenait le langage des animaux, comme si elle parvenait \u00e0 lire dans leurs pens\u00e9es. \u00bb<\/p>\n<\/blockquote>\n<p style=\"text-align: left;\">Et m\u00eame si ses parents \u00e9taient convaincus du contraire, Madame Freudenreich resta fid\u00e8le \u00e0 ses origines alsaciennes au cours des d\u00e9cennies. M\u00eame lors des missions les plus p\u00e9rilleuses, elle portait toujours le costume traditionnel de sa grand-m\u00e8re avec un naturel incomparable. Que ce soit pour dresser des cobras au Cambodge ou encadrer la migration des gorilles au Congo : le costume \u00e9tait toujours tir\u00e9 \u00e0 quatre \u00e9pingles, et \u00e0 15h on buvait le th\u00e9 accompagn\u00e9 d\u2019un kouglof fait maison.<\/p>\n<p style=\"text-align: left;\">Il semblerait superflu, voire risible, de vouloir d\u00e9finir un point d\u2019orgue de sa carri\u00e8re quand on contemple son CV si bien fourni. Mais Clara Freudenreich parvint n\u00e9anmoins, apr\u00e8s toutes ses aventures, \u00e0 accomplir une performance au c\u0153ur des temps modernes qui laissa tous ses confr\u00e8res pantois d\u2019incr\u00e9dulit\u00e9.<\/p>\n<p style=\"text-align: left;\">En 2002, dans la faille d\u2019un glacier v\u00e9n\u00e9zu\u00e9lien, elle a d\u00e9couvert des \u0153ufs de dinosaures pi\u00e9g\u00e9s dans les glaces \u00e9ternelles. Elle les lib\u00e9ra soigneusement de leur prison de glace, et tenta une exp\u00e9rience in\u00e9dite avec ses coll\u00e8gues : couver ces \u0153ufs s\u00e9culaires. Plusieurs scientifiques se lanc\u00e8rent dans l\u2019op\u00e9ration des mois durant, avec des appareils compliqu\u00e9s, afin de couver ces \u0153ufs ou tout du moins de pr\u00e9lever les embryons de dinosaures, sans succ\u00e8s. Mais Madame Freudenreich r\u00e9ussit l\u00e0 o\u00f9 tous ses confr\u00e8res avaient \u00e9chou\u00e9, en employant les moyens les plus rudimentaires : elle pla\u00e7a les \u0153ufs au chaud avec une \u00e9charpe tricot\u00e9e par ses soins, et en les enveloppant dans un linge imbib\u00e9 de vinaigre. Plusieurs \u0153ufs furent ainsi couv\u00e9s avec succ\u00e8s au printemps 2002. Diff\u00e9rentes esp\u00e8ces de dinosaures virent le jour, et furent ensuite cach\u00e9s dans son centre de recherches en Am\u00e9rique du Sud.<br \/>\nApr\u00e8s que des membres de haut-rang de l\u2019ACE ont \u00e9t\u00e9 convi\u00e9s pour une visite du centre de recherches de Clara Freudenreich en 2003, ils purent contempler de leurs yeux ses dinosaures vivants. Suite \u00e0 cela, Madame Freudenreich fut imm\u00e9diatement admise au sein de l\u2019Adventure Club of Europe.<\/p>\n<p style=\"text-align: left;\">Les ann\u00e9es pass\u00e8rent, et le public se fit pressant pour obtenir le droit de contempler \u00e0 son tour ces pr\u00e9tendus dinosaures. Mais Clara Freundenreich ne voulait pas soumettre ses animaux au stress d\u2019une exposition publique, et refusa. Alors que la pression allait crescendo, elle d\u00e9cida finalement de fermer d\u00e9finitivement son centre de recherches en 2007. Madame Freudenreich expliqua qu\u2019aucun des dinosaures n\u2019avait pu s\u2019adapter au nouveau climat terrestre, et que l\u2019exp\u00e9rience avait ainsi \u00e9chou\u00e9. En outre, elle annon\u00e7a qu\u2019elle prenait sa retraite scientifique, et qu\u2019elle allait reprendre la boutique de curiosit\u00e9s de son d\u00e9funt mari.<br \/>\nDepuis, elle vit \u00e0 nouveau en Alsace. Son centre de recherches a \u00e9t\u00e9 pass\u00e9 au peigne fin, mais on ne trouva pas la moindre trace de dinosaures. Dans les cercles pal\u00e9ontologiques, on murmure encore que Madame Freudenreich aurait emport\u00e9 certains \u0153ufs avec elle. Elle infirma vertement cette rumeur, mais pour le 300e anniversaire de l\u2019ACE, elle envoya une bo\u00eete de biscuits faits maison&#8230; en forme de dinosaures.<\/p>\n<p>[\/vc_column_text][\/vc_column][\/vc_row][vc_row][vc_column][vc_empty_space][\/vc_column][\/vc_row][vc_row][vc_column][vc_single_image image=\u00a0\u00bb398&Prime; img_size=\u00a0\u00bbmedium\u00a0\u00bb alignment=\u00a0\u00bbcenter\u00a0\u00bb][\/vc_column][\/vc_row][vc_row][vc_column][vc_empty_space][\/vc_column][\/vc_row][vc_row][vc_column][vc_empty_space][\/vc_column][\/vc_row]<\/p>","protected":false},"excerpt":{"rendered":"<p>[vc_row][\/vc_row][vc_row][vc_column][vc_empty_space height=\u00a0\u00bb200px\u00a0\u00bb][\/vc_column][\/vc_row][vc_row][vc_column][vc_column_text] Clara Freudenreich [\/vc_column_text][\/vc_column][\/vc_row][vc_row][vc_column][vc_empty_space][\/vc_column][\/vc_row][vc_row][vc_column][vc_column_text] Membre depuis 2003 [\/vc_column_text][\/vc_column][\/vc_row][vc_row][vc_column][vc_empty_space][\/vc_column][\/vc_row][vc_row][vc_column][vc_single_image image=\u00a0\u00bb1258&Prime; img_size=\u00a0\u00bblarge\u00a0\u00bb alignment=\u00a0\u00bbcenter\u00a0\u00bb][\/vc_column][\/vc_row][vc_row][vc_column][vc_empty_space][\/vc_column][\/vc_row][vc_row][vc_column][vc_empty_space][\/vc_column][\/vc_row][vc_row][vc_column][vc_single_image image=\u00a0\u00bb398&Prime; img_size=\u00a0\u00bbmedium\u00a0\u00bb alignment=\u00a0\u00bbcenter\u00a0\u00bb][\/vc_column][\/vc_row][vc_row][vc_column][vc_empty_space][\/vc_column][\/vc_row][vc_row][vc_column width=\u00a0\u00bb1\/2&Prime;][vc_column_text] Lorsque que Clara Freudenreich naqu\u00eet en 1944 \u00e0 Plobsheim pr\u00e8s de Strasbourg, personne ne soup\u00e7onnait encore qu\u2019elle serait connue plus tard dans les livres d\u2019histoire en tant que celle qui murmurait \u00e0 l\u2019oreille des dinos. En tant que benjamine [&hellip;]<\/p>\n","protected":false},"author":9,"featured_media":1258,"parent":303,"menu_order":0,"comment_status":"closed","ping_status":"closed","template":"","meta":{"footnotes":""},"class_list":["post-1343","page","type-page","status-publish","has-post-thumbnail","hentry"],"yoast_head":"<!-- This site is optimized with the Yoast SEO plugin v26.9 - https:\/\/yoast.com\/product\/yoast-seo-wordpress\/ -->\n<title>Clara Freudenreich - Adventure Club of Europe<\/title>\n<meta name=\"description\" content=\"Adventure Club of Europe \u2013 Entdecken Sie unsere interessantesten, spannendsten und zum Teil auch umstrittensten Expeditionen der vergangenen Jahrhunderte.\" \/>\n<meta name=\"robots\" content=\"index, follow, max-snippet:-1, max-image-preview:large, max-video-preview:-1\" \/>\n<link rel=\"canonical\" href=\"https:\/\/adventureclub.eu\/fr\/home-page\/clara-freudenreich\/\" \/>\n<meta property=\"og:locale\" content=\"fr_FR\" \/>\n<meta property=\"og:type\" content=\"article\" \/>\n<meta property=\"og:title\" content=\"Clara Freudenreich - Adventure Club of Europe\" \/>\n<meta property=\"og:description\" content=\"Adventure Club of Europe \u2013 Entdecken Sie unsere interessantesten, spannendsten und zum Teil auch umstrittensten Expeditionen der vergangenen Jahrhunderte.\" \/>\n<meta property=\"og:url\" content=\"https:\/\/adventureclub.eu\/fr\/home-page\/clara-freudenreich\/\" \/>\n<meta property=\"og:site_name\" content=\"Adventure Club of Europe\" \/>\n<meta property=\"article:modified_time\" content=\"2019-04-25T06:16:48+00:00\" \/>\n<meta property=\"og:image\" content=\"https:\/\/adventureclub.eu\/wp-content\/uploads\/2018\/03\/freudenreich.jpg\" \/>\n\t<meta property=\"og:image:width\" content=\"367\" \/>\n\t<meta property=\"og:image:height\" content=\"558\" \/>\n\t<meta property=\"og:image:type\" content=\"image\/jpeg\" \/>\n<meta name=\"twitter:card\" content=\"summary_large_image\" \/>\n<meta name=\"twitter:label1\" content=\"Dur\u00e9e de lecture estim\u00e9e\" \/>\n\t<meta name=\"twitter:data1\" content=\"21 minutes\" \/>\n<script type=\"application\/ld+json\" class=\"yoast-schema-graph\">{\"@context\":\"https:\/\/schema.org\",\"@graph\":[{\"@type\":\"WebPage\",\"@id\":\"https:\/\/adventureclub.eu\/fr\/home-page\/clara-freudenreich\/\",\"url\":\"https:\/\/adventureclub.eu\/fr\/home-page\/clara-freudenreich\/\",\"name\":\"Clara Freudenreich - Adventure Club of Europe\",\"isPartOf\":{\"@id\":\"https:\/\/adventureclub.eu\/#website\"},\"primaryImageOfPage\":{\"@id\":\"https:\/\/adventureclub.eu\/fr\/home-page\/clara-freudenreich\/#primaryimage\"},\"image\":{\"@id\":\"https:\/\/adventureclub.eu\/fr\/home-page\/clara-freudenreich\/#primaryimage\"},\"thumbnailUrl\":\"https:\/\/adventureclub.eu\/wp-content\/uploads\/2018\/03\/freudenreich.jpg\",\"datePublished\":\"2019-04-15T12:43:31+00:00\",\"dateModified\":\"2019-04-25T06:16:48+00:00\",\"description\":\"Adventure Club of Europe \u2013 Entdecken Sie unsere interessantesten, spannendsten und zum Teil auch umstrittensten Expeditionen der vergangenen Jahrhunderte.\",\"breadcrumb\":{\"@id\":\"https:\/\/adventureclub.eu\/fr\/home-page\/clara-freudenreich\/#breadcrumb\"},\"inLanguage\":\"fr-FR\",\"potentialAction\":[{\"@type\":\"ReadAction\",\"target\":[\"https:\/\/adventureclub.eu\/fr\/home-page\/clara-freudenreich\/\"]}]},{\"@type\":\"ImageObject\",\"inLanguage\":\"fr-FR\",\"@id\":\"https:\/\/adventureclub.eu\/fr\/home-page\/clara-freudenreich\/#primaryimage\",\"url\":\"https:\/\/adventureclub.eu\/wp-content\/uploads\/2018\/03\/freudenreich.jpg\",\"contentUrl\":\"https:\/\/adventureclub.eu\/wp-content\/uploads\/2018\/03\/freudenreich.jpg\",\"width\":367,\"height\":558,\"caption\":\"Gem\u00e4lde des Adventure Club of Europe Mitglieds Clara Freudenreich. Sie tr\u00e4gt traditionell els\u00e4ssische Tracht mit einem opulenten Hut.\"},{\"@type\":\"BreadcrumbList\",\"@id\":\"https:\/\/adventureclub.eu\/fr\/home-page\/clara-freudenreich\/#breadcrumb\",\"itemListElement\":[{\"@type\":\"ListItem\",\"position\":1,\"name\":\"Startseite\",\"item\":\"https:\/\/adventureclub.eu\/\"},{\"@type\":\"ListItem\",\"position\":2,\"name\":\"Home Page\",\"item\":\"https:\/\/adventureclub.eu\/\"},{\"@type\":\"ListItem\",\"position\":3,\"name\":\"Clara Freudenreich\"}]},{\"@type\":\"WebSite\",\"@id\":\"https:\/\/adventureclub.eu\/#website\",\"url\":\"https:\/\/adventureclub.eu\/\",\"name\":\"Adventure Club of Europe\",\"description\":\"Adventure Club of Europe \u2013 Entdecken Sie unsere interessantesten, spannendsten und zum Teil auch umstrittensten Expeditionen der vergangenen Jahrhunderte.\",\"publisher\":{\"@id\":\"https:\/\/adventureclub.eu\/#organization\"},\"potentialAction\":[{\"@type\":\"SearchAction\",\"target\":{\"@type\":\"EntryPoint\",\"urlTemplate\":\"https:\/\/adventureclub.eu\/?s={search_term_string}\"},\"query-input\":{\"@type\":\"PropertyValueSpecification\",\"valueRequired\":true,\"valueName\":\"search_term_string\"}}],\"inLanguage\":\"fr-FR\"},{\"@type\":\"Organization\",\"@id\":\"https:\/\/adventureclub.eu\/#organization\",\"name\":\"Adventure Club of Europe\",\"url\":\"https:\/\/adventureclub.eu\/\",\"logo\":{\"@type\":\"ImageObject\",\"inLanguage\":\"fr-FR\",\"@id\":\"https:\/\/adventureclub.eu\/#\/schema\/logo\/image\/\",\"url\":\"https:\/\/adventureclub.eu\/wp-content\/uploads\/2017\/05\/ACE-TITLE-PAGE.jpg\",\"contentUrl\":\"https:\/\/adventureclub.eu\/wp-content\/uploads\/2017\/05\/ACE-TITLE-PAGE.jpg\",\"width\":1024,\"height\":604,\"caption\":\"Adventure Club of Europe\"},\"image\":{\"@id\":\"https:\/\/adventureclub.eu\/#\/schema\/logo\/image\/\"}}]}<\/script>\n<!-- \/ Yoast SEO plugin. -->","yoast_head_json":{"title":"Clara Freudenreich - Adventure Club of Europe","description":"Adventure Club of Europe \u2013 Entdecken Sie unsere interessantesten, spannendsten und zum Teil auch umstrittensten Expeditionen der vergangenen Jahrhunderte.","robots":{"index":"index","follow":"follow","max-snippet":"max-snippet:-1","max-image-preview":"max-image-preview:large","max-video-preview":"max-video-preview:-1"},"canonical":"https:\/\/adventureclub.eu\/fr\/home-page\/clara-freudenreich\/","og_locale":"fr_FR","og_type":"article","og_title":"Clara Freudenreich - Adventure Club of Europe","og_description":"Adventure Club of Europe \u2013 Entdecken Sie unsere interessantesten, spannendsten und zum Teil auch umstrittensten Expeditionen der vergangenen Jahrhunderte.","og_url":"https:\/\/adventureclub.eu\/fr\/home-page\/clara-freudenreich\/","og_site_name":"Adventure Club of Europe","article_modified_time":"2019-04-25T06:16:48+00:00","og_image":[{"width":367,"height":558,"url":"https:\/\/adventureclub.eu\/wp-content\/uploads\/2018\/03\/freudenreich.jpg","type":"image\/jpeg"}],"twitter_card":"summary_large_image","twitter_misc":{"Dur\u00e9e de lecture estim\u00e9e":"21 minutes"},"schema":{"@context":"https:\/\/schema.org","@graph":[{"@type":"WebPage","@id":"https:\/\/adventureclub.eu\/fr\/home-page\/clara-freudenreich\/","url":"https:\/\/adventureclub.eu\/fr\/home-page\/clara-freudenreich\/","name":"Clara Freudenreich - Adventure Club of Europe","isPartOf":{"@id":"https:\/\/adventureclub.eu\/#website"},"primaryImageOfPage":{"@id":"https:\/\/adventureclub.eu\/fr\/home-page\/clara-freudenreich\/#primaryimage"},"image":{"@id":"https:\/\/adventureclub.eu\/fr\/home-page\/clara-freudenreich\/#primaryimage"},"thumbnailUrl":"https:\/\/adventureclub.eu\/wp-content\/uploads\/2018\/03\/freudenreich.jpg","datePublished":"2019-04-15T12:43:31+00:00","dateModified":"2019-04-25T06:16:48+00:00","description":"Adventure Club of Europe \u2013 Entdecken Sie unsere interessantesten, spannendsten und zum Teil auch umstrittensten Expeditionen der vergangenen Jahrhunderte.","breadcrumb":{"@id":"https:\/\/adventureclub.eu\/fr\/home-page\/clara-freudenreich\/#breadcrumb"},"inLanguage":"fr-FR","potentialAction":[{"@type":"ReadAction","target":["https:\/\/adventureclub.eu\/fr\/home-page\/clara-freudenreich\/"]}]},{"@type":"ImageObject","inLanguage":"fr-FR","@id":"https:\/\/adventureclub.eu\/fr\/home-page\/clara-freudenreich\/#primaryimage","url":"https:\/\/adventureclub.eu\/wp-content\/uploads\/2018\/03\/freudenreich.jpg","contentUrl":"https:\/\/adventureclub.eu\/wp-content\/uploads\/2018\/03\/freudenreich.jpg","width":367,"height":558,"caption":"Gem\u00e4lde des Adventure Club of Europe Mitglieds Clara Freudenreich. Sie tr\u00e4gt traditionell els\u00e4ssische Tracht mit einem opulenten Hut."},{"@type":"BreadcrumbList","@id":"https:\/\/adventureclub.eu\/fr\/home-page\/clara-freudenreich\/#breadcrumb","itemListElement":[{"@type":"ListItem","position":1,"name":"Startseite","item":"https:\/\/adventureclub.eu\/"},{"@type":"ListItem","position":2,"name":"Home Page","item":"https:\/\/adventureclub.eu\/"},{"@type":"ListItem","position":3,"name":"Clara Freudenreich"}]},{"@type":"WebSite","@id":"https:\/\/adventureclub.eu\/#website","url":"https:\/\/adventureclub.eu\/","name":"Adventure Club of Europe","description":"Adventure Club of Europe \u2013 Entdecken Sie unsere interessantesten, spannendsten und zum Teil auch umstrittensten Expeditionen der vergangenen Jahrhunderte.","publisher":{"@id":"https:\/\/adventureclub.eu\/#organization"},"potentialAction":[{"@type":"SearchAction","target":{"@type":"EntryPoint","urlTemplate":"https:\/\/adventureclub.eu\/?s={search_term_string}"},"query-input":{"@type":"PropertyValueSpecification","valueRequired":true,"valueName":"search_term_string"}}],"inLanguage":"fr-FR"},{"@type":"Organization","@id":"https:\/\/adventureclub.eu\/#organization","name":"Adventure Club of Europe","url":"https:\/\/adventureclub.eu\/","logo":{"@type":"ImageObject","inLanguage":"fr-FR","@id":"https:\/\/adventureclub.eu\/#\/schema\/logo\/image\/","url":"https:\/\/adventureclub.eu\/wp-content\/uploads\/2017\/05\/ACE-TITLE-PAGE.jpg","contentUrl":"https:\/\/adventureclub.eu\/wp-content\/uploads\/2017\/05\/ACE-TITLE-PAGE.jpg","width":1024,"height":604,"caption":"Adventure Club of Europe"},"image":{"@id":"https:\/\/adventureclub.eu\/#\/schema\/logo\/image\/"}}]}},"_links":{"self":[{"href":"https:\/\/adventureclub.eu\/fr\/wp-json\/wp\/v2\/pages\/1343","targetHints":{"allow":["GET"]}}],"collection":[{"href":"https:\/\/adventureclub.eu\/fr\/wp-json\/wp\/v2\/pages"}],"about":[{"href":"https:\/\/adventureclub.eu\/fr\/wp-json\/wp\/v2\/types\/page"}],"author":[{"embeddable":true,"href":"https:\/\/adventureclub.eu\/fr\/wp-json\/wp\/v2\/users\/9"}],"replies":[{"embeddable":true,"href":"https:\/\/adventureclub.eu\/fr\/wp-json\/wp\/v2\/comments?post=1343"}],"version-history":[{"count":22,"href":"https:\/\/adventureclub.eu\/fr\/wp-json\/wp\/v2\/pages\/1343\/revisions"}],"predecessor-version":[{"id":1523,"href":"https:\/\/adventureclub.eu\/fr\/wp-json\/wp\/v2\/pages\/1343\/revisions\/1523"}],"up":[{"embeddable":true,"href":"https:\/\/adventureclub.eu\/fr\/wp-json\/wp\/v2\/pages\/303"}],"wp:featuredmedia":[{"embeddable":true,"href":"https:\/\/adventureclub.eu\/fr\/wp-json\/wp\/v2\/media\/1258"}],"wp:attachment":[{"href":"https:\/\/adventureclub.eu\/fr\/wp-json\/wp\/v2\/media?parent=1343"}],"curies":[{"name":"wp","href":"https:\/\/api.w.org\/{rel}","templated":true}]}}