{"id":1381,"date":"2019-04-16T15:31:49","date_gmt":"2019-04-16T13:31:49","guid":{"rendered":"https:\/\/adventure-club.de\/?page_id=1381"},"modified":"2019-04-24T11:54:00","modified_gmt":"2019-04-24T09:54:00","slug":"bartholomeus-van-robbemond","status":"publish","type":"page","link":"https:\/\/adventureclub.eu\/fr\/home-page\/bartholomeus-van-robbemond\/","title":{"rendered":"Bartholomeus van Robbemond"},"content":{"rendered":"<p>[vc_row][vc_column][vc_empty_space height=\u00a0\u00bb200px\u00a0\u00bb][\/vc_column][\/vc_row][vc_row][vc_column][vc_column_text]<\/p>\n<h2 style=\"text-align: center;\">Bartholomeus van Robbemond<\/h2>\n<p>[\/vc_column_text][\/vc_column][\/vc_row][vc_row][vc_column][vc_empty_space][\/vc_column][\/vc_row][vc_row][vc_column][vc_column_text]<\/p>\n<h4 style=\"text-align: center;\">Fondateur (1677)<\/h4>\n<p>[\/vc_column_text][\/vc_column][\/vc_row][vc_row][vc_column][vc_empty_space][\/vc_column][\/vc_row][vc_row][vc_column][vc_single_image image=\u00a0\u00bb1333&Prime; img_size=\u00a0\u00bblarge\u00a0\u00bb alignment=\u00a0\u00bbcenter\u00a0\u00bb][\/vc_column][\/vc_row][vc_row][vc_column][vc_empty_space][\/vc_column][\/vc_row][vc_row][vc_column][vc_empty_space][\/vc_column][\/vc_row][vc_row][vc_column][vc_single_image image=\u00a0\u00bb398&Prime; img_size=\u00a0\u00bbmedium\u00a0\u00bb alignment=\u00a0\u00bbcenter\u00a0\u00bb][\/vc_column][\/vc_row][vc_row][vc_column][vc_empty_space][\/vc_column][\/vc_row][vc_row][vc_column width=\u00a0\u00bb1\/2&Prime;][vc_column_text]Flibustier, pirate, explorateur. Tous ces mots ne suffisent pas pour d\u00e9crire l\u2019h\u00e9ritage incommensurable que Bartholomeus van Robbemond a laiss\u00e9 au monde.<\/p>\n<p>Ses cartes et ses donn\u00e9es de navigation ont \u00e9t\u00e9 utilis\u00e9es par James Cook et Alexandre de Humboldt, son keris \u2013 le Tigre de Feu \u2013 est aujourd&rsquo;hui encore l\u2019art\u00e9fact majeur de l\u2019ACE.<\/p>\n<p>Il n\u2019est pas moins que le fondateur et le p\u00e8re spirituel de l\u2019Adventure Club of Europe.<\/p>\n<p>Si la date exacte de la naissance de Bartholomeus van Robbemond reste inconnue, son ann\u00e9e de naissance peut-\u00eatre d\u00e9finie avec pr\u00e9cision gr\u00e2ce \u00e0 des documents et archives historiques : l\u2019an de gr\u00e2ce 1677.<\/p>\n<p>L&rsquo;enfance de Bartholomeus van Robbemond fut tout sauf ordinaire : fils de pickpocket, il grandit dans les rues de la ville portuaire n\u00e9erlandaise de Dokkum. Son p\u00e8re lui enseigne l&rsquo;art de voler \u00e0 la tire, et il devient tr\u00e8s vite un voleur \u00e9m\u00e9rite. Et il s\u2019int\u00e9resse non seulement aux objets de valeur qui lui assureront un revenu convenable aupr\u00e8s des receleurs, mais aussi et surtout aux reliques et tr\u00e9sors exotiques qui font partie des butins rapport\u00e9s des colonies n\u00e9erlandaises.<\/p>\n<p>Le jeune van Robbemond est fascin\u00e9 par les art\u00e9facts venus d\u2019horizons lointains, et il est tr\u00e8s curieux d&rsquo;en d\u00e9couvrir plus.<\/p>\n<p>\u00c0 14 ans, il s\u2019engage comme moussaillon au sein de la Vereenigden Oostindischen Compagnie (VOC &#8211; Compagnie n\u00e9erlandaise des Indes orientales) et part \u00e0 la d\u00e9couverte du vaste monde. Il peut ainsi en appr\u00e9cier les merveilles, tout en d\u00e9couvrant les faces sombres de la colonisation.<\/p>\n<p>Lors d&rsquo;une partie de cartes, alors qu\u2019il est \u00e2g\u00e9 d\u2019\u00e0 peine 21 ans, van Robbemond remporte son premier navire. Il d\u00e9cide ainsi de voguer sur les sept mers du monde par ses propres moyens, et de partir \u00e0 la recherche de tr\u00e9sors exotiques.<\/p>\n<p>Dans ses p\u00e9riples, les pirates et la VOC se mettent r\u00e9guli\u00e8rement en travers de son chemin, ce qui causera quelques \u00e9chauffour\u00e9es. Mais van Robbemond poss\u00e9dait non seulement un don pour la navigation et le vol, mais il ma\u00eetrisait aussi le sabre \u00e0 la perfection.[\/vc_column_text][\/vc_column][vc_column width=\u00a0\u00bb1\/2&Prime;][vc_column_text]Diablo Cortez, un pirate espagnol que l\u2019on surnommait aussi \u00ab le taureau \u00bb, devient alors l\u2019un de ses rivaux, car il est tout comme van Robbemond tr\u00e8s f\u00e9ru d\u2019art\u00e9facts mystiques. Parmi ces art\u00e9facts tant convoit\u00e9s, il y avait la dague magique de Batavia, le Tigre de Feu. Celui-ci, aujourd\u2019hui en possession de l\u2019ACE, rendait son propri\u00e9taire invuln\u00e9rable selon la l\u00e9gende. Mais cette dague (aussi appel\u00e9e keris) pourrait \u00eatre \u00e0 l\u2019origine de terribles bains de sang si elle venait \u00e0 tomber entre les mauvaises mains.<\/p>\n<p>Van Robbemond remporte alors la course \u00e0 la dague, et parvient \u00e0 mettre le Tigre de Feu en s\u00e9curit\u00e9, afin que Cortez ne le trouve jamais. Car Cortez ne nourrissait qu\u2019un seul dessein : assouvir sa soif de pouvoir gr\u00e2ce \u00e0 la dague.<\/p>\n<p>La d\u00e9couverte de la dague changera la vision du monde de Bartholomeus \u00e0 jamais. Car elle est la preuve de l\u2019existence des forces mystiques de notre monde. Celles-ci doivent \u00e0 la fois \u00eatre mises \u00e0 jour, tout en \u00e9tant prot\u00e9g\u00e9es des ambitions mal\u00e9fiques.<\/p>\n<p>\u00c0 partir de l\u00e0, van Robbemond jure de consacrer sa vie \u00e0 l\u2019exploration et \u00e0 la d\u00e9couverte des myst\u00e8res non-\u00e9lucid\u00e9s de notre monde.<\/p>\n<p>Dans les ann\u00e9es qui suivent, il vogue autour du globe. Il sera le premier homme \u00e0 explorer les profondeurs de la grotte \u00e9tincelante de Dejima, et \u00e0 d\u00e9couvrir la pyramide sous-marine de Naotak lors d\u2019un voyage \u00e0 travers la M\u00e9diterran\u00e9e. Son domicile \u00e0 Amsterdam devient un v\u00e9ritable mus\u00e9e pour les reliques et objets du monde entier.<\/p>\n<p>Bartholomeus van Robbemond devient le plus grand navigateur de son temps, et des g\u00e9n\u00e9rations de marins profiteront encore de ses cartes et indications. Dans les mus\u00e9es et la sph\u00e8re artistique, les art\u00e9facts qu\u2019il d\u00e9couvre font aussi rapidement parler d\u2019eux.<\/p>\n<p>En 1716 finalement, Bartholomeus alors \u00e2g\u00e9 de 39 ans, fonde l\u2019Adventure Club of Europe, afin de pouvoir partager sa grande vision avec d\u2019autres explorateurs et aventuriers.<\/p>\n<p>Et lorsqu\u2019il fut \u00e0 l\u2019article de la mort, c\u2019est aux membres de l\u2019ACE qu\u2019il conta l\u2019histoire du keris avant de leur confier le coffre m\u00e9tallique qui le contenait. Ce coffre est d\u2019ailleurs encore en notre possession.<\/p>\n<p>Nous sommes tr\u00e8s fiers de perp\u00e9tuer son esprit en explorant les terres et oc\u00e9ans de ce monde, et de rendre honneur \u00e0 la dimension mystique de notre plan\u00e8te, comme il l\u2019avait fait en son temps.[\/vc_column_text][\/vc_column][\/vc_row][vc_row][vc_column][vc_empty_space][\/vc_column][\/vc_row][vc_row][vc_column][vc_single_image image=\u00a0\u00bb398&Prime; img_size=\u00a0\u00bbmedium\u00a0\u00bb alignment=\u00a0\u00bbcenter\u00a0\u00bb][\/vc_column][\/vc_row][vc_row][vc_column][vc_empty_space][\/vc_column][\/vc_row][vc_row][vc_column][vc_empty_space][\/vc_column][\/vc_row]<\/p>","protected":false},"excerpt":{"rendered":"<p>[vc_row][vc_column][vc_empty_space height=\u00a0\u00bb200px\u00a0\u00bb][\/vc_column][\/vc_row][vc_row][vc_column][vc_column_text] Bartholomeus van Robbemond [\/vc_column_text][\/vc_column][\/vc_row][vc_row][vc_column][vc_empty_space][\/vc_column][\/vc_row][vc_row][vc_column][vc_column_text] Fondateur (1677) [\/vc_column_text][\/vc_column][\/vc_row][vc_row][vc_column][vc_empty_space][\/vc_column][\/vc_row][vc_row][vc_column][vc_single_image image=\u00a0\u00bb1333&Prime; img_size=\u00a0\u00bblarge\u00a0\u00bb alignment=\u00a0\u00bbcenter\u00a0\u00bb][\/vc_column][\/vc_row][vc_row][vc_column][vc_empty_space][\/vc_column][\/vc_row][vc_row][vc_column][vc_empty_space][\/vc_column][\/vc_row][vc_row][vc_column][vc_single_image image=\u00a0\u00bb398&Prime; img_size=\u00a0\u00bbmedium\u00a0\u00bb alignment=\u00a0\u00bbcenter\u00a0\u00bb][\/vc_column][\/vc_row][vc_row][vc_column][vc_empty_space][\/vc_column][\/vc_row][vc_row][vc_column width=\u00a0\u00bb1\/2&Prime;][vc_column_text]Flibustier, pirate, explorateur. Tous ces mots ne suffisent pas pour d\u00e9crire l\u2019h\u00e9ritage incommensurable que Bartholomeus van Robbemond a laiss\u00e9 au monde. Ses cartes et ses donn\u00e9es de navigation ont \u00e9t\u00e9 utilis\u00e9es par James Cook et Alexandre de Humboldt, son keris [&hellip;]<\/p>\n","protected":false},"author":9,"featured_media":1333,"parent":303,"menu_order":0,"comment_status":"closed","ping_status":"closed","template":"","meta":{"footnotes":""},"class_list":["post-1381","page","type-page","status-publish","has-post-thumbnail","hentry"],"yoast_head":"<!-- This site is optimized with the Yoast SEO plugin v26.9 - https:\/\/yoast.com\/product\/yoast-seo-wordpress\/ -->\n<title>Bartholomeus van Robbemond - Adventure Club of Europe<\/title>\n<meta name=\"description\" content=\"Adventure Club of Europe \u2013 Entdecken Sie unsere interessantesten, spannendsten und zum Teil auch umstrittensten Expeditionen der vergangenen Jahrhunderte.\" \/>\n<meta name=\"robots\" content=\"index, follow, max-snippet:-1, max-image-preview:large, max-video-preview:-1\" \/>\n<link rel=\"canonical\" href=\"https:\/\/adventureclub.eu\/home-page\/bartholomeus-van-robbemond\/\" \/>\n<meta property=\"og:locale\" content=\"fr_FR\" \/>\n<meta property=\"og:type\" content=\"article\" \/>\n<meta property=\"og:title\" content=\"Bartholomeus van Robbemond - Adventure Club of Europe\" \/>\n<meta property=\"og:description\" content=\"Adventure Club of Europe \u2013 Entdecken Sie unsere interessantesten, spannendsten und zum Teil auch umstrittensten Expeditionen der vergangenen Jahrhunderte.\" \/>\n<meta property=\"og:url\" content=\"https:\/\/adventureclub.eu\/home-page\/bartholomeus-van-robbemond\/\" \/>\n<meta property=\"og:site_name\" content=\"Adventure Club of Europe\" \/>\n<meta property=\"article:modified_time\" content=\"2019-04-24T09:54:00+00:00\" \/>\n<meta property=\"og:image\" content=\"https:\/\/adventureclub.eu\/wp-content\/uploads\/2014\/08\/ACE_Van_Robbemond.jpg\" \/>\n\t<meta property=\"og:image:width\" content=\"338\" \/>\n\t<meta property=\"og:image:height\" content=\"457\" \/>\n\t<meta property=\"og:image:type\" content=\"image\/jpeg\" \/>\n<meta name=\"twitter:card\" content=\"summary_large_image\" \/>\n<meta name=\"twitter:label1\" content=\"Dur\u00e9e de lecture estim\u00e9e\" \/>\n\t<meta name=\"twitter:data1\" content=\"14 minutes\" \/>\n<script type=\"application\/ld+json\" class=\"yoast-schema-graph\">{\"@context\":\"https:\/\/schema.org\",\"@graph\":[{\"@type\":\"WebPage\",\"@id\":\"https:\/\/adventureclub.eu\/home-page\/bartholomeus-van-robbemond\/\",\"url\":\"https:\/\/adventureclub.eu\/home-page\/bartholomeus-van-robbemond\/\",\"name\":\"Bartholomeus van Robbemond - Adventure Club of Europe\",\"isPartOf\":{\"@id\":\"https:\/\/adventureclub.eu\/#website\"},\"primaryImageOfPage\":{\"@id\":\"https:\/\/adventureclub.eu\/home-page\/bartholomeus-van-robbemond\/#primaryimage\"},\"image\":{\"@id\":\"https:\/\/adventureclub.eu\/home-page\/bartholomeus-van-robbemond\/#primaryimage\"},\"thumbnailUrl\":\"https:\/\/adventureclub.eu\/wp-content\/uploads\/2014\/08\/ACE_Van_Robbemond.jpg\",\"datePublished\":\"2019-04-16T13:31:49+00:00\",\"dateModified\":\"2019-04-24T09:54:00+00:00\",\"description\":\"Adventure Club of Europe \u2013 Entdecken Sie unsere interessantesten, spannendsten und zum Teil auch umstrittensten Expeditionen der vergangenen Jahrhunderte.\",\"breadcrumb\":{\"@id\":\"https:\/\/adventureclub.eu\/home-page\/bartholomeus-van-robbemond\/#breadcrumb\"},\"inLanguage\":\"fr-FR\",\"potentialAction\":[{\"@type\":\"ReadAction\",\"target\":[\"https:\/\/adventureclub.eu\/home-page\/bartholomeus-van-robbemond\/\"]}]},{\"@type\":\"ImageObject\",\"inLanguage\":\"fr-FR\",\"@id\":\"https:\/\/adventureclub.eu\/home-page\/bartholomeus-van-robbemond\/#primaryimage\",\"url\":\"https:\/\/adventureclub.eu\/wp-content\/uploads\/2014\/08\/ACE_Van_Robbemond.jpg\",\"contentUrl\":\"https:\/\/adventureclub.eu\/wp-content\/uploads\/2014\/08\/ACE_Van_Robbemond.jpg\",\"width\":338,\"height\":457,\"caption\":\"Gemaltes Portait des Adventure Club of Europe Mitglieds Bartholomeus van Robbemond mit blonden Haaren und einem rotem Piratentuch auf dem Kopf\"},{\"@type\":\"BreadcrumbList\",\"@id\":\"https:\/\/adventureclub.eu\/home-page\/bartholomeus-van-robbemond\/#breadcrumb\",\"itemListElement\":[{\"@type\":\"ListItem\",\"position\":1,\"name\":\"Startseite\",\"item\":\"https:\/\/adventureclub.eu\/\"},{\"@type\":\"ListItem\",\"position\":2,\"name\":\"Home Page\",\"item\":\"https:\/\/adventureclub.eu\/\"},{\"@type\":\"ListItem\",\"position\":3,\"name\":\"Bartholomeus van Robbemond\"}]},{\"@type\":\"WebSite\",\"@id\":\"https:\/\/adventureclub.eu\/#website\",\"url\":\"https:\/\/adventureclub.eu\/\",\"name\":\"Adventure Club of Europe\",\"description\":\"Adventure Club of Europe \u2013 Entdecken Sie unsere interessantesten, spannendsten und zum Teil auch umstrittensten Expeditionen der vergangenen Jahrhunderte.\",\"publisher\":{\"@id\":\"https:\/\/adventureclub.eu\/#organization\"},\"potentialAction\":[{\"@type\":\"SearchAction\",\"target\":{\"@type\":\"EntryPoint\",\"urlTemplate\":\"https:\/\/adventureclub.eu\/?s={search_term_string}\"},\"query-input\":{\"@type\":\"PropertyValueSpecification\",\"valueRequired\":true,\"valueName\":\"search_term_string\"}}],\"inLanguage\":\"fr-FR\"},{\"@type\":\"Organization\",\"@id\":\"https:\/\/adventureclub.eu\/#organization\",\"name\":\"Adventure Club of Europe\",\"url\":\"https:\/\/adventureclub.eu\/\",\"logo\":{\"@type\":\"ImageObject\",\"inLanguage\":\"fr-FR\",\"@id\":\"https:\/\/adventureclub.eu\/#\/schema\/logo\/image\/\",\"url\":\"https:\/\/adventureclub.eu\/wp-content\/uploads\/2017\/05\/ACE-TITLE-PAGE.jpg\",\"contentUrl\":\"https:\/\/adventureclub.eu\/wp-content\/uploads\/2017\/05\/ACE-TITLE-PAGE.jpg\",\"width\":1024,\"height\":604,\"caption\":\"Adventure Club of Europe\"},\"image\":{\"@id\":\"https:\/\/adventureclub.eu\/#\/schema\/logo\/image\/\"}}]}<\/script>\n<!-- \/ Yoast SEO plugin. -->","yoast_head_json":{"title":"Bartholomeus van Robbemond - Adventure Club of Europe","description":"Adventure Club of Europe \u2013 Entdecken Sie unsere interessantesten, spannendsten und zum Teil auch umstrittensten Expeditionen der vergangenen Jahrhunderte.","robots":{"index":"index","follow":"follow","max-snippet":"max-snippet:-1","max-image-preview":"max-image-preview:large","max-video-preview":"max-video-preview:-1"},"canonical":"https:\/\/adventureclub.eu\/home-page\/bartholomeus-van-robbemond\/","og_locale":"fr_FR","og_type":"article","og_title":"Bartholomeus van Robbemond - Adventure Club of Europe","og_description":"Adventure Club of Europe \u2013 Entdecken Sie unsere interessantesten, spannendsten und zum Teil auch umstrittensten Expeditionen der vergangenen Jahrhunderte.","og_url":"https:\/\/adventureclub.eu\/home-page\/bartholomeus-van-robbemond\/","og_site_name":"Adventure Club of Europe","article_modified_time":"2019-04-24T09:54:00+00:00","og_image":[{"width":338,"height":457,"url":"https:\/\/adventureclub.eu\/wp-content\/uploads\/2014\/08\/ACE_Van_Robbemond.jpg","type":"image\/jpeg"}],"twitter_card":"summary_large_image","twitter_misc":{"Dur\u00e9e de lecture estim\u00e9e":"14 minutes"},"schema":{"@context":"https:\/\/schema.org","@graph":[{"@type":"WebPage","@id":"https:\/\/adventureclub.eu\/home-page\/bartholomeus-van-robbemond\/","url":"https:\/\/adventureclub.eu\/home-page\/bartholomeus-van-robbemond\/","name":"Bartholomeus van Robbemond - Adventure Club of Europe","isPartOf":{"@id":"https:\/\/adventureclub.eu\/#website"},"primaryImageOfPage":{"@id":"https:\/\/adventureclub.eu\/home-page\/bartholomeus-van-robbemond\/#primaryimage"},"image":{"@id":"https:\/\/adventureclub.eu\/home-page\/bartholomeus-van-robbemond\/#primaryimage"},"thumbnailUrl":"https:\/\/adventureclub.eu\/wp-content\/uploads\/2014\/08\/ACE_Van_Robbemond.jpg","datePublished":"2019-04-16T13:31:49+00:00","dateModified":"2019-04-24T09:54:00+00:00","description":"Adventure Club of Europe \u2013 Entdecken Sie unsere interessantesten, spannendsten und zum Teil auch umstrittensten Expeditionen der vergangenen Jahrhunderte.","breadcrumb":{"@id":"https:\/\/adventureclub.eu\/home-page\/bartholomeus-van-robbemond\/#breadcrumb"},"inLanguage":"fr-FR","potentialAction":[{"@type":"ReadAction","target":["https:\/\/adventureclub.eu\/home-page\/bartholomeus-van-robbemond\/"]}]},{"@type":"ImageObject","inLanguage":"fr-FR","@id":"https:\/\/adventureclub.eu\/home-page\/bartholomeus-van-robbemond\/#primaryimage","url":"https:\/\/adventureclub.eu\/wp-content\/uploads\/2014\/08\/ACE_Van_Robbemond.jpg","contentUrl":"https:\/\/adventureclub.eu\/wp-content\/uploads\/2014\/08\/ACE_Van_Robbemond.jpg","width":338,"height":457,"caption":"Gemaltes Portait des Adventure Club of Europe Mitglieds Bartholomeus van Robbemond mit blonden Haaren und einem rotem Piratentuch auf dem Kopf"},{"@type":"BreadcrumbList","@id":"https:\/\/adventureclub.eu\/home-page\/bartholomeus-van-robbemond\/#breadcrumb","itemListElement":[{"@type":"ListItem","position":1,"name":"Startseite","item":"https:\/\/adventureclub.eu\/"},{"@type":"ListItem","position":2,"name":"Home Page","item":"https:\/\/adventureclub.eu\/"},{"@type":"ListItem","position":3,"name":"Bartholomeus van Robbemond"}]},{"@type":"WebSite","@id":"https:\/\/adventureclub.eu\/#website","url":"https:\/\/adventureclub.eu\/","name":"Adventure Club of Europe","description":"Adventure Club of Europe \u2013 Entdecken Sie unsere interessantesten, spannendsten und zum Teil auch umstrittensten Expeditionen der vergangenen Jahrhunderte.","publisher":{"@id":"https:\/\/adventureclub.eu\/#organization"},"potentialAction":[{"@type":"SearchAction","target":{"@type":"EntryPoint","urlTemplate":"https:\/\/adventureclub.eu\/?s={search_term_string}"},"query-input":{"@type":"PropertyValueSpecification","valueRequired":true,"valueName":"search_term_string"}}],"inLanguage":"fr-FR"},{"@type":"Organization","@id":"https:\/\/adventureclub.eu\/#organization","name":"Adventure Club of Europe","url":"https:\/\/adventureclub.eu\/","logo":{"@type":"ImageObject","inLanguage":"fr-FR","@id":"https:\/\/adventureclub.eu\/#\/schema\/logo\/image\/","url":"https:\/\/adventureclub.eu\/wp-content\/uploads\/2017\/05\/ACE-TITLE-PAGE.jpg","contentUrl":"https:\/\/adventureclub.eu\/wp-content\/uploads\/2017\/05\/ACE-TITLE-PAGE.jpg","width":1024,"height":604,"caption":"Adventure Club of Europe"},"image":{"@id":"https:\/\/adventureclub.eu\/#\/schema\/logo\/image\/"}}]}},"_links":{"self":[{"href":"https:\/\/adventureclub.eu\/fr\/wp-json\/wp\/v2\/pages\/1381","targetHints":{"allow":["GET"]}}],"collection":[{"href":"https:\/\/adventureclub.eu\/fr\/wp-json\/wp\/v2\/pages"}],"about":[{"href":"https:\/\/adventureclub.eu\/fr\/wp-json\/wp\/v2\/types\/page"}],"author":[{"embeddable":true,"href":"https:\/\/adventureclub.eu\/fr\/wp-json\/wp\/v2\/users\/9"}],"replies":[{"embeddable":true,"href":"https:\/\/adventureclub.eu\/fr\/wp-json\/wp\/v2\/comments?post=1381"}],"version-history":[{"count":18,"href":"https:\/\/adventureclub.eu\/fr\/wp-json\/wp\/v2\/pages\/1381\/revisions"}],"predecessor-version":[{"id":1469,"href":"https:\/\/adventureclub.eu\/fr\/wp-json\/wp\/v2\/pages\/1381\/revisions\/1469"}],"up":[{"embeddable":true,"href":"https:\/\/adventureclub.eu\/fr\/wp-json\/wp\/v2\/pages\/303"}],"wp:featuredmedia":[{"embeddable":true,"href":"https:\/\/adventureclub.eu\/fr\/wp-json\/wp\/v2\/media\/1333"}],"wp:attachment":[{"href":"https:\/\/adventureclub.eu\/fr\/wp-json\/wp\/v2\/media?parent=1381"}],"curies":[{"name":"wp","href":"https:\/\/api.w.org\/{rel}","templated":true}]}}