{"id":1389,"date":"2019-04-16T15:37:03","date_gmt":"2019-04-16T13:37:03","guid":{"rendered":"https:\/\/adventure-club.de\/?page_id=1389"},"modified":"2024-09-20T15:38:08","modified_gmt":"2024-09-20T13:38:08","slug":"mickey-weatherly","status":"publish","type":"page","link":"https:\/\/adventureclub.eu\/fr\/home-page\/mickey-weatherly\/","title":{"rendered":"Mickey Weatherly"},"content":{"rendered":"<p>[vc_row][vc_column][vc_empty_space height=\u00a0\u00bb200px\u00a0\u00bb][\/vc_column][\/vc_row][vc_row][vc_column][vc_column_text]<\/p>\n<h2 style=\"text-align: center;\">Mickey Weatherly<\/h2>\n<p>[\/vc_column_text][\/vc_column][\/vc_row][vc_row][vc_column][vc_empty_space][\/vc_column][\/vc_row][vc_row][vc_column][vc_column_text]<\/p>\n<h4 style=\"text-align: center;\">Membre de 1933 \u00e0 1969<\/h4>\n<p>[\/vc_column_text][\/vc_column][\/vc_row][vc_row][vc_column][vc_empty_space][\/vc_column][\/vc_row][vc_row][vc_column][vc_single_image image=\u00a0\u00bb416&Prime; img_size=\u00a0\u00bblarge\u00a0\u00bb alignment=\u00a0\u00bbcenter\u00a0\u00bb][\/vc_column][\/vc_row][vc_row][vc_column][vc_empty_space][\/vc_column][\/vc_row][vc_row][vc_column][vc_empty_space][\/vc_column][\/vc_row][vc_row][vc_column][vc_single_image image=\u00a0\u00bb398&Prime; img_size=\u00a0\u00bbmedium\u00a0\u00bb alignment=\u00a0\u00bbcenter\u00a0\u00bb][\/vc_column][\/vc_row][vc_row][vc_column][vc_empty_space][\/vc_column][\/vc_row][vc_row][vc_column width=\u00a0\u00bb1\/2&Prime;][vc_column_text]Cette lettre de Mickey Weatherly a \u00e9t\u00e9 \u00e9crite en 1940, mais ce n\u2019est qu\u2019en 1994 qu\u2019elle fut remise aux membres de l\u2019Adventure Club of Europe.<\/p>\n<blockquote><p>Chers amis et coll\u00e8gues de l\u2019ACE,J\u2019aimerais m\u2019excuser sinc\u00e8rement aupr\u00e8s de vous. Si vous recevez cette lettre, alors mon secret aura donc finalement \u00e9t\u00e9 d\u00e9voil\u00e9.<\/p>\n<p>Oui, j\u2019ai falsifi\u00e9 la photo de la cr\u00e9ature du Loch Ness.<\/p>\n<p>Mais, je vous jure sur mon \u00e2me que j&rsquo;ai vu cette cr\u00e9ature de mes propres yeux, et que j&rsquo;ai prouv\u00e9 son existence.<\/p>\n<p>En 1932, j\u2019ai atteint le but de ma vie, j\u2019ai trouv\u00e9 la preuve de l\u2019existence d\u2019une cr\u00e9ature dans le Loch Ness. J\u2019y avais risqu\u00e9 ma vie plusieurs fois d\u00e9j\u00e0 lors de mes plong\u00e9es, vu que la tectonique complexe sous l&rsquo;eau, les roches escarp\u00e9es et un enchev\u00eatrement de grottes transformaient ce lac si paisible en surface en un v\u00e9ritable labyrinthe souterrain.<\/p>\n<p>Le Loch Ness est un lac sombre, et je ne parle pas que de la couleur. Il renferme un myst\u00e8re. Un myst\u00e8re aussi lugubre et insondable que le lac lui-m\u00eame. Je dois vous dire que c\u2019est bien ce myst\u00e8re qui m\u2019a fait revenir aussi souvent dans les Highlands de l&rsquo;\u00c9cosse. Car ce qui nous anime est bien cette volont\u00e9 visc\u00e9rale de r\u00e9soudre les \u00e9nigmes de ce monde, non ?<\/p>\n<p>Lors de mes plong\u00e9es le 21.08.1932, une plaque blanche reluisait au milieu de la p\u00e9nombre des eaux troubles. Je tentai de l&rsquo;agripper et la soulever, mais elle \u00e9tait lourde, bien ancr\u00e9e et pleine de sillons \u00e9tranges. Mais je parvins finalement \u00e0 l\u2019arracher de cet amas de vase et d\u2019algues, et je vis qu&rsquo;il s&rsquo;agissait d&rsquo;une gigantesque coquille d\u2019\u0153uf. Oui, chers coll\u00e8gues, la coquille d\u2019un \u0153uf d\u2019environ 1 m\u00e8tre de long.Soudain, je sentis des ondes de plus en plus fortes dans l\u2019eau, et un changement de pression\u2026 dans la p\u00e9nombre, un \u00eatre encore plus sombre que le lac fon\u00e7ait droit sur moi. Pardieu, je me suis retrouv\u00e9 nez \u00e0 nez avec la m\u00e8re !<\/p>\n<p>Mes poumons se remplirent soudain d\u2019eau, une eau sale et vaseuse. J&rsquo;avais envie de vomir. Mon tuyau d\u2019air avait \u00e9t\u00e9 sectionn\u00e9 par une ar\u00eate tranchante. Je ne voulais pour rien au monde l\u00e2cher cet \u0153uf, mais il fallait que je retourne \u00e0 la surface.<\/p><\/blockquote>\n<p>[\/vc_column_text][\/vc_column][vc_column width=\u00a0\u00bb1\/2&Prime;][vc_column_text]<\/p>\n<blockquote><p>Les forts mouvements ondulatoires me d\u00e9sorientaient, et la cr\u00e9ature du Loch Ness butait r\u00e9guli\u00e8rement sur l&rsquo;\u0153uf que je tenais fermement, comme si elle voulait \u00e0 tout prix \u00e9viter la divulgation de la preuve de son existence.<\/p>\n<p>Je perdis connaissance alors que j\u2019apercevais les rayons du soleil \u00e9cossais. Et lorsque je repris conscience, j\u2019\u00e9tais toujours vivant, et l\u2019\u0153uf \u00e9tait \u00e0 mes c\u00f4t\u00e9s. Eur\u00eaka !<\/p>\n<p>Mais mon euphorie fut de courte dur\u00e9e. Je du me confronter aux r\u00e9actions des soi-disant scientifiques. Quel genre de scientifiques \u00e9taient-ils, \u00e0 me traiter de menteur et d\u2019affabulateur au lieu d\u2019essayer de servir la v\u00e9rit\u00e9\u00a0? Ils pr\u00e9tendirent que le manque d\u2019oxyg\u00e8ne avait troubl\u00e9 mes sens, et que c\u2019est pour attirer l\u2019attention sur moi que je cherchai \u00e0 trouver une preuve de l&rsquo;existence du monstre.<\/p>\n<p>Pour eux, l&rsquo;\u0153uf, pour l&rsquo;obtention duquel j&rsquo;avais bataill\u00e9 au prix de ma vie, n\u2019\u00e9tait qu\u2019une simple pierre dessin\u00e9e par l\u2019\u00e9rosion.J\u2019ai replong\u00e9 maintes fois \u00e0 l\u2019endroit o\u00f9 j\u2019avais d\u00e9cel\u00e9 l\u2019\u0153uf, mais je n\u2019ai plus jamais crois\u00e9 le regard noir de la cr\u00e9ature du Loch Ness.<\/p>\n<p>Quelle infamie, quelle d\u00e9ception, et quelle col\u00e8re. C\u2019est eux, par leur m\u00e9pris, qui m\u2019ont pouss\u00e9 \u00e0 le faire. Oui, j\u2019ai mis en sc\u00e8ne la photo quelques mois plus tard, et j\u2019en ai honte aujourd\u2019hui. Mais \u00e0 l\u2019\u00e9poque, il fallait que je rende la monnaie de leur pi\u00e8ce \u00e0 ces scientifiques qui me tournaient en d\u00e9rision.<\/p>\n<p>Ce serait un grand apaisement pour moi, si l\u2019\u0153uf de Nessie pouvait \u00eatre consid\u00e9r\u00e9 ici \u00e0 sa juste valeur par les aventuriers de l\u2019Adventure Club of Europe. Je sais qu\u2019il sera entre de bonnes mains chez vous.Sinc\u00e8rement, votre ami de l\u2019ACE,<\/p>\n<p>Mickey Weatherly<\/p><\/blockquote>\n<p>Actuellement en possession de l\u2019ACE<\/p>\n<p>Art\u00e9facts:<\/p>\n<ul>\n<li>L\u2019\u0153uf de Nessie<\/li>\n<li>Scaphandre<\/li>\n<\/ul>\n<p>[\/vc_column_text][\/vc_column][\/vc_row][vc_row][vc_column][vc_empty_space][\/vc_column][\/vc_row][vc_row][vc_column][vc_single_image image=\u00a0\u00bb398&Prime; img_size=\u00a0\u00bbmedium\u00a0\u00bb alignment=\u00a0\u00bbcenter\u00a0\u00bb][\/vc_column][\/vc_row][vc_row][vc_column][vc_empty_space][\/vc_column][\/vc_row][vc_row][vc_column][vc_single_image image=\u00a0\u00bb417&Prime; img_size=\u00a0\u00bblarge\u00a0\u00bb alignment=\u00a0\u00bbcenter\u00a0\u00bb][\/vc_column][\/vc_row][vc_row][vc_column][vc_empty_space][\/vc_column][\/vc_row][vc_row][vc_column][vc_single_image image=\u00a0\u00bb414&Prime; img_size=\u00a0\u00bblarge\u00a0\u00bb alignment=\u00a0\u00bbcenter\u00a0\u00bb][\/vc_column][\/vc_row][vc_row][vc_column][vc_empty_space][\/vc_column][\/vc_row][vc_row][vc_column][vc_single_image image=\u00a0\u00bb415&Prime; img_size=\u00a0\u00bblarge\u00a0\u00bb alignment=\u00a0\u00bbcenter\u00a0\u00bb][\/vc_column][\/vc_row][vc_row][vc_column][vc_empty_space][\/vc_column][\/vc_row][vc_row][vc_column][vc_empty_space][\/vc_column][\/vc_row]<\/p>","protected":false},"excerpt":{"rendered":"<p>[vc_row][vc_column][vc_empty_space height=\u00a0\u00bb200px\u00a0\u00bb][\/vc_column][\/vc_row][vc_row][vc_column][vc_column_text] Mickey Weatherly [\/vc_column_text][\/vc_column][\/vc_row][vc_row][vc_column][vc_empty_space][\/vc_column][\/vc_row][vc_row][vc_column][vc_column_text] Membre de 1933 \u00e0 1969 [\/vc_column_text][\/vc_column][\/vc_row][vc_row][vc_column][vc_empty_space][\/vc_column][\/vc_row][vc_row][vc_column][vc_single_image image=\u00a0\u00bb416&Prime; img_size=\u00a0\u00bblarge\u00a0\u00bb alignment=\u00a0\u00bbcenter\u00a0\u00bb][\/vc_column][\/vc_row][vc_row][vc_column][vc_empty_space][\/vc_column][\/vc_row][vc_row][vc_column][vc_empty_space][\/vc_column][\/vc_row][vc_row][vc_column][vc_single_image image=\u00a0\u00bb398&Prime; img_size=\u00a0\u00bbmedium\u00a0\u00bb alignment=\u00a0\u00bbcenter\u00a0\u00bb][\/vc_column][\/vc_row][vc_row][vc_column][vc_empty_space][\/vc_column][\/vc_row][vc_row][vc_column width=\u00a0\u00bb1\/2&Prime;][vc_column_text]Cette lettre de Mickey Weatherly a \u00e9t\u00e9 \u00e9crite en 1940, mais ce n\u2019est qu\u2019en 1994 qu\u2019elle fut remise aux membres de l\u2019Adventure Club of Europe. Chers amis et coll\u00e8gues de l\u2019ACE,J\u2019aimerais m\u2019excuser sinc\u00e8rement aupr\u00e8s de vous. Si vous [&hellip;]<\/p>\n","protected":false},"author":9,"featured_media":416,"parent":303,"menu_order":0,"comment_status":"closed","ping_status":"closed","template":"","meta":{"footnotes":""},"class_list":["post-1389","page","type-page","status-publish","has-post-thumbnail","hentry"],"yoast_head":"<!-- This site is optimized with the Yoast SEO plugin v26.9 - https:\/\/yoast.com\/product\/yoast-seo-wordpress\/ -->\n<title>Mickey Weatherly - Adventure Club of Europe<\/title>\n<meta name=\"description\" content=\"Adventure Club of Europe \u2013 Entdecken Sie unsere interessantesten, spannendsten und zum Teil auch umstrittensten Expeditionen der vergangenen Jahrhunderte.\" \/>\n<meta name=\"robots\" content=\"index, follow, max-snippet:-1, max-image-preview:large, max-video-preview:-1\" \/>\n<link rel=\"canonical\" href=\"https:\/\/adventureclub.eu\/home-page\/mickey-weatherly\/\" \/>\n<meta property=\"og:locale\" content=\"fr_FR\" \/>\n<meta property=\"og:type\" content=\"article\" \/>\n<meta property=\"og:title\" content=\"Mickey Weatherly - Adventure Club of Europe\" \/>\n<meta property=\"og:description\" content=\"Adventure Club of Europe \u2013 Entdecken Sie unsere interessantesten, spannendsten und zum Teil auch umstrittensten Expeditionen der vergangenen Jahrhunderte.\" \/>\n<meta property=\"og:url\" content=\"https:\/\/adventureclub.eu\/home-page\/mickey-weatherly\/\" \/>\n<meta property=\"og:site_name\" content=\"Adventure Club of Europe\" \/>\n<meta property=\"article:modified_time\" content=\"2024-09-20T13:38:08+00:00\" \/>\n<meta property=\"og:image\" content=\"https:\/\/adventureclub.eu\/wp-content\/uploads\/2014\/11\/egg.jpg\" \/>\n\t<meta property=\"og:image:width\" content=\"1024\" \/>\n\t<meta property=\"og:image:height\" content=\"715\" \/>\n\t<meta property=\"og:image:type\" content=\"image\/jpeg\" \/>\n<meta name=\"twitter:card\" content=\"summary_large_image\" \/>\n<meta name=\"twitter:label1\" content=\"Dur\u00e9e de lecture estim\u00e9e\" \/>\n\t<meta name=\"twitter:data1\" content=\"14 minutes\" \/>\n<script type=\"application\/ld+json\" class=\"yoast-schema-graph\">{\"@context\":\"https:\/\/schema.org\",\"@graph\":[{\"@type\":\"WebPage\",\"@id\":\"https:\/\/adventureclub.eu\/home-page\/mickey-weatherly\/\",\"url\":\"https:\/\/adventureclub.eu\/home-page\/mickey-weatherly\/\",\"name\":\"Mickey Weatherly - Adventure Club of Europe\",\"isPartOf\":{\"@id\":\"https:\/\/adventureclub.eu\/#website\"},\"primaryImageOfPage\":{\"@id\":\"https:\/\/adventureclub.eu\/home-page\/mickey-weatherly\/#primaryimage\"},\"image\":{\"@id\":\"https:\/\/adventureclub.eu\/home-page\/mickey-weatherly\/#primaryimage\"},\"thumbnailUrl\":\"https:\/\/adventureclub.eu\/wp-content\/uploads\/2014\/11\/egg.jpg\",\"datePublished\":\"2019-04-16T13:37:03+00:00\",\"dateModified\":\"2024-09-20T13:38:08+00:00\",\"description\":\"Adventure Club of Europe \u2013 Entdecken Sie unsere interessantesten, spannendsten und zum Teil auch umstrittensten Expeditionen der vergangenen Jahrhunderte.\",\"breadcrumb\":{\"@id\":\"https:\/\/adventureclub.eu\/home-page\/mickey-weatherly\/#breadcrumb\"},\"inLanguage\":\"fr-FR\",\"potentialAction\":[{\"@type\":\"ReadAction\",\"target\":[\"https:\/\/adventureclub.eu\/home-page\/mickey-weatherly\/\"]}]},{\"@type\":\"ImageObject\",\"inLanguage\":\"fr-FR\",\"@id\":\"https:\/\/adventureclub.eu\/home-page\/mickey-weatherly\/#primaryimage\",\"url\":\"https:\/\/adventureclub.eu\/wp-content\/uploads\/2014\/11\/egg.jpg\",\"contentUrl\":\"https:\/\/adventureclub.eu\/wp-content\/uploads\/2014\/11\/egg.jpg\",\"width\":1024,\"height\":715,\"caption\":\"Photo de membre de l'Adventure Club of Europe de Mickey Weatherly, un vieil homme tenant un \u0153uf g\u00e9ant devant la cam\u00e9ra.\"},{\"@type\":\"BreadcrumbList\",\"@id\":\"https:\/\/adventureclub.eu\/home-page\/mickey-weatherly\/#breadcrumb\",\"itemListElement\":[{\"@type\":\"ListItem\",\"position\":1,\"name\":\"Startseite\",\"item\":\"https:\/\/adventureclub.eu\/\"},{\"@type\":\"ListItem\",\"position\":2,\"name\":\"Home Page\",\"item\":\"https:\/\/adventureclub.eu\/\"},{\"@type\":\"ListItem\",\"position\":3,\"name\":\"Mickey Weatherly\"}]},{\"@type\":\"WebSite\",\"@id\":\"https:\/\/adventureclub.eu\/#website\",\"url\":\"https:\/\/adventureclub.eu\/\",\"name\":\"Adventure Club of Europe\",\"description\":\"Adventure Club of Europe \u2013 Entdecken Sie unsere interessantesten, spannendsten und zum Teil auch umstrittensten Expeditionen der vergangenen Jahrhunderte.\",\"publisher\":{\"@id\":\"https:\/\/adventureclub.eu\/#organization\"},\"potentialAction\":[{\"@type\":\"SearchAction\",\"target\":{\"@type\":\"EntryPoint\",\"urlTemplate\":\"https:\/\/adventureclub.eu\/?s={search_term_string}\"},\"query-input\":{\"@type\":\"PropertyValueSpecification\",\"valueRequired\":true,\"valueName\":\"search_term_string\"}}],\"inLanguage\":\"fr-FR\"},{\"@type\":\"Organization\",\"@id\":\"https:\/\/adventureclub.eu\/#organization\",\"name\":\"Adventure Club of Europe\",\"url\":\"https:\/\/adventureclub.eu\/\",\"logo\":{\"@type\":\"ImageObject\",\"inLanguage\":\"fr-FR\",\"@id\":\"https:\/\/adventureclub.eu\/#\/schema\/logo\/image\/\",\"url\":\"https:\/\/adventureclub.eu\/wp-content\/uploads\/2017\/05\/ACE-TITLE-PAGE.jpg\",\"contentUrl\":\"https:\/\/adventureclub.eu\/wp-content\/uploads\/2017\/05\/ACE-TITLE-PAGE.jpg\",\"width\":1024,\"height\":604,\"caption\":\"Adventure Club of Europe\"},\"image\":{\"@id\":\"https:\/\/adventureclub.eu\/#\/schema\/logo\/image\/\"}}]}<\/script>\n<!-- \/ Yoast SEO plugin. -->","yoast_head_json":{"title":"Mickey Weatherly - Adventure Club of Europe","description":"Adventure Club of Europe \u2013 Entdecken Sie unsere interessantesten, spannendsten und zum Teil auch umstrittensten Expeditionen der vergangenen Jahrhunderte.","robots":{"index":"index","follow":"follow","max-snippet":"max-snippet:-1","max-image-preview":"max-image-preview:large","max-video-preview":"max-video-preview:-1"},"canonical":"https:\/\/adventureclub.eu\/home-page\/mickey-weatherly\/","og_locale":"fr_FR","og_type":"article","og_title":"Mickey Weatherly - Adventure Club of Europe","og_description":"Adventure Club of Europe \u2013 Entdecken Sie unsere interessantesten, spannendsten und zum Teil auch umstrittensten Expeditionen der vergangenen Jahrhunderte.","og_url":"https:\/\/adventureclub.eu\/home-page\/mickey-weatherly\/","og_site_name":"Adventure Club of Europe","article_modified_time":"2024-09-20T13:38:08+00:00","og_image":[{"width":1024,"height":715,"url":"https:\/\/adventureclub.eu\/wp-content\/uploads\/2014\/11\/egg.jpg","type":"image\/jpeg"}],"twitter_card":"summary_large_image","twitter_misc":{"Dur\u00e9e de lecture estim\u00e9e":"14 minutes"},"schema":{"@context":"https:\/\/schema.org","@graph":[{"@type":"WebPage","@id":"https:\/\/adventureclub.eu\/home-page\/mickey-weatherly\/","url":"https:\/\/adventureclub.eu\/home-page\/mickey-weatherly\/","name":"Mickey Weatherly - Adventure Club of Europe","isPartOf":{"@id":"https:\/\/adventureclub.eu\/#website"},"primaryImageOfPage":{"@id":"https:\/\/adventureclub.eu\/home-page\/mickey-weatherly\/#primaryimage"},"image":{"@id":"https:\/\/adventureclub.eu\/home-page\/mickey-weatherly\/#primaryimage"},"thumbnailUrl":"https:\/\/adventureclub.eu\/wp-content\/uploads\/2014\/11\/egg.jpg","datePublished":"2019-04-16T13:37:03+00:00","dateModified":"2024-09-20T13:38:08+00:00","description":"Adventure Club of Europe \u2013 Entdecken Sie unsere interessantesten, spannendsten und zum Teil auch umstrittensten Expeditionen der vergangenen Jahrhunderte.","breadcrumb":{"@id":"https:\/\/adventureclub.eu\/home-page\/mickey-weatherly\/#breadcrumb"},"inLanguage":"fr-FR","potentialAction":[{"@type":"ReadAction","target":["https:\/\/adventureclub.eu\/home-page\/mickey-weatherly\/"]}]},{"@type":"ImageObject","inLanguage":"fr-FR","@id":"https:\/\/adventureclub.eu\/home-page\/mickey-weatherly\/#primaryimage","url":"https:\/\/adventureclub.eu\/wp-content\/uploads\/2014\/11\/egg.jpg","contentUrl":"https:\/\/adventureclub.eu\/wp-content\/uploads\/2014\/11\/egg.jpg","width":1024,"height":715,"caption":"Photo de membre de l'Adventure Club of Europe de Mickey Weatherly, un vieil homme tenant un \u0153uf g\u00e9ant devant la cam\u00e9ra."},{"@type":"BreadcrumbList","@id":"https:\/\/adventureclub.eu\/home-page\/mickey-weatherly\/#breadcrumb","itemListElement":[{"@type":"ListItem","position":1,"name":"Startseite","item":"https:\/\/adventureclub.eu\/"},{"@type":"ListItem","position":2,"name":"Home Page","item":"https:\/\/adventureclub.eu\/"},{"@type":"ListItem","position":3,"name":"Mickey Weatherly"}]},{"@type":"WebSite","@id":"https:\/\/adventureclub.eu\/#website","url":"https:\/\/adventureclub.eu\/","name":"Adventure Club of Europe","description":"Adventure Club of Europe \u2013 Entdecken Sie unsere interessantesten, spannendsten und zum Teil auch umstrittensten Expeditionen der vergangenen Jahrhunderte.","publisher":{"@id":"https:\/\/adventureclub.eu\/#organization"},"potentialAction":[{"@type":"SearchAction","target":{"@type":"EntryPoint","urlTemplate":"https:\/\/adventureclub.eu\/?s={search_term_string}"},"query-input":{"@type":"PropertyValueSpecification","valueRequired":true,"valueName":"search_term_string"}}],"inLanguage":"fr-FR"},{"@type":"Organization","@id":"https:\/\/adventureclub.eu\/#organization","name":"Adventure Club of Europe","url":"https:\/\/adventureclub.eu\/","logo":{"@type":"ImageObject","inLanguage":"fr-FR","@id":"https:\/\/adventureclub.eu\/#\/schema\/logo\/image\/","url":"https:\/\/adventureclub.eu\/wp-content\/uploads\/2017\/05\/ACE-TITLE-PAGE.jpg","contentUrl":"https:\/\/adventureclub.eu\/wp-content\/uploads\/2017\/05\/ACE-TITLE-PAGE.jpg","width":1024,"height":604,"caption":"Adventure Club of Europe"},"image":{"@id":"https:\/\/adventureclub.eu\/#\/schema\/logo\/image\/"}}]}},"_links":{"self":[{"href":"https:\/\/adventureclub.eu\/fr\/wp-json\/wp\/v2\/pages\/1389","targetHints":{"allow":["GET"]}}],"collection":[{"href":"https:\/\/adventureclub.eu\/fr\/wp-json\/wp\/v2\/pages"}],"about":[{"href":"https:\/\/adventureclub.eu\/fr\/wp-json\/wp\/v2\/types\/page"}],"author":[{"embeddable":true,"href":"https:\/\/adventureclub.eu\/fr\/wp-json\/wp\/v2\/users\/9"}],"replies":[{"embeddable":true,"href":"https:\/\/adventureclub.eu\/fr\/wp-json\/wp\/v2\/comments?post=1389"}],"version-history":[{"count":26,"href":"https:\/\/adventureclub.eu\/fr\/wp-json\/wp\/v2\/pages\/1389\/revisions"}],"predecessor-version":[{"id":2074,"href":"https:\/\/adventureclub.eu\/fr\/wp-json\/wp\/v2\/pages\/1389\/revisions\/2074"}],"up":[{"embeddable":true,"href":"https:\/\/adventureclub.eu\/fr\/wp-json\/wp\/v2\/pages\/303"}],"wp:featuredmedia":[{"embeddable":true,"href":"https:\/\/adventureclub.eu\/fr\/wp-json\/wp\/v2\/media\/416"}],"wp:attachment":[{"href":"https:\/\/adventureclub.eu\/fr\/wp-json\/wp\/v2\/media?parent=1389"}],"curies":[{"name":"wp","href":"https:\/\/api.w.org\/{rel}","templated":true}]}}