{"id":1392,"date":"2019-04-16T15:39:03","date_gmt":"2019-04-16T13:39:03","guid":{"rendered":"https:\/\/adventure-club.de\/?page_id=1392"},"modified":"2024-09-20T16:44:49","modified_gmt":"2024-09-20T14:44:49","slug":"prof-harvey-carter","status":"publish","type":"page","link":"https:\/\/adventureclub.eu\/fr\/home-page\/prof-harvey-carter\/","title":{"rendered":"Prof. Harvey Carter"},"content":{"rendered":"<p>[vc_row][vc_column][vc_empty_space height=\u00a0\u00bb200px\u00a0\u00bb][\/vc_column][\/vc_row][vc_row][vc_column][vc_column_text]<\/p>\n<h2 style=\"text-align: center;\">Prof. Harvey Carter<\/h2>\n<p>[\/vc_column_text][\/vc_column][\/vc_row][vc_row][vc_column][vc_empty_space][\/vc_column][\/vc_row][vc_row][vc_column][vc_column_text]<\/p>\n<h4 style=\"text-align: center;\">Membre de 1953 \u00e0 1957<\/h4>\n<p>[\/vc_column_text][\/vc_column][\/vc_row][vc_row][vc_column][vc_empty_space][\/vc_column][\/vc_row][vc_row][vc_column][vc_single_image image=\u00a0\u00bb400&Prime; img_size=\u00a0\u00bblarge\u00a0\u00bb alignment=\u00a0\u00bbcenter\u00a0\u00bb][\/vc_column][\/vc_row][vc_row][vc_column][vc_empty_space][\/vc_column][\/vc_row][vc_row][vc_column][vc_empty_space][\/vc_column][\/vc_row][vc_row][vc_column][vc_single_image image=\u00a0\u00bb398&Prime; img_size=\u00a0\u00bbmedium\u00a0\u00bb alignment=\u00a0\u00bbcenter\u00a0\u00bb][\/vc_column][\/vc_row][vc_row][vc_column][vc_empty_space][\/vc_column][\/vc_row][vc_row][vc_column width=\u00a0\u00bb1\/2&Prime;][vc_column_text]Lorsqu\u2019il avait 20 ans, Harvey Carter \u00e9tait l\u2019assistant d\u2019un groupe de plongeurs sur les c\u00f4tes grecques. Officiellement, ils \u00e9taient des p\u00eacheurs d\u2019\u00e9ponges, mais en r\u00e9alit\u00e9 ils faisaient partie d\u2019une exp\u00e9dition secr\u00e8te. En v\u00e9rit\u00e9, ils \u00e9taient arch\u00e9ologues, et recherchaient l\u2019Atlantide. Le travail du jeune Harvey Carter \u00e9tait de tourner la manivelle des pompes qui alimentaient les plongeurs en oxyg\u00e8ne. Un travail quelque peu d\u00e9moralisant pour le jeune homme, qui aurait pr\u00e9f\u00e9r\u00e9 faire partie des plongeurs. Dans un cours magistral qu\u2019il donna en 1952 \u00e0 l\u2019Universit\u00e9 d\u2019Oxford, que nous d\u00e9tenons en partie, il d\u00e9crivit sa recherche comme suit:<\/p>\n<blockquote><p>J\u2019avais pass\u00e9 de nombreuses heures \u00e0 la pompe, mais je r\u00eavais de faire mes propres plong\u00e9es. L\u2019id\u00e9e d\u2019emprunter l\u2019\u00e9quipement de plong\u00e9e en secret pendant la nuit me trottait dans la t\u00eate depuis quelque temps, mais je n\u2019avais personne pour actionner la pompe. Le m\u00e9canisme de la pompe me semblait en outre obsol\u00e8te et dangereux. Alors j\u2019ai imagin\u00e9 un syst\u00e8me d\u2019approvisionnement en air que je pourrais contr\u00f4ler moi-m\u00eame sous l\u2019eau. Je parvins, apr\u00e8s plusieurs semaines de travaux acharn\u00e9s, \u00e0 construire une petite pompe qui me permettrait de respirer quelques minutes, \u00e0 partir d\u2019un ballon et d\u2019un accord\u00e9on. Pour les premi\u00e8res plong\u00e9es, c\u2019\u00e9tait une bonne solution, mais je savais qu\u2019il fallait que je construise, un jour ou l\u2019autre, une sorte de station sous-marine si je voulais r\u00e9ellement retrouver l\u2019Atlantide.<\/p><\/blockquote>\n<p>Malheureusement, les archives sur ses plans et d\u00e9couvertes s\u2019arr\u00eatent \u00e0 cet endroit. Ce que nous savons, c\u2019est que Harvey Carter se mit \u00e0 plonger de son propre chef, et qu\u2019il trouva une horloge en 1901, qu\u2019il attribua \u00e0 la cit\u00e9 engloutie de l\u2019Atlantide. Il \u00e9tait \u00e2g\u00e9 d\u2019\u00e0 peine 20 ans \u00e0 l\u2019\u00e9poque. Aujourd\u2019hui encore, cette horloge fascine les scientifique, et on la conna\u00eet sous le nom de \u00ab\u00a0Machine d\u2019Anticyth\u00e8re\u00a0\u00bb. Malheureusement, Harvey Carter ne fut jamais mentionn\u00e9 dans le cadre de cette d\u00e9couverte.[\/vc_column_text][\/vc_column][vc_column width=\u00a0\u00bb1\/2&Prime;][vc_column_text]Ce furent les arch\u00e9ologues qu\u2019il assistait qui furent d\u00e9clar\u00e9s trouveurs officiels de l\u2019objet. L\u2019horloge qu\u2019il avait trouv\u00e9e \u00e9tait un appareil tr\u00e8s avanc\u00e9 sur le plan technologique. Les m\u00e9canismes utilis\u00e9s et le processus de fabrication d\u00e9passaient largement les avanc\u00e9es scientifiques de l\u2019Antiquit\u00e9. Seuls les Atlantes, Carter en \u00e9tait convaincu, ont pu poss\u00e9der le savoir n\u00e9cessaire pour \u00e9laborer ce genre de technologie. Il poursuivit ses recherches toute sa vie autour de l\u2019Atlantide, et \u00e9tudia les r\u00e9cits de Platon sur le sujet dans les moindres d\u00e9tails. Mais il se confronta r\u00e9guli\u00e8rement au scepticisme de ses pairs \u00e0 l\u2019Universit\u00e9 d\u2019Oxford. La direction de l\u2019universit\u00e9, ainsi que les membres du \u00ab\u00a0Science Club\u00a0\u00bb, le croyaient \u00ab\u00a0poss\u00e9d\u00e9\u00a0\u00bb et doutaient de la pertinence de ses recherches. C\u2019est pour cela que beaucoup de ses archives ont disparu. En 1955, il fut contraint de quitter l\u2019universit\u00e9. \u00c0 cette \u00e9poque, il avait d\u00e9j\u00e0 rejoint l\u2019Adventure Club of Europe, et il avait mis ses projets de d\u00e9couverte de l\u2019Atlantide en de bonnes mains. Ses d\u00e9couvertes ne seraient \u00e0 l\u2019avenir plus jamais attribu\u00e9es \u00e0 d\u2019autres. Une fois \u00e0 la retraite, le Prof. Carter parvint enfin \u00e0 cr\u00e9er sa station de recherches sous-marine. Les plans et des parties de la station sont en possession de l\u2019ACE. De plus, il avait confi\u00e9 \u00e0 l\u2019ACE un projet du nom de \u00ab\u00a0T-01\u00a0\u00bb \u2013 un nom de code, car sa tortue portait le m\u00eame nom. Personne n\u2019a jamais r\u00e9ussi \u00e0 savoir ce qu\u2019il entendait par l\u00e0.Nous ne savons pas o\u00f9 le Prof. Carter a pass\u00e9 les derni\u00e8res ann\u00e9es de sa vie. Nous supposons malgr\u00e9 tout qu\u2019il a poursuivi sa recherche de l\u2019Atlantide, et nous esp\u00e9rons qu\u2019il a fini par d\u00e9couvrir la cit\u00e9 engloutie.<\/p>\n<p>Actuellement en possession de l\u2019ACE<\/p>\n<p>Art\u00e9facts:<\/p>\n<ul>\n<li>Une partie amovible de la \u00ab Machine d\u2019Anticyth\u00e8re \u00bb<\/li>\n<li>Plans de construction et parties de la station sous-marine<\/li>\n<\/ul>\n<p>[\/vc_column_text][\/vc_column][\/vc_row][vc_row][vc_column][vc_empty_space][\/vc_column][\/vc_row][vc_row][vc_column][vc_single_image image=\u00a0\u00bb398&Prime; img_size=\u00a0\u00bbmedium\u00a0\u00bb alignment=\u00a0\u00bbcenter\u00a0\u00bb][\/vc_column][\/vc_row][vc_row][vc_column][vc_empty_space][\/vc_column][\/vc_row][vc_row][vc_column][vc_single_image image=\u00a0\u00bb401&Prime; img_size=\u00a0\u00bblarge\u00a0\u00bb alignment=\u00a0\u00bbcenter\u00a0\u00bb][\/vc_column][\/vc_row][vc_row][vc_column][vc_empty_space][\/vc_column][\/vc_row][vc_row][vc_column][vc_single_image image=\u00a0\u00bb422&Prime; img_size=\u00a0\u00bblarge\u00a0\u00bb alignment=\u00a0\u00bbcenter\u00a0\u00bb][\/vc_column][\/vc_row][vc_row][vc_column][vc_empty_space][\/vc_column][\/vc_row][vc_row][vc_column][vc_empty_space][\/vc_column][\/vc_row]<\/p>","protected":false},"excerpt":{"rendered":"<p>[vc_row][vc_column][vc_empty_space height=\u00a0\u00bb200px\u00a0\u00bb][\/vc_column][\/vc_row][vc_row][vc_column][vc_column_text] Prof. Harvey Carter [\/vc_column_text][\/vc_column][\/vc_row][vc_row][vc_column][vc_empty_space][\/vc_column][\/vc_row][vc_row][vc_column][vc_column_text] Membre de 1953 \u00e0 1957 [\/vc_column_text][\/vc_column][\/vc_row][vc_row][vc_column][vc_empty_space][\/vc_column][\/vc_row][vc_row][vc_column][vc_single_image image=\u00a0\u00bb400&Prime; img_size=\u00a0\u00bblarge\u00a0\u00bb alignment=\u00a0\u00bbcenter\u00a0\u00bb][\/vc_column][\/vc_row][vc_row][vc_column][vc_empty_space][\/vc_column][\/vc_row][vc_row][vc_column][vc_empty_space][\/vc_column][\/vc_row][vc_row][vc_column][vc_single_image image=\u00a0\u00bb398&Prime; img_size=\u00a0\u00bbmedium\u00a0\u00bb alignment=\u00a0\u00bbcenter\u00a0\u00bb][\/vc_column][\/vc_row][vc_row][vc_column][vc_empty_space][\/vc_column][\/vc_row][vc_row][vc_column width=\u00a0\u00bb1\/2&Prime;][vc_column_text]Lorsqu\u2019il avait 20 ans, Harvey Carter \u00e9tait l\u2019assistant d\u2019un groupe de plongeurs sur les c\u00f4tes grecques. Officiellement, ils \u00e9taient des p\u00eacheurs d\u2019\u00e9ponges, mais en r\u00e9alit\u00e9 ils faisaient partie d\u2019une exp\u00e9dition secr\u00e8te. En v\u00e9rit\u00e9, ils \u00e9taient arch\u00e9ologues, et [&hellip;]<\/p>\n","protected":false},"author":9,"featured_media":400,"parent":303,"menu_order":0,"comment_status":"closed","ping_status":"closed","template":"","meta":{"footnotes":""},"class_list":["post-1392","page","type-page","status-publish","has-post-thumbnail","hentry"],"yoast_head":"<!-- This site is optimized with the Yoast SEO plugin v26.9 - https:\/\/yoast.com\/product\/yoast-seo-wordpress\/ -->\n<title>Prof. Harvey Carter - Adventure Club of Europe<\/title>\n<meta name=\"description\" content=\"Adventure Club of Europe \u2013 Entdecken Sie unsere interessantesten, spannendsten und zum Teil auch umstrittensten Expeditionen der vergangenen Jahrhunderte.\" \/>\n<meta name=\"robots\" content=\"index, follow, max-snippet:-1, max-image-preview:large, max-video-preview:-1\" \/>\n<link rel=\"canonical\" href=\"https:\/\/adventureclub.eu\/home-page\/prof-harvey-carter\/\" \/>\n<meta property=\"og:locale\" content=\"fr_FR\" \/>\n<meta property=\"og:type\" content=\"article\" \/>\n<meta property=\"og:title\" content=\"Prof. Harvey Carter - Adventure Club of Europe\" \/>\n<meta property=\"og:description\" content=\"Adventure Club of Europe \u2013 Entdecken Sie unsere interessantesten, spannendsten und zum Teil auch umstrittensten Expeditionen der vergangenen Jahrhunderte.\" \/>\n<meta property=\"og:url\" content=\"https:\/\/adventureclub.eu\/home-page\/prof-harvey-carter\/\" \/>\n<meta property=\"og:site_name\" content=\"Adventure Club of Europe\" \/>\n<meta property=\"article:modified_time\" content=\"2024-09-20T14:44:49+00:00\" \/>\n<meta property=\"og:image\" content=\"https:\/\/adventureclub.eu\/wp-content\/uploads\/2014\/11\/mitglieder_carter.jpg\" \/>\n\t<meta property=\"og:image:width\" content=\"747\" \/>\n\t<meta property=\"og:image:height\" content=\"771\" \/>\n\t<meta property=\"og:image:type\" content=\"image\/jpeg\" \/>\n<meta name=\"twitter:card\" content=\"summary_large_image\" \/>\n<meta name=\"twitter:label1\" content=\"Dur\u00e9e de lecture estim\u00e9e\" \/>\n\t<meta name=\"twitter:data1\" content=\"13 minutes\" \/>\n<script type=\"application\/ld+json\" class=\"yoast-schema-graph\">{\"@context\":\"https:\/\/schema.org\",\"@graph\":[{\"@type\":\"WebPage\",\"@id\":\"https:\/\/adventureclub.eu\/home-page\/prof-harvey-carter\/\",\"url\":\"https:\/\/adventureclub.eu\/home-page\/prof-harvey-carter\/\",\"name\":\"Prof. Harvey Carter - Adventure Club of Europe\",\"isPartOf\":{\"@id\":\"https:\/\/adventureclub.eu\/#website\"},\"primaryImageOfPage\":{\"@id\":\"https:\/\/adventureclub.eu\/home-page\/prof-harvey-carter\/#primaryimage\"},\"image\":{\"@id\":\"https:\/\/adventureclub.eu\/home-page\/prof-harvey-carter\/#primaryimage\"},\"thumbnailUrl\":\"https:\/\/adventureclub.eu\/wp-content\/uploads\/2014\/11\/mitglieder_carter.jpg\",\"datePublished\":\"2019-04-16T13:39:03+00:00\",\"dateModified\":\"2024-09-20T14:44:49+00:00\",\"description\":\"Adventure Club of Europe \u2013 Entdecken Sie unsere interessantesten, spannendsten und zum Teil auch umstrittensten Expeditionen der vergangenen Jahrhunderte.\",\"breadcrumb\":{\"@id\":\"https:\/\/adventureclub.eu\/home-page\/prof-harvey-carter\/#breadcrumb\"},\"inLanguage\":\"fr-FR\",\"potentialAction\":[{\"@type\":\"ReadAction\",\"target\":[\"https:\/\/adventureclub.eu\/home-page\/prof-harvey-carter\/\"]}]},{\"@type\":\"ImageObject\",\"inLanguage\":\"fr-FR\",\"@id\":\"https:\/\/adventureclub.eu\/home-page\/prof-harvey-carter\/#primaryimage\",\"url\":\"https:\/\/adventureclub.eu\/wp-content\/uploads\/2014\/11\/mitglieder_carter.jpg\",\"contentUrl\":\"https:\/\/adventureclub.eu\/wp-content\/uploads\/2014\/11\/mitglieder_carter.jpg\",\"width\":747,\"height\":771,\"caption\":\"Schwarz-wei\u00dfes Adventure Club of Europe Mitgliedsfoto von Harvey Carter, einem alten Mann mit Bart, der grimmig in die Kamera schaut und eine Brille in der Hand h\u00e4lt\"},{\"@type\":\"BreadcrumbList\",\"@id\":\"https:\/\/adventureclub.eu\/home-page\/prof-harvey-carter\/#breadcrumb\",\"itemListElement\":[{\"@type\":\"ListItem\",\"position\":1,\"name\":\"Startseite\",\"item\":\"https:\/\/adventureclub.eu\/\"},{\"@type\":\"ListItem\",\"position\":2,\"name\":\"Home Page\",\"item\":\"https:\/\/adventureclub.eu\/\"},{\"@type\":\"ListItem\",\"position\":3,\"name\":\"Prof. Harvey Carter\"}]},{\"@type\":\"WebSite\",\"@id\":\"https:\/\/adventureclub.eu\/#website\",\"url\":\"https:\/\/adventureclub.eu\/\",\"name\":\"Adventure Club of Europe\",\"description\":\"Adventure Club of Europe \u2013 Entdecken Sie unsere interessantesten, spannendsten und zum Teil auch umstrittensten Expeditionen der vergangenen Jahrhunderte.\",\"publisher\":{\"@id\":\"https:\/\/adventureclub.eu\/#organization\"},\"potentialAction\":[{\"@type\":\"SearchAction\",\"target\":{\"@type\":\"EntryPoint\",\"urlTemplate\":\"https:\/\/adventureclub.eu\/?s={search_term_string}\"},\"query-input\":{\"@type\":\"PropertyValueSpecification\",\"valueRequired\":true,\"valueName\":\"search_term_string\"}}],\"inLanguage\":\"fr-FR\"},{\"@type\":\"Organization\",\"@id\":\"https:\/\/adventureclub.eu\/#organization\",\"name\":\"Adventure Club of Europe\",\"url\":\"https:\/\/adventureclub.eu\/\",\"logo\":{\"@type\":\"ImageObject\",\"inLanguage\":\"fr-FR\",\"@id\":\"https:\/\/adventureclub.eu\/#\/schema\/logo\/image\/\",\"url\":\"https:\/\/adventureclub.eu\/wp-content\/uploads\/2017\/05\/ACE-TITLE-PAGE.jpg\",\"contentUrl\":\"https:\/\/adventureclub.eu\/wp-content\/uploads\/2017\/05\/ACE-TITLE-PAGE.jpg\",\"width\":1024,\"height\":604,\"caption\":\"Adventure Club of Europe\"},\"image\":{\"@id\":\"https:\/\/adventureclub.eu\/#\/schema\/logo\/image\/\"}}]}<\/script>\n<!-- \/ Yoast SEO plugin. -->","yoast_head_json":{"title":"Prof. Harvey Carter - Adventure Club of Europe","description":"Adventure Club of Europe \u2013 Entdecken Sie unsere interessantesten, spannendsten und zum Teil auch umstrittensten Expeditionen der vergangenen Jahrhunderte.","robots":{"index":"index","follow":"follow","max-snippet":"max-snippet:-1","max-image-preview":"max-image-preview:large","max-video-preview":"max-video-preview:-1"},"canonical":"https:\/\/adventureclub.eu\/home-page\/prof-harvey-carter\/","og_locale":"fr_FR","og_type":"article","og_title":"Prof. Harvey Carter - Adventure Club of Europe","og_description":"Adventure Club of Europe \u2013 Entdecken Sie unsere interessantesten, spannendsten und zum Teil auch umstrittensten Expeditionen der vergangenen Jahrhunderte.","og_url":"https:\/\/adventureclub.eu\/home-page\/prof-harvey-carter\/","og_site_name":"Adventure Club of Europe","article_modified_time":"2024-09-20T14:44:49+00:00","og_image":[{"width":747,"height":771,"url":"https:\/\/adventureclub.eu\/wp-content\/uploads\/2014\/11\/mitglieder_carter.jpg","type":"image\/jpeg"}],"twitter_card":"summary_large_image","twitter_misc":{"Dur\u00e9e de lecture estim\u00e9e":"13 minutes"},"schema":{"@context":"https:\/\/schema.org","@graph":[{"@type":"WebPage","@id":"https:\/\/adventureclub.eu\/home-page\/prof-harvey-carter\/","url":"https:\/\/adventureclub.eu\/home-page\/prof-harvey-carter\/","name":"Prof. Harvey Carter - Adventure Club of Europe","isPartOf":{"@id":"https:\/\/adventureclub.eu\/#website"},"primaryImageOfPage":{"@id":"https:\/\/adventureclub.eu\/home-page\/prof-harvey-carter\/#primaryimage"},"image":{"@id":"https:\/\/adventureclub.eu\/home-page\/prof-harvey-carter\/#primaryimage"},"thumbnailUrl":"https:\/\/adventureclub.eu\/wp-content\/uploads\/2014\/11\/mitglieder_carter.jpg","datePublished":"2019-04-16T13:39:03+00:00","dateModified":"2024-09-20T14:44:49+00:00","description":"Adventure Club of Europe \u2013 Entdecken Sie unsere interessantesten, spannendsten und zum Teil auch umstrittensten Expeditionen der vergangenen Jahrhunderte.","breadcrumb":{"@id":"https:\/\/adventureclub.eu\/home-page\/prof-harvey-carter\/#breadcrumb"},"inLanguage":"fr-FR","potentialAction":[{"@type":"ReadAction","target":["https:\/\/adventureclub.eu\/home-page\/prof-harvey-carter\/"]}]},{"@type":"ImageObject","inLanguage":"fr-FR","@id":"https:\/\/adventureclub.eu\/home-page\/prof-harvey-carter\/#primaryimage","url":"https:\/\/adventureclub.eu\/wp-content\/uploads\/2014\/11\/mitglieder_carter.jpg","contentUrl":"https:\/\/adventureclub.eu\/wp-content\/uploads\/2014\/11\/mitglieder_carter.jpg","width":747,"height":771,"caption":"Schwarz-wei\u00dfes Adventure Club of Europe Mitgliedsfoto von Harvey Carter, einem alten Mann mit Bart, der grimmig in die Kamera schaut und eine Brille in der Hand h\u00e4lt"},{"@type":"BreadcrumbList","@id":"https:\/\/adventureclub.eu\/home-page\/prof-harvey-carter\/#breadcrumb","itemListElement":[{"@type":"ListItem","position":1,"name":"Startseite","item":"https:\/\/adventureclub.eu\/"},{"@type":"ListItem","position":2,"name":"Home Page","item":"https:\/\/adventureclub.eu\/"},{"@type":"ListItem","position":3,"name":"Prof. Harvey Carter"}]},{"@type":"WebSite","@id":"https:\/\/adventureclub.eu\/#website","url":"https:\/\/adventureclub.eu\/","name":"Adventure Club of Europe","description":"Adventure Club of Europe \u2013 Entdecken Sie unsere interessantesten, spannendsten und zum Teil auch umstrittensten Expeditionen der vergangenen Jahrhunderte.","publisher":{"@id":"https:\/\/adventureclub.eu\/#organization"},"potentialAction":[{"@type":"SearchAction","target":{"@type":"EntryPoint","urlTemplate":"https:\/\/adventureclub.eu\/?s={search_term_string}"},"query-input":{"@type":"PropertyValueSpecification","valueRequired":true,"valueName":"search_term_string"}}],"inLanguage":"fr-FR"},{"@type":"Organization","@id":"https:\/\/adventureclub.eu\/#organization","name":"Adventure Club of Europe","url":"https:\/\/adventureclub.eu\/","logo":{"@type":"ImageObject","inLanguage":"fr-FR","@id":"https:\/\/adventureclub.eu\/#\/schema\/logo\/image\/","url":"https:\/\/adventureclub.eu\/wp-content\/uploads\/2017\/05\/ACE-TITLE-PAGE.jpg","contentUrl":"https:\/\/adventureclub.eu\/wp-content\/uploads\/2017\/05\/ACE-TITLE-PAGE.jpg","width":1024,"height":604,"caption":"Adventure Club of Europe"},"image":{"@id":"https:\/\/adventureclub.eu\/#\/schema\/logo\/image\/"}}]}},"_links":{"self":[{"href":"https:\/\/adventureclub.eu\/fr\/wp-json\/wp\/v2\/pages\/1392","targetHints":{"allow":["GET"]}}],"collection":[{"href":"https:\/\/adventureclub.eu\/fr\/wp-json\/wp\/v2\/pages"}],"about":[{"href":"https:\/\/adventureclub.eu\/fr\/wp-json\/wp\/v2\/types\/page"}],"author":[{"embeddable":true,"href":"https:\/\/adventureclub.eu\/fr\/wp-json\/wp\/v2\/users\/9"}],"replies":[{"embeddable":true,"href":"https:\/\/adventureclub.eu\/fr\/wp-json\/wp\/v2\/comments?post=1392"}],"version-history":[{"count":12,"href":"https:\/\/adventureclub.eu\/fr\/wp-json\/wp\/v2\/pages\/1392\/revisions"}],"predecessor-version":[{"id":2076,"href":"https:\/\/adventureclub.eu\/fr\/wp-json\/wp\/v2\/pages\/1392\/revisions\/2076"}],"up":[{"embeddable":true,"href":"https:\/\/adventureclub.eu\/fr\/wp-json\/wp\/v2\/pages\/303"}],"wp:featuredmedia":[{"embeddable":true,"href":"https:\/\/adventureclub.eu\/fr\/wp-json\/wp\/v2\/media\/400"}],"wp:attachment":[{"href":"https:\/\/adventureclub.eu\/fr\/wp-json\/wp\/v2\/media?parent=1392"}],"curies":[{"name":"wp","href":"https:\/\/api.w.org\/{rel}","templated":true}]}}