{"id":1396,"date":"2019-04-16T15:42:32","date_gmt":"2019-04-16T13:42:32","guid":{"rendered":"https:\/\/adventure-club.de\/?page_id=1396"},"modified":"2019-05-02T14:35:52","modified_gmt":"2019-05-02T12:35:52","slug":"die-brueder-eulenstein","status":"publish","type":"page","link":"https:\/\/adventureclub.eu\/fr\/home-page\/die-brueder-eulenstein\/","title":{"rendered":"Die Br\u00fcder Eulenstein"},"content":{"rendered":"<p>[vc_row][vc_column][vc_empty_space height=\u00a0\u00bb200px\u00a0\u00bb][\/vc_column][\/vc_row][vc_row][vc_column][vc_column_text]<\/p>\n<h2 style=\"text-align: center;\">Les Fr\u00e8res Eulenstein<\/h2>\n<p>[\/vc_column_text][\/vc_column][\/vc_row][vc_row][vc_column][vc_empty_space][\/vc_column][\/vc_row][vc_row][vc_column][vc_column_text]<\/p>\n<h4 style=\"text-align: center;\">Membres de 1817 \u00e0 1825<\/h4>\n<p>[\/vc_column_text][\/vc_column][\/vc_row][vc_row][vc_column][vc_empty_space][\/vc_column][\/vc_row][vc_row][vc_column][vc_single_image image=\u00a0\u00bb956&Prime; img_size=\u00a0\u00bblarge\u00a0\u00bb alignment=\u00a0\u00bbcenter\u00a0\u00bb][\/vc_column][\/vc_row][vc_row][vc_column][vc_empty_space][\/vc_column][\/vc_row][vc_row][vc_column][vc_empty_space][\/vc_column][\/vc_row][vc_row][vc_column][vc_single_image image=\u00a0\u00bb398&Prime; img_size=\u00a0\u00bbmedium\u00a0\u00bb alignment=\u00a0\u00bbcenter\u00a0\u00bb][\/vc_column][\/vc_row][vc_row][vc_column][vc_empty_space][\/vc_column][\/vc_row][vc_row][vc_column width=\u00a0\u00bb1\/2&Prime;][vc_column_text]On ne sait que peu de choses sur les tr\u00e8s discrets fr\u00e8res Eckbert et Kaspar Eulenstein, qui sont devenus membres de l\u2019Adventure Club of Europe en 1817. D\u00e8s leur plus jeune \u00e2ge, comme le raconte leur m\u00e8re, ils r\u00eavaient de voler tels des oiseaux. Gr\u00e2ce \u00e0 leur habilit\u00e9 hors-pair pour les travaux manuels, ils recevaient de nombreuses demandes de la part des autres membres de l\u2019ACE, et r\u00e9paraient tous les appareils m\u00e9caniques que leurs coll\u00e8gues ab\u00eemaient au cours de leurs exp\u00e9ditions. Mais leur souhait le plus cher \u00e9tait et resta la conqu\u00eate des airs.\u00a0 Et comme nous le savons aujourd\u2019hui, ils ont construit des ann\u00e9es durant des prototypes d\u2019a\u00e9ronefs dans le plus grand secret.Eckbert, surnomm\u00e9 \u00ab\u00a0Ecki\u00a0\u00bb, \u00e9tait le plus pragmatique des deux fr\u00e8res. De par sa formation d\u2019horloger, il \u00e9tait tr\u00e8s habile de ses mains, et s\u2019occupait ainsi de la construction des a\u00e9ronefs. Kaspar \u00e9tait pour sa part un naturaliste, fascin\u00e9 par l\u2019ornithologie. Mais les oiseaux n\u2019\u00e9taient de loin pas sa seule obsession sur le plan scientifique: il s\u2019inspirait aussi grandement des domaines de l\u2019a\u00e9rodynamique et des mouvements a\u00e9riens. Pour le fonctionnement de ses a\u00e9ronefs, il essayait de reproduire le vol naturel d\u2019un oiseau. Les fr\u00e8res consacraient chaque minute de leur temps libre \u00e0 leurs constructions. Toutefois, ils n\u2019ont jamais r\u00e9v\u00e9l\u00e9 aucune de ces inventions au public.Paul Mack, un charron ami des deux fr\u00e8res, \u00e9crivait l\u2019\u00e9poque \u00e0 leur sujet dans son journal:<\/p>\n<blockquote><p>\u00ab\u00a0Les deux [fr\u00e8res Eulenstein] ne travaillent que pour eux-m\u00eames \u2013 et pour r\u00e9aliser leur r\u00eave de voler. Ils ne courent pas apr\u00e8s le succ\u00e8s, ils ne recherchent ni la c\u00e9l\u00e9brit\u00e9, ni les honneurs. C\u2019est le v\u00e9ritable g\u00e9nie inventif qui les anime. Mais ils auraient besoin de quelqu\u2019un qui porte le fruit de leurs inventions aux yeux du grand public. Sinon, il y a un fort risque que celles-ci soient perdues \u00e0 jamais.\u00a0\u00bb<\/p><\/blockquote>\n<p>Et m\u00eame en dehors de leurs activit\u00e9s professionnelles, les Eulenstein vivaient somme toute une vie tr\u00e8s solitaire. Aucun des deux n\u2019avait fond\u00e9 de famille, et les amis se comptaient sur les doigts d\u2019une main. Ils passaient jour et nuit dans leur laboratoire a\u00e9ronautique secret.<\/p>\n<blockquote><p>\u00ab\u00a0Certains de leurs voisins croyaient qu\u2019ils \u00e9taient mentalement retard\u00e9s.\u00a0\u00bb,<\/p><\/blockquote>\n<p>\u00e9crivait Paul Mack dans son journal.<\/p>\n<blockquote><p>\u00ab\u00a0Soi-disant, l\u2019un d\u2019entre eux courait de temps \u00e0 autre \u00e0 travers le jardin en soir\u00e9e avec les bras \u00e9cart\u00e9s, tout en faisant des bruits bizarres avec sa bouche, et se perchait sur des caisses avant de sauter dans l\u2019herbe.\u00a0\u00bb<\/p><\/blockquote>\n<p>Un jour en 1825, les deux fr\u00e8res disparurent sans laisser de traces. Paul Mack fut le premier \u00e0 remarquer qu\u2019ils n\u2019\u00e9taient plus retourn\u00e9s dans leurs commodit\u00e9s depuis des semaines. Avec l\u2019aide de la police, il finit par ouvrir la porte de leur laboratoire, et le trouva abandonn\u00e9. Une carte de la Manche \u00e9tait pos\u00e9e sur l\u2019un des plans de travail, \u00e0 c\u00f4t\u00e9 de ce que P. Mack d\u00e9crivit comme un \u00ab\u00a0a\u00e9ronef miniature en bois\u00a0\u00bb. Paul Mack fit part de sa d\u00e9couverte et de la disparition des fr\u00e8res \u00e0 l\u2019Adventure Club of Europe, \u00e0 la suite de quoi des membres de l\u2019ACE examin\u00e8rent les documents des Eulenstein sous la direction d\u2019Hugo Hoppenstedt, qui pr\u00e9sidait le club \u00e0 l\u2019\u00e9poque.[\/vc_column_text][\/vc_column][vc_column width=\u00a0\u00bb1\/2&Prime;][vc_column_text]Ils trouv\u00e8rent d\u2019innombrables dessins repr\u00e9sentants des a\u00e9ronefs absurdes et fantasques, certains froiss\u00e9s et barr\u00e9s, d\u2019autre comportant des notes jubilatoires. Les fr\u00e8res n\u2019avaient inform\u00e9 absolument aucun membre de l\u2019ACE de l\u2019existence de ces plans et de leurs constructions. Mais selon les documents retrouv\u00e9s, il semble qu\u2019ils soient parvenus \u00e0 faire voler l\u2019un de leurs a\u00e9ronefs habit\u00e9s \u2013 un accomplissement sensationnel.Ensuite, on mit la main sur la description d\u2019un projet minutieusement planifi\u00e9 par les fr\u00e8res: ils envisageaient de traverser la Manche et de rejoindre l\u2019Angleterre avec l\u2019un de leurs a\u00e9ronefs pr\u00e9alablement test\u00e9 avec succ\u00e8s, le \u00ab\u00a0Volatus II\u00a0\u00bb. Lorsque l\u2019Adventure Club of Europe apprit l\u2019existence de ce plan, des recherches furent lanc\u00e9es. Mais personne n\u2019a jamais revu les fr\u00e8res. M\u00eame les gardes-c\u00f4tes furent inform\u00e9s, et on mena des recherches dans la zone des semaines durant \u2013 sans succ\u00e8s.Finalement, on d\u00e9clara les deux fr\u00e8res d\u00e9c\u00e9d\u00e9s, et tous leurs documents furent amen\u00e9s au clubhouse de l\u2019ACE. Dans les d\u00e9cennies suivantes, les plans et dessins des a\u00e9ronefs stock\u00e9s en ces lieux tomb\u00e8rent peu \u00e0 peu aux oubliettes. Si cela se trouve, pensait-on, les Eulenstein n\u2019avaient peut-\u00eatre jamais r\u00e9ussi \u00e0 construire un a\u00e9ronef en \u00e9tat de marche \u2013 aucun t\u00e9moin n\u2019a pu en attester d\u2019ailleurs &#8211; et ils avaient peut-\u00eatre fini par succomber suite \u00e0 l\u2019une de leurs tentatives de vol. De plus, personne n\u2019\u00e9tait en mesure de d\u00e9chiffrer int\u00e9gralement leurs plans illisibles et tr\u00e8s complexes. Au d\u00e9but du 20\u00e8me si\u00e8cle, alors que les fr\u00e8res Wright \u00e9taient c\u00e9l\u00e9br\u00e9s pour le succ\u00e8s de leur vol d\u2019essai, les Euleustein avaient d\u00e9j\u00e0 \u00e9t\u00e9 compl\u00e8tement effac\u00e9s des m\u00e9moires. Ce n\u2019est que r\u00e9cemment, presque 200 ans plus tard, qu\u2019Andrej Nikolajew, un professeur \u00e9minent de Karlsruhe, prit l\u2019initiative de reprendre les plans des fr\u00e8res Eulenstein en main. Sa th\u00e8se: 75 ans avant les fr\u00e8res Wright, \u00e0 qui l\u2019accomplissement du premier vol a \u00e9t\u00e9 faussement attribu\u00e9, les Eulenstein sont parvenus \u00e0 faire voler un a\u00e9ronef habit\u00e9. Et qui sait : peut-\u00eatre sont-ils r\u00e9ellement parvenus \u00e0 voler jusqu\u2019en Angleterre\u00a0?Nikolajew\u00a0s\u2019est grandement investi dans la construction de r\u00e9pliques des appareils d\u00e9crits sur les plans, et il les exposera sous peu au sein d\u2019un tout nouveau laboratoire.<\/p>\n<p>Actuellement en possession de l\u2019Adventure Club of Europe:<\/p>\n<p>Art\u00e9facts:<\/p>\n<ul>\n<li>R\u00e9pliques<\/li>\n<li>30 a\u00e9ronefs diff\u00e9rents<\/li>\n<li>Dont \u00ab\u00a0Volatus I\u00a0\u00bb<\/li>\n<\/ul>\n<p>Photos\u00a0:<\/p>\n<ul>\n<li>Plans des a\u00e9ronefs<\/li>\n<li>Portraits des Fr\u00e8res Eulenstein<\/li>\n<\/ul>\n<p>[\/vc_column_text][\/vc_column][\/vc_row][vc_row][vc_column][vc_empty_space][\/vc_column][\/vc_row][vc_row][vc_column][vc_single_image image=\u00a0\u00bb398&Prime; img_size=\u00a0\u00bbmedium\u00a0\u00bb alignment=\u00a0\u00bbcenter\u00a0\u00bb][\/vc_column][\/vc_row][vc_row][vc_column][vc_empty_space][\/vc_column][\/vc_row][vc_row][vc_column][vc_single_image image=\u00a0\u00bb425&Prime; img_size=\u00a0\u00bblarge\u00a0\u00bb alignment=\u00a0\u00bbcenter\u00a0\u00bb][\/vc_column][\/vc_row][vc_row][vc_column][vc_empty_space][\/vc_column][\/vc_row][vc_row][vc_column][vc_empty_space][\/vc_column][\/vc_row]<\/p>","protected":false},"excerpt":{"rendered":"<p>[vc_row][vc_column][vc_empty_space height=\u00a0\u00bb200px\u00a0\u00bb][\/vc_column][\/vc_row][vc_row][vc_column][vc_column_text] Les Fr\u00e8res Eulenstein [\/vc_column_text][\/vc_column][\/vc_row][vc_row][vc_column][vc_empty_space][\/vc_column][\/vc_row][vc_row][vc_column][vc_column_text] Membres de 1817 \u00e0 1825 [\/vc_column_text][\/vc_column][\/vc_row][vc_row][vc_column][vc_empty_space][\/vc_column][\/vc_row][vc_row][vc_column][vc_single_image image=\u00a0\u00bb956&Prime; img_size=\u00a0\u00bblarge\u00a0\u00bb alignment=\u00a0\u00bbcenter\u00a0\u00bb][\/vc_column][\/vc_row][vc_row][vc_column][vc_empty_space][\/vc_column][\/vc_row][vc_row][vc_column][vc_empty_space][\/vc_column][\/vc_row][vc_row][vc_column][vc_single_image image=\u00a0\u00bb398&Prime; img_size=\u00a0\u00bbmedium\u00a0\u00bb alignment=\u00a0\u00bbcenter\u00a0\u00bb][\/vc_column][\/vc_row][vc_row][vc_column][vc_empty_space][\/vc_column][\/vc_row][vc_row][vc_column width=\u00a0\u00bb1\/2&Prime;][vc_column_text]On ne sait que peu de choses sur les tr\u00e8s discrets fr\u00e8res Eckbert et Kaspar Eulenstein, qui sont devenus membres de l\u2019Adventure Club of Europe en 1817. D\u00e8s leur plus jeune \u00e2ge, comme le raconte leur m\u00e8re, [&hellip;]<\/p>\n","protected":false},"author":9,"featured_media":956,"parent":303,"menu_order":0,"comment_status":"closed","ping_status":"closed","template":"","meta":{"footnotes":""},"class_list":["post-1396","page","type-page","status-publish","has-post-thumbnail","hentry"],"yoast_head":"<!-- This site is optimized with the Yoast SEO plugin v26.9 - https:\/\/yoast.com\/product\/yoast-seo-wordpress\/ -->\n<title>Die Br\u00fcder Eulenstein - Adventure Club of Europe<\/title>\n<meta name=\"description\" content=\"Adventure Club of Europe \u2013 Entdecken Sie unsere interessantesten, spannendsten und zum Teil auch umstrittensten Expeditionen der vergangenen Jahrhunderte.\" \/>\n<meta name=\"robots\" content=\"index, follow, max-snippet:-1, max-image-preview:large, max-video-preview:-1\" \/>\n<link rel=\"canonical\" href=\"https:\/\/adventureclub.eu\/fr\/home-page\/die-brueder-eulenstein\/\" \/>\n<meta property=\"og:locale\" content=\"fr_FR\" \/>\n<meta property=\"og:type\" content=\"article\" \/>\n<meta property=\"og:title\" content=\"Die Br\u00fcder Eulenstein - Adventure Club of Europe\" \/>\n<meta property=\"og:description\" content=\"Adventure Club of Europe \u2013 Entdecken Sie unsere interessantesten, spannendsten und zum Teil auch umstrittensten Expeditionen der vergangenen Jahrhunderte.\" \/>\n<meta property=\"og:url\" content=\"https:\/\/adventureclub.eu\/fr\/home-page\/die-brueder-eulenstein\/\" \/>\n<meta property=\"og:site_name\" content=\"Adventure Club of Europe\" \/>\n<meta property=\"article:modified_time\" content=\"2019-05-02T12:35:52+00:00\" \/>\n<meta property=\"og:image\" content=\"https:\/\/adventureclub.eu\/wp-content\/uploads\/2014\/11\/Mitglieder_Eulenstein_390x380px_NEU.jpeg\" \/>\n\t<meta property=\"og:image:width\" content=\"390\" \/>\n\t<meta property=\"og:image:height\" content=\"380\" \/>\n\t<meta property=\"og:image:type\" content=\"image\/jpeg\" \/>\n<meta name=\"twitter:card\" content=\"summary_large_image\" \/>\n<meta name=\"twitter:label1\" content=\"Dur\u00e9e de lecture estim\u00e9e\" \/>\n\t<meta name=\"twitter:data1\" content=\"17 minutes\" \/>\n<script type=\"application\/ld+json\" class=\"yoast-schema-graph\">{\"@context\":\"https:\/\/schema.org\",\"@graph\":[{\"@type\":\"WebPage\",\"@id\":\"https:\/\/adventureclub.eu\/fr\/home-page\/die-brueder-eulenstein\/\",\"url\":\"https:\/\/adventureclub.eu\/fr\/home-page\/die-brueder-eulenstein\/\",\"name\":\"Die Br\u00fcder Eulenstein - Adventure Club of Europe\",\"isPartOf\":{\"@id\":\"https:\/\/adventureclub.eu\/#website\"},\"primaryImageOfPage\":{\"@id\":\"https:\/\/adventureclub.eu\/fr\/home-page\/die-brueder-eulenstein\/#primaryimage\"},\"image\":{\"@id\":\"https:\/\/adventureclub.eu\/fr\/home-page\/die-brueder-eulenstein\/#primaryimage\"},\"thumbnailUrl\":\"https:\/\/adventureclub.eu\/wp-content\/uploads\/2014\/11\/Mitglieder_Eulenstein_390x380px_NEU.jpeg\",\"datePublished\":\"2019-04-16T13:42:32+00:00\",\"dateModified\":\"2019-05-02T12:35:52+00:00\",\"description\":\"Adventure Club of Europe \u2013 Entdecken Sie unsere interessantesten, spannendsten und zum Teil auch umstrittensten Expeditionen der vergangenen Jahrhunderte.\",\"breadcrumb\":{\"@id\":\"https:\/\/adventureclub.eu\/fr\/home-page\/die-brueder-eulenstein\/#breadcrumb\"},\"inLanguage\":\"fr-FR\",\"potentialAction\":[{\"@type\":\"ReadAction\",\"target\":[\"https:\/\/adventureclub.eu\/fr\/home-page\/die-brueder-eulenstein\/\"]}]},{\"@type\":\"ImageObject\",\"inLanguage\":\"fr-FR\",\"@id\":\"https:\/\/adventureclub.eu\/fr\/home-page\/die-brueder-eulenstein\/#primaryimage\",\"url\":\"https:\/\/adventureclub.eu\/wp-content\/uploads\/2014\/11\/Mitglieder_Eulenstein_390x380px_NEU.jpeg\",\"contentUrl\":\"https:\/\/adventureclub.eu\/wp-content\/uploads\/2014\/11\/Mitglieder_Eulenstein_390x380px_NEU.jpeg\",\"width\":390,\"height\":380,\"caption\":\"Zeichnung der Mitglieder des Adevnture Club of Europe, den Gebr\u00fcdern Eulenstein. Sie stehen nebeneinander und der linke Bruder tr\u00e4gt eine Brille, der rechte einen Turban auf dem Kopf und hat eine Eule auf der Schulter.\"},{\"@type\":\"BreadcrumbList\",\"@id\":\"https:\/\/adventureclub.eu\/fr\/home-page\/die-brueder-eulenstein\/#breadcrumb\",\"itemListElement\":[{\"@type\":\"ListItem\",\"position\":1,\"name\":\"Startseite\",\"item\":\"https:\/\/adventureclub.eu\/\"},{\"@type\":\"ListItem\",\"position\":2,\"name\":\"Home Page\",\"item\":\"https:\/\/adventureclub.eu\/\"},{\"@type\":\"ListItem\",\"position\":3,\"name\":\"Die Br\u00fcder Eulenstein\"}]},{\"@type\":\"WebSite\",\"@id\":\"https:\/\/adventureclub.eu\/#website\",\"url\":\"https:\/\/adventureclub.eu\/\",\"name\":\"Adventure Club of Europe\",\"description\":\"Adventure Club of Europe \u2013 Entdecken Sie unsere interessantesten, spannendsten und zum Teil auch umstrittensten Expeditionen der vergangenen Jahrhunderte.\",\"publisher\":{\"@id\":\"https:\/\/adventureclub.eu\/#organization\"},\"potentialAction\":[{\"@type\":\"SearchAction\",\"target\":{\"@type\":\"EntryPoint\",\"urlTemplate\":\"https:\/\/adventureclub.eu\/?s={search_term_string}\"},\"query-input\":{\"@type\":\"PropertyValueSpecification\",\"valueRequired\":true,\"valueName\":\"search_term_string\"}}],\"inLanguage\":\"fr-FR\"},{\"@type\":\"Organization\",\"@id\":\"https:\/\/adventureclub.eu\/#organization\",\"name\":\"Adventure Club of Europe\",\"url\":\"https:\/\/adventureclub.eu\/\",\"logo\":{\"@type\":\"ImageObject\",\"inLanguage\":\"fr-FR\",\"@id\":\"https:\/\/adventureclub.eu\/#\/schema\/logo\/image\/\",\"url\":\"https:\/\/adventureclub.eu\/wp-content\/uploads\/2017\/05\/ACE-TITLE-PAGE.jpg\",\"contentUrl\":\"https:\/\/adventureclub.eu\/wp-content\/uploads\/2017\/05\/ACE-TITLE-PAGE.jpg\",\"width\":1024,\"height\":604,\"caption\":\"Adventure Club of Europe\"},\"image\":{\"@id\":\"https:\/\/adventureclub.eu\/#\/schema\/logo\/image\/\"}}]}<\/script>\n<!-- \/ Yoast SEO plugin. -->","yoast_head_json":{"title":"Die Br\u00fcder Eulenstein - Adventure Club of Europe","description":"Adventure Club of Europe \u2013 Entdecken Sie unsere interessantesten, spannendsten und zum Teil auch umstrittensten Expeditionen der vergangenen Jahrhunderte.","robots":{"index":"index","follow":"follow","max-snippet":"max-snippet:-1","max-image-preview":"max-image-preview:large","max-video-preview":"max-video-preview:-1"},"canonical":"https:\/\/adventureclub.eu\/fr\/home-page\/die-brueder-eulenstein\/","og_locale":"fr_FR","og_type":"article","og_title":"Die Br\u00fcder Eulenstein - Adventure Club of Europe","og_description":"Adventure Club of Europe \u2013 Entdecken Sie unsere interessantesten, spannendsten und zum Teil auch umstrittensten Expeditionen der vergangenen Jahrhunderte.","og_url":"https:\/\/adventureclub.eu\/fr\/home-page\/die-brueder-eulenstein\/","og_site_name":"Adventure Club of Europe","article_modified_time":"2019-05-02T12:35:52+00:00","og_image":[{"width":390,"height":380,"url":"https:\/\/adventureclub.eu\/wp-content\/uploads\/2014\/11\/Mitglieder_Eulenstein_390x380px_NEU.jpeg","type":"image\/jpeg"}],"twitter_card":"summary_large_image","twitter_misc":{"Dur\u00e9e de lecture estim\u00e9e":"17 minutes"},"schema":{"@context":"https:\/\/schema.org","@graph":[{"@type":"WebPage","@id":"https:\/\/adventureclub.eu\/fr\/home-page\/die-brueder-eulenstein\/","url":"https:\/\/adventureclub.eu\/fr\/home-page\/die-brueder-eulenstein\/","name":"Die Br\u00fcder Eulenstein - Adventure Club of Europe","isPartOf":{"@id":"https:\/\/adventureclub.eu\/#website"},"primaryImageOfPage":{"@id":"https:\/\/adventureclub.eu\/fr\/home-page\/die-brueder-eulenstein\/#primaryimage"},"image":{"@id":"https:\/\/adventureclub.eu\/fr\/home-page\/die-brueder-eulenstein\/#primaryimage"},"thumbnailUrl":"https:\/\/adventureclub.eu\/wp-content\/uploads\/2014\/11\/Mitglieder_Eulenstein_390x380px_NEU.jpeg","datePublished":"2019-04-16T13:42:32+00:00","dateModified":"2019-05-02T12:35:52+00:00","description":"Adventure Club of Europe \u2013 Entdecken Sie unsere interessantesten, spannendsten und zum Teil auch umstrittensten Expeditionen der vergangenen Jahrhunderte.","breadcrumb":{"@id":"https:\/\/adventureclub.eu\/fr\/home-page\/die-brueder-eulenstein\/#breadcrumb"},"inLanguage":"fr-FR","potentialAction":[{"@type":"ReadAction","target":["https:\/\/adventureclub.eu\/fr\/home-page\/die-brueder-eulenstein\/"]}]},{"@type":"ImageObject","inLanguage":"fr-FR","@id":"https:\/\/adventureclub.eu\/fr\/home-page\/die-brueder-eulenstein\/#primaryimage","url":"https:\/\/adventureclub.eu\/wp-content\/uploads\/2014\/11\/Mitglieder_Eulenstein_390x380px_NEU.jpeg","contentUrl":"https:\/\/adventureclub.eu\/wp-content\/uploads\/2014\/11\/Mitglieder_Eulenstein_390x380px_NEU.jpeg","width":390,"height":380,"caption":"Zeichnung der Mitglieder des Adevnture Club of Europe, den Gebr\u00fcdern Eulenstein. Sie stehen nebeneinander und der linke Bruder tr\u00e4gt eine Brille, der rechte einen Turban auf dem Kopf und hat eine Eule auf der Schulter."},{"@type":"BreadcrumbList","@id":"https:\/\/adventureclub.eu\/fr\/home-page\/die-brueder-eulenstein\/#breadcrumb","itemListElement":[{"@type":"ListItem","position":1,"name":"Startseite","item":"https:\/\/adventureclub.eu\/"},{"@type":"ListItem","position":2,"name":"Home Page","item":"https:\/\/adventureclub.eu\/"},{"@type":"ListItem","position":3,"name":"Die Br\u00fcder Eulenstein"}]},{"@type":"WebSite","@id":"https:\/\/adventureclub.eu\/#website","url":"https:\/\/adventureclub.eu\/","name":"Adventure Club of Europe","description":"Adventure Club of Europe \u2013 Entdecken Sie unsere interessantesten, spannendsten und zum Teil auch umstrittensten Expeditionen der vergangenen Jahrhunderte.","publisher":{"@id":"https:\/\/adventureclub.eu\/#organization"},"potentialAction":[{"@type":"SearchAction","target":{"@type":"EntryPoint","urlTemplate":"https:\/\/adventureclub.eu\/?s={search_term_string}"},"query-input":{"@type":"PropertyValueSpecification","valueRequired":true,"valueName":"search_term_string"}}],"inLanguage":"fr-FR"},{"@type":"Organization","@id":"https:\/\/adventureclub.eu\/#organization","name":"Adventure Club of Europe","url":"https:\/\/adventureclub.eu\/","logo":{"@type":"ImageObject","inLanguage":"fr-FR","@id":"https:\/\/adventureclub.eu\/#\/schema\/logo\/image\/","url":"https:\/\/adventureclub.eu\/wp-content\/uploads\/2017\/05\/ACE-TITLE-PAGE.jpg","contentUrl":"https:\/\/adventureclub.eu\/wp-content\/uploads\/2017\/05\/ACE-TITLE-PAGE.jpg","width":1024,"height":604,"caption":"Adventure Club of Europe"},"image":{"@id":"https:\/\/adventureclub.eu\/#\/schema\/logo\/image\/"}}]}},"_links":{"self":[{"href":"https:\/\/adventureclub.eu\/fr\/wp-json\/wp\/v2\/pages\/1396","targetHints":{"allow":["GET"]}}],"collection":[{"href":"https:\/\/adventureclub.eu\/fr\/wp-json\/wp\/v2\/pages"}],"about":[{"href":"https:\/\/adventureclub.eu\/fr\/wp-json\/wp\/v2\/types\/page"}],"author":[{"embeddable":true,"href":"https:\/\/adventureclub.eu\/fr\/wp-json\/wp\/v2\/users\/9"}],"replies":[{"embeddable":true,"href":"https:\/\/adventureclub.eu\/fr\/wp-json\/wp\/v2\/comments?post=1396"}],"version-history":[{"count":13,"href":"https:\/\/adventureclub.eu\/fr\/wp-json\/wp\/v2\/pages\/1396\/revisions"}],"predecessor-version":[{"id":1558,"href":"https:\/\/adventureclub.eu\/fr\/wp-json\/wp\/v2\/pages\/1396\/revisions\/1558"}],"up":[{"embeddable":true,"href":"https:\/\/adventureclub.eu\/fr\/wp-json\/wp\/v2\/pages\/303"}],"wp:featuredmedia":[{"embeddable":true,"href":"https:\/\/adventureclub.eu\/fr\/wp-json\/wp\/v2\/media\/956"}],"wp:attachment":[{"href":"https:\/\/adventureclub.eu\/fr\/wp-json\/wp\/v2\/media?parent=1396"}],"curies":[{"name":"wp","href":"https:\/\/api.w.org\/{rel}","templated":true}]}}