{"id":1400,"date":"2019-04-16T15:46:06","date_gmt":"2019-04-16T13:46:06","guid":{"rendered":"https:\/\/adventure-club.de\/?page_id=1400"},"modified":"2019-05-02T14:41:32","modified_gmt":"2019-05-02T12:41:32","slug":"ander-svensson","status":"publish","type":"page","link":"https:\/\/adventureclub.eu\/fr\/home-page\/ander-svensson\/","title":{"rendered":"Ander Svensson"},"content":{"rendered":"<p>[vc_row][vc_column][vc_empty_space height=\u00a0\u00bb200px\u00a0\u00bb][\/vc_column][\/vc_row][vc_row][vc_column][vc_column_text]<\/p>\n<h2 style=\"text-align: center;\">Ander Svensson<\/h2>\n<p>[\/vc_column_text][\/vc_column][\/vc_row][vc_row][vc_column][vc_empty_space][\/vc_column][\/vc_row][vc_row][vc_column][vc_column_text]<\/p>\n<h4 style=\"text-align: center;\">Membre de 1949 \u00e0 2003<\/h4>\n<p>[\/vc_column_text][\/vc_column][\/vc_row][vc_row][vc_column][vc_empty_space][\/vc_column][\/vc_row][vc_row][vc_column][vc_single_image image=\u00a0\u00bb412&Prime; img_size=\u00a0\u00bblarge\u00a0\u00bb alignment=\u00a0\u00bbcenter\u00a0\u00bb][\/vc_column][\/vc_row][vc_row][vc_column][vc_empty_space][\/vc_column][\/vc_row][vc_row][vc_column][vc_empty_space][\/vc_column][\/vc_row][vc_row][vc_column][vc_single_image image=\u00a0\u00bb398&Prime; img_size=\u00a0\u00bbmedium\u00a0\u00bb alignment=\u00a0\u00bbcenter\u00a0\u00bb][\/vc_column][\/vc_row][vc_row][vc_column][vc_empty_space][\/vc_column][\/vc_row][vc_row][vc_column width=\u00a0\u00bb1\/2&Prime;][vc_column_text]Ander Svensson, n\u00e9 en 1923 \u00e0 Upsala en Su\u00e8de, \u00e9tait membre de l\u2019Adventure Club of Europe (ACE) depuis 1949. \u00c0 cette \u00e9poque, il \u00e9tait d\u00e9j\u00e0 un expert renomm\u00e9 des profondeurs oc\u00e9anes, et avait d\u00e9j\u00e0 d\u00e9couvert et explor\u00e9 de nombreuses ruines sous-marines et \u00e9paves de navires. Nombre de ses d\u00e9couvertes sont expos\u00e9es dans des mus\u00e9es du monde entier. La plus grande collection connue se trouve d\u2019ailleurs dans le Mus\u00e9e Kr\u00f8nas\u00e5r \u2013 int\u00e9grant sa d\u00e9couverte la plus controvers\u00e9e, qu\u2019il a pr\u00e9sent\u00e9 il y a maintenant 69 ans. C\u2019\u00e9tait un matin \u00e0 l\u2019aube en f\u00e9vrier 1948 que l\u2019effervescence se fit sentir dans le port de Reykjavik. Ander Svensson et son \u00e9quipage revenaient du large avec un squelette de ce qui semblait \u00eatre un serpent de mer extraordinairement gigantesque. La presse ne se fit pas attendre pour relayer la nouvelle : \u00ab\u00a0Svensson d\u00e9couvre un monstre marin\u00a0\u00bb lisait-on dans les gros titres des quotidiens du monde entier. Des pal\u00e9ontologues c\u00e9l\u00e8bres entr\u00e8rent alors en contact avec Ander Svensson, qui \u00e9tait selon eux le d\u00e9couvreur du squelette d\u2019une esp\u00e8ce rare de la famille des kronosaurus. Mais quand Svensson affirma qu\u2019il n\u2019avait pas trouv\u00e9 le squelette d&rsquo;un kronosaurus disparu depuis des millions d\u2019ann\u00e9es, mais celui de Svalgur, un serpent de mer mythique, qui prot\u00e9geait l\u2019entr\u00e9e de la \u00ab\u00a0source de la vie\u00a0\u00bb des intrusions des habitants d\u2019une ville d\u00e9sormais engloutie. Les scientifiques furent troubl\u00e9s et constern\u00e9 par cette affirmation.[\/vc_column_text][\/vc_column][vc_column width=\u00a0\u00bb1\/2&Prime;][vc_column_text]Devant la renomm\u00e9e de Svensson, la plupart des sp\u00e9cialistes des profondeurs et des pal\u00e9ontologues se refus\u00e8rent \u00e0 tout commentaire sur son postulat. Mais bient\u00f4t, moqueries et railleries all\u00e8rent bon train au sujet d\u2019Ander, qui tentait de prouver sa th\u00e8se en s\u2019appuyant sur la mythologie. M\u00eame apr\u00e8s que des pal\u00e9ontologues ont prouv\u00e9 6 mois plus tard qu\u2019il ne s\u2019agissait pas d\u2019un kronosaurus, mais bien d\u2019une esp\u00e8ce de saurien jusqu\u2019alors inconnue, Svensson eut le plus grand mal \u00e0 refaire sa r\u00e9putation. Bless\u00e9, il tenta les 30 ann\u00e9es qui suivirent de d\u00e9couvrir la cit\u00e9 engloutie, afin de prouver d\u00e9finitivement l&rsquo;existence de Svalgur. Mais il ne parvint pas \u00e0 ses fins. Les innombrables d\u00e9couvertes qu\u2019il fit \u00e0 c\u00f4t\u00e9 de sa qu\u00eate, et qui lui valent aujourd\u2019hui encore l\u2019admiration des chercheurs sp\u00e9cialistes des abysses, ne l\u2019int\u00e9ressaient plus. Il poursuivit son r\u00eave de d\u00e9couvrir la myst\u00e9rieuse cit\u00e9 engloutie, et ce jusqu&rsquo;\u00e0 sa mort en 2003. Mais il ne le r\u00e9alisa jamais.M\u00eame 13 ans apr\u00e8s sa disparition, les membres de l&rsquo;ACE aiment parler de leur tr\u00e8s appr\u00e9ci\u00e9 ami et coll\u00e8gue Ander Svensson, qui a tant accompli pour la recherche sous-marine et qui a si souvent galvanis\u00e9 les r\u00e9unions du club de son enthousiasme euphorique. Le squelette du serpent de mer g\u00e9ant est d\u00e9sormais expos\u00e9 au Mus\u00e9e Kr\u00f8nas\u00e5r, l\u2019Adventure Club of Europe conserve pour sa part l\u2019une de ses gigantesques dents.[\/vc_column_text][\/vc_column][\/vc_row][vc_row][vc_column][vc_empty_space][\/vc_column][\/vc_row][vc_row][vc_column][vc_single_image image=\u00a0\u00bb398&Prime; img_size=\u00a0\u00bbmedium\u00a0\u00bb alignment=\u00a0\u00bbcenter\u00a0\u00bb][\/vc_column][\/vc_row][vc_row][vc_column][vc_empty_space][\/vc_column][\/vc_row][vc_row][vc_column][vc_single_image image=\u00a0\u00bb421&Prime; img_size=\u00a0\u00bblarge\u00a0\u00bb alignment=\u00a0\u00bbcenter\u00a0\u00bb][\/vc_column][\/vc_row][vc_row][vc_column][vc_empty_space][\/vc_column][\/vc_row][vc_row][vc_column][vc_single_image image=\u00a0\u00bb423&Prime; img_size=\u00a0\u00bblarge\u00a0\u00bb alignment=\u00a0\u00bbcenter\u00a0\u00bb][\/vc_column][\/vc_row][vc_row][vc_column][vc_empty_space][\/vc_column][\/vc_row][vc_row][vc_column][vc_empty_space][\/vc_column][\/vc_row]<\/p>","protected":false},"excerpt":{"rendered":"<p>[vc_row][vc_column][vc_empty_space height=\u00a0\u00bb200px\u00a0\u00bb][\/vc_column][\/vc_row][vc_row][vc_column][vc_column_text] Ander Svensson [\/vc_column_text][\/vc_column][\/vc_row][vc_row][vc_column][vc_empty_space][\/vc_column][\/vc_row][vc_row][vc_column][vc_column_text] Membre de 1949 \u00e0 2003 [\/vc_column_text][\/vc_column][\/vc_row][vc_row][vc_column][vc_empty_space][\/vc_column][\/vc_row][vc_row][vc_column][vc_single_image image=\u00a0\u00bb412&Prime; img_size=\u00a0\u00bblarge\u00a0\u00bb alignment=\u00a0\u00bbcenter\u00a0\u00bb][\/vc_column][\/vc_row][vc_row][vc_column][vc_empty_space][\/vc_column][\/vc_row][vc_row][vc_column][vc_empty_space][\/vc_column][\/vc_row][vc_row][vc_column][vc_single_image image=\u00a0\u00bb398&Prime; img_size=\u00a0\u00bbmedium\u00a0\u00bb alignment=\u00a0\u00bbcenter\u00a0\u00bb][\/vc_column][\/vc_row][vc_row][vc_column][vc_empty_space][\/vc_column][\/vc_row][vc_row][vc_column width=\u00a0\u00bb1\/2&Prime;][vc_column_text]Ander Svensson, n\u00e9 en 1923 \u00e0 Upsala en Su\u00e8de, \u00e9tait membre de l\u2019Adventure Club of Europe (ACE) depuis 1949. \u00c0 cette \u00e9poque, il \u00e9tait d\u00e9j\u00e0 un expert renomm\u00e9 des profondeurs oc\u00e9anes, et avait d\u00e9j\u00e0 d\u00e9couvert et explor\u00e9 de [&hellip;]<\/p>\n","protected":false},"author":9,"featured_media":412,"parent":303,"menu_order":0,"comment_status":"closed","ping_status":"closed","template":"","meta":{"footnotes":""},"class_list":["post-1400","page","type-page","status-publish","has-post-thumbnail","hentry"],"yoast_head":"<!-- This site is optimized with the Yoast SEO plugin v26.9 - https:\/\/yoast.com\/product\/yoast-seo-wordpress\/ -->\n<title>Ander Svensson - Adventure Club of Europe<\/title>\n<meta name=\"description\" content=\"Adventure Club of Europe \u2013 Entdecken Sie unsere interessantesten, spannendsten und zum Teil auch umstrittensten Expeditionen der vergangenen Jahrhunderte.\" \/>\n<meta name=\"robots\" content=\"index, follow, max-snippet:-1, max-image-preview:large, max-video-preview:-1\" \/>\n<link rel=\"canonical\" href=\"https:\/\/adventureclub.eu\/home-page\/ander-svensson\/\" \/>\n<meta property=\"og:locale\" content=\"fr_FR\" \/>\n<meta property=\"og:type\" content=\"article\" \/>\n<meta property=\"og:title\" content=\"Ander Svensson - Adventure Club of Europe\" \/>\n<meta property=\"og:description\" content=\"Adventure Club of Europe \u2013 Entdecken Sie unsere interessantesten, spannendsten und zum Teil auch umstrittensten Expeditionen der vergangenen Jahrhunderte.\" \/>\n<meta property=\"og:url\" content=\"https:\/\/adventureclub.eu\/home-page\/ander-svensson\/\" \/>\n<meta property=\"og:site_name\" content=\"Adventure Club of Europe\" \/>\n<meta property=\"article:modified_time\" content=\"2019-05-02T12:41:32+00:00\" \/>\n<meta property=\"og:image\" content=\"https:\/\/adventureclub.eu\/wp-content\/uploads\/2014\/11\/mitglieder_svensson-e1520440232406.jpg\" \/>\n\t<meta property=\"og:image:width\" content=\"442\" \/>\n\t<meta property=\"og:image:height\" content=\"765\" \/>\n\t<meta property=\"og:image:type\" content=\"image\/jpeg\" \/>\n<meta name=\"twitter:card\" content=\"summary_large_image\" \/>\n<meta name=\"twitter:label1\" content=\"Dur\u00e9e de lecture estim\u00e9e\" \/>\n\t<meta name=\"twitter:data1\" content=\"11 minutes\" \/>\n<script type=\"application\/ld+json\" class=\"yoast-schema-graph\">{\"@context\":\"https:\/\/schema.org\",\"@graph\":[{\"@type\":\"WebPage\",\"@id\":\"https:\/\/adventureclub.eu\/home-page\/ander-svensson\/\",\"url\":\"https:\/\/adventureclub.eu\/home-page\/ander-svensson\/\",\"name\":\"Ander Svensson - Adventure Club of Europe\",\"isPartOf\":{\"@id\":\"https:\/\/adventureclub.eu\/#website\"},\"primaryImageOfPage\":{\"@id\":\"https:\/\/adventureclub.eu\/home-page\/ander-svensson\/#primaryimage\"},\"image\":{\"@id\":\"https:\/\/adventureclub.eu\/home-page\/ander-svensson\/#primaryimage\"},\"thumbnailUrl\":\"https:\/\/adventureclub.eu\/wp-content\/uploads\/2014\/11\/mitglieder_svensson-e1520440232406.jpg\",\"datePublished\":\"2019-04-16T13:46:06+00:00\",\"dateModified\":\"2019-05-02T12:41:32+00:00\",\"description\":\"Adventure Club of Europe \u2013 Entdecken Sie unsere interessantesten, spannendsten und zum Teil auch umstrittensten Expeditionen der vergangenen Jahrhunderte.\",\"breadcrumb\":{\"@id\":\"https:\/\/adventureclub.eu\/home-page\/ander-svensson\/#breadcrumb\"},\"inLanguage\":\"fr-FR\",\"potentialAction\":[{\"@type\":\"ReadAction\",\"target\":[\"https:\/\/adventureclub.eu\/home-page\/ander-svensson\/\"]}]},{\"@type\":\"ImageObject\",\"inLanguage\":\"fr-FR\",\"@id\":\"https:\/\/adventureclub.eu\/home-page\/ander-svensson\/#primaryimage\",\"url\":\"https:\/\/adventureclub.eu\/wp-content\/uploads\/2014\/11\/mitglieder_svensson-e1520440232406.jpg\",\"contentUrl\":\"https:\/\/adventureclub.eu\/wp-content\/uploads\/2014\/11\/mitglieder_svensson-e1520440232406.jpg\",\"width\":442,\"height\":765,\"caption\":\"Foto eines l\u00e4chelnden Ander Svensson mit grauen Haare und M\u00fctze. Mitglied des Adventure Club of Europe.\"},{\"@type\":\"BreadcrumbList\",\"@id\":\"https:\/\/adventureclub.eu\/home-page\/ander-svensson\/#breadcrumb\",\"itemListElement\":[{\"@type\":\"ListItem\",\"position\":1,\"name\":\"Startseite\",\"item\":\"https:\/\/adventureclub.eu\/\"},{\"@type\":\"ListItem\",\"position\":2,\"name\":\"Home Page\",\"item\":\"https:\/\/adventureclub.eu\/\"},{\"@type\":\"ListItem\",\"position\":3,\"name\":\"Ander Svensson\"}]},{\"@type\":\"WebSite\",\"@id\":\"https:\/\/adventureclub.eu\/#website\",\"url\":\"https:\/\/adventureclub.eu\/\",\"name\":\"Adventure Club of Europe\",\"description\":\"Adventure Club of Europe \u2013 Entdecken Sie unsere interessantesten, spannendsten und zum Teil auch umstrittensten Expeditionen der vergangenen Jahrhunderte.\",\"publisher\":{\"@id\":\"https:\/\/adventureclub.eu\/#organization\"},\"potentialAction\":[{\"@type\":\"SearchAction\",\"target\":{\"@type\":\"EntryPoint\",\"urlTemplate\":\"https:\/\/adventureclub.eu\/?s={search_term_string}\"},\"query-input\":{\"@type\":\"PropertyValueSpecification\",\"valueRequired\":true,\"valueName\":\"search_term_string\"}}],\"inLanguage\":\"fr-FR\"},{\"@type\":\"Organization\",\"@id\":\"https:\/\/adventureclub.eu\/#organization\",\"name\":\"Adventure Club of Europe\",\"url\":\"https:\/\/adventureclub.eu\/\",\"logo\":{\"@type\":\"ImageObject\",\"inLanguage\":\"fr-FR\",\"@id\":\"https:\/\/adventureclub.eu\/#\/schema\/logo\/image\/\",\"url\":\"https:\/\/adventureclub.eu\/wp-content\/uploads\/2017\/05\/ACE-TITLE-PAGE.jpg\",\"contentUrl\":\"https:\/\/adventureclub.eu\/wp-content\/uploads\/2017\/05\/ACE-TITLE-PAGE.jpg\",\"width\":1024,\"height\":604,\"caption\":\"Adventure Club of Europe\"},\"image\":{\"@id\":\"https:\/\/adventureclub.eu\/#\/schema\/logo\/image\/\"}}]}<\/script>\n<!-- \/ Yoast SEO plugin. -->","yoast_head_json":{"title":"Ander Svensson - Adventure Club of Europe","description":"Adventure Club of Europe \u2013 Entdecken Sie unsere interessantesten, spannendsten und zum Teil auch umstrittensten Expeditionen der vergangenen Jahrhunderte.","robots":{"index":"index","follow":"follow","max-snippet":"max-snippet:-1","max-image-preview":"max-image-preview:large","max-video-preview":"max-video-preview:-1"},"canonical":"https:\/\/adventureclub.eu\/home-page\/ander-svensson\/","og_locale":"fr_FR","og_type":"article","og_title":"Ander Svensson - Adventure Club of Europe","og_description":"Adventure Club of Europe \u2013 Entdecken Sie unsere interessantesten, spannendsten und zum Teil auch umstrittensten Expeditionen der vergangenen Jahrhunderte.","og_url":"https:\/\/adventureclub.eu\/home-page\/ander-svensson\/","og_site_name":"Adventure Club of Europe","article_modified_time":"2019-05-02T12:41:32+00:00","og_image":[{"width":442,"height":765,"url":"https:\/\/adventureclub.eu\/wp-content\/uploads\/2014\/11\/mitglieder_svensson-e1520440232406.jpg","type":"image\/jpeg"}],"twitter_card":"summary_large_image","twitter_misc":{"Dur\u00e9e de lecture estim\u00e9e":"11 minutes"},"schema":{"@context":"https:\/\/schema.org","@graph":[{"@type":"WebPage","@id":"https:\/\/adventureclub.eu\/home-page\/ander-svensson\/","url":"https:\/\/adventureclub.eu\/home-page\/ander-svensson\/","name":"Ander Svensson - Adventure Club of Europe","isPartOf":{"@id":"https:\/\/adventureclub.eu\/#website"},"primaryImageOfPage":{"@id":"https:\/\/adventureclub.eu\/home-page\/ander-svensson\/#primaryimage"},"image":{"@id":"https:\/\/adventureclub.eu\/home-page\/ander-svensson\/#primaryimage"},"thumbnailUrl":"https:\/\/adventureclub.eu\/wp-content\/uploads\/2014\/11\/mitglieder_svensson-e1520440232406.jpg","datePublished":"2019-04-16T13:46:06+00:00","dateModified":"2019-05-02T12:41:32+00:00","description":"Adventure Club of Europe \u2013 Entdecken Sie unsere interessantesten, spannendsten und zum Teil auch umstrittensten Expeditionen der vergangenen Jahrhunderte.","breadcrumb":{"@id":"https:\/\/adventureclub.eu\/home-page\/ander-svensson\/#breadcrumb"},"inLanguage":"fr-FR","potentialAction":[{"@type":"ReadAction","target":["https:\/\/adventureclub.eu\/home-page\/ander-svensson\/"]}]},{"@type":"ImageObject","inLanguage":"fr-FR","@id":"https:\/\/adventureclub.eu\/home-page\/ander-svensson\/#primaryimage","url":"https:\/\/adventureclub.eu\/wp-content\/uploads\/2014\/11\/mitglieder_svensson-e1520440232406.jpg","contentUrl":"https:\/\/adventureclub.eu\/wp-content\/uploads\/2014\/11\/mitglieder_svensson-e1520440232406.jpg","width":442,"height":765,"caption":"Foto eines l\u00e4chelnden Ander Svensson mit grauen Haare und M\u00fctze. Mitglied des Adventure Club of Europe."},{"@type":"BreadcrumbList","@id":"https:\/\/adventureclub.eu\/home-page\/ander-svensson\/#breadcrumb","itemListElement":[{"@type":"ListItem","position":1,"name":"Startseite","item":"https:\/\/adventureclub.eu\/"},{"@type":"ListItem","position":2,"name":"Home Page","item":"https:\/\/adventureclub.eu\/"},{"@type":"ListItem","position":3,"name":"Ander Svensson"}]},{"@type":"WebSite","@id":"https:\/\/adventureclub.eu\/#website","url":"https:\/\/adventureclub.eu\/","name":"Adventure Club of Europe","description":"Adventure Club of Europe \u2013 Entdecken Sie unsere interessantesten, spannendsten und zum Teil auch umstrittensten Expeditionen der vergangenen Jahrhunderte.","publisher":{"@id":"https:\/\/adventureclub.eu\/#organization"},"potentialAction":[{"@type":"SearchAction","target":{"@type":"EntryPoint","urlTemplate":"https:\/\/adventureclub.eu\/?s={search_term_string}"},"query-input":{"@type":"PropertyValueSpecification","valueRequired":true,"valueName":"search_term_string"}}],"inLanguage":"fr-FR"},{"@type":"Organization","@id":"https:\/\/adventureclub.eu\/#organization","name":"Adventure Club of Europe","url":"https:\/\/adventureclub.eu\/","logo":{"@type":"ImageObject","inLanguage":"fr-FR","@id":"https:\/\/adventureclub.eu\/#\/schema\/logo\/image\/","url":"https:\/\/adventureclub.eu\/wp-content\/uploads\/2017\/05\/ACE-TITLE-PAGE.jpg","contentUrl":"https:\/\/adventureclub.eu\/wp-content\/uploads\/2017\/05\/ACE-TITLE-PAGE.jpg","width":1024,"height":604,"caption":"Adventure Club of Europe"},"image":{"@id":"https:\/\/adventureclub.eu\/#\/schema\/logo\/image\/"}}]}},"_links":{"self":[{"href":"https:\/\/adventureclub.eu\/fr\/wp-json\/wp\/v2\/pages\/1400","targetHints":{"allow":["GET"]}}],"collection":[{"href":"https:\/\/adventureclub.eu\/fr\/wp-json\/wp\/v2\/pages"}],"about":[{"href":"https:\/\/adventureclub.eu\/fr\/wp-json\/wp\/v2\/types\/page"}],"author":[{"embeddable":true,"href":"https:\/\/adventureclub.eu\/fr\/wp-json\/wp\/v2\/users\/9"}],"replies":[{"embeddable":true,"href":"https:\/\/adventureclub.eu\/fr\/wp-json\/wp\/v2\/comments?post=1400"}],"version-history":[{"count":12,"href":"https:\/\/adventureclub.eu\/fr\/wp-json\/wp\/v2\/pages\/1400\/revisions"}],"predecessor-version":[{"id":1561,"href":"https:\/\/adventureclub.eu\/fr\/wp-json\/wp\/v2\/pages\/1400\/revisions\/1561"}],"up":[{"embeddable":true,"href":"https:\/\/adventureclub.eu\/fr\/wp-json\/wp\/v2\/pages\/303"}],"wp:featuredmedia":[{"embeddable":true,"href":"https:\/\/adventureclub.eu\/fr\/wp-json\/wp\/v2\/media\/412"}],"wp:attachment":[{"href":"https:\/\/adventureclub.eu\/fr\/wp-json\/wp\/v2\/media?parent=1400"}],"curies":[{"name":"wp","href":"https:\/\/api.w.org\/{rel}","templated":true}]}}