{"id":1406,"date":"2019-04-16T15:50:04","date_gmt":"2019-04-16T13:50:04","guid":{"rendered":"https:\/\/adventure-club.de\/?page_id=1406"},"modified":"2019-05-02T15:18:49","modified_gmt":"2019-05-02T13:18:49","slug":"major-raymond-brooke","status":"publish","type":"page","link":"https:\/\/adventureclub.eu\/fr\/home-page\/major-raymond-brooke\/","title":{"rendered":"Major Raymond Brooke"},"content":{"rendered":"<p>[vc_row][vc_column][vc_empty_space height=\u00a0\u00bb200px\u00a0\u00bb][\/vc_column][\/vc_row][vc_row][vc_column][vc_column_text]<\/p>\n<h2 style=\"text-align: center;\">Major Raymond Brooke<\/h2>\n<p>[\/vc_column_text][\/vc_column][\/vc_row][vc_row][vc_column][vc_empty_space][\/vc_column][\/vc_row][vc_row][vc_column][vc_column_text]<\/p>\n<h4 style=\"text-align: center;\">Membre de 1795 \u00e0 1810<\/h4>\n<p>[\/vc_column_text][\/vc_column][\/vc_row][vc_row][vc_column][vc_empty_space][\/vc_column][\/vc_row][vc_row][vc_column][vc_single_image image=\u00a0\u00bb579&Prime; img_size=\u00a0\u00bblarge\u00a0\u00bb alignment=\u00a0\u00bbcenter\u00a0\u00bb][\/vc_column][\/vc_row][vc_row][vc_column][vc_empty_space][\/vc_column][\/vc_row][vc_row][vc_column][vc_empty_space][\/vc_column][\/vc_row][vc_row][vc_column][vc_single_image image=\u00a0\u00bb398&Prime; img_size=\u00a0\u00bbmedium\u00a0\u00bb alignment=\u00a0\u00bbcenter\u00a0\u00bb][\/vc_column][\/vc_row][vc_row][vc_column][vc_empty_space][\/vc_column][\/vc_row][vc_row][vc_column width=\u00a0\u00bb1\/2&Prime;][vc_column_text]On sait peu de choses sur la vie du Major Raymond Brooke. Il n\u2019embrassa sa carri\u00e8re d\u2019aventurier et de d\u00e9couvreur qu\u2019apr\u00e8s sa retraite de l\u2019arm\u00e9e royale d\u2019Angleterre, soit \u00e0 60 ans pass\u00e9s.<\/p>\n<p>Le Major, comme on l\u2019appelait commun\u00e9ment dans sa r\u00e9gion natale autour de la for\u00eat de Sherwood, partait r\u00e9guli\u00e8rement faire de longues marches. Il devint ainsi une esp\u00e8ce d\u2019archiviste des vieux arbres de la for\u00eat de Sherwood, et membre des associations \u00ab\u00a0Society of Antiquarians\u00a0\u00bb et \u00ab\u00a0Royal Society\u00a0\u00bb. Dans ces cercles, on appr\u00e9ciait grandement ses articles sur les murailles et colonies romaines dans la for\u00eat de Sherwood.<\/p>\n<p>Il aimait prendre ses pauses \u00e0 l\u2019ombre d\u2019un gigantesque ch\u00eane pour \u00e9crire ses notes, si bien que l&rsquo;on baptisa bient\u00f4t ce ch\u00eane \u00e0 son nom. D\u2019ailleurs, cet arbre porte toujours encore le sobriquet de \u00ab\u00a0Major Oak\u00a0\u00bb. Mais ce ch\u00eane est bien plus que le lieu de repos favori du Major.<\/p>\n<p>\u00c0 partir de 1790, le Major Brooke a commenc\u00e9 \u00e0 cartographier les arbres anciens et remarquables de la for\u00eat de Sherwood. Parmi eux par exemple \u00ab\u00a0The Seven Sisters\u00a0\u00bb, une formation de sept arbres, ou les \u00ab\u00a0Horse Buggy Oak\u00a0\u00bb, des ch\u00eanes dont les branches formaient une arcade d\u2019une taille suffisante pour faire passer un chariot attel\u00e9.<\/p>\n<p>Ses contemporains le prenaient certainement pour un simple amoureux de la nature, mais le Major Brooke fit son entr\u00e9e au sein de l\u2019ACE en 1795 en pr\u00e9sentant des conclusions \u00e9poustouflantes. Le ch\u00eane \u00ab\u00a0Major Oak\u00a0\u00bb, baptis\u00e9 en son nom, laissait appara\u00eetre, m\u00eame sur les croquis, une esp\u00e8ce d\u2019entr\u00e9e naturelle.[\/vc_column_text][\/vc_column][vc_column width=\u00a0\u00bb1\/2&Prime;][vc_column_text]Mais le Major n\u2019\u00e9tait pas le premier \u00e0 avoir eu l\u2019id\u00e9e d\u2019y passer la t\u00eate. Il avait \u00e9tudi\u00e9 non seulement le \u00ab\u00a0Major Oak\u00a0\u00bb, mais aussi d\u2019autres arbres s\u00e9culaires, et identifia des signes r\u00e9currents sur les diff\u00e9rentes \u00e9corces. Souvent, c\u2019\u00e9tait une fl\u00e8che et un arc. Assis sous son arbre, il essayait de les d\u00e9chiffrer.<\/p>\n<p>La conclusion du Major Brooke : Les fl\u00e8ches et gravures dans les \u00e9corces \u00e9taient un syst\u00e8me de signalisation tr\u00e8s pr\u00e9cis qui permettait \u00e0 Robin des Bois et \u00e0 ses acolytes de rejoindre l&rsquo;arsenal secret le plus proche. Souvent, il s\u2019agissait de simples fosses, ou encore de cachettes dans les arbres, comme dans le cas de son \u00ab\u00a0Major Oak\u00a0\u00bb Vu sa carri\u00e8re militaire, il connaissait ce genre de syst\u00e8me, et il \u00e9tait tr\u00e8s enthousiaste d&rsquo;avoir pu identifier une utilisation remontant \u00e0 Robin des Bois.<\/p>\n<p>Un jour, il remit \u00e0 l\u2019ACE non seulement des morceaux d&rsquo;\u00e9corce grav\u00e9s, mais aussi et surtout une d\u00e9couverte incroyable : un arc ayant suppos\u00e9ment appartenu \u00e0 Robin des Bois.<br \/>\nL\u2019arc, qui orne d\u00e9sormais un mur du clubhouse de l\u2019ACE, porte les initiales RH et nous permet de faire une autre d\u00e9duction surprenante\u00a0: l\u2019usure au niveau de la poign\u00e9e de l\u2019arme indique que Robin des Bois \u00e9tait tr\u00e8s probablement gaucher.<\/p>\n<p>Actuellement en possession de l\u2019ACE<\/p>\n<ul>\n<li>Syst\u00e8me labyrinthique d\u2019\u00e9corces, avec lequel Robin des Bois et ses hommes \u00e9changeaient des informations sur les emplacements de leurs cachettes d\u2019armes<\/li>\n<li>L\u2019arc de Robin des Bois.<\/li>\n<\/ul>\n<p>[\/vc_column_text][\/vc_column][\/vc_row][vc_row][vc_column][vc_empty_space][\/vc_column][\/vc_row][vc_row][vc_column][vc_single_image image=\u00a0\u00bb398&Prime; img_size=\u00a0\u00bbmedium\u00a0\u00bb alignment=\u00a0\u00bbcenter\u00a0\u00bb][\/vc_column][\/vc_row][vc_row][vc_column][vc_empty_space][\/vc_column][\/vc_row][vc_row][vc_column][vc_single_image image=\u00a0\u00bb574&Prime; img_size=\u00a0\u00bblarge\u00a0\u00bb alignment=\u00a0\u00bbcenter\u00a0\u00bb][\/vc_column][\/vc_row][vc_row][vc_column][vc_empty_space][\/vc_column][\/vc_row][vc_row][vc_column][vc_single_image image=\u00a0\u00bb405&Prime; img_size=\u00a0\u00bblarge\u00a0\u00bb alignment=\u00a0\u00bbcenter\u00a0\u00bb][\/vc_column][\/vc_row][vc_row][vc_column][vc_empty_space][\/vc_column][\/vc_row][vc_row][vc_column][vc_empty_space][\/vc_column][\/vc_row]<\/p>","protected":false},"excerpt":{"rendered":"<p>[vc_row][vc_column][vc_empty_space height=\u00a0\u00bb200px\u00a0\u00bb][\/vc_column][\/vc_row][vc_row][vc_column][vc_column_text] Major Raymond Brooke [\/vc_column_text][\/vc_column][\/vc_row][vc_row][vc_column][vc_empty_space][\/vc_column][\/vc_row][vc_row][vc_column][vc_column_text] Membre de 1795 \u00e0 1810 [\/vc_column_text][\/vc_column][\/vc_row][vc_row][vc_column][vc_empty_space][\/vc_column][\/vc_row][vc_row][vc_column][vc_single_image image=\u00a0\u00bb579&Prime; img_size=\u00a0\u00bblarge\u00a0\u00bb alignment=\u00a0\u00bbcenter\u00a0\u00bb][\/vc_column][\/vc_row][vc_row][vc_column][vc_empty_space][\/vc_column][\/vc_row][vc_row][vc_column][vc_empty_space][\/vc_column][\/vc_row][vc_row][vc_column][vc_single_image image=\u00a0\u00bb398&Prime; img_size=\u00a0\u00bbmedium\u00a0\u00bb alignment=\u00a0\u00bbcenter\u00a0\u00bb][\/vc_column][\/vc_row][vc_row][vc_column][vc_empty_space][\/vc_column][\/vc_row][vc_row][vc_column width=\u00a0\u00bb1\/2&Prime;][vc_column_text]On sait peu de choses sur la vie du Major Raymond Brooke. Il n\u2019embrassa sa carri\u00e8re d\u2019aventurier et de d\u00e9couvreur qu\u2019apr\u00e8s sa retraite de l\u2019arm\u00e9e royale d\u2019Angleterre, soit \u00e0 60 ans pass\u00e9s. Le Major, comme on l\u2019appelait [&hellip;]<\/p>\n","protected":false},"author":9,"featured_media":579,"parent":303,"menu_order":0,"comment_status":"closed","ping_status":"closed","template":"","meta":{"footnotes":""},"class_list":["post-1406","page","type-page","status-publish","has-post-thumbnail","hentry"],"yoast_head":"<!-- This site is optimized with the Yoast SEO plugin v26.9 - https:\/\/yoast.com\/product\/yoast-seo-wordpress\/ -->\n<title>Major Raymond Brooke - Adventure Club of Europe<\/title>\n<meta name=\"description\" content=\"Adventure Club of Europe \u2013 Entdecken Sie unsere interessantesten, spannendsten und zum Teil auch umstrittensten Expeditionen der vergangenen Jahrhunderte.\" \/>\n<meta name=\"robots\" content=\"index, follow, max-snippet:-1, max-image-preview:large, max-video-preview:-1\" \/>\n<link rel=\"canonical\" href=\"https:\/\/adventureclub.eu\/home-page\/major-raymond-brooke\/\" \/>\n<meta property=\"og:locale\" content=\"fr_FR\" \/>\n<meta property=\"og:type\" content=\"article\" \/>\n<meta property=\"og:title\" content=\"Major Raymond Brooke - Adventure Club of Europe\" \/>\n<meta property=\"og:description\" content=\"Adventure Club of Europe \u2013 Entdecken Sie unsere interessantesten, spannendsten und zum Teil auch umstrittensten Expeditionen der vergangenen Jahrhunderte.\" \/>\n<meta property=\"og:url\" content=\"https:\/\/adventureclub.eu\/home-page\/major-raymond-brooke\/\" \/>\n<meta property=\"og:site_name\" content=\"Adventure Club of Europe\" \/>\n<meta property=\"article:modified_time\" content=\"2019-05-02T13:18:49+00:00\" \/>\n<meta property=\"og:image\" content=\"https:\/\/adventureclub.eu\/wp-content\/uploads\/2014\/11\/mitglieder_brooke01.jpg\" \/>\n\t<meta property=\"og:image:width\" content=\"795\" \/>\n\t<meta property=\"og:image:height\" content=\"1024\" \/>\n\t<meta property=\"og:image:type\" content=\"image\/jpeg\" \/>\n<meta name=\"twitter:card\" content=\"summary_large_image\" \/>\n<meta name=\"twitter:label1\" content=\"Dur\u00e9e de lecture estim\u00e9e\" \/>\n\t<meta name=\"twitter:data1\" content=\"11 minutes\" \/>\n<script type=\"application\/ld+json\" class=\"yoast-schema-graph\">{\"@context\":\"https:\/\/schema.org\",\"@graph\":[{\"@type\":\"WebPage\",\"@id\":\"https:\/\/adventureclub.eu\/home-page\/major-raymond-brooke\/\",\"url\":\"https:\/\/adventureclub.eu\/home-page\/major-raymond-brooke\/\",\"name\":\"Major Raymond Brooke - Adventure Club of Europe\",\"isPartOf\":{\"@id\":\"https:\/\/adventureclub.eu\/#website\"},\"primaryImageOfPage\":{\"@id\":\"https:\/\/adventureclub.eu\/home-page\/major-raymond-brooke\/#primaryimage\"},\"image\":{\"@id\":\"https:\/\/adventureclub.eu\/home-page\/major-raymond-brooke\/#primaryimage\"},\"thumbnailUrl\":\"https:\/\/adventureclub.eu\/wp-content\/uploads\/2014\/11\/mitglieder_brooke01.jpg\",\"datePublished\":\"2019-04-16T13:50:04+00:00\",\"dateModified\":\"2019-05-02T13:18:49+00:00\",\"description\":\"Adventure Club of Europe \u2013 Entdecken Sie unsere interessantesten, spannendsten und zum Teil auch umstrittensten Expeditionen der vergangenen Jahrhunderte.\",\"breadcrumb\":{\"@id\":\"https:\/\/adventureclub.eu\/home-page\/major-raymond-brooke\/#breadcrumb\"},\"inLanguage\":\"fr-FR\",\"potentialAction\":[{\"@type\":\"ReadAction\",\"target\":[\"https:\/\/adventureclub.eu\/home-page\/major-raymond-brooke\/\"]}]},{\"@type\":\"ImageObject\",\"inLanguage\":\"fr-FR\",\"@id\":\"https:\/\/adventureclub.eu\/home-page\/major-raymond-brooke\/#primaryimage\",\"url\":\"https:\/\/adventureclub.eu\/wp-content\/uploads\/2014\/11\/mitglieder_brooke01.jpg\",\"contentUrl\":\"https:\/\/adventureclub.eu\/wp-content\/uploads\/2014\/11\/mitglieder_brooke01.jpg\",\"width\":795,\"height\":1024,\"caption\":\"Gem\u00e4lde eines l\u00e4chelnden Major Raymond Brooke, dem Mitglied des Adventure Club of Europe, in milit\u00e4rischer Uniform.\"},{\"@type\":\"BreadcrumbList\",\"@id\":\"https:\/\/adventureclub.eu\/home-page\/major-raymond-brooke\/#breadcrumb\",\"itemListElement\":[{\"@type\":\"ListItem\",\"position\":1,\"name\":\"Startseite\",\"item\":\"https:\/\/adventureclub.eu\/\"},{\"@type\":\"ListItem\",\"position\":2,\"name\":\"Home Page\",\"item\":\"https:\/\/adventureclub.eu\/\"},{\"@type\":\"ListItem\",\"position\":3,\"name\":\"Major Raymond Brooke\"}]},{\"@type\":\"WebSite\",\"@id\":\"https:\/\/adventureclub.eu\/#website\",\"url\":\"https:\/\/adventureclub.eu\/\",\"name\":\"Adventure Club of Europe\",\"description\":\"Adventure Club of Europe \u2013 Entdecken Sie unsere interessantesten, spannendsten und zum Teil auch umstrittensten Expeditionen der vergangenen Jahrhunderte.\",\"publisher\":{\"@id\":\"https:\/\/adventureclub.eu\/#organization\"},\"potentialAction\":[{\"@type\":\"SearchAction\",\"target\":{\"@type\":\"EntryPoint\",\"urlTemplate\":\"https:\/\/adventureclub.eu\/?s={search_term_string}\"},\"query-input\":{\"@type\":\"PropertyValueSpecification\",\"valueRequired\":true,\"valueName\":\"search_term_string\"}}],\"inLanguage\":\"fr-FR\"},{\"@type\":\"Organization\",\"@id\":\"https:\/\/adventureclub.eu\/#organization\",\"name\":\"Adventure Club of Europe\",\"url\":\"https:\/\/adventureclub.eu\/\",\"logo\":{\"@type\":\"ImageObject\",\"inLanguage\":\"fr-FR\",\"@id\":\"https:\/\/adventureclub.eu\/#\/schema\/logo\/image\/\",\"url\":\"https:\/\/adventureclub.eu\/wp-content\/uploads\/2017\/05\/ACE-TITLE-PAGE.jpg\",\"contentUrl\":\"https:\/\/adventureclub.eu\/wp-content\/uploads\/2017\/05\/ACE-TITLE-PAGE.jpg\",\"width\":1024,\"height\":604,\"caption\":\"Adventure Club of Europe\"},\"image\":{\"@id\":\"https:\/\/adventureclub.eu\/#\/schema\/logo\/image\/\"}}]}<\/script>\n<!-- \/ Yoast SEO plugin. -->","yoast_head_json":{"title":"Major Raymond Brooke - Adventure Club of Europe","description":"Adventure Club of Europe \u2013 Entdecken Sie unsere interessantesten, spannendsten und zum Teil auch umstrittensten Expeditionen der vergangenen Jahrhunderte.","robots":{"index":"index","follow":"follow","max-snippet":"max-snippet:-1","max-image-preview":"max-image-preview:large","max-video-preview":"max-video-preview:-1"},"canonical":"https:\/\/adventureclub.eu\/home-page\/major-raymond-brooke\/","og_locale":"fr_FR","og_type":"article","og_title":"Major Raymond Brooke - Adventure Club of Europe","og_description":"Adventure Club of Europe \u2013 Entdecken Sie unsere interessantesten, spannendsten und zum Teil auch umstrittensten Expeditionen der vergangenen Jahrhunderte.","og_url":"https:\/\/adventureclub.eu\/home-page\/major-raymond-brooke\/","og_site_name":"Adventure Club of Europe","article_modified_time":"2019-05-02T13:18:49+00:00","og_image":[{"width":795,"height":1024,"url":"https:\/\/adventureclub.eu\/wp-content\/uploads\/2014\/11\/mitglieder_brooke01.jpg","type":"image\/jpeg"}],"twitter_card":"summary_large_image","twitter_misc":{"Dur\u00e9e de lecture estim\u00e9e":"11 minutes"},"schema":{"@context":"https:\/\/schema.org","@graph":[{"@type":"WebPage","@id":"https:\/\/adventureclub.eu\/home-page\/major-raymond-brooke\/","url":"https:\/\/adventureclub.eu\/home-page\/major-raymond-brooke\/","name":"Major Raymond Brooke - Adventure Club of Europe","isPartOf":{"@id":"https:\/\/adventureclub.eu\/#website"},"primaryImageOfPage":{"@id":"https:\/\/adventureclub.eu\/home-page\/major-raymond-brooke\/#primaryimage"},"image":{"@id":"https:\/\/adventureclub.eu\/home-page\/major-raymond-brooke\/#primaryimage"},"thumbnailUrl":"https:\/\/adventureclub.eu\/wp-content\/uploads\/2014\/11\/mitglieder_brooke01.jpg","datePublished":"2019-04-16T13:50:04+00:00","dateModified":"2019-05-02T13:18:49+00:00","description":"Adventure Club of Europe \u2013 Entdecken Sie unsere interessantesten, spannendsten und zum Teil auch umstrittensten Expeditionen der vergangenen Jahrhunderte.","breadcrumb":{"@id":"https:\/\/adventureclub.eu\/home-page\/major-raymond-brooke\/#breadcrumb"},"inLanguage":"fr-FR","potentialAction":[{"@type":"ReadAction","target":["https:\/\/adventureclub.eu\/home-page\/major-raymond-brooke\/"]}]},{"@type":"ImageObject","inLanguage":"fr-FR","@id":"https:\/\/adventureclub.eu\/home-page\/major-raymond-brooke\/#primaryimage","url":"https:\/\/adventureclub.eu\/wp-content\/uploads\/2014\/11\/mitglieder_brooke01.jpg","contentUrl":"https:\/\/adventureclub.eu\/wp-content\/uploads\/2014\/11\/mitglieder_brooke01.jpg","width":795,"height":1024,"caption":"Gem\u00e4lde eines l\u00e4chelnden Major Raymond Brooke, dem Mitglied des Adventure Club of Europe, in milit\u00e4rischer Uniform."},{"@type":"BreadcrumbList","@id":"https:\/\/adventureclub.eu\/home-page\/major-raymond-brooke\/#breadcrumb","itemListElement":[{"@type":"ListItem","position":1,"name":"Startseite","item":"https:\/\/adventureclub.eu\/"},{"@type":"ListItem","position":2,"name":"Home Page","item":"https:\/\/adventureclub.eu\/"},{"@type":"ListItem","position":3,"name":"Major Raymond Brooke"}]},{"@type":"WebSite","@id":"https:\/\/adventureclub.eu\/#website","url":"https:\/\/adventureclub.eu\/","name":"Adventure Club of Europe","description":"Adventure Club of Europe \u2013 Entdecken Sie unsere interessantesten, spannendsten und zum Teil auch umstrittensten Expeditionen der vergangenen Jahrhunderte.","publisher":{"@id":"https:\/\/adventureclub.eu\/#organization"},"potentialAction":[{"@type":"SearchAction","target":{"@type":"EntryPoint","urlTemplate":"https:\/\/adventureclub.eu\/?s={search_term_string}"},"query-input":{"@type":"PropertyValueSpecification","valueRequired":true,"valueName":"search_term_string"}}],"inLanguage":"fr-FR"},{"@type":"Organization","@id":"https:\/\/adventureclub.eu\/#organization","name":"Adventure Club of Europe","url":"https:\/\/adventureclub.eu\/","logo":{"@type":"ImageObject","inLanguage":"fr-FR","@id":"https:\/\/adventureclub.eu\/#\/schema\/logo\/image\/","url":"https:\/\/adventureclub.eu\/wp-content\/uploads\/2017\/05\/ACE-TITLE-PAGE.jpg","contentUrl":"https:\/\/adventureclub.eu\/wp-content\/uploads\/2017\/05\/ACE-TITLE-PAGE.jpg","width":1024,"height":604,"caption":"Adventure Club of Europe"},"image":{"@id":"https:\/\/adventureclub.eu\/#\/schema\/logo\/image\/"}}]}},"_links":{"self":[{"href":"https:\/\/adventureclub.eu\/fr\/wp-json\/wp\/v2\/pages\/1406","targetHints":{"allow":["GET"]}}],"collection":[{"href":"https:\/\/adventureclub.eu\/fr\/wp-json\/wp\/v2\/pages"}],"about":[{"href":"https:\/\/adventureclub.eu\/fr\/wp-json\/wp\/v2\/types\/page"}],"author":[{"embeddable":true,"href":"https:\/\/adventureclub.eu\/fr\/wp-json\/wp\/v2\/users\/9"}],"replies":[{"embeddable":true,"href":"https:\/\/adventureclub.eu\/fr\/wp-json\/wp\/v2\/comments?post=1406"}],"version-history":[{"count":12,"href":"https:\/\/adventureclub.eu\/fr\/wp-json\/wp\/v2\/pages\/1406\/revisions"}],"predecessor-version":[{"id":1564,"href":"https:\/\/adventureclub.eu\/fr\/wp-json\/wp\/v2\/pages\/1406\/revisions\/1564"}],"up":[{"embeddable":true,"href":"https:\/\/adventureclub.eu\/fr\/wp-json\/wp\/v2\/pages\/303"}],"wp:featuredmedia":[{"embeddable":true,"href":"https:\/\/adventureclub.eu\/fr\/wp-json\/wp\/v2\/media\/579"}],"wp:attachment":[{"href":"https:\/\/adventureclub.eu\/fr\/wp-json\/wp\/v2\/media?parent=1406"}],"curies":[{"name":"wp","href":"https:\/\/api.w.org\/{rel}","templated":true}]}}