{"id":1410,"date":"2019-04-16T15:51:26","date_gmt":"2019-04-16T13:51:26","guid":{"rendered":"https:\/\/adventure-club.de\/?page_id=1410"},"modified":"2019-05-02T15:25:45","modified_gmt":"2019-05-02T13:25:45","slug":"noah-emile-evra-houdin","status":"publish","type":"page","link":"https:\/\/adventureclub.eu\/fr\/home-page\/noah-emile-evra-houdin\/","title":{"rendered":"Noah Emile Evra-Houdin"},"content":{"rendered":"<p>[vc_row][vc_column][vc_empty_space height=\u00a0\u00bb200px\u00a0\u00bb][\/vc_column][\/vc_row][vc_row][vc_column][vc_column_text]<\/p>\n<h2 style=\"text-align: center;\">Noah Emile Evra-Houdin<\/h2>\n<p>[\/vc_column_text][\/vc_column][\/vc_row][vc_row][vc_column][vc_empty_space][\/vc_column][\/vc_row][vc_row][vc_column][vc_column_text]<\/p>\n<h4 style=\"text-align: center;\">Membre de 1844 \u00e0 1872<\/h4>\n<p>[\/vc_column_text][\/vc_column][\/vc_row][vc_row][vc_column][vc_empty_space][\/vc_column][\/vc_row][vc_row][vc_column][vc_single_image image=\u00a0\u00bb411&Prime; img_size=\u00a0\u00bblarge\u00a0\u00bb alignment=\u00a0\u00bbcenter\u00a0\u00bb][\/vc_column][\/vc_row][vc_row][vc_column][vc_empty_space][\/vc_column][\/vc_row][vc_row][vc_column][vc_empty_space][\/vc_column][\/vc_row][vc_row][vc_column][vc_single_image image=\u00a0\u00bb398&Prime; img_size=\u00a0\u00bbmedium\u00a0\u00bb alignment=\u00a0\u00bbcenter\u00a0\u00bb][\/vc_column][\/vc_row][vc_row][vc_column][vc_empty_space][\/vc_column][\/vc_row][vc_row][vc_column width=\u00a0\u00bb1\/2&Prime;][vc_column_text]Noah \u00c9mile Evra-Houdin, n\u00e9 le 7 d\u00e9cembre 1805 \u00e0 Blois, France, \u00e9tait un prestidigitateur et un constructeur d\u2019automate qui devint membre de l\u2019Adventure Club of Europe en 1844. La date de la mort fut d\u00e9finie en se basant sur le dernier jour o\u00f9 on l&rsquo;avait aper\u00e7u vivant : le 13 juin 1871.<\/p>\n<p>Gr\u00e2ce au travail de pr\u00e9cision qu\u2019il avait appris \u00e0 ma\u00eetriser aupr\u00e8s de son p\u00e8re, un horloger, il \u00e9tait capable de r\u00e9aliser des appareils m\u00e9caniques et \u00e9lectriques vraiment extraordinaires. Il les utilisait dans ses spectacles d\u2019illusionnisme, et les pr\u00e9sentait au public lors de grandes expositions. Ainsi en 1844, il pr\u00e9senta un automate d\u2019\u00e9criture \u00e0 Paris qui cr\u00e9a la surprise dans le public, car personne n\u2019avait jamais rien vu de tel auparavant. Eduard Ballhauser, qui \u00e9tait \u00e0 l\u2019\u00e9poque le pr\u00e9sident de l\u2019ACE en exercice, \u00e9tait aussi pr\u00e9sent ce soir l\u00e0. Enthousiasm\u00e9 par ses talents, il arrangea une rencontre avec l\u2019illusionniste, et proposa \u00e0 Evra-Houdin de devenir membre du club.<\/p>\n<p>Dans les ann\u00e9es qui suivirent, Evra-Houdin enrichit le club de ses d\u00e9couvertes. Et beaucoup l\u2019ignorent\u00a0: ses inventions ne relevaient pas uniquement du simple divertissement, mais on \u00e9galement \u00e9t\u00e9 mises \u00e0 contribution lors de grandes exp\u00e9ditions de certains membres de l\u2019ACE.Parmi elles une sorte de syst\u00e8me de navigation m\u00e9canique, qui permettait de suivre en temps r\u00e9el un itin\u00e9raire pr\u00e9d\u00e9fini, ainsi qu\u2019un appareil m\u00e9canique d\u2019aide \u00e0 l\u2019escalade que l\u2019on fixait au niveau du tronc et des jambes, et qui offrait une meilleure stabilit\u00e9 aux alpinistes dans les situations difficiles.<\/p>\n<p>Le 15 novembre 1869 fut le jour qui modifia \u00e0 jamais l\u2019image publique d\u2019Evra-Houdin. Apr\u00e8s avoir disparu pendant pr\u00e8s de 3 mois, il refit surface un beau matin, visiblement boulevers\u00e9, dans le clubhouse de l\u2019Adventure Club of Europe.<\/p>\n<p>\u00ab\u00a0<em>Je l\u2019ai fait<\/em>\u00a0\u00bb, aurait-il d\u00e9clar\u00e9 aux personnes pr\u00e9sentes sur place.<\/p>\n<p><em>\u00ab\u00a0J\u2019ai invent\u00e9 la machine \u00e0 voyager dans le temps.<\/em> <em>Et elle fonctionne\u00a0!\u00a0\u00bb<\/em><\/p>\n<p>Eduard Ballhauser le questionna longuement ensuite. Visiblement troubl\u00e9 par la conversation, il ne voulu faire aucune d\u00e9claration quand \u00e0 la v\u00e9racit\u00e9 ou non des affirmations d\u2019Evra-Houdin.<\/p>\n<p>Alors Evra-Houdin d\u00e9cida de convoquer lui-m\u00eame la presse. Il pr\u00e9tendait avoir invent\u00e9 une machine \u00e0 voyager dans le temps, qu\u2019il avait baptis\u00e9e Mystorial, vu que son fonctionnement restait un myst\u00e8re et qu\u2019elle voyageait de mani\u00e8re al\u00e9atoire et incontr\u00f4l\u00e9e \u00e0 travers le temps. Il pr\u00e9tendait avoir voyag\u00e9, aux c\u00f4t\u00e9s de ses deux fils, \u00e0 travers diverses \u00e9poques. Il aurait vu des dinosaures \u00e0 plumes, rendu visite au Roi Louis XIV \u00e0 Versailles et \u00e9t\u00e9 t\u00e9moins d\u2019une guerre abominable dans le futur, au cours de laquelle lui et ses fils faillirent perdre la vie.<\/p>\n<p>Celui qui \u00e9tait un prestidigitateur si appr\u00e9ci\u00e9 et reconnu dut bient\u00f4t faire face \u00e0 une avalanche de moqueries apr\u00e8s ces affirmations. Ses anciens coll\u00e8gues et admirateurs pensaient unanimement qu\u2019il \u00e9tait devenu fou.<\/p>\n<p>L\u2019Adventure Club of Europe se garda de s&rsquo;exprimer publiquement sur la v\u00e9racit\u00e9 des propos d&rsquo;Evra-Houdin, mais il d\u00e9clara apporter son soutien total \u00e0 son \u00e9minent membre.[\/vc_column_text][\/vc_column][vc_column width=\u00a0\u00bb1\/2&Prime;][vc_column_text]Les math\u00e9maticiens, qui se m\u00eal\u00e8rent \u00e0 la discussion, \u00e9valu\u00e8rent \u00e0 une probabilit\u00e9 proche de 0, si tant \u00e9tait que la machine fonctionnait r\u00e9ellement de mani\u00e8re al\u00e9atoire, la possibilit\u00e9 de revenir \u00e0 son point de d\u00e9part. Ainsi, ils apport\u00e8rent d\u2019abord une preuve contraire aux affirmations d\u2019Evra-Houdin, avant que cela n&rsquo;apporte de l&rsquo;eau au moulin de sa th\u00e9orie deux an plus tard, lors de sa disparition.<\/p>\n<p>Car lorsqu\u2019Evra-Houdin avait d\u00e9j\u00e0 disparu depuis plus de 6 mois en 1871, ceux qui croyaient en ses r\u00e9cits de voyages temporels \u00e9taient unanimes : il s\u2019\u00e9tait \u00e9gar\u00e9 \u00e0 jamais dans les couloirs du temps.<\/p>\n<p>Des d\u00e9tracteurs mirent en avant de pr\u00e9tendues dettes contract\u00e9es suite \u00e0 une addiction aux jeux, qui auraient conduit Evra-Houdin \u00e0 dispara\u00eetre de la circulation. D\u2019autres pensaient que sa disparition \u00e0 bord de la machine \u00e0 voyager dans le temps \u00e9tait son plus grand tour de magie.<\/p>\n<p>De nombreuses ann\u00e9es plus tard, la machine \u00e0 voyager dans le temps \u00ab\u00a0Mystorial\u00a0\u00bb a \u00e9t\u00e9 retrouv\u00e9e dans une grotte ancestrale, \u00e0 proximit\u00e9 du lieu de naissance d\u2019Evra-Houdin. Ses fils, qui rest\u00e8rent muets \u00e0 propos des r\u00e9cits de voyage dans le temps de leur p\u00e8re jusqu&rsquo;\u00e0 leur mort, firent don de la machine \u00e0 l&rsquo;Adventure Club of Europe en 1890. Ils \u00e9taient visiblement boulevers\u00e9s, et il semblait qu\u2019une partie centrale de la m\u00e9canique de l\u2019appareil avait \u00e9t\u00e9 d\u00e9mont\u00e9e.<\/p>\n<p>Jusqu\u2019\u00e0 aujourd\u2019hui, les admirateurs de l\u2019illusionniste argumentent en faveur de la v\u00e9racit\u00e9 de ses histoires, et sont parvenus \u00e0 faire deux d\u00e9couvertes surprenantes dans les ann\u00e9es 1940 et 1960. Tout d\u2019abord, ils mirent la main sur un portrait du Roi Louis XIV o\u00f9 l\u2019on distingue \u00e0 l\u2019arri\u00e8re-plan une machine qui ressemble \u00e0 s\u2019y m\u00e9prendre \u00e0 Mystorial. Ensuite, ils ont retrouv\u00e9 une photographie datant de la deuxi\u00e8me guerre mondiale en France. Sur celle-ci, on aper\u00e7oit Evra-Houdin et ses fils.<\/p>\n<p>Puis finalement, l\u2019affirmation d\u2019Evra-Houdin \u00e0 propos des dinosaures \u00e0 plumes fut consid\u00e9r\u00e9e sous un nouveau jour \u00e0 la fin du 20<sup>\u00e8me<\/sup> si\u00e8cle, quand les scientifiques se mirent \u00e0 tomber d\u2019accord sur le fait que la plupart des sauriens \u00e9taient effectivement couverts de plumes \u2013 un fait qui \u00e9tait compl\u00e8tement inconnu au milieu du 19<sup>\u00e8me<\/sup> si\u00e8cle.<\/p>\n<p>Actuellement en possession de l\u2019Adventure Club of Europe\u00a0:<\/p>\n<p>Art\u00e9facts\u00a0:<\/p>\n<ul>\n<li>La machine \u00e0 voyager dans le temps \u00ab\u00a0Mystorial\u00a0\u00bb<\/li>\n<\/ul>\n<p>Fotos:<\/p>\n<ul>\n<li>Portrait du Roi Louis XIV avec Mystorial en arri\u00e8re-plan<\/li>\n<li>Photo d\u2019Evra-Houdin avec ses deux fils pendant la 2<sup>\u00e8me<\/sup> guerre mondiale<\/li>\n<\/ul>\n<p>[\/vc_column_text][\/vc_column][\/vc_row][vc_row][vc_column][vc_empty_space][\/vc_column][\/vc_row][vc_row][vc_column][vc_single_image image=\u00a0\u00bb398&Prime; img_size=\u00a0\u00bbmedium\u00a0\u00bb alignment=\u00a0\u00bbcenter\u00a0\u00bb][\/vc_column][\/vc_row][vc_row][vc_column][vc_empty_space][\/vc_column][\/vc_row][vc_row][vc_column][vc_single_image image=\u00a0\u00bb424&Prime; img_size=\u00a0\u00bblarge\u00a0\u00bb alignment=\u00a0\u00bbcenter\u00a0\u00bb][\/vc_column][\/vc_row][vc_row][vc_column][vc_empty_space][\/vc_column][\/vc_row][vc_row][vc_column][vc_empty_space][\/vc_column][\/vc_row]<\/p>","protected":false},"excerpt":{"rendered":"<p>[vc_row][vc_column][vc_empty_space height=\u00a0\u00bb200px\u00a0\u00bb][\/vc_column][\/vc_row][vc_row][vc_column][vc_column_text] Noah Emile Evra-Houdin [\/vc_column_text][\/vc_column][\/vc_row][vc_row][vc_column][vc_empty_space][\/vc_column][\/vc_row][vc_row][vc_column][vc_column_text] Membre de 1844 \u00e0 1872 [\/vc_column_text][\/vc_column][\/vc_row][vc_row][vc_column][vc_empty_space][\/vc_column][\/vc_row][vc_row][vc_column][vc_single_image image=\u00a0\u00bb411&Prime; img_size=\u00a0\u00bblarge\u00a0\u00bb alignment=\u00a0\u00bbcenter\u00a0\u00bb][\/vc_column][\/vc_row][vc_row][vc_column][vc_empty_space][\/vc_column][\/vc_row][vc_row][vc_column][vc_empty_space][\/vc_column][\/vc_row][vc_row][vc_column][vc_single_image image=\u00a0\u00bb398&Prime; img_size=\u00a0\u00bbmedium\u00a0\u00bb alignment=\u00a0\u00bbcenter\u00a0\u00bb][\/vc_column][\/vc_row][vc_row][vc_column][vc_empty_space][\/vc_column][\/vc_row][vc_row][vc_column width=\u00a0\u00bb1\/2&Prime;][vc_column_text]Noah \u00c9mile Evra-Houdin, n\u00e9 le 7 d\u00e9cembre 1805 \u00e0 Blois, France, \u00e9tait un prestidigitateur et un constructeur d\u2019automate qui devint membre de l\u2019Adventure Club of Europe en 1844. La date de la mort fut d\u00e9finie en se [&hellip;]<\/p>\n","protected":false},"author":9,"featured_media":411,"parent":303,"menu_order":0,"comment_status":"closed","ping_status":"closed","template":"","meta":{"footnotes":""},"class_list":["post-1410","page","type-page","status-publish","has-post-thumbnail","hentry"],"yoast_head":"<!-- This site is optimized with the Yoast SEO plugin v26.9 - https:\/\/yoast.com\/product\/yoast-seo-wordpress\/ -->\n<title>Noah Emile Evra-Houdin - Adventure Club of Europe<\/title>\n<meta name=\"description\" content=\"Adventure Club of Europe \u2013 Entdecken Sie unsere interessantesten, spannendsten und zum Teil auch umstrittensten Expeditionen der vergangenen Jahrhunderte.\" \/>\n<meta name=\"robots\" content=\"index, follow, max-snippet:-1, max-image-preview:large, max-video-preview:-1\" \/>\n<link rel=\"canonical\" href=\"https:\/\/adventureclub.eu\/home-page\/noah-emile-evra-houdin\/\" \/>\n<meta property=\"og:locale\" content=\"fr_FR\" \/>\n<meta property=\"og:type\" content=\"article\" \/>\n<meta property=\"og:title\" content=\"Noah Emile Evra-Houdin - Adventure Club of Europe\" \/>\n<meta property=\"og:description\" content=\"Adventure Club of Europe \u2013 Entdecken Sie unsere interessantesten, spannendsten und zum Teil auch umstrittensten Expeditionen der vergangenen Jahrhunderte.\" \/>\n<meta property=\"og:url\" content=\"https:\/\/adventureclub.eu\/home-page\/noah-emile-evra-houdin\/\" \/>\n<meta property=\"og:site_name\" content=\"Adventure Club of Europe\" \/>\n<meta property=\"article:modified_time\" content=\"2019-05-02T13:25:45+00:00\" \/>\n<meta property=\"og:image\" content=\"https:\/\/adventureclub.eu\/wp-content\/uploads\/2014\/11\/mitglieder_Noah_Emile_Evra-Houdin.jpg\" \/>\n\t<meta property=\"og:image:width\" content=\"747\" \/>\n\t<meta property=\"og:image:height\" content=\"771\" \/>\n\t<meta property=\"og:image:type\" content=\"image\/jpeg\" \/>\n<meta name=\"twitter:card\" content=\"summary_large_image\" \/>\n<meta name=\"twitter:label1\" content=\"Dur\u00e9e de lecture estim\u00e9e\" \/>\n\t<meta name=\"twitter:data1\" content=\"16 minutes\" \/>\n<script type=\"application\/ld+json\" class=\"yoast-schema-graph\">{\"@context\":\"https:\/\/schema.org\",\"@graph\":[{\"@type\":\"WebPage\",\"@id\":\"https:\/\/adventureclub.eu\/home-page\/noah-emile-evra-houdin\/\",\"url\":\"https:\/\/adventureclub.eu\/home-page\/noah-emile-evra-houdin\/\",\"name\":\"Noah Emile Evra-Houdin - Adventure Club of Europe\",\"isPartOf\":{\"@id\":\"https:\/\/adventureclub.eu\/#website\"},\"primaryImageOfPage\":{\"@id\":\"https:\/\/adventureclub.eu\/home-page\/noah-emile-evra-houdin\/#primaryimage\"},\"image\":{\"@id\":\"https:\/\/adventureclub.eu\/home-page\/noah-emile-evra-houdin\/#primaryimage\"},\"thumbnailUrl\":\"https:\/\/adventureclub.eu\/wp-content\/uploads\/2014\/11\/mitglieder_Noah_Emile_Evra-Houdin.jpg\",\"datePublished\":\"2019-04-16T13:51:26+00:00\",\"dateModified\":\"2019-05-02T13:25:45+00:00\",\"description\":\"Adventure Club of Europe \u2013 Entdecken Sie unsere interessantesten, spannendsten und zum Teil auch umstrittensten Expeditionen der vergangenen Jahrhunderte.\",\"breadcrumb\":{\"@id\":\"https:\/\/adventureclub.eu\/home-page\/noah-emile-evra-houdin\/#breadcrumb\"},\"inLanguage\":\"fr-FR\",\"potentialAction\":[{\"@type\":\"ReadAction\",\"target\":[\"https:\/\/adventureclub.eu\/home-page\/noah-emile-evra-houdin\/\"]}]},{\"@type\":\"ImageObject\",\"inLanguage\":\"fr-FR\",\"@id\":\"https:\/\/adventureclub.eu\/home-page\/noah-emile-evra-houdin\/#primaryimage\",\"url\":\"https:\/\/adventureclub.eu\/wp-content\/uploads\/2014\/11\/mitglieder_Noah_Emile_Evra-Houdin.jpg\",\"contentUrl\":\"https:\/\/adventureclub.eu\/wp-content\/uploads\/2014\/11\/mitglieder_Noah_Emile_Evra-Houdin.jpg\",\"width\":747,\"height\":771,\"caption\":\"Schwarz-wei\u00df Fotografie des Adventure Club of Europe Mitglieds Noah Emile Evra-Houdin, einem \u00e4lteren Mann im Anzug.\"},{\"@type\":\"BreadcrumbList\",\"@id\":\"https:\/\/adventureclub.eu\/home-page\/noah-emile-evra-houdin\/#breadcrumb\",\"itemListElement\":[{\"@type\":\"ListItem\",\"position\":1,\"name\":\"Startseite\",\"item\":\"https:\/\/adventureclub.eu\/\"},{\"@type\":\"ListItem\",\"position\":2,\"name\":\"Home Page\",\"item\":\"https:\/\/adventureclub.eu\/\"},{\"@type\":\"ListItem\",\"position\":3,\"name\":\"Noah Emile Evra-Houdin\"}]},{\"@type\":\"WebSite\",\"@id\":\"https:\/\/adventureclub.eu\/#website\",\"url\":\"https:\/\/adventureclub.eu\/\",\"name\":\"Adventure Club of Europe\",\"description\":\"Adventure Club of Europe \u2013 Entdecken Sie unsere interessantesten, spannendsten und zum Teil auch umstrittensten Expeditionen der vergangenen Jahrhunderte.\",\"publisher\":{\"@id\":\"https:\/\/adventureclub.eu\/#organization\"},\"potentialAction\":[{\"@type\":\"SearchAction\",\"target\":{\"@type\":\"EntryPoint\",\"urlTemplate\":\"https:\/\/adventureclub.eu\/?s={search_term_string}\"},\"query-input\":{\"@type\":\"PropertyValueSpecification\",\"valueRequired\":true,\"valueName\":\"search_term_string\"}}],\"inLanguage\":\"fr-FR\"},{\"@type\":\"Organization\",\"@id\":\"https:\/\/adventureclub.eu\/#organization\",\"name\":\"Adventure Club of Europe\",\"url\":\"https:\/\/adventureclub.eu\/\",\"logo\":{\"@type\":\"ImageObject\",\"inLanguage\":\"fr-FR\",\"@id\":\"https:\/\/adventureclub.eu\/#\/schema\/logo\/image\/\",\"url\":\"https:\/\/adventureclub.eu\/wp-content\/uploads\/2017\/05\/ACE-TITLE-PAGE.jpg\",\"contentUrl\":\"https:\/\/adventureclub.eu\/wp-content\/uploads\/2017\/05\/ACE-TITLE-PAGE.jpg\",\"width\":1024,\"height\":604,\"caption\":\"Adventure Club of Europe\"},\"image\":{\"@id\":\"https:\/\/adventureclub.eu\/#\/schema\/logo\/image\/\"}}]}<\/script>\n<!-- \/ Yoast SEO plugin. -->","yoast_head_json":{"title":"Noah Emile Evra-Houdin - Adventure Club of Europe","description":"Adventure Club of Europe \u2013 Entdecken Sie unsere interessantesten, spannendsten und zum Teil auch umstrittensten Expeditionen der vergangenen Jahrhunderte.","robots":{"index":"index","follow":"follow","max-snippet":"max-snippet:-1","max-image-preview":"max-image-preview:large","max-video-preview":"max-video-preview:-1"},"canonical":"https:\/\/adventureclub.eu\/home-page\/noah-emile-evra-houdin\/","og_locale":"fr_FR","og_type":"article","og_title":"Noah Emile Evra-Houdin - Adventure Club of Europe","og_description":"Adventure Club of Europe \u2013 Entdecken Sie unsere interessantesten, spannendsten und zum Teil auch umstrittensten Expeditionen der vergangenen Jahrhunderte.","og_url":"https:\/\/adventureclub.eu\/home-page\/noah-emile-evra-houdin\/","og_site_name":"Adventure Club of Europe","article_modified_time":"2019-05-02T13:25:45+00:00","og_image":[{"width":747,"height":771,"url":"https:\/\/adventureclub.eu\/wp-content\/uploads\/2014\/11\/mitglieder_Noah_Emile_Evra-Houdin.jpg","type":"image\/jpeg"}],"twitter_card":"summary_large_image","twitter_misc":{"Dur\u00e9e de lecture estim\u00e9e":"16 minutes"},"schema":{"@context":"https:\/\/schema.org","@graph":[{"@type":"WebPage","@id":"https:\/\/adventureclub.eu\/home-page\/noah-emile-evra-houdin\/","url":"https:\/\/adventureclub.eu\/home-page\/noah-emile-evra-houdin\/","name":"Noah Emile Evra-Houdin - Adventure Club of Europe","isPartOf":{"@id":"https:\/\/adventureclub.eu\/#website"},"primaryImageOfPage":{"@id":"https:\/\/adventureclub.eu\/home-page\/noah-emile-evra-houdin\/#primaryimage"},"image":{"@id":"https:\/\/adventureclub.eu\/home-page\/noah-emile-evra-houdin\/#primaryimage"},"thumbnailUrl":"https:\/\/adventureclub.eu\/wp-content\/uploads\/2014\/11\/mitglieder_Noah_Emile_Evra-Houdin.jpg","datePublished":"2019-04-16T13:51:26+00:00","dateModified":"2019-05-02T13:25:45+00:00","description":"Adventure Club of Europe \u2013 Entdecken Sie unsere interessantesten, spannendsten und zum Teil auch umstrittensten Expeditionen der vergangenen Jahrhunderte.","breadcrumb":{"@id":"https:\/\/adventureclub.eu\/home-page\/noah-emile-evra-houdin\/#breadcrumb"},"inLanguage":"fr-FR","potentialAction":[{"@type":"ReadAction","target":["https:\/\/adventureclub.eu\/home-page\/noah-emile-evra-houdin\/"]}]},{"@type":"ImageObject","inLanguage":"fr-FR","@id":"https:\/\/adventureclub.eu\/home-page\/noah-emile-evra-houdin\/#primaryimage","url":"https:\/\/adventureclub.eu\/wp-content\/uploads\/2014\/11\/mitglieder_Noah_Emile_Evra-Houdin.jpg","contentUrl":"https:\/\/adventureclub.eu\/wp-content\/uploads\/2014\/11\/mitglieder_Noah_Emile_Evra-Houdin.jpg","width":747,"height":771,"caption":"Schwarz-wei\u00df Fotografie des Adventure Club of Europe Mitglieds Noah Emile Evra-Houdin, einem \u00e4lteren Mann im Anzug."},{"@type":"BreadcrumbList","@id":"https:\/\/adventureclub.eu\/home-page\/noah-emile-evra-houdin\/#breadcrumb","itemListElement":[{"@type":"ListItem","position":1,"name":"Startseite","item":"https:\/\/adventureclub.eu\/"},{"@type":"ListItem","position":2,"name":"Home Page","item":"https:\/\/adventureclub.eu\/"},{"@type":"ListItem","position":3,"name":"Noah Emile Evra-Houdin"}]},{"@type":"WebSite","@id":"https:\/\/adventureclub.eu\/#website","url":"https:\/\/adventureclub.eu\/","name":"Adventure Club of Europe","description":"Adventure Club of Europe \u2013 Entdecken Sie unsere interessantesten, spannendsten und zum Teil auch umstrittensten Expeditionen der vergangenen Jahrhunderte.","publisher":{"@id":"https:\/\/adventureclub.eu\/#organization"},"potentialAction":[{"@type":"SearchAction","target":{"@type":"EntryPoint","urlTemplate":"https:\/\/adventureclub.eu\/?s={search_term_string}"},"query-input":{"@type":"PropertyValueSpecification","valueRequired":true,"valueName":"search_term_string"}}],"inLanguage":"fr-FR"},{"@type":"Organization","@id":"https:\/\/adventureclub.eu\/#organization","name":"Adventure Club of Europe","url":"https:\/\/adventureclub.eu\/","logo":{"@type":"ImageObject","inLanguage":"fr-FR","@id":"https:\/\/adventureclub.eu\/#\/schema\/logo\/image\/","url":"https:\/\/adventureclub.eu\/wp-content\/uploads\/2017\/05\/ACE-TITLE-PAGE.jpg","contentUrl":"https:\/\/adventureclub.eu\/wp-content\/uploads\/2017\/05\/ACE-TITLE-PAGE.jpg","width":1024,"height":604,"caption":"Adventure Club of Europe"},"image":{"@id":"https:\/\/adventureclub.eu\/#\/schema\/logo\/image\/"}}]}},"_links":{"self":[{"href":"https:\/\/adventureclub.eu\/fr\/wp-json\/wp\/v2\/pages\/1410","targetHints":{"allow":["GET"]}}],"collection":[{"href":"https:\/\/adventureclub.eu\/fr\/wp-json\/wp\/v2\/pages"}],"about":[{"href":"https:\/\/adventureclub.eu\/fr\/wp-json\/wp\/v2\/types\/page"}],"author":[{"embeddable":true,"href":"https:\/\/adventureclub.eu\/fr\/wp-json\/wp\/v2\/users\/9"}],"replies":[{"embeddable":true,"href":"https:\/\/adventureclub.eu\/fr\/wp-json\/wp\/v2\/comments?post=1410"}],"version-history":[{"count":9,"href":"https:\/\/adventureclub.eu\/fr\/wp-json\/wp\/v2\/pages\/1410\/revisions"}],"predecessor-version":[{"id":1567,"href":"https:\/\/adventureclub.eu\/fr\/wp-json\/wp\/v2\/pages\/1410\/revisions\/1567"}],"up":[{"embeddable":true,"href":"https:\/\/adventureclub.eu\/fr\/wp-json\/wp\/v2\/pages\/303"}],"wp:featuredmedia":[{"embeddable":true,"href":"https:\/\/adventureclub.eu\/fr\/wp-json\/wp\/v2\/media\/411"}],"wp:attachment":[{"href":"https:\/\/adventureclub.eu\/fr\/wp-json\/wp\/v2\/media?parent=1410"}],"curies":[{"name":"wp","href":"https:\/\/api.w.org\/{rel}","templated":true}]}}