{"id":1415,"date":"2019-04-16T15:53:49","date_gmt":"2019-04-16T13:53:49","guid":{"rendered":"https:\/\/adventure-club.de\/?page_id=1415"},"modified":"2019-07-08T14:42:20","modified_gmt":"2019-07-08T12:42:20","slug":"ursula-weber","status":"publish","type":"page","link":"https:\/\/adventureclub.eu\/fr\/home-page\/ursula-weber\/","title":{"rendered":"Ursula Weber"},"content":{"rendered":"<p>[vc_row][vc_column][vc_empty_space height=\u00a0\u00bb200px\u00a0\u00bb][\/vc_column][\/vc_row][vc_row][vc_column][vc_column_text]<\/p>\n<h2 style=\"text-align: center;\">Ursula Weber<\/h2>\n<p>[\/vc_column_text][\/vc_column][\/vc_row][vc_row][vc_column][vc_empty_space][\/vc_column][\/vc_row][vc_row][vc_column][vc_column_text]<\/p>\n<h4 style=\"text-align: center;\">Membre de 1773 \u00e0 1801<\/h4>\n<p>[\/vc_column_text][\/vc_column][\/vc_row][vc_row][vc_column][vc_empty_space][\/vc_column][\/vc_row][vc_row][vc_column][vc_single_image image=\u00a0\u00bb580&Prime; img_size=\u00a0\u00bblarge\u00a0\u00bb alignment=\u00a0\u00bbcenter\u00a0\u00bb][\/vc_column][\/vc_row][vc_row][vc_column][vc_empty_space][\/vc_column][\/vc_row][vc_row][vc_column][vc_empty_space][\/vc_column][\/vc_row][vc_row][vc_column][vc_single_image image=\u00a0\u00bb398&Prime; img_size=\u00a0\u00bbmedium\u00a0\u00bb alignment=\u00a0\u00bbcenter\u00a0\u00bb][\/vc_column][\/vc_row][vc_row][vc_column][vc_empty_space][\/vc_column][\/vc_row][vc_row][vc_column width=\u00a0\u00bb1\/2&Prime;][vc_column_text]<span lang=\"FR\">En 1773, trois \u00e9v\u00e9nements majeurs marqu\u00e8rent l\u2019Adventure Club of Europe<\/span><\/p>\n<ol>\n<li>James Cook est le premier homme \u00e0 franchir le cercle <!--polaire--> antarctique.<\/li>\n<li>Charles Messier d\u00e9couvre la galaxie M51, aussi appel\u00e9e la \u00ab\u00a0galaxie du tourbillon\u00a0\u00bb.<\/li>\n<li>Ursula Weber devient le premier membre f\u00e9minin de l\u2019Adventure Club of Europe.<\/li>\n<\/ol>\n<p>Le 13 d\u00e9cembre 1773, l\u2019ACE r\u00e9unissait son assembl\u00e9e g\u00e9n\u00e9rale sous la pr\u00e9sidence de l\u2019\u00e9minent Ludovic de Vaucans\u00e9. Dans la lettre d&rsquo;invitation, on pouvait lire entre autres :<\/p>\n<blockquote><p>Nous avons tous ressenti cette m\u00eame chair de poule lorsque les accomplissements scientifiques de Cook et de Messier ont fait le tour du monde en cette ann\u00e9e.\u00a0\u00bb<\/p><\/blockquote>\n<p>Le choix de l&rsquo;expression \u00ab\u00a0chair de poule\u00a0\u00bb n&rsquo;\u00e9tait pas anodin de la part de Ludovic de Vaucans\u00e9, mais bien un trait d\u2019esprit. Il \u00e9tait connu pour avoir invent\u00e9 une poule m\u00e9canique, qui \u00e9tait compos\u00e9e de 400 pi\u00e8ces et rouages amovibles et qui pouvait battre des ailes, hennir, boire de l\u2019eau et m\u00eame dig\u00e9rer les c\u00e9r\u00e9ales gr\u00e2ce \u00e0 une r\u00e9action chimique interne. (Ainsi, la pr\u00e9sence d\u2019excr\u00e9ments surprenait grandement les propri\u00e9taires de ces\u00a0\u00ab\u00a0animaux\u00a0\u00bb au d\u00e9part.)<\/p>\n<p>Passionn\u00e9 d\u2019horlogerie et fascin\u00e9 par les miracles de la robotique, Vaucans\u00e9 avait aussi invit\u00e9 la jeune suisse et fille d\u2019horloger Ursula Weber. L\u2019entreprise d\u2019horlogerie paternelle poss\u00e9dait une filiale \u00e0 Paris.<\/p>\n<blockquote><p>\u00ab\u00a0Elle avait amen\u00e9 une poup\u00e9e avec elle qui mesurait env. 70 cm de haut, avec des bras, jambes et yeux articul\u00e9s. Je l\u2019ai vue le soir de la veille de l&rsquo;assembl\u00e9e, assise sur la sc\u00e8ne, dans la p\u00e9nombre. J\u2019eu soudain une sueur froide, car j\u2019ai bien cru, ne te moques pas de moi, qu\u2019elle m\u2019avait fait un clin d\u2019\u0153il.\u00a0\u00bb,<\/p><\/blockquote>\n<p>\u00e9crivit Vaucans\u00e9 en 1773 dans une lettre \u00e0 sa femme.[\/vc_column_text][\/vc_column][vc_column width=\u00a0\u00bb1\/2&Prime;][vc_column_text]Ursula Weber pr\u00e9senta sa poup\u00e9e qui levait les bras et se d\u00e9pla\u00e7ait ind\u00e9pendamment. Les membres de l\u2019Adventure Club of Europe l\u2019acclamaient d\u00e9j\u00e0, mais elle les pria alors de s&rsquo;approcher. Sa poup\u00e9e n\u2019en avait pas termin\u00e9, expliqua-t-elle, et ainsi elle lui tendit une feuille de papier.<\/p>\n<blockquote><p>\u00ab\u00a0Je m\u2019attendais \u00e0 quelques gribouillis de la part de cette poup\u00e9e et de sa jeune inventrice, mais alors que je m&rsquo;approchais, cet automate se mit \u00e0 dessiner l&#8217;embl\u00e8me de l&rsquo;ACE avec une pr\u00e9cision millim\u00e9tr\u00e9e\u00a0\u00bb, d\u00e9crivit Vaucans\u00e9 en relatant la sc\u00e8ne.<\/p><\/blockquote>\n<p>Le jour m\u00eame, Ursula Weber signa sa demande d\u2019adh\u00e9sion, et re\u00e7u imm\u00e9diatement un soutien financier pour la construction d\u2019autres poup\u00e9es andro\u00efdes.<\/p>\n<blockquote><p>\u00ab\u00a0Nous consid\u00e9rons beaucoup de choses comme inconcevables en ce bas-monde. N\u00e9anmoins, je pense que le mot \u00ab\u00a0inconcevable\u00a0\u00bb est le moteur qui nous pousse, nous scientifiques, explorateurs et inventeurs, \u00e0 emprunter la voie de la\u00a0\u00ab\u00a0conception\u00a0\u00bb. Aujourd\u2019hui, ma ch\u00e8re, j\u2019ai d\u2019abord sous-estim\u00e9 et m\u00e9pris\u00e9 les capacit\u00e9s d&rsquo;un automate, au vu de mon exp\u00e9rience modeste d&rsquo;horloger, avant de constater ce qu&rsquo;il \u00e9tait en mesure d&rsquo;accomplir. N\u2019est ce pas merveilleux que tant de choses soient finalement possibles ?\u00a0\u00bb,<\/p><\/blockquote>\n<p>\u00e9crivait encore Vaucans\u00e9 dans sa lettre \u00e0 sa femme.<br \/>\nUne ann\u00e9e plus tard, en 1774, les trois andro\u00efdes \u00ab\u00a0\u00e9crivain, organiste et dessinateur\u00a0\u00bb virent le jour. L\u2019\u00e9crivain pouvait \u00e9crire n&rsquo;importe quel texte de 40 signes, l\u2019organiste pouvait jouer cinq morceaux et le dessinateur pouvait r\u00e9aliser quatre images diff\u00e9rentes. Ursula Weber les pr\u00e9senta \u00e0 travers toute l\u2019Europe.<\/p>\n<p>Actuellement en possession de l\u2019Adventure Club of Europe\u00a0:<\/p>\n<p>Art\u00e9facts\u00a0:<\/p>\n<ul>\n<li style=\"list-style-type: none;\">\n<ul>\n<li>Croquis d\u2019un d\u00e9mon<\/li>\n<li>\u00c9clat de miroir<\/li>\n<\/ul>\n<\/li>\n<\/ul>\n<p>[\/vc_column_text][\/vc_column][\/vc_row][vc_row][vc_column][vc_empty_space][\/vc_column][\/vc_row][vc_row][vc_column][vc_single_image image=\u00a0\u00bb398&Prime; img_size=\u00a0\u00bbmedium\u00a0\u00bb alignment=\u00a0\u00bbcenter\u00a0\u00bb][\/vc_column][\/vc_row][vc_row][vc_column][vc_empty_space][\/vc_column][\/vc_row][vc_row][vc_column][vc_single_image image=\u00a0\u00bb407&Prime; img_size=\u00a0\u00bblarge\u00a0\u00bb alignment=\u00a0\u00bbcenter\u00a0\u00bb][\/vc_column][\/vc_row][vc_row][vc_column][vc_empty_space][\/vc_column][\/vc_row][vc_row][vc_column][vc_single_image image=\u00a0\u00bb408&Prime; img_size=\u00a0\u00bblarge\u00a0\u00bb alignment=\u00a0\u00bbcenter\u00a0\u00bb][\/vc_column][\/vc_row][vc_row][vc_column][vc_empty_space][\/vc_column][\/vc_row][vc_row][vc_column][vc_empty_space][\/vc_column][\/vc_row]<\/p>","protected":false},"excerpt":{"rendered":"<p>[vc_row][vc_column][vc_empty_space height=\u00a0\u00bb200px\u00a0\u00bb][\/vc_column][\/vc_row][vc_row][vc_column][vc_column_text] Ursula Weber [\/vc_column_text][\/vc_column][\/vc_row][vc_row][vc_column][vc_empty_space][\/vc_column][\/vc_row][vc_row][vc_column][vc_column_text] Membre de 1773 \u00e0 1801 [\/vc_column_text][\/vc_column][\/vc_row][vc_row][vc_column][vc_empty_space][\/vc_column][\/vc_row][vc_row][vc_column][vc_single_image image=\u00a0\u00bb580&Prime; img_size=\u00a0\u00bblarge\u00a0\u00bb alignment=\u00a0\u00bbcenter\u00a0\u00bb][\/vc_column][\/vc_row][vc_row][vc_column][vc_empty_space][\/vc_column][\/vc_row][vc_row][vc_column][vc_empty_space][\/vc_column][\/vc_row][vc_row][vc_column][vc_single_image image=\u00a0\u00bb398&Prime; img_size=\u00a0\u00bbmedium\u00a0\u00bb alignment=\u00a0\u00bbcenter\u00a0\u00bb][\/vc_column][\/vc_row][vc_row][vc_column][vc_empty_space][\/vc_column][\/vc_row][vc_row][vc_column width=\u00a0\u00bb1\/2&Prime;][vc_column_text]En 1773, trois \u00e9v\u00e9nements majeurs marqu\u00e8rent l\u2019Adventure Club of Europe James Cook est le premier homme \u00e0 franchir le cercle antarctique. Charles Messier d\u00e9couvre la galaxie M51, aussi appel\u00e9e la \u00ab\u00a0galaxie du tourbillon\u00a0\u00bb. Ursula Weber devient le premier [&hellip;]<\/p>\n","protected":false},"author":9,"featured_media":580,"parent":303,"menu_order":0,"comment_status":"closed","ping_status":"closed","template":"","meta":{"footnotes":""},"class_list":["post-1415","page","type-page","status-publish","has-post-thumbnail","hentry"],"yoast_head":"<!-- This site is optimized with the Yoast SEO plugin v26.9 - https:\/\/yoast.com\/product\/yoast-seo-wordpress\/ -->\n<title>Ursula Weber - Adventure Club of Europe<\/title>\n<meta name=\"description\" content=\"Adventure Club of Europe \u2013 Entdecken Sie unsere interessantesten, spannendsten und zum Teil auch umstrittensten Expeditionen der vergangenen Jahrhunderte.\" \/>\n<meta name=\"robots\" content=\"index, follow, max-snippet:-1, max-image-preview:large, max-video-preview:-1\" \/>\n<link rel=\"canonical\" href=\"https:\/\/adventureclub.eu\/en\/home-page\/ursula-weber\/\" \/>\n<meta property=\"og:locale\" content=\"fr_FR\" \/>\n<meta property=\"og:type\" content=\"article\" \/>\n<meta property=\"og:title\" content=\"Ursula Weber - Adventure Club of Europe\" \/>\n<meta property=\"og:description\" content=\"Adventure Club of Europe \u2013 Entdecken Sie unsere interessantesten, spannendsten und zum Teil auch umstrittensten Expeditionen der vergangenen Jahrhunderte.\" \/>\n<meta property=\"og:url\" content=\"https:\/\/adventureclub.eu\/en\/home-page\/ursula-weber\/\" \/>\n<meta property=\"og:site_name\" content=\"Adventure Club of Europe\" \/>\n<meta property=\"article:modified_time\" content=\"2019-07-08T12:42:20+00:00\" \/>\n<meta property=\"og:image\" content=\"https:\/\/adventureclub.eu\/wp-content\/uploads\/2014\/11\/mitglieder_ursula.jpg\" \/>\n\t<meta property=\"og:image:width\" content=\"793\" \/>\n\t<meta property=\"og:image:height\" content=\"1024\" \/>\n\t<meta property=\"og:image:type\" content=\"image\/jpeg\" \/>\n<meta name=\"twitter:card\" content=\"summary_large_image\" \/>\n<meta name=\"twitter:label1\" content=\"Dur\u00e9e de lecture estim\u00e9e\" \/>\n\t<meta name=\"twitter:data1\" content=\"12 minutes\" \/>\n<script type=\"application\/ld+json\" class=\"yoast-schema-graph\">{\"@context\":\"https:\/\/schema.org\",\"@graph\":[{\"@type\":\"WebPage\",\"@id\":\"https:\/\/adventureclub.eu\/en\/home-page\/ursula-weber\/\",\"url\":\"https:\/\/adventureclub.eu\/en\/home-page\/ursula-weber\/\",\"name\":\"Ursula Weber - Adventure Club of Europe\",\"isPartOf\":{\"@id\":\"https:\/\/adventureclub.eu\/#website\"},\"primaryImageOfPage\":{\"@id\":\"https:\/\/adventureclub.eu\/en\/home-page\/ursula-weber\/#primaryimage\"},\"image\":{\"@id\":\"https:\/\/adventureclub.eu\/en\/home-page\/ursula-weber\/#primaryimage\"},\"thumbnailUrl\":\"https:\/\/adventureclub.eu\/wp-content\/uploads\/2014\/11\/mitglieder_ursula.jpg\",\"datePublished\":\"2019-04-16T13:53:49+00:00\",\"dateModified\":\"2019-07-08T12:42:20+00:00\",\"description\":\"Adventure Club of Europe \u2013 Entdecken Sie unsere interessantesten, spannendsten und zum Teil auch umstrittensten Expeditionen der vergangenen Jahrhunderte.\",\"breadcrumb\":{\"@id\":\"https:\/\/adventureclub.eu\/en\/home-page\/ursula-weber\/#breadcrumb\"},\"inLanguage\":\"fr-FR\",\"potentialAction\":[{\"@type\":\"ReadAction\",\"target\":[\"https:\/\/adventureclub.eu\/en\/home-page\/ursula-weber\/\"]}]},{\"@type\":\"ImageObject\",\"inLanguage\":\"fr-FR\",\"@id\":\"https:\/\/adventureclub.eu\/en\/home-page\/ursula-weber\/#primaryimage\",\"url\":\"https:\/\/adventureclub.eu\/wp-content\/uploads\/2014\/11\/mitglieder_ursula.jpg\",\"contentUrl\":\"https:\/\/adventureclub.eu\/wp-content\/uploads\/2014\/11\/mitglieder_ursula.jpg\",\"width\":793,\"height\":1024,\"caption\":\"Barockes Gem\u00e4lde der Anh\u00e4ngerin des Adventure Club of Europe, Ursula Weber, sie tr\u00e4gt eine opulente Hochsteckfrisur und ein ausgefallenes Ballkleid.\"},{\"@type\":\"BreadcrumbList\",\"@id\":\"https:\/\/adventureclub.eu\/en\/home-page\/ursula-weber\/#breadcrumb\",\"itemListElement\":[{\"@type\":\"ListItem\",\"position\":1,\"name\":\"Startseite\",\"item\":\"https:\/\/adventureclub.eu\/\"},{\"@type\":\"ListItem\",\"position\":2,\"name\":\"Home Page\",\"item\":\"https:\/\/adventureclub.eu\/\"},{\"@type\":\"ListItem\",\"position\":3,\"name\":\"Ursula Weber\"}]},{\"@type\":\"WebSite\",\"@id\":\"https:\/\/adventureclub.eu\/#website\",\"url\":\"https:\/\/adventureclub.eu\/\",\"name\":\"Adventure Club of Europe\",\"description\":\"Adventure Club of Europe \u2013 Entdecken Sie unsere interessantesten, spannendsten und zum Teil auch umstrittensten Expeditionen der vergangenen Jahrhunderte.\",\"publisher\":{\"@id\":\"https:\/\/adventureclub.eu\/#organization\"},\"potentialAction\":[{\"@type\":\"SearchAction\",\"target\":{\"@type\":\"EntryPoint\",\"urlTemplate\":\"https:\/\/adventureclub.eu\/?s={search_term_string}\"},\"query-input\":{\"@type\":\"PropertyValueSpecification\",\"valueRequired\":true,\"valueName\":\"search_term_string\"}}],\"inLanguage\":\"fr-FR\"},{\"@type\":\"Organization\",\"@id\":\"https:\/\/adventureclub.eu\/#organization\",\"name\":\"Adventure Club of Europe\",\"url\":\"https:\/\/adventureclub.eu\/\",\"logo\":{\"@type\":\"ImageObject\",\"inLanguage\":\"fr-FR\",\"@id\":\"https:\/\/adventureclub.eu\/#\/schema\/logo\/image\/\",\"url\":\"https:\/\/adventureclub.eu\/wp-content\/uploads\/2017\/05\/ACE-TITLE-PAGE.jpg\",\"contentUrl\":\"https:\/\/adventureclub.eu\/wp-content\/uploads\/2017\/05\/ACE-TITLE-PAGE.jpg\",\"width\":1024,\"height\":604,\"caption\":\"Adventure Club of Europe\"},\"image\":{\"@id\":\"https:\/\/adventureclub.eu\/#\/schema\/logo\/image\/\"}}]}<\/script>\n<!-- \/ Yoast SEO plugin. -->","yoast_head_json":{"title":"Ursula Weber - Adventure Club of Europe","description":"Adventure Club of Europe \u2013 Entdecken Sie unsere interessantesten, spannendsten und zum Teil auch umstrittensten Expeditionen der vergangenen Jahrhunderte.","robots":{"index":"index","follow":"follow","max-snippet":"max-snippet:-1","max-image-preview":"max-image-preview:large","max-video-preview":"max-video-preview:-1"},"canonical":"https:\/\/adventureclub.eu\/en\/home-page\/ursula-weber\/","og_locale":"fr_FR","og_type":"article","og_title":"Ursula Weber - Adventure Club of Europe","og_description":"Adventure Club of Europe \u2013 Entdecken Sie unsere interessantesten, spannendsten und zum Teil auch umstrittensten Expeditionen der vergangenen Jahrhunderte.","og_url":"https:\/\/adventureclub.eu\/en\/home-page\/ursula-weber\/","og_site_name":"Adventure Club of Europe","article_modified_time":"2019-07-08T12:42:20+00:00","og_image":[{"width":793,"height":1024,"url":"https:\/\/adventureclub.eu\/wp-content\/uploads\/2014\/11\/mitglieder_ursula.jpg","type":"image\/jpeg"}],"twitter_card":"summary_large_image","twitter_misc":{"Dur\u00e9e de lecture estim\u00e9e":"12 minutes"},"schema":{"@context":"https:\/\/schema.org","@graph":[{"@type":"WebPage","@id":"https:\/\/adventureclub.eu\/en\/home-page\/ursula-weber\/","url":"https:\/\/adventureclub.eu\/en\/home-page\/ursula-weber\/","name":"Ursula Weber - Adventure Club of Europe","isPartOf":{"@id":"https:\/\/adventureclub.eu\/#website"},"primaryImageOfPage":{"@id":"https:\/\/adventureclub.eu\/en\/home-page\/ursula-weber\/#primaryimage"},"image":{"@id":"https:\/\/adventureclub.eu\/en\/home-page\/ursula-weber\/#primaryimage"},"thumbnailUrl":"https:\/\/adventureclub.eu\/wp-content\/uploads\/2014\/11\/mitglieder_ursula.jpg","datePublished":"2019-04-16T13:53:49+00:00","dateModified":"2019-07-08T12:42:20+00:00","description":"Adventure Club of Europe \u2013 Entdecken Sie unsere interessantesten, spannendsten und zum Teil auch umstrittensten Expeditionen der vergangenen Jahrhunderte.","breadcrumb":{"@id":"https:\/\/adventureclub.eu\/en\/home-page\/ursula-weber\/#breadcrumb"},"inLanguage":"fr-FR","potentialAction":[{"@type":"ReadAction","target":["https:\/\/adventureclub.eu\/en\/home-page\/ursula-weber\/"]}]},{"@type":"ImageObject","inLanguage":"fr-FR","@id":"https:\/\/adventureclub.eu\/en\/home-page\/ursula-weber\/#primaryimage","url":"https:\/\/adventureclub.eu\/wp-content\/uploads\/2014\/11\/mitglieder_ursula.jpg","contentUrl":"https:\/\/adventureclub.eu\/wp-content\/uploads\/2014\/11\/mitglieder_ursula.jpg","width":793,"height":1024,"caption":"Barockes Gem\u00e4lde der Anh\u00e4ngerin des Adventure Club of Europe, Ursula Weber, sie tr\u00e4gt eine opulente Hochsteckfrisur und ein ausgefallenes Ballkleid."},{"@type":"BreadcrumbList","@id":"https:\/\/adventureclub.eu\/en\/home-page\/ursula-weber\/#breadcrumb","itemListElement":[{"@type":"ListItem","position":1,"name":"Startseite","item":"https:\/\/adventureclub.eu\/"},{"@type":"ListItem","position":2,"name":"Home Page","item":"https:\/\/adventureclub.eu\/"},{"@type":"ListItem","position":3,"name":"Ursula Weber"}]},{"@type":"WebSite","@id":"https:\/\/adventureclub.eu\/#website","url":"https:\/\/adventureclub.eu\/","name":"Adventure Club of Europe","description":"Adventure Club of Europe \u2013 Entdecken Sie unsere interessantesten, spannendsten und zum Teil auch umstrittensten Expeditionen der vergangenen Jahrhunderte.","publisher":{"@id":"https:\/\/adventureclub.eu\/#organization"},"potentialAction":[{"@type":"SearchAction","target":{"@type":"EntryPoint","urlTemplate":"https:\/\/adventureclub.eu\/?s={search_term_string}"},"query-input":{"@type":"PropertyValueSpecification","valueRequired":true,"valueName":"search_term_string"}}],"inLanguage":"fr-FR"},{"@type":"Organization","@id":"https:\/\/adventureclub.eu\/#organization","name":"Adventure Club of Europe","url":"https:\/\/adventureclub.eu\/","logo":{"@type":"ImageObject","inLanguage":"fr-FR","@id":"https:\/\/adventureclub.eu\/#\/schema\/logo\/image\/","url":"https:\/\/adventureclub.eu\/wp-content\/uploads\/2017\/05\/ACE-TITLE-PAGE.jpg","contentUrl":"https:\/\/adventureclub.eu\/wp-content\/uploads\/2017\/05\/ACE-TITLE-PAGE.jpg","width":1024,"height":604,"caption":"Adventure Club of Europe"},"image":{"@id":"https:\/\/adventureclub.eu\/#\/schema\/logo\/image\/"}}]}},"_links":{"self":[{"href":"https:\/\/adventureclub.eu\/fr\/wp-json\/wp\/v2\/pages\/1415","targetHints":{"allow":["GET"]}}],"collection":[{"href":"https:\/\/adventureclub.eu\/fr\/wp-json\/wp\/v2\/pages"}],"about":[{"href":"https:\/\/adventureclub.eu\/fr\/wp-json\/wp\/v2\/types\/page"}],"author":[{"embeddable":true,"href":"https:\/\/adventureclub.eu\/fr\/wp-json\/wp\/v2\/users\/9"}],"replies":[{"embeddable":true,"href":"https:\/\/adventureclub.eu\/fr\/wp-json\/wp\/v2\/comments?post=1415"}],"version-history":[{"count":15,"href":"https:\/\/adventureclub.eu\/fr\/wp-json\/wp\/v2\/pages\/1415\/revisions"}],"predecessor-version":[{"id":1638,"href":"https:\/\/adventureclub.eu\/fr\/wp-json\/wp\/v2\/pages\/1415\/revisions\/1638"}],"up":[{"embeddable":true,"href":"https:\/\/adventureclub.eu\/fr\/wp-json\/wp\/v2\/pages\/303"}],"wp:featuredmedia":[{"embeddable":true,"href":"https:\/\/adventureclub.eu\/fr\/wp-json\/wp\/v2\/media\/580"}],"wp:attachment":[{"href":"https:\/\/adventureclub.eu\/fr\/wp-json\/wp\/v2\/media?parent=1415"}],"curies":[{"name":"wp","href":"https:\/\/api.w.org\/{rel}","templated":true}]}}