{"id":1419,"date":"2019-04-16T15:55:08","date_gmt":"2019-04-16T13:55:08","guid":{"rendered":"https:\/\/adventure-club.de\/?page_id=1419"},"modified":"2019-05-02T15:38:55","modified_gmt":"2019-05-02T13:38:55","slug":"montgomery-flynn","status":"publish","type":"page","link":"https:\/\/adventureclub.eu\/fr\/home-page\/montgomery-flynn\/","title":{"rendered":"Montgomery Flynn"},"content":{"rendered":"<p>[vc_row][vc_column][vc_empty_space height=\u00a0\u00bb200px\u00a0\u00bb][\/vc_column][\/vc_row][vc_row][vc_column][vc_column_text]<\/p>\n<h2 style=\"text-align: center;\">Montgomery Flynn<\/h2>\n<p>[\/vc_column_text][\/vc_column][\/vc_row][vc_row][vc_column][vc_empty_space][\/vc_column][\/vc_row][vc_row][vc_column][vc_column_text]<\/p>\n<h4 style=\"text-align: center;\">Membre (1651-1715)<\/h4>\n<p>[\/vc_column_text][\/vc_column][\/vc_row][vc_row][vc_column][vc_empty_space][\/vc_column][\/vc_row][vc_row][vc_column][vc_single_image image=\u00a0\u00bb876&Prime; img_size=\u00a0\u00bblarge\u00a0\u00bb alignment=\u00a0\u00bbcenter\u00a0\u00bb][\/vc_column][\/vc_row][vc_row][vc_column][vc_empty_space][\/vc_column][\/vc_row][vc_row][vc_column][vc_empty_space][\/vc_column][\/vc_row][vc_row][vc_column][vc_single_image image=\u00a0\u00bb398&Prime; img_size=\u00a0\u00bbmedium\u00a0\u00bb alignment=\u00a0\u00bbcenter\u00a0\u00bb][\/vc_column][\/vc_row][vc_row][vc_column][vc_empty_space][\/vc_column][\/vc_row][vc_row][vc_column width=\u00a0\u00bb1\/2&Prime;][vc_column_text]Comment peut-on d\u00e9crire la vie d\u2019un homme aussi extraordinaire, qui a \u00e9t\u00e9 pirate avant d\u2019\u00e9pouser une carri\u00e8re de chercheur, qui fut le premier homme \u00e0 faire trois fois le tour du monde \u00e0 la voile et qui est aujourd\u2019hui encore une source d\u2019inspiration et un exemple pour de nombreux auteurs, artistes et scientifiques\u00a0?\u00a0 Comment d\u00e9crire une telle vie avec le peu de lignes dont nous disposons ici ?<\/p>\n<p>Il vaut mieux ne pas essayer de le faire. Il vaut mieux laisser \u00e0 nos lecteurs la libert\u00e9 d\u2019appr\u00e9hender par leur propres moyens l\u2019ampleur de l\u2019h\u00e9ritage laiss\u00e9 par cet incroyable navigateur.<\/p>\n<p>Montgomery Flynn est n\u00e9 en 1651 \u00e0 Somerset en Angleterre, et a parcouru le monde entier en tant que flibustier et aventurier. Il fit la d\u00e9couverte de la Nouvelle-Bretagne, il a d\u00e9crit des esp\u00e8ces de plantes et d\u2019animaux inconnus et contribu\u00e9 \u00e0 l\u2019\u00e9laboration des termes anglais \u00ab\u00a0Avocado\u00a0\u00bb, \u00ab\u00a0Barbecue\u00a0\u00bb, \u00ab\u00a0Cashew\u00a0\u00bb, \u00ab\u00a0Sub-Species\u00a0\u00bb et \u00ab\u00a0Flibbertigibbetabibit\u00a0\u00bb.\u00a0 On le consid\u00e8re comme le premier naturaliste \u00e0 avoir explor\u00e9 l\u2019Australie, et il d\u00e9crivit l\u2019adaptation des animaux \u00e0 leur environnement avant Darwin.<\/p>\n<p>Et malgr\u00e9 tout cela l&rsquo;un de ses accomplissements se d\u00e9tache du lot du point de vue de l\u2019ACE\u00a0:[\/vc_column_text][\/vc_column][vc_column width=\u00a0\u00bb1\/2&Prime;][vc_column_text]En premier lieu, il est tr\u00e8s probable que le roman \u00ab\u00a0Les Voyages de Gulliver\u00a0\u00bb de Jonathan Swift soit inspir\u00e9 de la plus grande d\u00e9couverte de Montgomery Flynn\u00a0: celle des habitants de l\u2019\u00eele indon\u00e9sienne de Flor\u00e8s. Il y rencontra, selon ses dessins et notes, de tr\u00e8s petits hommes dont la taille \u00e9tait d\u2019\u00e0 peine un m\u00e8tre environ.\u00a0 Vous trouverez une description de cette exp\u00e9dition incomparable et de la rencontre entre Swift et Flynn ici m\u00eame.<\/p>\n<p>Actuellement en possession de l\u2019ACE<\/p>\n<p>Art\u00e9facts:<\/p>\n<ul>\n<li>Sabre de M. Flynn<\/li>\n<li>Carnets de notes<\/li>\n<\/ul>\n<p class=\"TextA\" style=\"line-height: 110%; tab-stops: 35.45pt 70.9pt 106.35pt 141.8pt 177.25pt 212.7pt 248.15pt 283.6pt 319.05pt 354.5pt 389.95pt 425.4pt 456.6pt;\">Tableaux\/peintures:<\/p>\n<ul>\n<li>Portrait de M. Flynn<\/li>\n<li>Ses dessins d\u2019observation de la nature<\/li>\n<\/ul>\n<p>[\/vc_column_text][\/vc_column][\/vc_row][vc_row][vc_column][vc_empty_space][\/vc_column][\/vc_row][vc_row][vc_column][vc_single_image image=\u00a0\u00bb398&Prime; img_size=\u00a0\u00bbmedium\u00a0\u00bb alignment=\u00a0\u00bbcenter\u00a0\u00bb][\/vc_column][\/vc_row][vc_row][vc_column][vc_empty_space][\/vc_column][\/vc_row][vc_row][vc_column][vc_single_image image=\u00a0\u00bb426&Prime; img_size=\u00a0\u00bblarge\u00a0\u00bb alignment=\u00a0\u00bbcenter\u00a0\u00bb][\/vc_column][\/vc_row][vc_row][vc_column][vc_empty_space][\/vc_column][\/vc_row][vc_row][vc_column][vc_empty_space][\/vc_column][\/vc_row]<\/p>","protected":false},"excerpt":{"rendered":"<p>[vc_row][vc_column][vc_empty_space height=\u00a0\u00bb200px\u00a0\u00bb][\/vc_column][\/vc_row][vc_row][vc_column][vc_column_text] Montgomery Flynn [\/vc_column_text][\/vc_column][\/vc_row][vc_row][vc_column][vc_empty_space][\/vc_column][\/vc_row][vc_row][vc_column][vc_column_text] Membre (1651-1715) [\/vc_column_text][\/vc_column][\/vc_row][vc_row][vc_column][vc_empty_space][\/vc_column][\/vc_row][vc_row][vc_column][vc_single_image image=\u00a0\u00bb876&Prime; img_size=\u00a0\u00bblarge\u00a0\u00bb alignment=\u00a0\u00bbcenter\u00a0\u00bb][\/vc_column][\/vc_row][vc_row][vc_column][vc_empty_space][\/vc_column][\/vc_row][vc_row][vc_column][vc_empty_space][\/vc_column][\/vc_row][vc_row][vc_column][vc_single_image image=\u00a0\u00bb398&Prime; img_size=\u00a0\u00bbmedium\u00a0\u00bb alignment=\u00a0\u00bbcenter\u00a0\u00bb][\/vc_column][\/vc_row][vc_row][vc_column][vc_empty_space][\/vc_column][\/vc_row][vc_row][vc_column width=\u00a0\u00bb1\/2&Prime;][vc_column_text]Comment peut-on d\u00e9crire la vie d\u2019un homme aussi extraordinaire, qui a \u00e9t\u00e9 pirate avant d\u2019\u00e9pouser une carri\u00e8re de chercheur, qui fut le premier homme \u00e0 faire trois fois le tour du monde \u00e0 la voile et qui est aujourd\u2019hui encore une [&hellip;]<\/p>\n","protected":false},"author":9,"featured_media":876,"parent":303,"menu_order":0,"comment_status":"closed","ping_status":"closed","template":"","meta":{"footnotes":""},"class_list":["post-1419","page","type-page","status-publish","has-post-thumbnail","hentry"],"yoast_head":"<!-- This site is optimized with the Yoast SEO plugin v26.9 - https:\/\/yoast.com\/product\/yoast-seo-wordpress\/ -->\n<title>Montgomery Flynn - Adventure Club of Europe<\/title>\n<meta name=\"description\" content=\"Adventure Club of Europe \u2013 Entdecken Sie unsere interessantesten, spannendsten und zum Teil auch umstrittensten Expeditionen der vergangenen Jahrhunderte.\" \/>\n<meta name=\"robots\" content=\"index, follow, max-snippet:-1, max-image-preview:large, max-video-preview:-1\" \/>\n<link rel=\"canonical\" href=\"https:\/\/adventureclub.eu\/fr\/home-page\/montgomery-flynn\/\" \/>\n<meta property=\"og:locale\" content=\"fr_FR\" \/>\n<meta property=\"og:type\" content=\"article\" \/>\n<meta property=\"og:title\" content=\"Montgomery Flynn - Adventure Club of Europe\" \/>\n<meta property=\"og:description\" content=\"Adventure Club of Europe \u2013 Entdecken Sie unsere interessantesten, spannendsten und zum Teil auch umstrittensten Expeditionen der vergangenen Jahrhunderte.\" \/>\n<meta property=\"og:url\" content=\"https:\/\/adventureclub.eu\/fr\/home-page\/montgomery-flynn\/\" \/>\n<meta property=\"og:site_name\" content=\"Adventure Club of Europe\" \/>\n<meta property=\"article:modified_time\" content=\"2019-05-02T13:38:55+00:00\" \/>\n<meta property=\"og:image\" content=\"https:\/\/adventureclub.eu\/wp-content\/uploads\/2014\/11\/image002-e1520440029749.jpg\" \/>\n\t<meta property=\"og:image:width\" content=\"828\" \/>\n\t<meta property=\"og:image:height\" content=\"1024\" \/>\n\t<meta property=\"og:image:type\" content=\"image\/jpeg\" \/>\n<meta name=\"twitter:card\" content=\"summary_large_image\" \/>\n<meta name=\"twitter:label1\" content=\"Dur\u00e9e de lecture estim\u00e9e\" \/>\n\t<meta name=\"twitter:data1\" content=\"8 minutes\" \/>\n<script type=\"application\/ld+json\" class=\"yoast-schema-graph\">{\"@context\":\"https:\/\/schema.org\",\"@graph\":[{\"@type\":\"WebPage\",\"@id\":\"https:\/\/adventureclub.eu\/fr\/home-page\/montgomery-flynn\/\",\"url\":\"https:\/\/adventureclub.eu\/fr\/home-page\/montgomery-flynn\/\",\"name\":\"Montgomery Flynn - Adventure Club of Europe\",\"isPartOf\":{\"@id\":\"https:\/\/adventureclub.eu\/#website\"},\"primaryImageOfPage\":{\"@id\":\"https:\/\/adventureclub.eu\/fr\/home-page\/montgomery-flynn\/#primaryimage\"},\"image\":{\"@id\":\"https:\/\/adventureclub.eu\/fr\/home-page\/montgomery-flynn\/#primaryimage\"},\"thumbnailUrl\":\"https:\/\/adventureclub.eu\/wp-content\/uploads\/2014\/11\/image002-e1520440029749.jpg\",\"datePublished\":\"2019-04-16T13:55:08+00:00\",\"dateModified\":\"2019-05-02T13:38:55+00:00\",\"description\":\"Adventure Club of Europe \u2013 Entdecken Sie unsere interessantesten, spannendsten und zum Teil auch umstrittensten Expeditionen der vergangenen Jahrhunderte.\",\"breadcrumb\":{\"@id\":\"https:\/\/adventureclub.eu\/fr\/home-page\/montgomery-flynn\/#breadcrumb\"},\"inLanguage\":\"fr-FR\",\"potentialAction\":[{\"@type\":\"ReadAction\",\"target\":[\"https:\/\/adventureclub.eu\/fr\/home-page\/montgomery-flynn\/\"]}]},{\"@type\":\"ImageObject\",\"inLanguage\":\"fr-FR\",\"@id\":\"https:\/\/adventureclub.eu\/fr\/home-page\/montgomery-flynn\/#primaryimage\",\"url\":\"https:\/\/adventureclub.eu\/wp-content\/uploads\/2014\/11\/image002-e1520440029749.jpg\",\"contentUrl\":\"https:\/\/adventureclub.eu\/wp-content\/uploads\/2014\/11\/image002-e1520440029749.jpg\",\"width\":828,\"height\":1024,\"caption\":\"Gem\u00e4lde von Montgomery Flynn, Mitglied des Adventure Club of Europe. Er hat lange schwarze Haare und einen Bart, steht angelehnt an einen Globus, hinter ihm sind einige Segelschiffe zu sehen.\"},{\"@type\":\"BreadcrumbList\",\"@id\":\"https:\/\/adventureclub.eu\/fr\/home-page\/montgomery-flynn\/#breadcrumb\",\"itemListElement\":[{\"@type\":\"ListItem\",\"position\":1,\"name\":\"Startseite\",\"item\":\"https:\/\/adventureclub.eu\/\"},{\"@type\":\"ListItem\",\"position\":2,\"name\":\"Home Page\",\"item\":\"https:\/\/adventureclub.eu\/\"},{\"@type\":\"ListItem\",\"position\":3,\"name\":\"Montgomery Flynn\"}]},{\"@type\":\"WebSite\",\"@id\":\"https:\/\/adventureclub.eu\/#website\",\"url\":\"https:\/\/adventureclub.eu\/\",\"name\":\"Adventure Club of Europe\",\"description\":\"Adventure Club of Europe \u2013 Entdecken Sie unsere interessantesten, spannendsten und zum Teil auch umstrittensten Expeditionen der vergangenen Jahrhunderte.\",\"publisher\":{\"@id\":\"https:\/\/adventureclub.eu\/#organization\"},\"potentialAction\":[{\"@type\":\"SearchAction\",\"target\":{\"@type\":\"EntryPoint\",\"urlTemplate\":\"https:\/\/adventureclub.eu\/?s={search_term_string}\"},\"query-input\":{\"@type\":\"PropertyValueSpecification\",\"valueRequired\":true,\"valueName\":\"search_term_string\"}}],\"inLanguage\":\"fr-FR\"},{\"@type\":\"Organization\",\"@id\":\"https:\/\/adventureclub.eu\/#organization\",\"name\":\"Adventure Club of Europe\",\"url\":\"https:\/\/adventureclub.eu\/\",\"logo\":{\"@type\":\"ImageObject\",\"inLanguage\":\"fr-FR\",\"@id\":\"https:\/\/adventureclub.eu\/#\/schema\/logo\/image\/\",\"url\":\"https:\/\/adventureclub.eu\/wp-content\/uploads\/2017\/05\/ACE-TITLE-PAGE.jpg\",\"contentUrl\":\"https:\/\/adventureclub.eu\/wp-content\/uploads\/2017\/05\/ACE-TITLE-PAGE.jpg\",\"width\":1024,\"height\":604,\"caption\":\"Adventure Club of Europe\"},\"image\":{\"@id\":\"https:\/\/adventureclub.eu\/#\/schema\/logo\/image\/\"}}]}<\/script>\n<!-- \/ Yoast SEO plugin. -->","yoast_head_json":{"title":"Montgomery Flynn - Adventure Club of Europe","description":"Adventure Club of Europe \u2013 Entdecken Sie unsere interessantesten, spannendsten und zum Teil auch umstrittensten Expeditionen der vergangenen Jahrhunderte.","robots":{"index":"index","follow":"follow","max-snippet":"max-snippet:-1","max-image-preview":"max-image-preview:large","max-video-preview":"max-video-preview:-1"},"canonical":"https:\/\/adventureclub.eu\/fr\/home-page\/montgomery-flynn\/","og_locale":"fr_FR","og_type":"article","og_title":"Montgomery Flynn - Adventure Club of Europe","og_description":"Adventure Club of Europe \u2013 Entdecken Sie unsere interessantesten, spannendsten und zum Teil auch umstrittensten Expeditionen der vergangenen Jahrhunderte.","og_url":"https:\/\/adventureclub.eu\/fr\/home-page\/montgomery-flynn\/","og_site_name":"Adventure Club of Europe","article_modified_time":"2019-05-02T13:38:55+00:00","og_image":[{"width":828,"height":1024,"url":"https:\/\/adventureclub.eu\/wp-content\/uploads\/2014\/11\/image002-e1520440029749.jpg","type":"image\/jpeg"}],"twitter_card":"summary_large_image","twitter_misc":{"Dur\u00e9e de lecture estim\u00e9e":"8 minutes"},"schema":{"@context":"https:\/\/schema.org","@graph":[{"@type":"WebPage","@id":"https:\/\/adventureclub.eu\/fr\/home-page\/montgomery-flynn\/","url":"https:\/\/adventureclub.eu\/fr\/home-page\/montgomery-flynn\/","name":"Montgomery Flynn - Adventure Club of Europe","isPartOf":{"@id":"https:\/\/adventureclub.eu\/#website"},"primaryImageOfPage":{"@id":"https:\/\/adventureclub.eu\/fr\/home-page\/montgomery-flynn\/#primaryimage"},"image":{"@id":"https:\/\/adventureclub.eu\/fr\/home-page\/montgomery-flynn\/#primaryimage"},"thumbnailUrl":"https:\/\/adventureclub.eu\/wp-content\/uploads\/2014\/11\/image002-e1520440029749.jpg","datePublished":"2019-04-16T13:55:08+00:00","dateModified":"2019-05-02T13:38:55+00:00","description":"Adventure Club of Europe \u2013 Entdecken Sie unsere interessantesten, spannendsten und zum Teil auch umstrittensten Expeditionen der vergangenen Jahrhunderte.","breadcrumb":{"@id":"https:\/\/adventureclub.eu\/fr\/home-page\/montgomery-flynn\/#breadcrumb"},"inLanguage":"fr-FR","potentialAction":[{"@type":"ReadAction","target":["https:\/\/adventureclub.eu\/fr\/home-page\/montgomery-flynn\/"]}]},{"@type":"ImageObject","inLanguage":"fr-FR","@id":"https:\/\/adventureclub.eu\/fr\/home-page\/montgomery-flynn\/#primaryimage","url":"https:\/\/adventureclub.eu\/wp-content\/uploads\/2014\/11\/image002-e1520440029749.jpg","contentUrl":"https:\/\/adventureclub.eu\/wp-content\/uploads\/2014\/11\/image002-e1520440029749.jpg","width":828,"height":1024,"caption":"Gem\u00e4lde von Montgomery Flynn, Mitglied des Adventure Club of Europe. Er hat lange schwarze Haare und einen Bart, steht angelehnt an einen Globus, hinter ihm sind einige Segelschiffe zu sehen."},{"@type":"BreadcrumbList","@id":"https:\/\/adventureclub.eu\/fr\/home-page\/montgomery-flynn\/#breadcrumb","itemListElement":[{"@type":"ListItem","position":1,"name":"Startseite","item":"https:\/\/adventureclub.eu\/"},{"@type":"ListItem","position":2,"name":"Home Page","item":"https:\/\/adventureclub.eu\/"},{"@type":"ListItem","position":3,"name":"Montgomery Flynn"}]},{"@type":"WebSite","@id":"https:\/\/adventureclub.eu\/#website","url":"https:\/\/adventureclub.eu\/","name":"Adventure Club of Europe","description":"Adventure Club of Europe \u2013 Entdecken Sie unsere interessantesten, spannendsten und zum Teil auch umstrittensten Expeditionen der vergangenen Jahrhunderte.","publisher":{"@id":"https:\/\/adventureclub.eu\/#organization"},"potentialAction":[{"@type":"SearchAction","target":{"@type":"EntryPoint","urlTemplate":"https:\/\/adventureclub.eu\/?s={search_term_string}"},"query-input":{"@type":"PropertyValueSpecification","valueRequired":true,"valueName":"search_term_string"}}],"inLanguage":"fr-FR"},{"@type":"Organization","@id":"https:\/\/adventureclub.eu\/#organization","name":"Adventure Club of Europe","url":"https:\/\/adventureclub.eu\/","logo":{"@type":"ImageObject","inLanguage":"fr-FR","@id":"https:\/\/adventureclub.eu\/#\/schema\/logo\/image\/","url":"https:\/\/adventureclub.eu\/wp-content\/uploads\/2017\/05\/ACE-TITLE-PAGE.jpg","contentUrl":"https:\/\/adventureclub.eu\/wp-content\/uploads\/2017\/05\/ACE-TITLE-PAGE.jpg","width":1024,"height":604,"caption":"Adventure Club of Europe"},"image":{"@id":"https:\/\/adventureclub.eu\/#\/schema\/logo\/image\/"}}]}},"_links":{"self":[{"href":"https:\/\/adventureclub.eu\/fr\/wp-json\/wp\/v2\/pages\/1419","targetHints":{"allow":["GET"]}}],"collection":[{"href":"https:\/\/adventureclub.eu\/fr\/wp-json\/wp\/v2\/pages"}],"about":[{"href":"https:\/\/adventureclub.eu\/fr\/wp-json\/wp\/v2\/types\/page"}],"author":[{"embeddable":true,"href":"https:\/\/adventureclub.eu\/fr\/wp-json\/wp\/v2\/users\/9"}],"replies":[{"embeddable":true,"href":"https:\/\/adventureclub.eu\/fr\/wp-json\/wp\/v2\/comments?post=1419"}],"version-history":[{"count":10,"href":"https:\/\/adventureclub.eu\/fr\/wp-json\/wp\/v2\/pages\/1419\/revisions"}],"predecessor-version":[{"id":1573,"href":"https:\/\/adventureclub.eu\/fr\/wp-json\/wp\/v2\/pages\/1419\/revisions\/1573"}],"up":[{"embeddable":true,"href":"https:\/\/adventureclub.eu\/fr\/wp-json\/wp\/v2\/pages\/303"}],"wp:featuredmedia":[{"embeddable":true,"href":"https:\/\/adventureclub.eu\/fr\/wp-json\/wp\/v2\/media\/876"}],"wp:attachment":[{"href":"https:\/\/adventureclub.eu\/fr\/wp-json\/wp\/v2\/media?parent=1419"}],"curies":[{"name":"wp","href":"https:\/\/api.w.org\/{rel}","templated":true}]}}