{"id":1423,"date":"2019-04-16T15:56:23","date_gmt":"2019-04-16T13:56:23","guid":{"rendered":"https:\/\/adventure-club.de\/?page_id=1423"},"modified":"2020-04-01T10:12:51","modified_gmt":"2020-04-01T08:12:51","slug":"vivika-stenrokk","status":"publish","type":"page","link":"https:\/\/adventureclub.eu\/fr\/home-page\/vivika-stenrokk\/","title":{"rendered":"Vivika Stenrokk"},"content":{"rendered":"<p>[vc_row][vc_column][vc_empty_space height=\u00a0\u00bb200px\u00a0\u00bb][\/vc_column][\/vc_row][vc_row][vc_column][vc_column_text]<\/p>\n<h2 style=\"text-align: center;\">Vivika Stenrokk<\/h2>\n<p>[\/vc_column_text][\/vc_column][\/vc_row][vc_row][vc_column][vc_empty_space][\/vc_column][\/vc_row][vc_row][vc_column][vc_column_text]<\/p>\n<h4 style=\"text-align: center;\">Membre depuis 2004<\/h4>\n<p>[\/vc_column_text][\/vc_column][\/vc_row][vc_row][vc_column][vc_empty_space][\/vc_column][\/vc_row][vc_row][vc_column][vc_single_image image=\u00a0\u00bb868&Prime; img_size=\u00a0\u00bblarge\u00a0\u00bb alignment=\u00a0\u00bbcenter\u00a0\u00bb][\/vc_column][\/vc_row][vc_row][vc_column][vc_empty_space][\/vc_column][\/vc_row][vc_row][vc_column][vc_empty_space][\/vc_column][\/vc_row][vc_row][vc_column][vc_single_image image=\u00a0\u00bb398&Prime; img_size=\u00a0\u00bbmedium\u00a0\u00bb alignment=\u00a0\u00bbcenter\u00a0\u00bb][\/vc_column][\/vc_row][vc_row][vc_column][vc_empty_space][\/vc_column][\/vc_row][vc_row][vc_column width=\u00a0\u00bb1\/2&Prime;][vc_column_text]<span lang=\"FR\">D\u00e8s sa plus tendre enfance, cette fille n\u00e9e de l\u2019union d\u2019un capitaine de navire et d\u2019une arch\u00e9ologue se montra fascin\u00e9e par les r\u00e9cits de bateaux naufrag\u00e9s et d\u2019\u00eeles myst\u00e9rieuses. Quand elle \u00e9coutait attentivement et des heures durant les histoires de son p\u00e8re, assise sur son giron, sa m\u00e8re riait tout en lui disant de ne pas prendre ces l\u00e9gendes de marins trop au s\u00e9rieux. Elle aimait d\u2019ailleurs \u00e9galement feuilleter assidument les livres de sa m\u00e8re, qui recelaient de tant d\u2019impressions de villes antiques et d\u2019\u00e9pigraphes. Lors de ses vacances, elle partait souvent en mer o\u00f9 elle apprit \u00e0 plonger, et cela ne dura pas longtemps avant qu\u2019elle ne remonte ses premi\u00e8res trouvailles \u00e0 la surface.<\/span><\/p>\n<p><span lang=\"FR\">Quand Vivika \u00e9tait \u00e2g\u00e9 d\u2019\u00e0 peine 12 ans, un grand malheur vint briser l\u2019insouciance de son enfance : le navire de son p\u00e8re disparu dans des circonstances inexpliqu\u00e9es lors d\u2019une mission au large de la Mer de Norv\u00e8ge. Toutes les recherches sont rest\u00e9es vaines. Depuis, elle se voue corps et \u00e2me \u00e0 l\u2019\u00e9lucidation des incidents myst\u00e9rieux du genre. Et la Mer de Norv\u00e8ge semble concentrer un grand nombre de cas, dont le naufrage du Titanic. Avec les ann\u00e9es, elle finit par \u00eatre de plus en plus convaincue que tous ces naufrages \u00e9taient en rapport avec le sujet de son histoire favorite parmi celles que contait son p\u00e8re : Rulantica, l\u2019\u00eele l\u00e9gendaire, qui \u00e9tait pr\u00e9tendument cach\u00e9e au beau milieu de la Mer de Norv\u00e8ge derri\u00e8re un \u00e9pais rideau de brouillard. <\/span><\/p>\n<p><span lang=\"FR\">Quand elle entama ses \u00e9tudes en arch\u00e9ologie, presque tous ses professeurs essay\u00e8rent de la convaincre d\u2019abandonner sa recherche de Rulantica : apr\u00e8s tout, ce n\u2019\u00e9tait qu\u2019une l\u00e9gende, et elle ferait mieux de se consacrer \u00e0 des recherches plus s\u00e9rieuses. Un seul de ses professeurs se montra enthousiasm\u00e9 par ses cogitations : Johan Malus. <\/span>[\/vc_column_text][\/vc_column][vc_column width=\u00a0\u00bb1\/2&Prime;][vc_column_text]<span lang=\"FR\">Il \u00e9tait lui-m\u00eame persuad\u00e9 de l\u2019existence de Rulantica, et s\u2019\u00e9tait lanc\u00e9 \u00e0 la recherche de l\u2019\u00eele depuis des ann\u00e9es. J. Malus devint le mentor de Vivika, et ils engag\u00e8rent de nouvelles recherches ensemble. C\u2019est aussi lui qui l\u2019intronisa en tant que membre de l\u2019ACE.<\/span><\/p>\n<p class=\"p1\"><span lang=\"FR\">En \u00e9tudiant des documents anciens et en se basant sur des histoires transmises oralement de marin \u00e0 marin, elle parvint \u00e0 la conclusion que l\u2019\u00e9pave du Tre Kronor devait contenir des indices d\u00e9cisifs, si ce n\u2019est la cl\u00e9 pour acc\u00e9der \u00e0 Rulantica : ce fier vaisseau avec \u00e9t\u00e9 envoy\u00e9 en mission par le Roi de Su\u00e8de en l\u2019an de gr\u00e2ce 1557 pour partir \u00e0 la recherche de Rulantica. Il avait \u00e9galement disparu dans des circonstances myst\u00e9rieuses. Personne n\u2019\u00e9tait parvenu jusqu\u2019\u00e0 pr\u00e9sent \u00e0 localiser son \u00e9pave, mais Vivika et J. Malus mirent tout en \u0153uvre pour atteindre cet objectif.<\/span><\/p>\n<p><span lang=\"FR\">Mais cela les mena \u00e0 la dispute et finalement \u00e0 la brouille. On raconte que J. Malus aurait \u00e9t\u00e9 jaloux du succ\u00e8s des recherches de sa jeune et brillante \u00e9l\u00e8ve. N\u00e9anmoins, il n\u2019y a pour l\u2019instant aucune preuve tangible de la d\u00e9couverte de l\u2019\u00e9pave par Vivika, ni d\u2019un potentiel voyage \u00e0 destination de Rulantica. Apr\u00e8s une exp\u00e9dition en Mer de Norv\u00e8ge et plusieurs plong\u00e9es dans les abysses, elle aurait d\u00e9nich\u00e9 une corne de brume dans les profondeurs. Elle d\u00e9missionna ensuite pr\u00e9cipitamment de son poste d\u2019arch\u00e9ologue r\u00e9sidente au Mus\u00e9e Kr\u00f8nas\u00e5r, pour repartir imm\u00e9diatement en exp\u00e9dition. Depuis, elle est port\u00e9e disparue, mais la rumeur circule qu\u2019elle aurait envoy\u00e9 une derni\u00e8re lettre \u00e0 J. Malus, et ce depuis l\u2019\u00eele de Rulantica, o\u00f9 elle aurait \u00e9lu domicile et fond\u00e9 une famille. Mais vu que Johan Malus a \u00e9galement disparu sans laisser de traces, cette supposition ne peut \u00eatre ni confirm\u00e9e, ni infirm\u00e9e pour le moment &#8230;<\/span>[\/vc_column_text][\/vc_column][\/vc_row][vc_row][vc_column][vc_empty_space][\/vc_column][\/vc_row][vc_row][vc_column][vc_single_image image=\u00a0\u00bb398&Prime; img_size=\u00a0\u00bbmedium\u00a0\u00bb alignment=\u00a0\u00bbcenter\u00a0\u00bb][\/vc_column][\/vc_row][vc_row][vc_column][vc_empty_space][\/vc_column][\/vc_row][vc_row][vc_column][vc_empty_space][\/vc_column][\/vc_row]<\/p>","protected":false},"excerpt":{"rendered":"<p>[vc_row][vc_column][vc_empty_space height=\u00a0\u00bb200px\u00a0\u00bb][\/vc_column][\/vc_row][vc_row][vc_column][vc_column_text] Vivika Stenrokk [\/vc_column_text][\/vc_column][\/vc_row][vc_row][vc_column][vc_empty_space][\/vc_column][\/vc_row][vc_row][vc_column][vc_column_text] Membre depuis 2004 [\/vc_column_text][\/vc_column][\/vc_row][vc_row][vc_column][vc_empty_space][\/vc_column][\/vc_row][vc_row][vc_column][vc_single_image image=\u00a0\u00bb868&Prime; img_size=\u00a0\u00bblarge\u00a0\u00bb alignment=\u00a0\u00bbcenter\u00a0\u00bb][\/vc_column][\/vc_row][vc_row][vc_column][vc_empty_space][\/vc_column][\/vc_row][vc_row][vc_column][vc_empty_space][\/vc_column][\/vc_row][vc_row][vc_column][vc_single_image image=\u00a0\u00bb398&Prime; img_size=\u00a0\u00bbmedium\u00a0\u00bb alignment=\u00a0\u00bbcenter\u00a0\u00bb][\/vc_column][\/vc_row][vc_row][vc_column][vc_empty_space][\/vc_column][\/vc_row][vc_row][vc_column width=\u00a0\u00bb1\/2&Prime;][vc_column_text]D\u00e8s sa plus tendre enfance, cette fille n\u00e9e de l\u2019union d\u2019un capitaine de navire et d\u2019une arch\u00e9ologue se montra fascin\u00e9e par les r\u00e9cits de bateaux naufrag\u00e9s et d\u2019\u00eeles myst\u00e9rieuses. Quand elle \u00e9coutait attentivement et des heures durant les histoires de [&hellip;]<\/p>\n","protected":false},"author":9,"featured_media":868,"parent":303,"menu_order":0,"comment_status":"closed","ping_status":"closed","template":"","meta":{"footnotes":""},"class_list":["post-1423","page","type-page","status-publish","has-post-thumbnail","hentry"],"yoast_head":"<!-- This site is optimized with the Yoast SEO plugin v26.9 - https:\/\/yoast.com\/product\/yoast-seo-wordpress\/ -->\n<title>Vivika Stenrokk - Adventure Club of Europe<\/title>\n<meta name=\"description\" content=\"Adventure Club of Europe \u2013 Entdecken Sie unsere interessantesten, spannendsten und zum Teil auch umstrittensten Expeditionen der vergangenen Jahrhunderte.\" \/>\n<meta name=\"robots\" content=\"index, follow, max-snippet:-1, max-image-preview:large, max-video-preview:-1\" \/>\n<link rel=\"canonical\" href=\"https:\/\/adventureclub.eu\/home-page\/vivika-stenrokk\/\" \/>\n<meta property=\"og:locale\" content=\"fr_FR\" \/>\n<meta property=\"og:type\" content=\"article\" \/>\n<meta property=\"og:title\" content=\"Vivika Stenrokk - Adventure Club of Europe\" \/>\n<meta property=\"og:description\" content=\"Adventure Club of Europe \u2013 Entdecken Sie unsere interessantesten, spannendsten und zum Teil auch umstrittensten Expeditionen der vergangenen Jahrhunderte.\" \/>\n<meta property=\"og:url\" content=\"https:\/\/adventureclub.eu\/home-page\/vivika-stenrokk\/\" \/>\n<meta property=\"og:site_name\" content=\"Adventure Club of Europe\" \/>\n<meta property=\"article:modified_time\" content=\"2020-04-01T08:12:51+00:00\" \/>\n<meta property=\"og:image\" content=\"https:\/\/adventureclub.eu\/wp-content\/uploads\/2014\/11\/fp-1.jpeg\" \/>\n\t<meta property=\"og:image:width\" content=\"1024\" \/>\n\t<meta property=\"og:image:height\" content=\"665\" \/>\n\t<meta property=\"og:image:type\" content=\"image\/jpeg\" \/>\n<meta name=\"twitter:card\" content=\"summary_large_image\" \/>\n<meta name=\"twitter:label1\" content=\"Dur\u00e9e de lecture estim\u00e9e\" \/>\n\t<meta name=\"twitter:data1\" content=\"12 minutes\" \/>\n<script type=\"application\/ld+json\" class=\"yoast-schema-graph\">{\"@context\":\"https:\/\/schema.org\",\"@graph\":[{\"@type\":\"WebPage\",\"@id\":\"https:\/\/adventureclub.eu\/home-page\/vivika-stenrokk\/\",\"url\":\"https:\/\/adventureclub.eu\/home-page\/vivika-stenrokk\/\",\"name\":\"Vivika Stenrokk - Adventure Club of Europe\",\"isPartOf\":{\"@id\":\"https:\/\/adventureclub.eu\/#website\"},\"primaryImageOfPage\":{\"@id\":\"https:\/\/adventureclub.eu\/home-page\/vivika-stenrokk\/#primaryimage\"},\"image\":{\"@id\":\"https:\/\/adventureclub.eu\/home-page\/vivika-stenrokk\/#primaryimage\"},\"thumbnailUrl\":\"https:\/\/adventureclub.eu\/wp-content\/uploads\/2014\/11\/fp-1.jpeg\",\"datePublished\":\"2019-04-16T13:56:23+00:00\",\"dateModified\":\"2020-04-01T08:12:51+00:00\",\"description\":\"Adventure Club of Europe \u2013 Entdecken Sie unsere interessantesten, spannendsten und zum Teil auch umstrittensten Expeditionen der vergangenen Jahrhunderte.\",\"breadcrumb\":{\"@id\":\"https:\/\/adventureclub.eu\/home-page\/vivika-stenrokk\/#breadcrumb\"},\"inLanguage\":\"fr-FR\",\"potentialAction\":[{\"@type\":\"ReadAction\",\"target\":[\"https:\/\/adventureclub.eu\/home-page\/vivika-stenrokk\/\"]}]},{\"@type\":\"ImageObject\",\"inLanguage\":\"fr-FR\",\"@id\":\"https:\/\/adventureclub.eu\/home-page\/vivika-stenrokk\/#primaryimage\",\"url\":\"https:\/\/adventureclub.eu\/wp-content\/uploads\/2014\/11\/fp-1.jpeg\",\"contentUrl\":\"https:\/\/adventureclub.eu\/wp-content\/uploads\/2014\/11\/fp-1.jpeg\",\"width\":1024,\"height\":665,\"caption\":\"Fotografie des Adventure Club of Europe Mitglieds Vivika Stenrokk. Sie h\u00e4lt eine Kamera in der Hand.\"},{\"@type\":\"BreadcrumbList\",\"@id\":\"https:\/\/adventureclub.eu\/home-page\/vivika-stenrokk\/#breadcrumb\",\"itemListElement\":[{\"@type\":\"ListItem\",\"position\":1,\"name\":\"Startseite\",\"item\":\"https:\/\/adventureclub.eu\/\"},{\"@type\":\"ListItem\",\"position\":2,\"name\":\"Home Page\",\"item\":\"https:\/\/adventureclub.eu\/\"},{\"@type\":\"ListItem\",\"position\":3,\"name\":\"Vivika Stenrokk\"}]},{\"@type\":\"WebSite\",\"@id\":\"https:\/\/adventureclub.eu\/#website\",\"url\":\"https:\/\/adventureclub.eu\/\",\"name\":\"Adventure Club of Europe\",\"description\":\"Adventure Club of Europe \u2013 Entdecken Sie unsere interessantesten, spannendsten und zum Teil auch umstrittensten Expeditionen der vergangenen Jahrhunderte.\",\"publisher\":{\"@id\":\"https:\/\/adventureclub.eu\/#organization\"},\"potentialAction\":[{\"@type\":\"SearchAction\",\"target\":{\"@type\":\"EntryPoint\",\"urlTemplate\":\"https:\/\/adventureclub.eu\/?s={search_term_string}\"},\"query-input\":{\"@type\":\"PropertyValueSpecification\",\"valueRequired\":true,\"valueName\":\"search_term_string\"}}],\"inLanguage\":\"fr-FR\"},{\"@type\":\"Organization\",\"@id\":\"https:\/\/adventureclub.eu\/#organization\",\"name\":\"Adventure Club of Europe\",\"url\":\"https:\/\/adventureclub.eu\/\",\"logo\":{\"@type\":\"ImageObject\",\"inLanguage\":\"fr-FR\",\"@id\":\"https:\/\/adventureclub.eu\/#\/schema\/logo\/image\/\",\"url\":\"https:\/\/adventureclub.eu\/wp-content\/uploads\/2017\/05\/ACE-TITLE-PAGE.jpg\",\"contentUrl\":\"https:\/\/adventureclub.eu\/wp-content\/uploads\/2017\/05\/ACE-TITLE-PAGE.jpg\",\"width\":1024,\"height\":604,\"caption\":\"Adventure Club of Europe\"},\"image\":{\"@id\":\"https:\/\/adventureclub.eu\/#\/schema\/logo\/image\/\"}}]}<\/script>\n<!-- \/ Yoast SEO plugin. -->","yoast_head_json":{"title":"Vivika Stenrokk - Adventure Club of Europe","description":"Adventure Club of Europe \u2013 Entdecken Sie unsere interessantesten, spannendsten und zum Teil auch umstrittensten Expeditionen der vergangenen Jahrhunderte.","robots":{"index":"index","follow":"follow","max-snippet":"max-snippet:-1","max-image-preview":"max-image-preview:large","max-video-preview":"max-video-preview:-1"},"canonical":"https:\/\/adventureclub.eu\/home-page\/vivika-stenrokk\/","og_locale":"fr_FR","og_type":"article","og_title":"Vivika Stenrokk - Adventure Club of Europe","og_description":"Adventure Club of Europe \u2013 Entdecken Sie unsere interessantesten, spannendsten und zum Teil auch umstrittensten Expeditionen der vergangenen Jahrhunderte.","og_url":"https:\/\/adventureclub.eu\/home-page\/vivika-stenrokk\/","og_site_name":"Adventure Club of Europe","article_modified_time":"2020-04-01T08:12:51+00:00","og_image":[{"width":1024,"height":665,"url":"https:\/\/adventureclub.eu\/wp-content\/uploads\/2014\/11\/fp-1.jpeg","type":"image\/jpeg"}],"twitter_card":"summary_large_image","twitter_misc":{"Dur\u00e9e de lecture estim\u00e9e":"12 minutes"},"schema":{"@context":"https:\/\/schema.org","@graph":[{"@type":"WebPage","@id":"https:\/\/adventureclub.eu\/home-page\/vivika-stenrokk\/","url":"https:\/\/adventureclub.eu\/home-page\/vivika-stenrokk\/","name":"Vivika Stenrokk - Adventure Club of Europe","isPartOf":{"@id":"https:\/\/adventureclub.eu\/#website"},"primaryImageOfPage":{"@id":"https:\/\/adventureclub.eu\/home-page\/vivika-stenrokk\/#primaryimage"},"image":{"@id":"https:\/\/adventureclub.eu\/home-page\/vivika-stenrokk\/#primaryimage"},"thumbnailUrl":"https:\/\/adventureclub.eu\/wp-content\/uploads\/2014\/11\/fp-1.jpeg","datePublished":"2019-04-16T13:56:23+00:00","dateModified":"2020-04-01T08:12:51+00:00","description":"Adventure Club of Europe \u2013 Entdecken Sie unsere interessantesten, spannendsten und zum Teil auch umstrittensten Expeditionen der vergangenen Jahrhunderte.","breadcrumb":{"@id":"https:\/\/adventureclub.eu\/home-page\/vivika-stenrokk\/#breadcrumb"},"inLanguage":"fr-FR","potentialAction":[{"@type":"ReadAction","target":["https:\/\/adventureclub.eu\/home-page\/vivika-stenrokk\/"]}]},{"@type":"ImageObject","inLanguage":"fr-FR","@id":"https:\/\/adventureclub.eu\/home-page\/vivika-stenrokk\/#primaryimage","url":"https:\/\/adventureclub.eu\/wp-content\/uploads\/2014\/11\/fp-1.jpeg","contentUrl":"https:\/\/adventureclub.eu\/wp-content\/uploads\/2014\/11\/fp-1.jpeg","width":1024,"height":665,"caption":"Fotografie des Adventure Club of Europe Mitglieds Vivika Stenrokk. Sie h\u00e4lt eine Kamera in der Hand."},{"@type":"BreadcrumbList","@id":"https:\/\/adventureclub.eu\/home-page\/vivika-stenrokk\/#breadcrumb","itemListElement":[{"@type":"ListItem","position":1,"name":"Startseite","item":"https:\/\/adventureclub.eu\/"},{"@type":"ListItem","position":2,"name":"Home Page","item":"https:\/\/adventureclub.eu\/"},{"@type":"ListItem","position":3,"name":"Vivika Stenrokk"}]},{"@type":"WebSite","@id":"https:\/\/adventureclub.eu\/#website","url":"https:\/\/adventureclub.eu\/","name":"Adventure Club of Europe","description":"Adventure Club of Europe \u2013 Entdecken Sie unsere interessantesten, spannendsten und zum Teil auch umstrittensten Expeditionen der vergangenen Jahrhunderte.","publisher":{"@id":"https:\/\/adventureclub.eu\/#organization"},"potentialAction":[{"@type":"SearchAction","target":{"@type":"EntryPoint","urlTemplate":"https:\/\/adventureclub.eu\/?s={search_term_string}"},"query-input":{"@type":"PropertyValueSpecification","valueRequired":true,"valueName":"search_term_string"}}],"inLanguage":"fr-FR"},{"@type":"Organization","@id":"https:\/\/adventureclub.eu\/#organization","name":"Adventure Club of Europe","url":"https:\/\/adventureclub.eu\/","logo":{"@type":"ImageObject","inLanguage":"fr-FR","@id":"https:\/\/adventureclub.eu\/#\/schema\/logo\/image\/","url":"https:\/\/adventureclub.eu\/wp-content\/uploads\/2017\/05\/ACE-TITLE-PAGE.jpg","contentUrl":"https:\/\/adventureclub.eu\/wp-content\/uploads\/2017\/05\/ACE-TITLE-PAGE.jpg","width":1024,"height":604,"caption":"Adventure Club of Europe"},"image":{"@id":"https:\/\/adventureclub.eu\/#\/schema\/logo\/image\/"}}]}},"_links":{"self":[{"href":"https:\/\/adventureclub.eu\/fr\/wp-json\/wp\/v2\/pages\/1423","targetHints":{"allow":["GET"]}}],"collection":[{"href":"https:\/\/adventureclub.eu\/fr\/wp-json\/wp\/v2\/pages"}],"about":[{"href":"https:\/\/adventureclub.eu\/fr\/wp-json\/wp\/v2\/types\/page"}],"author":[{"embeddable":true,"href":"https:\/\/adventureclub.eu\/fr\/wp-json\/wp\/v2\/users\/9"}],"replies":[{"embeddable":true,"href":"https:\/\/adventureclub.eu\/fr\/wp-json\/wp\/v2\/comments?post=1423"}],"version-history":[{"count":18,"href":"https:\/\/adventureclub.eu\/fr\/wp-json\/wp\/v2\/pages\/1423\/revisions"}],"predecessor-version":[{"id":1752,"href":"https:\/\/adventureclub.eu\/fr\/wp-json\/wp\/v2\/pages\/1423\/revisions\/1752"}],"up":[{"embeddable":true,"href":"https:\/\/adventureclub.eu\/fr\/wp-json\/wp\/v2\/pages\/303"}],"wp:featuredmedia":[{"embeddable":true,"href":"https:\/\/adventureclub.eu\/fr\/wp-json\/wp\/v2\/media\/868"}],"wp:attachment":[{"href":"https:\/\/adventureclub.eu\/fr\/wp-json\/wp\/v2\/media?parent=1423"}],"curies":[{"name":"wp","href":"https:\/\/api.w.org\/{rel}","templated":true}]}}