{"id":1427,"date":"2019-04-16T15:57:51","date_gmt":"2019-04-16T13:57:51","guid":{"rendered":"https:\/\/adventure-club.de\/?page_id=1427"},"modified":"2019-05-06T09:01:54","modified_gmt":"2019-05-06T07:01:54","slug":"klaas-klok","status":"publish","type":"page","link":"https:\/\/adventureclub.eu\/fr\/home-page\/klaas-klok\/","title":{"rendered":"Klaas Klok"},"content":{"rendered":"<p>[vc_row][vc_column][vc_empty_space height=\u00a0\u00bb200px\u00a0\u00bb][\/vc_column][\/vc_row][vc_row][vc_column][vc_column_text]<\/p>\n<h2 style=\"text-align: center;\">Klaas Klok<\/h2>\n<p>[\/vc_column_text][\/vc_column][\/vc_row][vc_row][vc_column][vc_empty_space][\/vc_column][\/vc_row][vc_row][vc_column][vc_column_text]<\/p>\n<h4 style=\"text-align: center;\">Membre de 1947 \u00e0 1981<\/h4>\n<p>[\/vc_column_text][\/vc_column][\/vc_row][vc_row][vc_column][vc_empty_space][\/vc_column][\/vc_row][vc_row][vc_column][vc_single_image image=\u00a0\u00bb1000&Prime; img_size=\u00a0\u00bblarge\u00a0\u00bb alignment=\u00a0\u00bbcenter\u00a0\u00bb][\/vc_column][\/vc_row][vc_row][vc_column][vc_empty_space][\/vc_column][\/vc_row][vc_row][vc_column][vc_empty_space][\/vc_column][\/vc_row][vc_row][vc_column][vc_single_image image=\u00a0\u00bb398&Prime; img_size=\u00a0\u00bbmedium\u00a0\u00bb alignment=\u00a0\u00bbcenter\u00a0\u00bb][\/vc_column][\/vc_row][vc_row][vc_column][vc_empty_space][\/vc_column][\/vc_row][vc_row][vc_column width=\u00a0\u00bb1\/2&Prime;][vc_column_text]Le n\u00e9erlandais Klaas\u00a0Klok devint membre de l\u2019ACE en 1947. \u00c0 l\u2019\u00e9poque, il s\u2019\u00e9tait d\u00e9j\u00e0 forg\u00e9 une solide r\u00e9putation de d\u00e9monologue et de sp\u00e9cialiste du mysticisme. Ses domaines de pr\u00e9dilection \u00e9taient entre autres l\u2019\u00e9tude des apparitions de fant\u00f4mes et les recherches autour des ph\u00e9nom\u00e8nes naturels extraordinaires.<\/p>\n<p>Cela faisait un an que Klok \u00e9tait membre de l\u2019ACE quand on lui confia une mission tr\u00e8s sp\u00e9ciale\u00a0: selon la l\u00e9gende, un portail temporel s\u2019ouvrait chaque ann\u00e9e \u00e0 une date pr\u00e9cise dans les Pr\u00e9alpes orientales septentrionales, plus pr\u00e9cis\u00e9ment dans le massif connu sous le nom d\u2019Untersberg. Vu que cette date approchait \u00e0 grands pas, et que des paysans de la r\u00e9gion avaient rapport\u00e9 des agr\u00e9gations anormales de <strong>corbeaux \u00ab\u00a0Barberousse\u00a0\u00bb <\/strong>qui tournoyaient jour et nuit autour du sommet de l\u2019Untersberg, on d\u00e9cida d\u2019envoyer Klok afin qu\u2019il effectue les recherches n\u00e9cessaires.<\/p>\n<p>\u00c9tant passionn\u00e9 d\u2019alpinisme, Klok connaissait parfaitement les Pr\u00e9alpes orientales septentrionales, et il avait d\u00e9j\u00e0 effectu\u00e9 des recherches sur place au printemps, non loin de l\u00e0, autour de la \u00ab\u00a0<strong>Crevasse du Diable<\/strong>\u00a0\u00bb. Comme la l\u00e9gende raconte aussi que le Diable en personne avait poursuivi une berg\u00e8re ici-m\u00eame, et qu\u2019elle parvint \u00e0 lui \u00e9chapper in-extremis en empruntant une br\u00e8che qui s\u2019ouvrit dans la roche, Klok d\u00e9cida \u00e0 nouveau d\u2019\u00e9tablir son bivouac \u00e0 proximit\u00e9 de la Crevasse du Diable.<\/p>\n<p>Klok \u00e9tait ainsi sur place d\u00e8s la veille, tout pr\u00e8s de la couronne de pierre qui \u00e9tait cens\u00e9e rediriger les rayons du soleil sur l\u2019emplacement du portail. Mais la nuit tourna au supplice. Baign\u00e9 de sueur et en proie aux cauchemars, il se r\u00e9veillait sans cesse, et avant que le soleil ne se l\u00e8ve derri\u00e8re la cr\u00eate du massif, il per\u00e7u un chuchotement terrifiant derri\u00e8re lui.<\/p>\n<blockquote><p><em>\u00ab<\/em>\u00a0Effray\u00e9, je regardais autour de moi, et soudain je vis deux yeux rouge vif qui me fixaient au loin. Une deuxi\u00e8me paire d\u2019yeux fit son apparition, suivie d\u2019une troisi\u00e8me, et ces cr\u00e9atures haletantes et salivantes s\u2019approchaient de moi. Pris de panique, je fuyais en tr\u00e9buchant sur le chemin de montagne, alors que mes membres semblaient s\u2019alourdir, comme engourdis par un froid glacial.<\/p><\/blockquote>\n<p>[\/vc_column_text][\/vc_column][vc_column width=\u00a0\u00bb1\/2&Prime;][vc_column_text]<\/p>\n<blockquote><p>\u00a0Aussi soudainement que les d\u00e9mons apparurent, un \u00e9pais brouillard se leva sur le chemin, m\u2019emp\u00eachant de voir o\u00f9 je mettais les pieds. Je perdis compl\u00e8tement le sens de l\u2019orientation, et je sentais que mes poursuivants se rapprochaient de plus en plus. Mais alors qu\u2019ils s\u2019appr\u00eataient \u00e0 m\u2019agripper, une chose incroyable se produisit\u00a0! Les premiers rayons du soleil fendirent le brouillard pour \u00e9clairer un rocher qui ressemblait \u00e0 une femme en train de prier, et s\u2019y r\u00e9fl\u00e9chirent comme dans un miroir pour aller s\u2019abattre sur mes poursuivants. Les d\u00e9mons s\u2019\u00e9croul\u00e8rent les uns apr\u00e8s les autres. Je les vis dispara\u00eetre dans le rocher, et tenter virulemment de s\u2019en \u00e9chapper. Je savais que je venais de trouver le portail temporel. Mais dans le m\u00eame temps, je savais, vu que les d\u00e9mons tentaient de remonter \u00e0 la surface, qu\u2019il fallait que je le d\u00e9truise \u00e0 jamais dans la foul\u00e9e. Quelle mis\u00e8re\u00a0!\u00a0<em>\u00bb<\/em><\/p><\/blockquote>\n<p>&nbsp;<\/p>\n<p>\u00e9crivit Klok dans son rapport d\u2019exp\u00e9dition pour l\u2019ACE.<\/p>\n<p>Des ann\u00e9es apr\u00e8s sa mort, on d\u00e9couvrit qu\u2019il avait en fait conserv\u00e9 un \u00e9clat du miroir du portail temporel, et qu\u2019il l\u2019avait ins\u00e9r\u00e9 dans un coffret de magie, avant de l\u2019offrir \u00e0 son petit-fils Hans pour son 10<sup>\u00e8me<\/sup> anniversaire. En jouant avec son coffret, le jeune Hans se coupa avec l\u2019\u00e9clat de miroir. Par la suite, il d\u00e9clarait souvent avoir l\u2019impression de pouvoir contr\u00f4ler le temps. De nos jours, le grand magicien Hans Klok est d\u00e9sormais mondialement c\u00e9l\u00e8bre en tant que ma\u00eetre du temps.<\/p>\n<p>Actuellement en possession de l\u2019Adventure Club of Europe\u00a0:<\/p>\n<p>Art\u00e9facts\u00a0:<\/p>\n<ul>\n<li style=\"list-style-type: none;\">\n<ul>\n<li>Croquis d\u2019un d\u00e9mon<\/li>\n<li>\u00c9clat de miroir<\/li>\n<\/ul>\n<\/li>\n<\/ul>\n<p>[\/vc_column_text][\/vc_column][\/vc_row][vc_row][vc_column][vc_empty_space][\/vc_column][\/vc_row][vc_row][vc_column][vc_single_image image=\u00a0\u00bb398&Prime; img_size=\u00a0\u00bbmedium\u00a0\u00bb alignment=\u00a0\u00bbcenter\u00a0\u00bb][\/vc_column][\/vc_row][vc_row][vc_column][vc_empty_space][\/vc_column][\/vc_row][vc_row][vc_column][vc_single_image image=\u00a0\u00bb967&Prime; img_size=\u00a0\u00bblarge\u00a0\u00bb alignment=\u00a0\u00bbcenter\u00a0\u00bb][\/vc_column][\/vc_row][vc_row][vc_column][vc_empty_space][\/vc_column][\/vc_row][vc_row][vc_column][vc_single_image image=\u00a0\u00bb968&Prime; img_size=\u00a0\u00bblarge\u00a0\u00bb alignment=\u00a0\u00bbcenter\u00a0\u00bb][\/vc_column][\/vc_row][vc_row][vc_column][vc_empty_space][\/vc_column][\/vc_row][vc_row][vc_column][vc_single_image image=\u00a0\u00bb966&Prime; img_size=\u00a0\u00bblarge\u00a0\u00bb alignment=\u00a0\u00bbcenter\u00a0\u00bb][\/vc_column][\/vc_row][vc_row][vc_column][vc_empty_space][\/vc_column][\/vc_row][vc_row][vc_column][vc_empty_space][\/vc_column][\/vc_row]<\/p>","protected":false},"excerpt":{"rendered":"<p>[vc_row][vc_column][vc_empty_space height=\u00a0\u00bb200px\u00a0\u00bb][\/vc_column][\/vc_row][vc_row][vc_column][vc_column_text] Klaas Klok [\/vc_column_text][\/vc_column][\/vc_row][vc_row][vc_column][vc_empty_space][\/vc_column][\/vc_row][vc_row][vc_column][vc_column_text] Membre de 1947 \u00e0 1981 [\/vc_column_text][\/vc_column][\/vc_row][vc_row][vc_column][vc_empty_space][\/vc_column][\/vc_row][vc_row][vc_column][vc_single_image image=\u00a0\u00bb1000&Prime; img_size=\u00a0\u00bblarge\u00a0\u00bb alignment=\u00a0\u00bbcenter\u00a0\u00bb][\/vc_column][\/vc_row][vc_row][vc_column][vc_empty_space][\/vc_column][\/vc_row][vc_row][vc_column][vc_empty_space][\/vc_column][\/vc_row][vc_row][vc_column][vc_single_image image=\u00a0\u00bb398&Prime; img_size=\u00a0\u00bbmedium\u00a0\u00bb alignment=\u00a0\u00bbcenter\u00a0\u00bb][\/vc_column][\/vc_row][vc_row][vc_column][vc_empty_space][\/vc_column][\/vc_row][vc_row][vc_column width=\u00a0\u00bb1\/2&Prime;][vc_column_text]Le n\u00e9erlandais Klaas\u00a0Klok devint membre de l\u2019ACE en 1947. \u00c0 l\u2019\u00e9poque, il s\u2019\u00e9tait d\u00e9j\u00e0 forg\u00e9 une solide r\u00e9putation de d\u00e9monologue et de sp\u00e9cialiste du mysticisme. Ses domaines de pr\u00e9dilection \u00e9taient entre autres l\u2019\u00e9tude des apparitions de fant\u00f4mes et [&hellip;]<\/p>\n","protected":false},"author":9,"featured_media":1000,"parent":303,"menu_order":0,"comment_status":"closed","ping_status":"closed","template":"","meta":{"footnotes":""},"class_list":["post-1427","page","type-page","status-publish","has-post-thumbnail","hentry"],"yoast_head":"<!-- This site is optimized with the Yoast SEO plugin v26.9 - https:\/\/yoast.com\/product\/yoast-seo-wordpress\/ -->\n<title>Klaas Klok - Adventure Club of Europe<\/title>\n<meta name=\"description\" content=\"Adventure Club of Europe \u2013 Entdecken Sie unsere interessantesten, spannendsten und zum Teil auch umstrittensten Expeditionen der vergangenen Jahrhunderte.\" \/>\n<meta name=\"robots\" content=\"index, follow, max-snippet:-1, max-image-preview:large, max-video-preview:-1\" \/>\n<link rel=\"canonical\" href=\"https:\/\/adventureclub.eu\/en\/home-page\/klaas-klok\/\" \/>\n<meta property=\"og:locale\" content=\"fr_FR\" \/>\n<meta property=\"og:type\" content=\"article\" \/>\n<meta property=\"og:title\" content=\"Klaas Klok - Adventure Club of Europe\" \/>\n<meta property=\"og:description\" content=\"Adventure Club of Europe \u2013 Entdecken Sie unsere interessantesten, spannendsten und zum Teil auch umstrittensten Expeditionen der vergangenen Jahrhunderte.\" \/>\n<meta property=\"og:url\" content=\"https:\/\/adventureclub.eu\/en\/home-page\/klaas-klok\/\" \/>\n<meta property=\"og:site_name\" content=\"Adventure Club of Europe\" \/>\n<meta property=\"article:modified_time\" content=\"2019-05-06T07:01:54+00:00\" \/>\n<meta property=\"og:image\" content=\"https:\/\/adventureclub.eu\/wp-content\/uploads\/2017\/05\/B08PortraitH1.jpg\" \/>\n\t<meta property=\"og:image:width\" content=\"686\" \/>\n\t<meta property=\"og:image:height\" content=\"1024\" \/>\n\t<meta property=\"og:image:type\" content=\"image\/jpeg\" \/>\n<meta name=\"twitter:card\" content=\"summary_large_image\" \/>\n<meta name=\"twitter:label1\" content=\"Dur\u00e9e de lecture estim\u00e9e\" \/>\n\t<meta name=\"twitter:data1\" content=\"14 minutes\" \/>\n<script type=\"application\/ld+json\" class=\"yoast-schema-graph\">{\"@context\":\"https:\/\/schema.org\",\"@graph\":[{\"@type\":\"WebPage\",\"@id\":\"https:\/\/adventureclub.eu\/en\/home-page\/klaas-klok\/\",\"url\":\"https:\/\/adventureclub.eu\/en\/home-page\/klaas-klok\/\",\"name\":\"Klaas Klok - Adventure Club of Europe\",\"isPartOf\":{\"@id\":\"https:\/\/adventureclub.eu\/#website\"},\"primaryImageOfPage\":{\"@id\":\"https:\/\/adventureclub.eu\/en\/home-page\/klaas-klok\/#primaryimage\"},\"image\":{\"@id\":\"https:\/\/adventureclub.eu\/en\/home-page\/klaas-klok\/#primaryimage\"},\"thumbnailUrl\":\"https:\/\/adventureclub.eu\/wp-content\/uploads\/2017\/05\/B08PortraitH1.jpg\",\"datePublished\":\"2019-04-16T13:57:51+00:00\",\"dateModified\":\"2019-05-06T07:01:54+00:00\",\"description\":\"Adventure Club of Europe \u2013 Entdecken Sie unsere interessantesten, spannendsten und zum Teil auch umstrittensten Expeditionen der vergangenen Jahrhunderte.\",\"breadcrumb\":{\"@id\":\"https:\/\/adventureclub.eu\/en\/home-page\/klaas-klok\/#breadcrumb\"},\"inLanguage\":\"fr-FR\",\"potentialAction\":[{\"@type\":\"ReadAction\",\"target\":[\"https:\/\/adventureclub.eu\/en\/home-page\/klaas-klok\/\"]}]},{\"@type\":\"ImageObject\",\"inLanguage\":\"fr-FR\",\"@id\":\"https:\/\/adventureclub.eu\/en\/home-page\/klaas-klok\/#primaryimage\",\"url\":\"https:\/\/adventureclub.eu\/wp-content\/uploads\/2017\/05\/B08PortraitH1.jpg\",\"contentUrl\":\"https:\/\/adventureclub.eu\/wp-content\/uploads\/2017\/05\/B08PortraitH1.jpg\",\"width\":686,\"height\":1024,\"caption\":\"Zeichnung von Klaas Klok, Mitglied des Adventure Club of Europe.\"},{\"@type\":\"BreadcrumbList\",\"@id\":\"https:\/\/adventureclub.eu\/en\/home-page\/klaas-klok\/#breadcrumb\",\"itemListElement\":[{\"@type\":\"ListItem\",\"position\":1,\"name\":\"Startseite\",\"item\":\"https:\/\/adventureclub.eu\/\"},{\"@type\":\"ListItem\",\"position\":2,\"name\":\"Home Page\",\"item\":\"https:\/\/adventureclub.eu\/\"},{\"@type\":\"ListItem\",\"position\":3,\"name\":\"Klaas Klok\"}]},{\"@type\":\"WebSite\",\"@id\":\"https:\/\/adventureclub.eu\/#website\",\"url\":\"https:\/\/adventureclub.eu\/\",\"name\":\"Adventure Club of Europe\",\"description\":\"Adventure Club of Europe \u2013 Entdecken Sie unsere interessantesten, spannendsten und zum Teil auch umstrittensten Expeditionen der vergangenen Jahrhunderte.\",\"publisher\":{\"@id\":\"https:\/\/adventureclub.eu\/#organization\"},\"potentialAction\":[{\"@type\":\"SearchAction\",\"target\":{\"@type\":\"EntryPoint\",\"urlTemplate\":\"https:\/\/adventureclub.eu\/?s={search_term_string}\"},\"query-input\":{\"@type\":\"PropertyValueSpecification\",\"valueRequired\":true,\"valueName\":\"search_term_string\"}}],\"inLanguage\":\"fr-FR\"},{\"@type\":\"Organization\",\"@id\":\"https:\/\/adventureclub.eu\/#organization\",\"name\":\"Adventure Club of Europe\",\"url\":\"https:\/\/adventureclub.eu\/\",\"logo\":{\"@type\":\"ImageObject\",\"inLanguage\":\"fr-FR\",\"@id\":\"https:\/\/adventureclub.eu\/#\/schema\/logo\/image\/\",\"url\":\"https:\/\/adventureclub.eu\/wp-content\/uploads\/2017\/05\/ACE-TITLE-PAGE.jpg\",\"contentUrl\":\"https:\/\/adventureclub.eu\/wp-content\/uploads\/2017\/05\/ACE-TITLE-PAGE.jpg\",\"width\":1024,\"height\":604,\"caption\":\"Adventure Club of Europe\"},\"image\":{\"@id\":\"https:\/\/adventureclub.eu\/#\/schema\/logo\/image\/\"}}]}<\/script>\n<!-- \/ Yoast SEO plugin. -->","yoast_head_json":{"title":"Klaas Klok - Adventure Club of Europe","description":"Adventure Club of Europe \u2013 Entdecken Sie unsere interessantesten, spannendsten und zum Teil auch umstrittensten Expeditionen der vergangenen Jahrhunderte.","robots":{"index":"index","follow":"follow","max-snippet":"max-snippet:-1","max-image-preview":"max-image-preview:large","max-video-preview":"max-video-preview:-1"},"canonical":"https:\/\/adventureclub.eu\/en\/home-page\/klaas-klok\/","og_locale":"fr_FR","og_type":"article","og_title":"Klaas Klok - Adventure Club of Europe","og_description":"Adventure Club of Europe \u2013 Entdecken Sie unsere interessantesten, spannendsten und zum Teil auch umstrittensten Expeditionen der vergangenen Jahrhunderte.","og_url":"https:\/\/adventureclub.eu\/en\/home-page\/klaas-klok\/","og_site_name":"Adventure Club of Europe","article_modified_time":"2019-05-06T07:01:54+00:00","og_image":[{"width":686,"height":1024,"url":"https:\/\/adventureclub.eu\/wp-content\/uploads\/2017\/05\/B08PortraitH1.jpg","type":"image\/jpeg"}],"twitter_card":"summary_large_image","twitter_misc":{"Dur\u00e9e de lecture estim\u00e9e":"14 minutes"},"schema":{"@context":"https:\/\/schema.org","@graph":[{"@type":"WebPage","@id":"https:\/\/adventureclub.eu\/en\/home-page\/klaas-klok\/","url":"https:\/\/adventureclub.eu\/en\/home-page\/klaas-klok\/","name":"Klaas Klok - Adventure Club of Europe","isPartOf":{"@id":"https:\/\/adventureclub.eu\/#website"},"primaryImageOfPage":{"@id":"https:\/\/adventureclub.eu\/en\/home-page\/klaas-klok\/#primaryimage"},"image":{"@id":"https:\/\/adventureclub.eu\/en\/home-page\/klaas-klok\/#primaryimage"},"thumbnailUrl":"https:\/\/adventureclub.eu\/wp-content\/uploads\/2017\/05\/B08PortraitH1.jpg","datePublished":"2019-04-16T13:57:51+00:00","dateModified":"2019-05-06T07:01:54+00:00","description":"Adventure Club of Europe \u2013 Entdecken Sie unsere interessantesten, spannendsten und zum Teil auch umstrittensten Expeditionen der vergangenen Jahrhunderte.","breadcrumb":{"@id":"https:\/\/adventureclub.eu\/en\/home-page\/klaas-klok\/#breadcrumb"},"inLanguage":"fr-FR","potentialAction":[{"@type":"ReadAction","target":["https:\/\/adventureclub.eu\/en\/home-page\/klaas-klok\/"]}]},{"@type":"ImageObject","inLanguage":"fr-FR","@id":"https:\/\/adventureclub.eu\/en\/home-page\/klaas-klok\/#primaryimage","url":"https:\/\/adventureclub.eu\/wp-content\/uploads\/2017\/05\/B08PortraitH1.jpg","contentUrl":"https:\/\/adventureclub.eu\/wp-content\/uploads\/2017\/05\/B08PortraitH1.jpg","width":686,"height":1024,"caption":"Zeichnung von Klaas Klok, Mitglied des Adventure Club of Europe."},{"@type":"BreadcrumbList","@id":"https:\/\/adventureclub.eu\/en\/home-page\/klaas-klok\/#breadcrumb","itemListElement":[{"@type":"ListItem","position":1,"name":"Startseite","item":"https:\/\/adventureclub.eu\/"},{"@type":"ListItem","position":2,"name":"Home Page","item":"https:\/\/adventureclub.eu\/"},{"@type":"ListItem","position":3,"name":"Klaas Klok"}]},{"@type":"WebSite","@id":"https:\/\/adventureclub.eu\/#website","url":"https:\/\/adventureclub.eu\/","name":"Adventure Club of Europe","description":"Adventure Club of Europe \u2013 Entdecken Sie unsere interessantesten, spannendsten und zum Teil auch umstrittensten Expeditionen der vergangenen Jahrhunderte.","publisher":{"@id":"https:\/\/adventureclub.eu\/#organization"},"potentialAction":[{"@type":"SearchAction","target":{"@type":"EntryPoint","urlTemplate":"https:\/\/adventureclub.eu\/?s={search_term_string}"},"query-input":{"@type":"PropertyValueSpecification","valueRequired":true,"valueName":"search_term_string"}}],"inLanguage":"fr-FR"},{"@type":"Organization","@id":"https:\/\/adventureclub.eu\/#organization","name":"Adventure Club of Europe","url":"https:\/\/adventureclub.eu\/","logo":{"@type":"ImageObject","inLanguage":"fr-FR","@id":"https:\/\/adventureclub.eu\/#\/schema\/logo\/image\/","url":"https:\/\/adventureclub.eu\/wp-content\/uploads\/2017\/05\/ACE-TITLE-PAGE.jpg","contentUrl":"https:\/\/adventureclub.eu\/wp-content\/uploads\/2017\/05\/ACE-TITLE-PAGE.jpg","width":1024,"height":604,"caption":"Adventure Club of Europe"},"image":{"@id":"https:\/\/adventureclub.eu\/#\/schema\/logo\/image\/"}}]}},"_links":{"self":[{"href":"https:\/\/adventureclub.eu\/fr\/wp-json\/wp\/v2\/pages\/1427","targetHints":{"allow":["GET"]}}],"collection":[{"href":"https:\/\/adventureclub.eu\/fr\/wp-json\/wp\/v2\/pages"}],"about":[{"href":"https:\/\/adventureclub.eu\/fr\/wp-json\/wp\/v2\/types\/page"}],"author":[{"embeddable":true,"href":"https:\/\/adventureclub.eu\/fr\/wp-json\/wp\/v2\/users\/9"}],"replies":[{"embeddable":true,"href":"https:\/\/adventureclub.eu\/fr\/wp-json\/wp\/v2\/comments?post=1427"}],"version-history":[{"count":14,"href":"https:\/\/adventureclub.eu\/fr\/wp-json\/wp\/v2\/pages\/1427\/revisions"}],"predecessor-version":[{"id":1594,"href":"https:\/\/adventureclub.eu\/fr\/wp-json\/wp\/v2\/pages\/1427\/revisions\/1594"}],"up":[{"embeddable":true,"href":"https:\/\/adventureclub.eu\/fr\/wp-json\/wp\/v2\/pages\/303"}],"wp:featuredmedia":[{"embeddable":true,"href":"https:\/\/adventureclub.eu\/fr\/wp-json\/wp\/v2\/media\/1000"}],"wp:attachment":[{"href":"https:\/\/adventureclub.eu\/fr\/wp-json\/wp\/v2\/media?parent=1427"}],"curies":[{"name":"wp","href":"https:\/\/api.w.org\/{rel}","templated":true}]}}