{"id":1430,"date":"2019-04-16T15:59:05","date_gmt":"2019-04-16T13:59:05","guid":{"rendered":"https:\/\/adventure-club.de\/?page_id=1430"},"modified":"2019-05-06T09:12:29","modified_gmt":"2019-05-06T07:12:29","slug":"ulrich-damrau","status":"publish","type":"page","link":"https:\/\/adventureclub.eu\/fr\/home-page\/ulrich-damrau\/","title":{"rendered":"Ulrich Damrau"},"content":{"rendered":"<p>[vc_row][vc_column][vc_empty_space height=\u00a0\u00bb200px\u00a0\u00bb][\/vc_column][\/vc_row][vc_row][vc_column][vc_column_text]<\/p>\n<h2 style=\"text-align: center;\">Ulrich Damrau<\/h2>\n<p>[\/vc_column_text][\/vc_column][\/vc_row][vc_row][vc_column][vc_empty_space][\/vc_column][\/vc_row][vc_row][vc_column][vc_column_text]<\/p>\n<h4 style=\"text-align: center;\">Membre de 1962 \u00e0 2007<\/h4>\n<p>[\/vc_column_text][\/vc_column][\/vc_row][vc_row][vc_column][vc_empty_space][\/vc_column][\/vc_row][vc_row][vc_column][vc_single_image image=\u00a0\u00bb1006&Prime; img_size=\u00a0\u00bblarge\u00a0\u00bb alignment=\u00a0\u00bbcenter\u00a0\u00bb][\/vc_column][\/vc_row][vc_row][vc_column][vc_empty_space][\/vc_column][\/vc_row][vc_row][vc_column][vc_empty_space][\/vc_column][\/vc_row][vc_row][vc_column][vc_single_image image=\u00a0\u00bb398&Prime; img_size=\u00a0\u00bbmedium\u00a0\u00bb alignment=\u00a0\u00bbcenter\u00a0\u00bb][\/vc_column][\/vc_row][vc_row][vc_column][vc_empty_space][\/vc_column][\/vc_row][vc_row][vc_column width=\u00a0\u00bb1\/2&Prime;][vc_column_text]Ulrich Damrau a particip\u00e9 d\u00e8s son plus jeune \u00e2ge aux r\u00e9unions secr\u00e8tes de l\u2019ACE enaccompagnant son p\u00e8re. Sa passion pour l\u2019architecture, les pays \u00e9trangers et les histoires myst\u00e9rieuses est d\u2019ailleurs n\u00e9e \u00e0 cette \u00e9poque. Pendant sa mission de trois ans au sein du th\u00e9\u00e2tre national en Turquie, Damrau entendit parler du \u00ab\u00a0Ney\u00a0m\u00e9lancolique\u00a0\u00bb, une fl\u00fbte tr\u00e8s ancienne datant d\u2019avant l\u2019\u00e8re chr\u00e9tienne, et qui aurait appartenu au roi sum\u00e9rien Nur-Adad. On disait de ce roi qu\u2019il serait parvenu \u00e0 r\u00e9unir son peuple \u00e9parpill\u00e9, et \u00e0 le ramener dans sa m\u00e8re- patrie. La l\u00e9gende dit que celui qui joue de cette fl\u00fbte se voit offrir sagesse et inspiration.<\/p>\n<p>Pendant trois ans, Damrau fit des recherches sur cette fl\u00fbte, mais il resta bredouille et constata que l\u2019on avait perdu sa trace apr\u00e8s le r\u00e8gne de Nur-Adad. Ainsi, il supposa qu\u2019elle se trouvait encore quelque part sur le territoire de l\u2019ancien pays de Sumer. Le hasard vint en aide \u00e0 Damrau. \u00c0 cette \u00e9poque, l\u2019ACE menait des fouilles arch\u00e9ologiques autour des ruines de la ville antique d\u2019Ur, non loin de la ziggurat du dieu de la lune Nanna, et venait de d\u00e9couvrir un nouveau tombeau royal. Damrau, en tant que sp\u00e9cialiste de l\u2019architecture antique et des b\u00e2timents orientaux, fut appel\u00e9 sur place afin de v\u00e9rifier l\u2019authenticit\u00e9 du tombeau royal.<\/p>\n<p>Mais quand Damrau chercha \u00e0 d\u00e9crocher un ornement du mur, celui-ci se r\u00e9v\u00e9la \u00eatre une fine cloison qui s\u2019\u00e9croula pour r\u00e9v\u00e9ler une deuxi\u00e8me pi\u00e8ce, qui \u00e9tait ainsi rest\u00e9e intacte et par\u00e9e de nombreuses richesses, par-del\u00e0 les mill\u00e9naires. Une longue fl\u00fbte tr\u00f4nait au milieu de la pi\u00e8ce. Damrau se sentit attir\u00e9 vers elle comme par magie, et la prit en main pour en jouer. Il parvint imm\u00e9diatement \u00e0 faire na\u00eetre des notes au son mystique et fantastique, bien qu\u2019il n\u2019ait jamais pos\u00e9 ses doigts sur une fl\u00fbte auparavant.[\/vc_column_text][\/vc_column][vc_column width=\u00a0\u00bb1\/2&Prime;][vc_column_text]Damrau fut autoris\u00e9 \u00e0 conserver la fl\u00fbte pour l\u2019\u00e9tudier de plus pr\u00e8s pour le compte de l\u2019ACE. Des ann\u00e9es plus tard, sa magie se r\u00e9v\u00e9la au grand jour. Damrau fut abord\u00e9 par un homme plein d\u2019admiration dans une petite commune du sud-ouest de l\u2019Allemagne. Cet homme n\u2019\u00e9tait autre que Roland Mack, qui lui proposa de recr\u00e9er les pays d\u2019Europe selon ses propres envies. La nuit suivante, Damrau \u00e9tait assis dans son appartement de Munich et r\u00e9fl\u00e9chissait ardemment \u00e0 la proposition, quand il se souvint du Ney et de l\u2019histoire de Nur-Adad. Plein d\u2019excitation, il prit le Ney en main, et joua.<\/p>\n<p>\u00ab\u00a0R\u00e9unir le peuple\u00a0\u00bb\u2026 mais aussi et surtout \u00ab\u00a0unir les peuples\u00a0\u00bb\u00a0!<\/p>\n<p>Dans la seconde, les plus merveilleux b\u00e2timents d\u2019Europe se mirent \u00e0 jaillir sous toutes leurs facettes dans son esprit. Europa-Park tel que nous le connaissons aujourd\u2019hui a \u00e9t\u00e9 fa\u00e7onn\u00e9 par l\u2019inspiration et la cr\u00e9ativit\u00e9 d\u2019Ulrich Damrau. Peu de personnes savent n\u00e9anmoins que Damrau y fit construire une pi\u00e8ce inspir\u00e9e du palais du roi Nur-Adad, et que le Ney s\u2019y trouve encore actuellement. Seuls certains membres privil\u00e9gi\u00e9s de l\u2019ACE connaissent son existence\u2026[\/vc_column_text][\/vc_column][\/vc_row][vc_row][vc_column][vc_empty_space][\/vc_column][\/vc_row][vc_row][vc_column][vc_single_image image=\u00a0\u00bb398&Prime; img_size=\u00a0\u00bbmedium\u00a0\u00bb alignment=\u00a0\u00bbcenter\u00a0\u00bb][\/vc_column][\/vc_row][vc_row][vc_column][vc_empty_space][\/vc_column][\/vc_row][vc_row][vc_column][vc_single_image image=\u00a0\u00bb1007&Prime; img_size=\u00a0\u00bblarge\u00a0\u00bb alignment=\u00a0\u00bbcenter\u00a0\u00bb][\/vc_column][\/vc_row][vc_row][vc_column][vc_empty_space][\/vc_column][\/vc_row][vc_row][vc_column][vc_single_image image=\u00a0\u00bb1008&Prime; img_size=\u00a0\u00bblarge\u00a0\u00bb alignment=\u00a0\u00bbcenter\u00a0\u00bb][\/vc_column][\/vc_row][vc_row][vc_column][vc_empty_space][\/vc_column][\/vc_row][vc_row][vc_column][vc_empty_space][\/vc_column][\/vc_row]<\/p>","protected":false},"excerpt":{"rendered":"<p>[vc_row][vc_column][vc_empty_space height=\u00a0\u00bb200px\u00a0\u00bb][\/vc_column][\/vc_row][vc_row][vc_column][vc_column_text] Ulrich Damrau [\/vc_column_text][\/vc_column][\/vc_row][vc_row][vc_column][vc_empty_space][\/vc_column][\/vc_row][vc_row][vc_column][vc_column_text] Membre de 1962 \u00e0 2007 [\/vc_column_text][\/vc_column][\/vc_row][vc_row][vc_column][vc_empty_space][\/vc_column][\/vc_row][vc_row][vc_column][vc_single_image image=\u00a0\u00bb1006&Prime; img_size=\u00a0\u00bblarge\u00a0\u00bb alignment=\u00a0\u00bbcenter\u00a0\u00bb][\/vc_column][\/vc_row][vc_row][vc_column][vc_empty_space][\/vc_column][\/vc_row][vc_row][vc_column][vc_empty_space][\/vc_column][\/vc_row][vc_row][vc_column][vc_single_image image=\u00a0\u00bb398&Prime; img_size=\u00a0\u00bbmedium\u00a0\u00bb alignment=\u00a0\u00bbcenter\u00a0\u00bb][\/vc_column][\/vc_row][vc_row][vc_column][vc_empty_space][\/vc_column][\/vc_row][vc_row][vc_column width=\u00a0\u00bb1\/2&Prime;][vc_column_text]Ulrich Damrau a particip\u00e9 d\u00e8s son plus jeune \u00e2ge aux r\u00e9unions secr\u00e8tes de l\u2019ACE enaccompagnant son p\u00e8re. Sa passion pour l\u2019architecture, les pays \u00e9trangers et les histoires myst\u00e9rieuses est d\u2019ailleurs n\u00e9e \u00e0 cette \u00e9poque. Pendant sa mission de [&hellip;]<\/p>\n","protected":false},"author":9,"featured_media":1006,"parent":303,"menu_order":0,"comment_status":"closed","ping_status":"closed","template":"","meta":{"footnotes":""},"class_list":["post-1430","page","type-page","status-publish","has-post-thumbnail","hentry"],"yoast_head":"<!-- This site is optimized with the Yoast SEO plugin v26.9 - https:\/\/yoast.com\/product\/yoast-seo-wordpress\/ -->\n<title>Ulrich Damrau - Adventure Club of Europe<\/title>\n<meta name=\"description\" content=\"Adventure Club of Europe \u2013 Entdecken Sie unsere interessantesten, spannendsten und zum Teil auch umstrittensten Expeditionen der vergangenen Jahrhunderte.\" \/>\n<meta name=\"robots\" content=\"index, follow, max-snippet:-1, max-image-preview:large, max-video-preview:-1\" \/>\n<link rel=\"canonical\" href=\"https:\/\/adventureclub.eu\/home-page\/ulrich-damrau\/\" \/>\n<meta property=\"og:locale\" content=\"fr_FR\" \/>\n<meta property=\"og:type\" content=\"article\" \/>\n<meta property=\"og:title\" content=\"Ulrich Damrau - Adventure Club of Europe\" \/>\n<meta property=\"og:description\" content=\"Adventure Club of Europe \u2013 Entdecken Sie unsere interessantesten, spannendsten und zum Teil auch umstrittensten Expeditionen der vergangenen Jahrhunderte.\" \/>\n<meta property=\"og:url\" content=\"https:\/\/adventureclub.eu\/home-page\/ulrich-damrau\/\" \/>\n<meta property=\"og:site_name\" content=\"Adventure Club of Europe\" \/>\n<meta property=\"article:modified_time\" content=\"2019-05-06T07:12:29+00:00\" \/>\n<meta property=\"og:image\" content=\"https:\/\/adventureclub.eu\/wp-content\/uploads\/2017\/05\/u-damrau.jpg\" \/>\n\t<meta property=\"og:image:width\" content=\"500\" \/>\n\t<meta property=\"og:image:height\" content=\"360\" \/>\n\t<meta property=\"og:image:type\" content=\"image\/jpeg\" \/>\n<meta name=\"twitter:card\" content=\"summary_large_image\" \/>\n<meta name=\"twitter:label1\" content=\"Dur\u00e9e de lecture estim\u00e9e\" \/>\n\t<meta name=\"twitter:data1\" content=\"11 minutes\" \/>\n<script type=\"application\/ld+json\" class=\"yoast-schema-graph\">{\"@context\":\"https:\/\/schema.org\",\"@graph\":[{\"@type\":\"WebPage\",\"@id\":\"https:\/\/adventureclub.eu\/home-page\/ulrich-damrau\/\",\"url\":\"https:\/\/adventureclub.eu\/home-page\/ulrich-damrau\/\",\"name\":\"Ulrich Damrau - Adventure Club of Europe\",\"isPartOf\":{\"@id\":\"https:\/\/adventureclub.eu\/#website\"},\"primaryImageOfPage\":{\"@id\":\"https:\/\/adventureclub.eu\/home-page\/ulrich-damrau\/#primaryimage\"},\"image\":{\"@id\":\"https:\/\/adventureclub.eu\/home-page\/ulrich-damrau\/#primaryimage\"},\"thumbnailUrl\":\"https:\/\/adventureclub.eu\/wp-content\/uploads\/2017\/05\/u-damrau.jpg\",\"datePublished\":\"2019-04-16T13:59:05+00:00\",\"dateModified\":\"2019-05-06T07:12:29+00:00\",\"description\":\"Adventure Club of Europe \u2013 Entdecken Sie unsere interessantesten, spannendsten und zum Teil auch umstrittensten Expeditionen der vergangenen Jahrhunderte.\",\"breadcrumb\":{\"@id\":\"https:\/\/adventureclub.eu\/home-page\/ulrich-damrau\/#breadcrumb\"},\"inLanguage\":\"fr-FR\",\"potentialAction\":[{\"@type\":\"ReadAction\",\"target\":[\"https:\/\/adventureclub.eu\/home-page\/ulrich-damrau\/\"]}]},{\"@type\":\"ImageObject\",\"inLanguage\":\"fr-FR\",\"@id\":\"https:\/\/adventureclub.eu\/home-page\/ulrich-damrau\/#primaryimage\",\"url\":\"https:\/\/adventureclub.eu\/wp-content\/uploads\/2017\/05\/u-damrau.jpg\",\"contentUrl\":\"https:\/\/adventureclub.eu\/wp-content\/uploads\/2017\/05\/u-damrau.jpg\",\"width\":500,\"height\":360,\"caption\":\"Fotografie des Adventure Club of Europe Mitglieds Ulrich Damrau, einem alten Mann, der in die Ferne schaut.\"},{\"@type\":\"BreadcrumbList\",\"@id\":\"https:\/\/adventureclub.eu\/home-page\/ulrich-damrau\/#breadcrumb\",\"itemListElement\":[{\"@type\":\"ListItem\",\"position\":1,\"name\":\"Startseite\",\"item\":\"https:\/\/adventureclub.eu\/\"},{\"@type\":\"ListItem\",\"position\":2,\"name\":\"Home Page\",\"item\":\"https:\/\/adventureclub.eu\/\"},{\"@type\":\"ListItem\",\"position\":3,\"name\":\"Ulrich Damrau\"}]},{\"@type\":\"WebSite\",\"@id\":\"https:\/\/adventureclub.eu\/#website\",\"url\":\"https:\/\/adventureclub.eu\/\",\"name\":\"Adventure Club of Europe\",\"description\":\"Adventure Club of Europe \u2013 Entdecken Sie unsere interessantesten, spannendsten und zum Teil auch umstrittensten Expeditionen der vergangenen Jahrhunderte.\",\"publisher\":{\"@id\":\"https:\/\/adventureclub.eu\/#organization\"},\"potentialAction\":[{\"@type\":\"SearchAction\",\"target\":{\"@type\":\"EntryPoint\",\"urlTemplate\":\"https:\/\/adventureclub.eu\/?s={search_term_string}\"},\"query-input\":{\"@type\":\"PropertyValueSpecification\",\"valueRequired\":true,\"valueName\":\"search_term_string\"}}],\"inLanguage\":\"fr-FR\"},{\"@type\":\"Organization\",\"@id\":\"https:\/\/adventureclub.eu\/#organization\",\"name\":\"Adventure Club of Europe\",\"url\":\"https:\/\/adventureclub.eu\/\",\"logo\":{\"@type\":\"ImageObject\",\"inLanguage\":\"fr-FR\",\"@id\":\"https:\/\/adventureclub.eu\/#\/schema\/logo\/image\/\",\"url\":\"https:\/\/adventureclub.eu\/wp-content\/uploads\/2017\/05\/ACE-TITLE-PAGE.jpg\",\"contentUrl\":\"https:\/\/adventureclub.eu\/wp-content\/uploads\/2017\/05\/ACE-TITLE-PAGE.jpg\",\"width\":1024,\"height\":604,\"caption\":\"Adventure Club of Europe\"},\"image\":{\"@id\":\"https:\/\/adventureclub.eu\/#\/schema\/logo\/image\/\"}}]}<\/script>\n<!-- \/ Yoast SEO plugin. -->","yoast_head_json":{"title":"Ulrich Damrau - Adventure Club of Europe","description":"Adventure Club of Europe \u2013 Entdecken Sie unsere interessantesten, spannendsten und zum Teil auch umstrittensten Expeditionen der vergangenen Jahrhunderte.","robots":{"index":"index","follow":"follow","max-snippet":"max-snippet:-1","max-image-preview":"max-image-preview:large","max-video-preview":"max-video-preview:-1"},"canonical":"https:\/\/adventureclub.eu\/home-page\/ulrich-damrau\/","og_locale":"fr_FR","og_type":"article","og_title":"Ulrich Damrau - Adventure Club of Europe","og_description":"Adventure Club of Europe \u2013 Entdecken Sie unsere interessantesten, spannendsten und zum Teil auch umstrittensten Expeditionen der vergangenen Jahrhunderte.","og_url":"https:\/\/adventureclub.eu\/home-page\/ulrich-damrau\/","og_site_name":"Adventure Club of Europe","article_modified_time":"2019-05-06T07:12:29+00:00","og_image":[{"width":500,"height":360,"url":"https:\/\/adventureclub.eu\/wp-content\/uploads\/2017\/05\/u-damrau.jpg","type":"image\/jpeg"}],"twitter_card":"summary_large_image","twitter_misc":{"Dur\u00e9e de lecture estim\u00e9e":"11 minutes"},"schema":{"@context":"https:\/\/schema.org","@graph":[{"@type":"WebPage","@id":"https:\/\/adventureclub.eu\/home-page\/ulrich-damrau\/","url":"https:\/\/adventureclub.eu\/home-page\/ulrich-damrau\/","name":"Ulrich Damrau - Adventure Club of Europe","isPartOf":{"@id":"https:\/\/adventureclub.eu\/#website"},"primaryImageOfPage":{"@id":"https:\/\/adventureclub.eu\/home-page\/ulrich-damrau\/#primaryimage"},"image":{"@id":"https:\/\/adventureclub.eu\/home-page\/ulrich-damrau\/#primaryimage"},"thumbnailUrl":"https:\/\/adventureclub.eu\/wp-content\/uploads\/2017\/05\/u-damrau.jpg","datePublished":"2019-04-16T13:59:05+00:00","dateModified":"2019-05-06T07:12:29+00:00","description":"Adventure Club of Europe \u2013 Entdecken Sie unsere interessantesten, spannendsten und zum Teil auch umstrittensten Expeditionen der vergangenen Jahrhunderte.","breadcrumb":{"@id":"https:\/\/adventureclub.eu\/home-page\/ulrich-damrau\/#breadcrumb"},"inLanguage":"fr-FR","potentialAction":[{"@type":"ReadAction","target":["https:\/\/adventureclub.eu\/home-page\/ulrich-damrau\/"]}]},{"@type":"ImageObject","inLanguage":"fr-FR","@id":"https:\/\/adventureclub.eu\/home-page\/ulrich-damrau\/#primaryimage","url":"https:\/\/adventureclub.eu\/wp-content\/uploads\/2017\/05\/u-damrau.jpg","contentUrl":"https:\/\/adventureclub.eu\/wp-content\/uploads\/2017\/05\/u-damrau.jpg","width":500,"height":360,"caption":"Fotografie des Adventure Club of Europe Mitglieds Ulrich Damrau, einem alten Mann, der in die Ferne schaut."},{"@type":"BreadcrumbList","@id":"https:\/\/adventureclub.eu\/home-page\/ulrich-damrau\/#breadcrumb","itemListElement":[{"@type":"ListItem","position":1,"name":"Startseite","item":"https:\/\/adventureclub.eu\/"},{"@type":"ListItem","position":2,"name":"Home Page","item":"https:\/\/adventureclub.eu\/"},{"@type":"ListItem","position":3,"name":"Ulrich Damrau"}]},{"@type":"WebSite","@id":"https:\/\/adventureclub.eu\/#website","url":"https:\/\/adventureclub.eu\/","name":"Adventure Club of Europe","description":"Adventure Club of Europe \u2013 Entdecken Sie unsere interessantesten, spannendsten und zum Teil auch umstrittensten Expeditionen der vergangenen Jahrhunderte.","publisher":{"@id":"https:\/\/adventureclub.eu\/#organization"},"potentialAction":[{"@type":"SearchAction","target":{"@type":"EntryPoint","urlTemplate":"https:\/\/adventureclub.eu\/?s={search_term_string}"},"query-input":{"@type":"PropertyValueSpecification","valueRequired":true,"valueName":"search_term_string"}}],"inLanguage":"fr-FR"},{"@type":"Organization","@id":"https:\/\/adventureclub.eu\/#organization","name":"Adventure Club of Europe","url":"https:\/\/adventureclub.eu\/","logo":{"@type":"ImageObject","inLanguage":"fr-FR","@id":"https:\/\/adventureclub.eu\/#\/schema\/logo\/image\/","url":"https:\/\/adventureclub.eu\/wp-content\/uploads\/2017\/05\/ACE-TITLE-PAGE.jpg","contentUrl":"https:\/\/adventureclub.eu\/wp-content\/uploads\/2017\/05\/ACE-TITLE-PAGE.jpg","width":1024,"height":604,"caption":"Adventure Club of Europe"},"image":{"@id":"https:\/\/adventureclub.eu\/#\/schema\/logo\/image\/"}}]}},"_links":{"self":[{"href":"https:\/\/adventureclub.eu\/fr\/wp-json\/wp\/v2\/pages\/1430","targetHints":{"allow":["GET"]}}],"collection":[{"href":"https:\/\/adventureclub.eu\/fr\/wp-json\/wp\/v2\/pages"}],"about":[{"href":"https:\/\/adventureclub.eu\/fr\/wp-json\/wp\/v2\/types\/page"}],"author":[{"embeddable":true,"href":"https:\/\/adventureclub.eu\/fr\/wp-json\/wp\/v2\/users\/9"}],"replies":[{"embeddable":true,"href":"https:\/\/adventureclub.eu\/fr\/wp-json\/wp\/v2\/comments?post=1430"}],"version-history":[{"count":12,"href":"https:\/\/adventureclub.eu\/fr\/wp-json\/wp\/v2\/pages\/1430\/revisions"}],"predecessor-version":[{"id":1598,"href":"https:\/\/adventureclub.eu\/fr\/wp-json\/wp\/v2\/pages\/1430\/revisions\/1598"}],"up":[{"embeddable":true,"href":"https:\/\/adventureclub.eu\/fr\/wp-json\/wp\/v2\/pages\/303"}],"wp:featuredmedia":[{"embeddable":true,"href":"https:\/\/adventureclub.eu\/fr\/wp-json\/wp\/v2\/media\/1006"}],"wp:attachment":[{"href":"https:\/\/adventureclub.eu\/fr\/wp-json\/wp\/v2\/media?parent=1430"}],"curies":[{"name":"wp","href":"https:\/\/api.w.org\/{rel}","templated":true}]}}