{"id":1434,"date":"2019-04-16T16:00:48","date_gmt":"2019-04-16T14:00:48","guid":{"rendered":"https:\/\/adventure-club.de\/?page_id=1434"},"modified":"2019-05-02T16:00:57","modified_gmt":"2019-05-02T14:00:57","slug":"andrej-nikolajew","status":"publish","type":"page","link":"https:\/\/adventureclub.eu\/fr\/home-page\/andrej-nikolajew\/","title":{"rendered":"Andrej Nikolajew"},"content":{"rendered":"<p>[vc_row][vc_column][vc_empty_space height=\u00a0\u00bb200px\u00a0\u00bb][\/vc_column][\/vc_row][vc_row][vc_column][vc_column_text]<\/p>\n<h2 style=\"text-align: center;\">Andrej Nikolajew<\/h2>\n<p>[\/vc_column_text][\/vc_column][\/vc_row][vc_row][vc_column][vc_empty_space][\/vc_column][\/vc_row][vc_row][vc_column][vc_column_text]<\/p>\n<h4 style=\"text-align: center;\">Mitglied seit 2017<\/h4>\n<p>[\/vc_column_text][\/vc_column][\/vc_row][vc_row][vc_column][vc_empty_space][\/vc_column][\/vc_row][vc_row][vc_column][vc_single_image image=\u00a0\u00bb1191&Prime; img_size=\u00a0\u00bblarge\u00a0\u00bb alignment=\u00a0\u00bbcenter\u00a0\u00bb][\/vc_column][\/vc_row][vc_row][vc_column][vc_empty_space][\/vc_column][\/vc_row][vc_row][vc_column][vc_empty_space][\/vc_column][\/vc_row][vc_row][vc_column][vc_single_image image=\u00a0\u00bb398&Prime; img_size=\u00a0\u00bbmedium\u00a0\u00bb alignment=\u00a0\u00bbcenter\u00a0\u00bb][\/vc_column][\/vc_row][vc_row][vc_column][vc_empty_space][\/vc_column][\/vc_row][vc_row][vc_column width=\u00a0\u00bb1\/2&Prime;][vc_column_text]Membre depuis juin 2017<\/p>\n<blockquote><p>\u00ab\u00a0Croyez-moi, il est l\u2019un des derniers de son esp\u00e8ce. Un scientifique corps et \u00e2me, avec une tendance \u00e0 se fixer des objectifs d\u00e9lirants, qu\u2019il finit toujours par atteindre gr\u00e2ce \u00e0 sa folie cr\u00e9atrice. Je tire mon chapeau bien bas devant le d\u00e9vouement absolu du Professeur Nikolajew \u00e0 son travail.\u00a0\u00bb<em><br \/>\n<\/em><\/p><\/blockquote>\n<p>&#8211; Johan Malus, Pr\u00e9sident de l\u2019Adventure Club of Europe<\/p>\n<p>Le Prof. Andrej Nikolajew est n\u00e9 en 1953 \u00e0 Kou\u00efbychev, dans l\u2019oblast de Novossibirsk (URSS). D\u00e8s son plus jeune \u00e2ge, il d\u00e9veloppe une passion d\u00e9bordante pour les inventions et d\u00e9couvertes techniques, et ce ne fut pas de tout repos pour sa famille et son entourage.<br \/>\n\u00ab\u00a0Oh non, ma m\u00e8re n\u2019a pas eu la t\u00e2che facile, c\u2019est le moins qu\u2019on puisse dire\u00a0\u00bb, se souvient le Prof. Nikolajew dans une interview r\u00e9cente donn\u00e9e au magazine universitaire de l\u2019Institut de Technologie de Karlsruhe. \u00ab\u00a0Quand j\u2019avais neuf ans, j\u2019ai tent\u00e9 de construire la r\u00e9plique d\u2019un s\u00e8che-cheveux \u00e9lectrique que j\u2019avais aper\u00e7u lors d\u2019une excursion scolaire \u00e0 Novossibirsk. Notre rue venait tout juste d\u2019\u00eatre raccord\u00e9e au r\u00e9seau \u00e9lectrique \u00e0 l\u2019\u00e9poque, et l\u2019\u00e9lectricit\u00e9 me fascinait au plus haut point. Bon\u2026 disons que mon appareil n\u2019a pas vraiment fonctionn\u00e9 comme pr\u00e9vu. Mes voisins furent \u00e0 nouveau plong\u00e9s dans l\u2019obscurit\u00e9, et ma m\u00e8re a du porter une perruque pendant six mois.\u00a0\u00bb<em><br \/>\n<\/em><\/p>\n<p>\u00c0 16 ans, Andrej Nikolajew quitta l\u2019\u00e9cole sans dipl\u00f4me, et entama un apprentissage de paysagiste, qu\u2019il avorta n\u00e9anmoins peu apr\u00e8s.<\/p>\n<p>Le jeune adulte d\u00e9m\u00e9nagea alors \u00e0 Novossibirsk, o\u00f9 il essayait de joindre les deux bouts avec des petits boulots en tant que peintre, serveur ou danseur de cabaret. Pour \u00e9conomiser de l\u2019argent, il construisait tous ses appareils \u00e9lectriques lui-m\u00eame. Ainsi, il fut le premier de son cercle d\u2019amis \u00e0 poss\u00e9der un t\u00e9l\u00e9viseur, en le construisant \u00e0 partir de pi\u00e8ces d\u00e9tach\u00e9es qu\u2019il trouva dans le rebus d\u2019un magasin d\u2019\u00e9lectrom\u00e9nager.<\/p>\n<blockquote><p>\u00ab\u00a0Il ne baissait jamais les bras. M\u00eame quand les temps \u00e9taient durs. Un infatigable optimiste. Quand la vie lui donnait des citrons, il en faisait une pile \u00e9lectrique.\u00a0\u00bb<em><br \/>\n<\/em><\/p><\/blockquote>\n<p>&#8211; Evgeni Bolshakov, Camarade de classe<em><br \/>\n<\/em><\/p>\n<p>Au d\u00e9but de la vingtaine, sa vie prit un tournant d\u00e9cisif : en 1974, malgr\u00e9 son absence de dipl\u00f4me, Andrej Nikolajew obtint une d\u00e9rogation sp\u00e9ciale pour int\u00e9grer L\u2019Universit\u00e9 Technologique d\u2019\u00c9tat de Novossibirsk. Pour l\u2019\u00e9poque, c\u2019\u00e9tait un cas vraiment exceptionnel. Il choisit de faire des \u00e9tudes d\u2019ing\u00e9nieur, et d\u00e9crocha son dipl\u00f4me avec les honneurs en 1979.<\/p>\n<p>Par la suite, il resta fid\u00e8le \u00e0 son universit\u00e9, entama sa th\u00e8se en a\u00e9rodynamique et en dynamique des fluides, et d\u00e9veloppa ainsi sa passion pour l\u2019histoire de l\u2019a\u00e9ronautique, qui le conduira quelques d\u00e9cennies plus tard \u00e0 devenir membre de l\u2019Adventure Club of Europe.<br \/>\nDans les ann\u00e9es 80, il travailla en tant que technicien, et entama en parall\u00e8le des \u00e9tudes de philosophie, jusqu\u2019\u00e0 ce qu\u2019il obtienne en 1988 le titre de Professeur en Histoire des Sciences.<\/p>\n<p>\u00c0 la fin des ann\u00e9es 90, le Prof. Nikolajew quitta sa patrie du jour au lendemain. Depuis, il n\u2019a jamais vraiment expliqu\u00e9 quelles raisons l\u2019avaient pouss\u00e9 \u00e0 cette \u00e9migration soudaine. Un lien entre son expatriation et l\u2019\u00e9boulement de l\u2019aile ouest du b\u00e2timent principal de l\u2019Universit\u00e9 de Novossibirsk, o\u00f9 se situaient les laboratoires du Prof. Nikolajew, n\u2019a pas pu \u00eatre \u00e9tabli avec certitude.<\/p>\n<p>Le Prof. Andrej Nikolajew emm\u00e9nagea dans le Bade-Wurtemberg, o\u00f9 il obtint une chaire en Philosophie et Histoire des Sciences au sein de l\u2019Universit\u00e9 d\u2019Offenbourg.[\/vc_column_text][\/vc_column][vc_column width=\u00a0\u00bb1\/2&Prime;][vc_column_text]La Th\u00e9orie du Premier Vol de Nikolajew<strong><br \/>\n<\/strong><\/p>\n<blockquote><p>\u00ab\u00a0Les fr\u00e8res Wright\u00a0? Je dirais plut\u00f4t les fr\u00e8res Wrong\u00a0!\u00a0\u00bb<em><br \/>\n<\/em><\/p><\/blockquote>\n<p>&#8211; Le Prof. Nikolajew dans la s\u00e9rie documentaire \u00ab\u00a0La Th\u00e9orie du Premier Vol\u00a0\u00bb<\/p>\n<p>Le Prof. Nikolajew attira l\u2019attention de l\u2019Adventure Club of Europe avec une th\u00e9orie novatrice sur le premier vol d\u2019un a\u00e9ronef habit\u00e9 et pilotable, fonctionnant sur le principe du \u00ab\u00a0plus lourd que l\u2019air\u00a0\u00bb. Selon ses recherches, ce ne sont pas les fr\u00e8res Wright qui sont parvenus \u00e0 effectuer le premier vol historique, contrairement \u00e0 la croyance populaire, mais bien les fr\u00e8res Eulenstein, et ce d\u00e8s 1825, soit 75 ans avant les Wright\u00a0!<\/p>\n<p>En tant qu\u2019anciens membres de l\u2019ACE, les Eulenstein \u00e9taient tomb\u00e9s dans l\u2019oubli depuis longtemps, et ainsi nous \u00e9tions d\u2019autant plus motiv\u00e9s \u00e0 apporter un soutien cons\u00e9quent aux recherches du Prof. Nikolajew.<\/p>\n<p>Malgr\u00e9 les railleries de ses pairs, il pouvait d\u00e9sormais mettre tout son z\u00e8le et sa passion \u00e0 contribution pour apporter la preuve que les Eulenstein \u00e9taient bel et bien les premiers \u00e0 avoir conquis les cieux.<\/p>\n<blockquote><p>\u00ab\u00a0Quand il est plong\u00e9 dans ses recherches, il oublie tout&#8230; les amis, la famille, les bonnes mani\u00e8res. Cela n\u2019a rien de m\u00e9chant. Il est comme il est. Et je l\u2019admire pour \u00e7a. Un scientifique g\u00e9nial, qui a plus d\u2019aisance \u00e0 improviser une conf\u00e9rence sur l\u2019effet de Bernoulli qu\u2019\u00e0 se pr\u00e9parer une tartine de confiture le matin. D\u00e9sol\u00e9e, Professeur\u00a0!\u00a0\u00bb<em><br \/>\n<\/em><\/p><\/blockquote>\n<p>&#8211; Jessica Reilberger, \u00e9tudiante et assistante du Prof. Nikolajew<\/p>\n<p>Une \u00e9quipe de reporters a r\u00e9alis\u00e9 un documentaire sur les essais acharn\u00e9s du Prof. Nikolajew pour parvenir \u00e0 faire d\u00e9coller ses r\u00e9pliques des a\u00e9ronefs des Eulenstein. Jusqu\u2019\u00e0 ce jour prometteur au printemps 2017, qui devrait entrer dans l\u2019histoire de l\u2019a\u00e9ronautique.<br \/>\nApr\u00e8s des ann\u00e9es de travail, le Prof. Nikolajew est parvenu \u00e0 construire une r\u00e9plique de l\u2019a\u00e9ronef Volatus 2, qui fut \u00e9labor\u00e9 dans les ann\u00e9es 1820 par les Eulenstein, puis \u00e0 faire d\u00e9coller l\u2019a\u00e9ronef et surtout\u00a0: \u00e0 le faire atterrir sans encombre.<\/p>\n<p>La grande preuve \u00e9tait enfin l\u00e0 : les fr\u00e8re Eulenstein \u00e9taient bien les premiers \u00e0 avoir vol\u00e9 \u00e0 bord d\u2019un a\u00e9ronef pilotable.<\/p>\n<p>Mais ce n\u2019est pas tout\u00a0: dans le cadre de ses recherches, le Prof. Nikolajew a \u00e9galement d\u00e9couvert, entre autres, les anciens plans du Voletarium, l\u2019ancien Institut des Eulenstein que l\u2019on pensait disparu \u00e0 jamais. Il les mit \u00e0 disposition de l\u2019Adventure Club of Europe, qui entama ainsi la r\u00e9novation et la restauration fid\u00e8le du Voletarium.<\/p>\n<p>Le jour de la r\u00e9ouverture du Voletarium, le 2 juin 2017, le Prof. Nikolajew est int\u00e9gr\u00e9 au sein de l\u2019ACE en qualit\u00e9 de membre de plein droit. Une nomination bien m\u00e9rit\u00e9e\u00a0!<\/p>\n<p>\u00c0 l\u2019avenir, le Prof. Nikolajew va occuper une nouvelle chaire au sein de l\u2019Institut de Technologie de Karlsruhe, et se consacrer \u00e0 la r\u00e9alisation d\u2019un r\u00eave de longue date\u00a0: avec la construction de la r\u00e9plique d\u2019un sous-marin construit au 17\u00e8me si\u00e8cle, il veut prouver que l\u2019humanit\u00e9 avait eu la possibilit\u00e9 d\u2019explorer les mers bien plus t\u00f4t qu\u2019on ne le pense.<\/p>\n<p>Nous sommes tr\u00e8s honor\u00e9s de compter le Prof. Nikolajew dans nos rangs.<br \/>\n\u00c0 sa prochaine envol\u00e9e, m\u00eame si celle-ci le m\u00e8nera dans les profondeurs\u00a0![\/vc_column_text][\/vc_column][\/vc_row][vc_row][vc_column][vc_empty_space][\/vc_column][\/vc_row][vc_row][vc_column][vc_single_image image=\u00a0\u00bb398&Prime; img_size=\u00a0\u00bbmedium\u00a0\u00bb alignment=\u00a0\u00bbcenter\u00a0\u00bb][\/vc_column][\/vc_row][vc_row][vc_column][vc_empty_space][\/vc_column][\/vc_row][vc_row][vc_column][vc_single_image image=\u00a0\u00bb1204&Prime; img_size=\u00a0\u00bblarge\u00a0\u00bb alignment=\u00a0\u00bbcenter\u00a0\u00bb][\/vc_column][\/vc_row][vc_row][vc_column][vc_empty_space][\/vc_column][\/vc_row][vc_row][vc_column][vc_single_image image=\u00a0\u00bb1203&Prime; img_size=\u00a0\u00bblarge\u00a0\u00bb alignment=\u00a0\u00bbcenter\u00a0\u00bb][\/vc_column][\/vc_row][vc_row][vc_column][vc_empty_space][\/vc_column][\/vc_row][vc_row][vc_column][vc_single_image image=\u00a0\u00bb1202&Prime; img_size=\u00a0\u00bblarge\u00a0\u00bb alignment=\u00a0\u00bbcenter\u00a0\u00bb][\/vc_column][\/vc_row][vc_row][vc_column][vc_empty_space][\/vc_column][\/vc_row][vc_row][vc_column][vc_single_image image=\u00a0\u00bb1201&Prime; img_size=\u00a0\u00bblarge\u00a0\u00bb alignment=\u00a0\u00bbcenter\u00a0\u00bb][\/vc_column][\/vc_row][vc_row][vc_column][vc_empty_space][\/vc_column][\/vc_row][vc_row][vc_column][vc_empty_space][\/vc_column][\/vc_row]<\/p>","protected":false},"excerpt":{"rendered":"<p>[vc_row][vc_column][vc_empty_space height=\u00a0\u00bb200px\u00a0\u00bb][\/vc_column][\/vc_row][vc_row][vc_column][vc_column_text] Andrej Nikolajew [\/vc_column_text][\/vc_column][\/vc_row][vc_row][vc_column][vc_empty_space][\/vc_column][\/vc_row][vc_row][vc_column][vc_column_text] Mitglied seit 2017 [\/vc_column_text][\/vc_column][\/vc_row][vc_row][vc_column][vc_empty_space][\/vc_column][\/vc_row][vc_row][vc_column][vc_single_image image=\u00a0\u00bb1191&Prime; img_size=\u00a0\u00bblarge\u00a0\u00bb alignment=\u00a0\u00bbcenter\u00a0\u00bb][\/vc_column][\/vc_row][vc_row][vc_column][vc_empty_space][\/vc_column][\/vc_row][vc_row][vc_column][vc_empty_space][\/vc_column][\/vc_row][vc_row][vc_column][vc_single_image image=\u00a0\u00bb398&Prime; img_size=\u00a0\u00bbmedium\u00a0\u00bb alignment=\u00a0\u00bbcenter\u00a0\u00bb][\/vc_column][\/vc_row][vc_row][vc_column][vc_empty_space][\/vc_column][\/vc_row][vc_row][vc_column width=\u00a0\u00bb1\/2&Prime;][vc_column_text]Membre depuis juin 2017 \u00ab\u00a0Croyez-moi, il est l\u2019un des derniers de son esp\u00e8ce. Un scientifique corps et \u00e2me, avec une tendance \u00e0 se fixer des objectifs d\u00e9lirants, qu\u2019il finit toujours par atteindre gr\u00e2ce \u00e0 sa folie cr\u00e9atrice. Je tire mon [&hellip;]<\/p>\n","protected":false},"author":9,"featured_media":1191,"parent":303,"menu_order":0,"comment_status":"closed","ping_status":"closed","template":"","meta":{"footnotes":""},"class_list":["post-1434","page","type-page","status-publish","has-post-thumbnail","hentry"],"yoast_head":"<!-- This site is optimized with the Yoast SEO plugin v26.9 - https:\/\/yoast.com\/product\/yoast-seo-wordpress\/ -->\n<title>Andrej Nikolajew - Adventure Club of Europe<\/title>\n<meta name=\"description\" content=\"Adventure Club of Europe \u2013 Entdecken Sie unsere interessantesten, spannendsten und zum Teil auch umstrittensten Expeditionen der vergangenen Jahrhunderte.\" \/>\n<meta name=\"robots\" content=\"index, follow, max-snippet:-1, max-image-preview:large, max-video-preview:-1\" \/>\n<link rel=\"canonical\" href=\"https:\/\/adventureclub.eu\/en\/home-page\/andrej-nikolajew\/\" \/>\n<meta property=\"og:locale\" content=\"fr_FR\" \/>\n<meta property=\"og:type\" content=\"article\" \/>\n<meta property=\"og:title\" content=\"Andrej Nikolajew - Adventure Club of Europe\" \/>\n<meta property=\"og:description\" content=\"Adventure Club of Europe \u2013 Entdecken Sie unsere interessantesten, spannendsten und zum Teil auch umstrittensten Expeditionen der vergangenen Jahrhunderte.\" \/>\n<meta property=\"og:url\" content=\"https:\/\/adventureclub.eu\/en\/home-page\/andrej-nikolajew\/\" \/>\n<meta property=\"og:site_name\" content=\"Adventure Club of Europe\" \/>\n<meta property=\"article:modified_time\" content=\"2019-05-02T14:00:57+00:00\" \/>\n<meta property=\"og:image\" content=\"https:\/\/adventureclub.eu\/wp-content\/uploads\/2014\/11\/andrej_nikolajew_mackmedia.jpg\" \/>\n\t<meta property=\"og:image:width\" content=\"600\" \/>\n\t<meta property=\"og:image:height\" content=\"448\" \/>\n\t<meta property=\"og:image:type\" content=\"image\/jpeg\" \/>\n<meta name=\"twitter:card\" content=\"summary_large_image\" \/>\n<meta name=\"twitter:label1\" content=\"Dur\u00e9e de lecture estim\u00e9e\" \/>\n\t<meta name=\"twitter:data1\" content=\"20 minutes\" \/>\n<script type=\"application\/ld+json\" class=\"yoast-schema-graph\">{\"@context\":\"https:\/\/schema.org\",\"@graph\":[{\"@type\":\"WebPage\",\"@id\":\"https:\/\/adventureclub.eu\/en\/home-page\/andrej-nikolajew\/\",\"url\":\"https:\/\/adventureclub.eu\/en\/home-page\/andrej-nikolajew\/\",\"name\":\"Andrej Nikolajew - Adventure Club of Europe\",\"isPartOf\":{\"@id\":\"https:\/\/adventureclub.eu\/#website\"},\"primaryImageOfPage\":{\"@id\":\"https:\/\/adventureclub.eu\/en\/home-page\/andrej-nikolajew\/#primaryimage\"},\"image\":{\"@id\":\"https:\/\/adventureclub.eu\/en\/home-page\/andrej-nikolajew\/#primaryimage\"},\"thumbnailUrl\":\"https:\/\/adventureclub.eu\/wp-content\/uploads\/2014\/11\/andrej_nikolajew_mackmedia.jpg\",\"datePublished\":\"2019-04-16T14:00:48+00:00\",\"dateModified\":\"2019-05-02T14:00:57+00:00\",\"description\":\"Adventure Club of Europe \u2013 Entdecken Sie unsere interessantesten, spannendsten und zum Teil auch umstrittensten Expeditionen der vergangenen Jahrhunderte.\",\"breadcrumb\":{\"@id\":\"https:\/\/adventureclub.eu\/en\/home-page\/andrej-nikolajew\/#breadcrumb\"},\"inLanguage\":\"fr-FR\",\"potentialAction\":[{\"@type\":\"ReadAction\",\"target\":[\"https:\/\/adventureclub.eu\/en\/home-page\/andrej-nikolajew\/\"]}]},{\"@type\":\"ImageObject\",\"inLanguage\":\"fr-FR\",\"@id\":\"https:\/\/adventureclub.eu\/en\/home-page\/andrej-nikolajew\/#primaryimage\",\"url\":\"https:\/\/adventureclub.eu\/wp-content\/uploads\/2014\/11\/andrej_nikolajew_mackmedia.jpg\",\"contentUrl\":\"https:\/\/adventureclub.eu\/wp-content\/uploads\/2014\/11\/andrej_nikolajew_mackmedia.jpg\",\"width\":600,\"height\":448,\"caption\":\"Fotografie von Andrej Nikolajew, Mitglied des Adventure Club of Europe. Er setzt sich gerade einen Pilotenhelm auf.\"},{\"@type\":\"BreadcrumbList\",\"@id\":\"https:\/\/adventureclub.eu\/en\/home-page\/andrej-nikolajew\/#breadcrumb\",\"itemListElement\":[{\"@type\":\"ListItem\",\"position\":1,\"name\":\"Startseite\",\"item\":\"https:\/\/adventureclub.eu\/\"},{\"@type\":\"ListItem\",\"position\":2,\"name\":\"Home Page\",\"item\":\"https:\/\/adventureclub.eu\/\"},{\"@type\":\"ListItem\",\"position\":3,\"name\":\"Andrej Nikolajew\"}]},{\"@type\":\"WebSite\",\"@id\":\"https:\/\/adventureclub.eu\/#website\",\"url\":\"https:\/\/adventureclub.eu\/\",\"name\":\"Adventure Club of Europe\",\"description\":\"Adventure Club of Europe \u2013 Entdecken Sie unsere interessantesten, spannendsten und zum Teil auch umstrittensten Expeditionen der vergangenen Jahrhunderte.\",\"publisher\":{\"@id\":\"https:\/\/adventureclub.eu\/#organization\"},\"potentialAction\":[{\"@type\":\"SearchAction\",\"target\":{\"@type\":\"EntryPoint\",\"urlTemplate\":\"https:\/\/adventureclub.eu\/?s={search_term_string}\"},\"query-input\":{\"@type\":\"PropertyValueSpecification\",\"valueRequired\":true,\"valueName\":\"search_term_string\"}}],\"inLanguage\":\"fr-FR\"},{\"@type\":\"Organization\",\"@id\":\"https:\/\/adventureclub.eu\/#organization\",\"name\":\"Adventure Club of Europe\",\"url\":\"https:\/\/adventureclub.eu\/\",\"logo\":{\"@type\":\"ImageObject\",\"inLanguage\":\"fr-FR\",\"@id\":\"https:\/\/adventureclub.eu\/#\/schema\/logo\/image\/\",\"url\":\"https:\/\/adventureclub.eu\/wp-content\/uploads\/2017\/05\/ACE-TITLE-PAGE.jpg\",\"contentUrl\":\"https:\/\/adventureclub.eu\/wp-content\/uploads\/2017\/05\/ACE-TITLE-PAGE.jpg\",\"width\":1024,\"height\":604,\"caption\":\"Adventure Club of Europe\"},\"image\":{\"@id\":\"https:\/\/adventureclub.eu\/#\/schema\/logo\/image\/\"}}]}<\/script>\n<!-- \/ Yoast SEO plugin. -->","yoast_head_json":{"title":"Andrej Nikolajew - Adventure Club of Europe","description":"Adventure Club of Europe \u2013 Entdecken Sie unsere interessantesten, spannendsten und zum Teil auch umstrittensten Expeditionen der vergangenen Jahrhunderte.","robots":{"index":"index","follow":"follow","max-snippet":"max-snippet:-1","max-image-preview":"max-image-preview:large","max-video-preview":"max-video-preview:-1"},"canonical":"https:\/\/adventureclub.eu\/en\/home-page\/andrej-nikolajew\/","og_locale":"fr_FR","og_type":"article","og_title":"Andrej Nikolajew - Adventure Club of Europe","og_description":"Adventure Club of Europe \u2013 Entdecken Sie unsere interessantesten, spannendsten und zum Teil auch umstrittensten Expeditionen der vergangenen Jahrhunderte.","og_url":"https:\/\/adventureclub.eu\/en\/home-page\/andrej-nikolajew\/","og_site_name":"Adventure Club of Europe","article_modified_time":"2019-05-02T14:00:57+00:00","og_image":[{"width":600,"height":448,"url":"https:\/\/adventureclub.eu\/wp-content\/uploads\/2014\/11\/andrej_nikolajew_mackmedia.jpg","type":"image\/jpeg"}],"twitter_card":"summary_large_image","twitter_misc":{"Dur\u00e9e de lecture estim\u00e9e":"20 minutes"},"schema":{"@context":"https:\/\/schema.org","@graph":[{"@type":"WebPage","@id":"https:\/\/adventureclub.eu\/en\/home-page\/andrej-nikolajew\/","url":"https:\/\/adventureclub.eu\/en\/home-page\/andrej-nikolajew\/","name":"Andrej Nikolajew - Adventure Club of Europe","isPartOf":{"@id":"https:\/\/adventureclub.eu\/#website"},"primaryImageOfPage":{"@id":"https:\/\/adventureclub.eu\/en\/home-page\/andrej-nikolajew\/#primaryimage"},"image":{"@id":"https:\/\/adventureclub.eu\/en\/home-page\/andrej-nikolajew\/#primaryimage"},"thumbnailUrl":"https:\/\/adventureclub.eu\/wp-content\/uploads\/2014\/11\/andrej_nikolajew_mackmedia.jpg","datePublished":"2019-04-16T14:00:48+00:00","dateModified":"2019-05-02T14:00:57+00:00","description":"Adventure Club of Europe \u2013 Entdecken Sie unsere interessantesten, spannendsten und zum Teil auch umstrittensten Expeditionen der vergangenen Jahrhunderte.","breadcrumb":{"@id":"https:\/\/adventureclub.eu\/en\/home-page\/andrej-nikolajew\/#breadcrumb"},"inLanguage":"fr-FR","potentialAction":[{"@type":"ReadAction","target":["https:\/\/adventureclub.eu\/en\/home-page\/andrej-nikolajew\/"]}]},{"@type":"ImageObject","inLanguage":"fr-FR","@id":"https:\/\/adventureclub.eu\/en\/home-page\/andrej-nikolajew\/#primaryimage","url":"https:\/\/adventureclub.eu\/wp-content\/uploads\/2014\/11\/andrej_nikolajew_mackmedia.jpg","contentUrl":"https:\/\/adventureclub.eu\/wp-content\/uploads\/2014\/11\/andrej_nikolajew_mackmedia.jpg","width":600,"height":448,"caption":"Fotografie von Andrej Nikolajew, Mitglied des Adventure Club of Europe. Er setzt sich gerade einen Pilotenhelm auf."},{"@type":"BreadcrumbList","@id":"https:\/\/adventureclub.eu\/en\/home-page\/andrej-nikolajew\/#breadcrumb","itemListElement":[{"@type":"ListItem","position":1,"name":"Startseite","item":"https:\/\/adventureclub.eu\/"},{"@type":"ListItem","position":2,"name":"Home Page","item":"https:\/\/adventureclub.eu\/"},{"@type":"ListItem","position":3,"name":"Andrej Nikolajew"}]},{"@type":"WebSite","@id":"https:\/\/adventureclub.eu\/#website","url":"https:\/\/adventureclub.eu\/","name":"Adventure Club of Europe","description":"Adventure Club of Europe \u2013 Entdecken Sie unsere interessantesten, spannendsten und zum Teil auch umstrittensten Expeditionen der vergangenen Jahrhunderte.","publisher":{"@id":"https:\/\/adventureclub.eu\/#organization"},"potentialAction":[{"@type":"SearchAction","target":{"@type":"EntryPoint","urlTemplate":"https:\/\/adventureclub.eu\/?s={search_term_string}"},"query-input":{"@type":"PropertyValueSpecification","valueRequired":true,"valueName":"search_term_string"}}],"inLanguage":"fr-FR"},{"@type":"Organization","@id":"https:\/\/adventureclub.eu\/#organization","name":"Adventure Club of Europe","url":"https:\/\/adventureclub.eu\/","logo":{"@type":"ImageObject","inLanguage":"fr-FR","@id":"https:\/\/adventureclub.eu\/#\/schema\/logo\/image\/","url":"https:\/\/adventureclub.eu\/wp-content\/uploads\/2017\/05\/ACE-TITLE-PAGE.jpg","contentUrl":"https:\/\/adventureclub.eu\/wp-content\/uploads\/2017\/05\/ACE-TITLE-PAGE.jpg","width":1024,"height":604,"caption":"Adventure Club of Europe"},"image":{"@id":"https:\/\/adventureclub.eu\/#\/schema\/logo\/image\/"}}]}},"_links":{"self":[{"href":"https:\/\/adventureclub.eu\/fr\/wp-json\/wp\/v2\/pages\/1434","targetHints":{"allow":["GET"]}}],"collection":[{"href":"https:\/\/adventureclub.eu\/fr\/wp-json\/wp\/v2\/pages"}],"about":[{"href":"https:\/\/adventureclub.eu\/fr\/wp-json\/wp\/v2\/types\/page"}],"author":[{"embeddable":true,"href":"https:\/\/adventureclub.eu\/fr\/wp-json\/wp\/v2\/users\/9"}],"replies":[{"embeddable":true,"href":"https:\/\/adventureclub.eu\/fr\/wp-json\/wp\/v2\/comments?post=1434"}],"version-history":[{"count":10,"href":"https:\/\/adventureclub.eu\/fr\/wp-json\/wp\/v2\/pages\/1434\/revisions"}],"predecessor-version":[{"id":1584,"href":"https:\/\/adventureclub.eu\/fr\/wp-json\/wp\/v2\/pages\/1434\/revisions\/1584"}],"up":[{"embeddable":true,"href":"https:\/\/adventureclub.eu\/fr\/wp-json\/wp\/v2\/pages\/303"}],"wp:featuredmedia":[{"embeddable":true,"href":"https:\/\/adventureclub.eu\/fr\/wp-json\/wp\/v2\/media\/1191"}],"wp:attachment":[{"href":"https:\/\/adventureclub.eu\/fr\/wp-json\/wp\/v2\/media?parent=1434"}],"curies":[{"name":"wp","href":"https:\/\/api.w.org\/{rel}","templated":true}]}}