{"id":1438,"date":"2019-04-16T16:02:31","date_gmt":"2019-04-16T14:02:31","guid":{"rendered":"https:\/\/adventure-club.de\/?page_id=1438"},"modified":"2019-05-02T16:06:16","modified_gmt":"2019-05-02T14:06:16","slug":"ruprecht-ludwig-ernst-moritz-freiherr-von-boecklin-zu-boecklinsau","status":"publish","type":"page","link":"https:\/\/adventureclub.eu\/fr\/home-page\/ruprecht-ludwig-ernst-moritz-freiherr-von-boecklin-zu-boecklinsau\/","title":{"rendered":"Ruprecht Ludwig Ernst Moritz Freiherr von Boecklin zu Boecklinsau"},"content":{"rendered":"<p>[vc_row][vc_column][vc_empty_space height=\u00a0\u00bb200px\u00a0\u00bb][\/vc_column][\/vc_row][vc_row][vc_column][vc_column_text]<\/p>\n<h2 style=\"text-align: center;\">Ruprecht Ludwig Ernst Moritz Baron de Boecklin zu Boecklinsau<\/h2>\n<p>[\/vc_column_text][\/vc_column][\/vc_row][vc_row][vc_column][vc_empty_space][\/vc_column][\/vc_row][vc_row][vc_column][vc_column_text]<\/p>\n<h4 style=\"text-align: center;\">Membre de 1910 \u00e0 1955<\/h4>\n<p>[\/vc_column_text][\/vc_column][\/vc_row][vc_row][vc_column][vc_empty_space][\/vc_column][\/vc_row][vc_row][vc_column][vc_single_image image=\u00a0\u00bb1297&Prime; img_size=\u00a0\u00bblarge\u00a0\u00bb alignment=\u00a0\u00bbcenter\u00a0\u00bb][\/vc_column][\/vc_row][vc_row][vc_column][vc_empty_space][\/vc_column][\/vc_row][vc_row][vc_column][vc_empty_space][\/vc_column][\/vc_row][vc_row][vc_column][vc_single_image image=\u00a0\u00bb398&Prime; img_size=\u00a0\u00bbmedium\u00a0\u00bb alignment=\u00a0\u00bbcenter\u00a0\u00bb][\/vc_column][\/vc_row][vc_row][vc_column][vc_empty_space][\/vc_column][\/vc_row][vc_row][vc_column width=\u00a0\u00bb1\/2&Prime;][vc_column_text]On ne sait que peu de choses sur la vie priv\u00e9e du dernier Seigneur de Rust, le Baron Ruprecht de Boecklin zu Boecklinsau. Malgr\u00e9 son haut-rang au sein de la collectivit\u00e9 locale, il rechignait \u00e0 appara\u00eetre en public. C\u2019\u00e9tait un homme r\u00e9put\u00e9 taciturne, et qui avait un sens inn\u00e9 de la justice.<\/p>\n<p style=\"text-align: left;\">L\u2019une des rares passions connue de Ruprecht \u00e9tait la chasse. Mais il \u00e9tait peu friand de troph\u00e9es issus des contr\u00e9es exotiques, comme c\u2019\u00e9tait l\u2019usage \u00e0 cette \u00e9poque dans les familles nobles. Non, il pr\u00e9f\u00e9rait se vouer \u00e0 la protection de la flore et la faune, et se consacrait ainsi \u00e0 une activit\u00e9 cyn\u00e9g\u00e9tique simple et durable. Et ce par conviction, et non par n\u00e9cessit\u00e9. Assidu et consciencieux, il avait suivi cette voie d\u00e8s son plus jeune \u00e2ge, et il aurait certainement continu\u00e9 \u00e0 vivre dans cette paisible mod\u00e9ration s&rsquo;il n&rsquo;y avait pas eu cette fameuse nuit myst\u00e9rieuse en l&rsquo;an 1908. Une nuit qui changea le cours de son existence et qui en fit le chasseur, qui allait \u00e9crire quelques pages essentielle de l\u2019histoire de l\u2019Adventure Club of Europe.<\/p>\n<blockquote>\n<p style=\"text-align: left;\">Le soleil s\u2019\u00e9tait d\u00e9j\u00e0 couch\u00e9 depuis plusieurs heures, et je profitais du chant des grillons tout en contemplant les lucioles, assis dans mon mirador \u00e0 l&rsquo;or\u00e9e de notre belle for\u00eat. Et soudain, une ombre volante vint obscurcir int\u00e9gralement la lueur argent\u00e9e de la lune pendant un instant. Je me suis effray\u00e9, j\u2019ai lev\u00e9 la t\u00eate, et ce que je vis \u00e9tait inimaginable. Un oiseau, probablement un corbeau, de taille gigantesque me survola et se dirigea vers Rust. Son envergure \u00e9tait certainement de cinq ou six m\u00e8tres, ce qui repr\u00e9sentait pratiquement le double du plus grand oiseau connu de notre \u00e9poque, l\u2019albatros hurleur ou grand albatros. Les genoux tremblants, je descendis en h\u00e2te l\u2019\u00e9chelle du mirador, et je me mis poursuivre ce volatile monstrueux.<\/p>\n<\/blockquote>\n<p style=\"text-align: left;\">&#8211; Extrait du journal du Baron Ruprecht de Boecklin zu Boecklinsau<\/p>\n<p>[\/vc_column_text][\/vc_column][vc_column width=\u00a0\u00bb1\/2&Prime;][vc_column_text]Ruprecht suivit le gigantesque corbeau jusqu\u2019au village, et il fut choqu\u00e9 de le voir perch\u00e9 sur l\u2019orphelinat. Il raconta que l\u2019oiseau brisa une lucarne avec ses serres, puis attrapa un enfant en pleurs. Ruprecht ouvrit imm\u00e9diatement le feu. Il toucha le corbeau par deux fois sur les flancs, avant que celui-ci ne rel\u00e2che l\u2019enfant et se tourne vers Ruprecht. Un troisi\u00e8me tir toucha l\u2019aile gauche du monstre, ce qui le fit d\u00e9camper. Il prit son envol et disparu \u00e0 jamais dans les profondeurs de la nuit noire.<\/p>\n<p>Ruprecht se fixa un but dans la vie : il voulait chasser ce monstre pour qu\u2019il ne puisse plus faire de mal \u00e0 ses concitoyens. \u00c0 partir de 1909, il se mit \u00e0 voyager \u00e0 travers le pays de Bade et la For\u00eat-Noire, et gr\u00e2ce aux t\u00e9moignages des habitant, il suivit la trace de la cr\u00e9ature \u00e0 diff\u00e9rents endroits, jusqu\u2019\u00e0 parvenir \u00e0 l\u2019abattre.<\/p>\n<p>Cet acte pour le moins h\u00e9ro\u00efque lui permit de devenir membre de l\u2019ACE en 1910, o\u00f9 il fut un coll\u00e8gue tr\u00e8s appr\u00e9ci\u00e9 jusqu\u2019\u00e0 son d\u00e9c\u00e8s en 1955. La mort du corbeau g\u00e9ant n\u2019a n\u00e9anmoins jamais pu \u00eatre confirm\u00e9e, ce qui donna de l\u2019eau au moulin de nombreux critiques et sceptiques, en particulier au Sud de l\u2019Allemagne. La minorit\u00e9 qui croyait en lui supposait que le corbeau s\u2019\u00e9tait vid\u00e9 de son sang suite \u00e0 ses blessures, les incr\u00e9dules faisaient courir le bruit qu\u2019il s\u2019\u00e9tait tout simplement cach\u00e9 au plus profond de la For\u00eat-Noire.<\/p>\n<p>Rapidement, on assimila ce corbeau au l\u00e9gendaire Nachtkrabb, ce qui fit dire aux critiques que c\u2019\u00e9tait l\u00e0 une autre preuve que cette cr\u00e9ature n\u2019\u00e9tait autre que le fruit de l\u2019imagination d\u00e9bordante du Baron. Jusqu\u2019\u00e0 sa mort, Ruprecht ne fit pour sa part aucune d\u00e9claration en r\u00e9ponse \u00e0 ces accusations et suppositions.<\/p>\n<p>Il \u00e9tait un homme taciturne, mais ses actes parlaient pour lui.[\/vc_column_text][\/vc_column][\/vc_row][vc_row][vc_column][vc_empty_space][\/vc_column][\/vc_row][vc_row][vc_column][vc_single_image image=\u00a0\u00bb398&Prime; img_size=\u00a0\u00bbmedium\u00a0\u00bb alignment=\u00a0\u00bbcenter\u00a0\u00bb][\/vc_column][\/vc_row][vc_row][vc_column][vc_empty_space][\/vc_column][\/vc_row][vc_row][vc_column][vc_single_image image=\u00a0\u00bb1328&Prime; img_size=\u00a0\u00bblarge\u00a0\u00bb alignment=\u00a0\u00bbcenter\u00a0\u00bb][\/vc_column][\/vc_row][vc_row][vc_column][vc_empty_space][\/vc_column][\/vc_row][vc_row][vc_column][vc_empty_space][\/vc_column][\/vc_row]<\/p>","protected":false},"excerpt":{"rendered":"<p>[vc_row][vc_column][vc_empty_space height=\u00a0\u00bb200px\u00a0\u00bb][\/vc_column][\/vc_row][vc_row][vc_column][vc_column_text] Ruprecht Ludwig Ernst Moritz Baron de Boecklin zu Boecklinsau [\/vc_column_text][\/vc_column][\/vc_row][vc_row][vc_column][vc_empty_space][\/vc_column][\/vc_row][vc_row][vc_column][vc_column_text] Membre de 1910 \u00e0 1955 [\/vc_column_text][\/vc_column][\/vc_row][vc_row][vc_column][vc_empty_space][\/vc_column][\/vc_row][vc_row][vc_column][vc_single_image image=\u00a0\u00bb1297&Prime; img_size=\u00a0\u00bblarge\u00a0\u00bb alignment=\u00a0\u00bbcenter\u00a0\u00bb][\/vc_column][\/vc_row][vc_row][vc_column][vc_empty_space][\/vc_column][\/vc_row][vc_row][vc_column][vc_empty_space][\/vc_column][\/vc_row][vc_row][vc_column][vc_single_image image=\u00a0\u00bb398&Prime; img_size=\u00a0\u00bbmedium\u00a0\u00bb alignment=\u00a0\u00bbcenter\u00a0\u00bb][\/vc_column][\/vc_row][vc_row][vc_column][vc_empty_space][\/vc_column][\/vc_row][vc_row][vc_column width=\u00a0\u00bb1\/2&Prime;][vc_column_text]On ne sait que peu de choses sur la vie priv\u00e9e du dernier Seigneur de Rust, le Baron Ruprecht de Boecklin zu Boecklinsau. Malgr\u00e9 son haut-rang au sein de la collectivit\u00e9 [&hellip;]<\/p>\n","protected":false},"author":9,"featured_media":1297,"parent":303,"menu_order":0,"comment_status":"closed","ping_status":"closed","template":"","meta":{"footnotes":""},"class_list":["post-1438","page","type-page","status-publish","has-post-thumbnail","hentry"],"yoast_head":"<!-- This site is optimized with the Yoast SEO plugin v26.9 - https:\/\/yoast.com\/product\/yoast-seo-wordpress\/ -->\n<title>Ruprecht Ludwig Ernst Moritz Freiherr von Boecklin zu Boecklinsau - Adventure Club of Europe<\/title>\n<meta name=\"description\" content=\"Adventure Club of Europe \u2013 Entdecken Sie unsere interessantesten, spannendsten und zum Teil auch umstrittensten Expeditionen der vergangenen Jahrhunderte.\" \/>\n<meta name=\"robots\" content=\"index, follow, max-snippet:-1, max-image-preview:large, max-video-preview:-1\" \/>\n<link rel=\"canonical\" href=\"https:\/\/adventureclub.eu\/fr\/home-page\/ruprecht-ludwig-ernst-moritz-freiherr-von-boecklin-zu-boecklinsau\/\" \/>\n<meta property=\"og:locale\" content=\"fr_FR\" \/>\n<meta property=\"og:type\" content=\"article\" \/>\n<meta property=\"og:title\" content=\"Ruprecht Ludwig Ernst Moritz Freiherr von Boecklin zu Boecklinsau - Adventure Club of Europe\" \/>\n<meta property=\"og:description\" content=\"Adventure Club of Europe \u2013 Entdecken Sie unsere interessantesten, spannendsten und zum Teil auch umstrittensten Expeditionen der vergangenen Jahrhunderte.\" \/>\n<meta property=\"og:url\" content=\"https:\/\/adventureclub.eu\/fr\/home-page\/ruprecht-ludwig-ernst-moritz-freiherr-von-boecklin-zu-boecklinsau\/\" \/>\n<meta property=\"og:site_name\" content=\"Adventure Club of Europe\" \/>\n<meta property=\"article:modified_time\" content=\"2019-05-02T14:06:16+00:00\" \/>\n<meta property=\"og:image\" content=\"https:\/\/adventureclub.eu\/wp-content\/uploads\/2014\/11\/Bo\u0308cklinProfilbild.jpg\" \/>\n\t<meta property=\"og:image:width\" content=\"806\" \/>\n\t<meta property=\"og:image:height\" content=\"1024\" \/>\n\t<meta property=\"og:image:type\" content=\"image\/jpeg\" \/>\n<meta name=\"twitter:card\" content=\"summary_large_image\" \/>\n<meta name=\"twitter:label1\" content=\"Dur\u00e9e de lecture estim\u00e9e\" \/>\n\t<meta name=\"twitter:data1\" content=\"13 minutes\" \/>\n<script type=\"application\/ld+json\" class=\"yoast-schema-graph\">{\"@context\":\"https:\/\/schema.org\",\"@graph\":[{\"@type\":\"WebPage\",\"@id\":\"https:\/\/adventureclub.eu\/fr\/home-page\/ruprecht-ludwig-ernst-moritz-freiherr-von-boecklin-zu-boecklinsau\/\",\"url\":\"https:\/\/adventureclub.eu\/fr\/home-page\/ruprecht-ludwig-ernst-moritz-freiherr-von-boecklin-zu-boecklinsau\/\",\"name\":\"Ruprecht Ludwig Ernst Moritz Freiherr von Boecklin zu Boecklinsau - Adventure Club of Europe\",\"isPartOf\":{\"@id\":\"https:\/\/adventureclub.eu\/#website\"},\"primaryImageOfPage\":{\"@id\":\"https:\/\/adventureclub.eu\/fr\/home-page\/ruprecht-ludwig-ernst-moritz-freiherr-von-boecklin-zu-boecklinsau\/#primaryimage\"},\"image\":{\"@id\":\"https:\/\/adventureclub.eu\/fr\/home-page\/ruprecht-ludwig-ernst-moritz-freiherr-von-boecklin-zu-boecklinsau\/#primaryimage\"},\"thumbnailUrl\":\"https:\/\/adventureclub.eu\/wp-content\/uploads\/2014\/11\/Bo\u0308cklinProfilbild.jpg\",\"datePublished\":\"2019-04-16T14:02:31+00:00\",\"dateModified\":\"2019-05-02T14:06:16+00:00\",\"description\":\"Adventure Club of Europe \u2013 Entdecken Sie unsere interessantesten, spannendsten und zum Teil auch umstrittensten Expeditionen der vergangenen Jahrhunderte.\",\"breadcrumb\":{\"@id\":\"https:\/\/adventureclub.eu\/fr\/home-page\/ruprecht-ludwig-ernst-moritz-freiherr-von-boecklin-zu-boecklinsau\/#breadcrumb\"},\"inLanguage\":\"fr-FR\",\"potentialAction\":[{\"@type\":\"ReadAction\",\"target\":[\"https:\/\/adventureclub.eu\/fr\/home-page\/ruprecht-ludwig-ernst-moritz-freiherr-von-boecklin-zu-boecklinsau\/\"]}]},{\"@type\":\"ImageObject\",\"inLanguage\":\"fr-FR\",\"@id\":\"https:\/\/adventureclub.eu\/fr\/home-page\/ruprecht-ludwig-ernst-moritz-freiherr-von-boecklin-zu-boecklinsau\/#primaryimage\",\"url\":\"https:\/\/adventureclub.eu\/wp-content\/uploads\/2014\/11\/Bo\u0308cklinProfilbild.jpg\",\"contentUrl\":\"https:\/\/adventureclub.eu\/wp-content\/uploads\/2014\/11\/Bo\u0308cklinProfilbild.jpg\",\"width\":806,\"height\":1024,\"caption\":\"Schwarz-wei\u00df Fotografie von Ruprecht Freiherr von Boecklin zu Boecklinsau, Mitglied des Adventure Club of Europe. Er steht in einem Kanu und zielt mit einem Jagdgewehr in die Ferne.\"},{\"@type\":\"BreadcrumbList\",\"@id\":\"https:\/\/adventureclub.eu\/fr\/home-page\/ruprecht-ludwig-ernst-moritz-freiherr-von-boecklin-zu-boecklinsau\/#breadcrumb\",\"itemListElement\":[{\"@type\":\"ListItem\",\"position\":1,\"name\":\"Startseite\",\"item\":\"https:\/\/adventureclub.eu\/\"},{\"@type\":\"ListItem\",\"position\":2,\"name\":\"Home Page\",\"item\":\"https:\/\/adventureclub.eu\/\"},{\"@type\":\"ListItem\",\"position\":3,\"name\":\"Ruprecht Ludwig Ernst Moritz Freiherr von Boecklin zu Boecklinsau\"}]},{\"@type\":\"WebSite\",\"@id\":\"https:\/\/adventureclub.eu\/#website\",\"url\":\"https:\/\/adventureclub.eu\/\",\"name\":\"Adventure Club of Europe\",\"description\":\"Adventure Club of Europe \u2013 Entdecken Sie unsere interessantesten, spannendsten und zum Teil auch umstrittensten Expeditionen der vergangenen Jahrhunderte.\",\"publisher\":{\"@id\":\"https:\/\/adventureclub.eu\/#organization\"},\"potentialAction\":[{\"@type\":\"SearchAction\",\"target\":{\"@type\":\"EntryPoint\",\"urlTemplate\":\"https:\/\/adventureclub.eu\/?s={search_term_string}\"},\"query-input\":{\"@type\":\"PropertyValueSpecification\",\"valueRequired\":true,\"valueName\":\"search_term_string\"}}],\"inLanguage\":\"fr-FR\"},{\"@type\":\"Organization\",\"@id\":\"https:\/\/adventureclub.eu\/#organization\",\"name\":\"Adventure Club of Europe\",\"url\":\"https:\/\/adventureclub.eu\/\",\"logo\":{\"@type\":\"ImageObject\",\"inLanguage\":\"fr-FR\",\"@id\":\"https:\/\/adventureclub.eu\/#\/schema\/logo\/image\/\",\"url\":\"https:\/\/adventureclub.eu\/wp-content\/uploads\/2017\/05\/ACE-TITLE-PAGE.jpg\",\"contentUrl\":\"https:\/\/adventureclub.eu\/wp-content\/uploads\/2017\/05\/ACE-TITLE-PAGE.jpg\",\"width\":1024,\"height\":604,\"caption\":\"Adventure Club of Europe\"},\"image\":{\"@id\":\"https:\/\/adventureclub.eu\/#\/schema\/logo\/image\/\"}}]}<\/script>\n<!-- \/ Yoast SEO plugin. -->","yoast_head_json":{"title":"Ruprecht Ludwig Ernst Moritz Freiherr von Boecklin zu Boecklinsau - Adventure Club of Europe","description":"Adventure Club of Europe \u2013 Entdecken Sie unsere interessantesten, spannendsten und zum Teil auch umstrittensten Expeditionen der vergangenen Jahrhunderte.","robots":{"index":"index","follow":"follow","max-snippet":"max-snippet:-1","max-image-preview":"max-image-preview:large","max-video-preview":"max-video-preview:-1"},"canonical":"https:\/\/adventureclub.eu\/fr\/home-page\/ruprecht-ludwig-ernst-moritz-freiherr-von-boecklin-zu-boecklinsau\/","og_locale":"fr_FR","og_type":"article","og_title":"Ruprecht Ludwig Ernst Moritz Freiherr von Boecklin zu Boecklinsau - Adventure Club of Europe","og_description":"Adventure Club of Europe \u2013 Entdecken Sie unsere interessantesten, spannendsten und zum Teil auch umstrittensten Expeditionen der vergangenen Jahrhunderte.","og_url":"https:\/\/adventureclub.eu\/fr\/home-page\/ruprecht-ludwig-ernst-moritz-freiherr-von-boecklin-zu-boecklinsau\/","og_site_name":"Adventure Club of Europe","article_modified_time":"2019-05-02T14:06:16+00:00","og_image":[{"width":806,"height":1024,"url":"https:\/\/adventureclub.eu\/wp-content\/uploads\/2014\/11\/Bo\u0308cklinProfilbild.jpg","type":"image\/jpeg"}],"twitter_card":"summary_large_image","twitter_misc":{"Dur\u00e9e de lecture estim\u00e9e":"13 minutes"},"schema":{"@context":"https:\/\/schema.org","@graph":[{"@type":"WebPage","@id":"https:\/\/adventureclub.eu\/fr\/home-page\/ruprecht-ludwig-ernst-moritz-freiherr-von-boecklin-zu-boecklinsau\/","url":"https:\/\/adventureclub.eu\/fr\/home-page\/ruprecht-ludwig-ernst-moritz-freiherr-von-boecklin-zu-boecklinsau\/","name":"Ruprecht Ludwig Ernst Moritz Freiherr von Boecklin zu Boecklinsau - Adventure Club of Europe","isPartOf":{"@id":"https:\/\/adventureclub.eu\/#website"},"primaryImageOfPage":{"@id":"https:\/\/adventureclub.eu\/fr\/home-page\/ruprecht-ludwig-ernst-moritz-freiherr-von-boecklin-zu-boecklinsau\/#primaryimage"},"image":{"@id":"https:\/\/adventureclub.eu\/fr\/home-page\/ruprecht-ludwig-ernst-moritz-freiherr-von-boecklin-zu-boecklinsau\/#primaryimage"},"thumbnailUrl":"https:\/\/adventureclub.eu\/wp-content\/uploads\/2014\/11\/Bo\u0308cklinProfilbild.jpg","datePublished":"2019-04-16T14:02:31+00:00","dateModified":"2019-05-02T14:06:16+00:00","description":"Adventure Club of Europe \u2013 Entdecken Sie unsere interessantesten, spannendsten und zum Teil auch umstrittensten Expeditionen der vergangenen Jahrhunderte.","breadcrumb":{"@id":"https:\/\/adventureclub.eu\/fr\/home-page\/ruprecht-ludwig-ernst-moritz-freiherr-von-boecklin-zu-boecklinsau\/#breadcrumb"},"inLanguage":"fr-FR","potentialAction":[{"@type":"ReadAction","target":["https:\/\/adventureclub.eu\/fr\/home-page\/ruprecht-ludwig-ernst-moritz-freiherr-von-boecklin-zu-boecklinsau\/"]}]},{"@type":"ImageObject","inLanguage":"fr-FR","@id":"https:\/\/adventureclub.eu\/fr\/home-page\/ruprecht-ludwig-ernst-moritz-freiherr-von-boecklin-zu-boecklinsau\/#primaryimage","url":"https:\/\/adventureclub.eu\/wp-content\/uploads\/2014\/11\/Bo\u0308cklinProfilbild.jpg","contentUrl":"https:\/\/adventureclub.eu\/wp-content\/uploads\/2014\/11\/Bo\u0308cklinProfilbild.jpg","width":806,"height":1024,"caption":"Schwarz-wei\u00df Fotografie von Ruprecht Freiherr von Boecklin zu Boecklinsau, Mitglied des Adventure Club of Europe. Er steht in einem Kanu und zielt mit einem Jagdgewehr in die Ferne."},{"@type":"BreadcrumbList","@id":"https:\/\/adventureclub.eu\/fr\/home-page\/ruprecht-ludwig-ernst-moritz-freiherr-von-boecklin-zu-boecklinsau\/#breadcrumb","itemListElement":[{"@type":"ListItem","position":1,"name":"Startseite","item":"https:\/\/adventureclub.eu\/"},{"@type":"ListItem","position":2,"name":"Home Page","item":"https:\/\/adventureclub.eu\/"},{"@type":"ListItem","position":3,"name":"Ruprecht Ludwig Ernst Moritz Freiherr von Boecklin zu Boecklinsau"}]},{"@type":"WebSite","@id":"https:\/\/adventureclub.eu\/#website","url":"https:\/\/adventureclub.eu\/","name":"Adventure Club of Europe","description":"Adventure Club of Europe \u2013 Entdecken Sie unsere interessantesten, spannendsten und zum Teil auch umstrittensten Expeditionen der vergangenen Jahrhunderte.","publisher":{"@id":"https:\/\/adventureclub.eu\/#organization"},"potentialAction":[{"@type":"SearchAction","target":{"@type":"EntryPoint","urlTemplate":"https:\/\/adventureclub.eu\/?s={search_term_string}"},"query-input":{"@type":"PropertyValueSpecification","valueRequired":true,"valueName":"search_term_string"}}],"inLanguage":"fr-FR"},{"@type":"Organization","@id":"https:\/\/adventureclub.eu\/#organization","name":"Adventure Club of Europe","url":"https:\/\/adventureclub.eu\/","logo":{"@type":"ImageObject","inLanguage":"fr-FR","@id":"https:\/\/adventureclub.eu\/#\/schema\/logo\/image\/","url":"https:\/\/adventureclub.eu\/wp-content\/uploads\/2017\/05\/ACE-TITLE-PAGE.jpg","contentUrl":"https:\/\/adventureclub.eu\/wp-content\/uploads\/2017\/05\/ACE-TITLE-PAGE.jpg","width":1024,"height":604,"caption":"Adventure Club of Europe"},"image":{"@id":"https:\/\/adventureclub.eu\/#\/schema\/logo\/image\/"}}]}},"_links":{"self":[{"href":"https:\/\/adventureclub.eu\/fr\/wp-json\/wp\/v2\/pages\/1438","targetHints":{"allow":["GET"]}}],"collection":[{"href":"https:\/\/adventureclub.eu\/fr\/wp-json\/wp\/v2\/pages"}],"about":[{"href":"https:\/\/adventureclub.eu\/fr\/wp-json\/wp\/v2\/types\/page"}],"author":[{"embeddable":true,"href":"https:\/\/adventureclub.eu\/fr\/wp-json\/wp\/v2\/users\/9"}],"replies":[{"embeddable":true,"href":"https:\/\/adventureclub.eu\/fr\/wp-json\/wp\/v2\/comments?post=1438"}],"version-history":[{"count":11,"href":"https:\/\/adventureclub.eu\/fr\/wp-json\/wp\/v2\/pages\/1438\/revisions"}],"predecessor-version":[{"id":1587,"href":"https:\/\/adventureclub.eu\/fr\/wp-json\/wp\/v2\/pages\/1438\/revisions\/1587"}],"up":[{"embeddable":true,"href":"https:\/\/adventureclub.eu\/fr\/wp-json\/wp\/v2\/pages\/303"}],"wp:featuredmedia":[{"embeddable":true,"href":"https:\/\/adventureclub.eu\/fr\/wp-json\/wp\/v2\/media\/1297"}],"wp:attachment":[{"href":"https:\/\/adventureclub.eu\/fr\/wp-json\/wp\/v2\/media?parent=1438"}],"curies":[{"name":"wp","href":"https:\/\/api.w.org\/{rel}","templated":true}]}}