{"id":1442,"date":"2019-04-16T16:04:00","date_gmt":"2019-04-16T14:04:00","guid":{"rendered":"https:\/\/adventure-club.de\/?page_id=1442"},"modified":"2019-04-17T08:48:39","modified_gmt":"2019-04-17T06:48:39","slug":"giacomo-medaina","status":"publish","type":"page","link":"https:\/\/adventureclub.eu\/fr\/home-page\/giacomo-medaina\/","title":{"rendered":"Giacomo Medaina"},"content":{"rendered":"<p>[vc_row][vc_column][vc_empty_space height=\u00a0\u00bb200px\u00a0\u00bb][\/vc_column][\/vc_row][vc_row][vc_column][vc_column_text]<\/p>\n<h2 style=\"text-align: center;\">Giacomo Medaina<\/h2>\n<p>[\/vc_column_text][\/vc_column][\/vc_row][vc_row][vc_column][vc_empty_space][\/vc_column][\/vc_row][vc_row][vc_column][vc_column_text]<\/p>\n<h4 style=\"text-align: center;\">Membre de 1756 \u00e0 1786<\/h4>\n<p>[\/vc_column_text][\/vc_column][\/vc_row][vc_row][vc_column][vc_empty_space][\/vc_column][\/vc_row][vc_row][vc_column][vc_single_image image=\u00a0\u00bb1319&Prime; img_size=\u00a0\u00bblarge\u00a0\u00bb alignment=\u00a0\u00bbcenter\u00a0\u00bb][\/vc_column][\/vc_row][vc_row][vc_column][vc_empty_space][\/vc_column][\/vc_row][vc_row][vc_column][vc_empty_space][\/vc_column][\/vc_row][vc_row][vc_column][vc_single_image image=\u00a0\u00bb398&Prime; img_size=\u00a0\u00bbmedium\u00a0\u00bb alignment=\u00a0\u00bbcenter\u00a0\u00bb][\/vc_column][\/vc_row][vc_row][vc_column][vc_empty_space][\/vc_column][\/vc_row][vc_row][vc_column width=\u00a0\u00bb1\/2&Prime;][vc_column_text]Avez-vous d\u00e9j\u00e0 eu l\u2019impression de ne pas \u00eatre r\u00e9ellement seul dans une pi\u00e8ce pourtant visiblement d\u00e9serte ? Avez-vous d\u00e9j\u00e0 ressenti une sueur froide qui vous traverse de part en part ? Entendez-vous parfois des grincements la nuit, et vous essayer de vous persuader que c\u2019est l\u2019oeuvre du vent ? Qu\u2019est-ce que \u00e7a pourrait \u00eatre d\u2019autre, d\u2019ailleurs ? Tout a une explication rationnelle, de toute fa\u00e7on.<br \/>\nOu bien ?<\/p>\n<p>Venons-en aux faits : nous vivons \u00e0 une \u00e9poque qui m\u00e9prise le surnaturel. Car cela n\u2019entre pas dans les param\u00e8tres n\u00e9cessaires \u00e0 l\u2019Homme pour se sentir en s\u00e9curit\u00e9. Car cela va \u00e0 l\u2019encontre de notre illusion de contr\u00f4le. Et pourtant, il existe tant de choses dans notre monde, que nous ne parvenons pas \u00e0 expliquer. Des maisons abandonn\u00e9es, o\u00f9 la lumi\u00e8re scintille la nuit, alors que l\u2019\u00e9lectricit\u00e9 a \u00e9t\u00e9 coup\u00e9e depuis des lustres. Des h\u00f4pitaux d\u00e9saffect\u00e9s, o\u00f9 r\u00e9sonnent les cris des malades \u00e0 minuit. Et des maisons familiales, dont les habitants successifs finissent tous, quelques mois apr\u00e8s avoir emm\u00e9nag\u00e9, par \u00eatre intern\u00e9s dans un asile psychiatrique.<\/p>\n<p>Soyons concrets : avez-vous d\u00e9j\u00e0 fait appel aux services d\u2019un chasseur de fant\u00f4mes ? Certainement pas. Ce m\u00e9tier est tomb\u00e9 dans l\u2019oubli. Et ceux qui l\u2019exercent sont consid\u00e9r\u00e9s comme des charlatans ou des fous. Mais ce ne fut pas toujours le cas. Il fut un temps o\u00f9 le chasseur de fant\u00f4mes \u00e9tait, avant m\u00eame le m\u00e9decin, l\u2019homme le plus demand\u00e9 de la ville.<\/p>\n<p>Cet homme si demand\u00e9 s\u2019appelait Giacomo Medaina. Et la ville en question : V\u00e9rone en Italie. C\u2019est l\u00e0 qu\u2019il naquit en 1727, et qu\u2019il d\u00e9veloppa d\u00e8s son plus jeune \u00e2ge un trait de caract\u00e8re peu commun : sa haine visc\u00e9rale des fant\u00f4mes.<\/p>\n<p>Il les accusait d\u2019avoir fait tomber sa m\u00e8re dans la folie, et finalement de l\u2019avoir pouss\u00e9e au suicide, alors qu\u2019il n\u2019\u00e9tait \u00e2g\u00e9 que de 10 ans. Il \u00e9tait persuad\u00e9 que c\u2019\u00e9tait eux qui faisaient du bruit pour qu\u2019il se fasse attraper quand il essayait de faire le mur au foyer pour enfants. Et il pr\u00e9tendait qu\u2019ils \u00e9taient responsables de chaque mauvaise r\u00e9colte qui affectait les paysans et de chaque \u00e9pid\u00e9mie qui touchait la population.<\/p>\n<p>Sa haine \u00e9tait si forte qu\u2019il consacrait chaque minute de son temps libre au combat contre les fant\u00f4mes. Et il entra dans la l\u00e9gende alors qu\u2019il \u00e9tait \u00e2g\u00e9 d\u2019\u00e0 peine 28 ans\u2026<\/p>\n<p>Des douzaines d\u2019\u00e9crits ind\u00e9pendants rapportent l\u2019\u00e9mergence d\u2019un ph\u00e9nom\u00e8ne qui avait \u00e9t\u00e9 d\u00e9crit comme la \u00ab peste fantomatique de V\u00e9rone \u00bb dans le Nord de l\u2019Italie en l\u2019an 1755. De grands noms des mondes de l\u2019\u00e9conomie, de l\u2019\u00e9ducation et de la politique parurent perdre la raison en l\u2019espace de quelques jours. Les politiciens tenaient des discours insens\u00e9s, les commer\u00e7ants incendiaient leur marchandise, les professeurs bredouillaient des balivernes derri\u00e8re les pupitres de l\u2019universit\u00e9. Dans les grands b\u00e2timents de la ville, des cris d\u00e9chirants d\u2019origine inconnue r\u00e9sonnaient sans cesse. D\u00e9cisions politiques, commerce, \u00e9ducation : tout \u00e9tait sens dessus dessous en une nuit. En r\u00e9sum\u00e9 : les habitants de la ville \u00e9taient en proie \u00e0 des peurs terrifiantes, et V\u00e9rone \u00e9tait en passe de sombre dans un chaos incommensurable.<\/p>\n<blockquote><p><em>Il y a bien des historiens qui \u00e9mettent l\u2019hypoth\u00e8se d\u2019une forme de la \u00ab maladie de la vache folle \u00bb comme explication des incidents de l\u2019ann\u00e9e 1755, mais aucune preuve tangible ne vient la corroborer. Je ne vous dirais qu\u2019une chose : allez questionner quelques unes des vieilles dames sur la Piazza delle Erbe. Elles vous le diront mieux que moi, vu que cette histoire se transmet depuis des g\u00e9n\u00e9rations : il s\u2019agissait d\u2019une peste fantomatique.<\/em><br \/>\n<em>\u2013 Franco Iacci, chercheur en sciences paranormales<\/em><\/p><\/blockquote>\n<p>[\/vc_column_text][\/vc_column][vc_column width=\u00a0\u00bb1\/2&Prime;][vc_column_text]De son propre chef, Giacomo Medaina se mit \u00e0 la recherche de l\u2019origine de cette grande mal\u00e9diction, et il la trouva, comme on le raconte, au fond des oubliettes de l\u2019Arena di Verona, o\u00f9 se tenaient les combats de gladiateurs romains par le pass\u00e9. Apparemment, les oubliettes avaient servi de morgue pour tous les gladiateurs qui n\u2019avaient pas surv\u00e9cu aux combats acharn\u00e9s dans l\u2019ar\u00e8ne. Mais les oubliettes avaient r\u00e9cemment \u00e9t\u00e9 \u00e9ventr\u00e9es lors de travaux, et le repos des gladiateurs morts fut ainsi troubl\u00e9.<\/p>\n<p>Aujourd\u2019hui encore, on trouve des enluminures qui d\u00e9crivent les \u00e9v\u00e9nements qui suivirent : \u00e0 grands renforts de feu et de fum\u00e9es, de lumi\u00e8re et de chants mystiques, Giacomo est parvenu \u00e0 rassembler tous les fant\u00f4mes, pour finalement les conjurer et les enfermer \u00e0 nouveau dans les oubliettes.<\/p>\n<p>\u00c0 peine quelques jours apr\u00e8s le d\u00e9cha\u00eenement de cette peste fantomatique, il y mit fin. Et imm\u00e9diatement, tous ceux qui avaient \u00e9t\u00e9 en proie \u00e0 la folie revinrent \u00e0 la raison. Et les cris insens\u00e9s se turent.<\/p>\n<p>Giacomo Medaina fut c\u00e9l\u00e9br\u00e9 en h\u00e9ros dans tout le pays, et se mit ensuite \u00e0 voyager \u00e0 travers l\u2019Europe, pour lib\u00e9rer les maisons et les localit\u00e9s des fant\u00f4mes ind\u00e9sirables. Cela finit par attirer l\u2019attention de l\u2019ACE, qui en fit un de ses membres.<\/p>\n<p>Ce n\u2019est que lorsqu\u2019il rencontra et \u00e9pousa son grand amour en 1762, sa femme Marisa, qu\u2019il d\u00e9cide d\u2019\u00e9lire \u00e0 nouveau domicile \u00e0 V\u00e9rone. Selon les dires, elle parvint \u00e0 apaiser la hargne jusqu\u2019alors si f\u00e9roce du chasseur de fant\u00f4mes.<\/p>\n<p>Les deux v\u00e9curent des ann\u00e9es merveilleuses, jusqu\u2019\u00e0 ce que leur bonheur prenne subitement fin en 1770.<\/p>\n<blockquote><p><em>Giacomo \u00e9tait atterr\u00e9. Comment allait-il faire sans sa bien-aim\u00e9e ? Mais un jour, comme il est \u00e9crit dans le journal de l\u2019un de ses amis, Marisa lui apparu sous forme de fant\u00f4me. Et subitement, tout son syst\u00e8me de valeur fut caduc. Sa haine des fant\u00f4mes fut balay\u00e9e en instant par la nostalgie de ces retrouvailles avec sa femme.<\/em><br \/>\n<em>\u2013 Franco Iacci, chercheur en sciences paranormales<\/em><\/p><\/blockquote>\n<p>Giacomo changea donc son fusil d\u2019\u00e9paule. Il n\u2019essayait plus de chasser les fant\u00f4mes, mais plut\u00f4t de les invoquer, dans l\u2019espoir de parvenir \u00e0 mieux les comprendre, et ainsi de pouvoir peut-\u00eatre un jour ramener sa femme du royaume des morts. Pendant plus de 15 ans, il se lan\u00e7a \u00e9perdument dans des recherches, jusqu\u2019\u00e0 pr\u00e9senter une machine en 1786. Celle-ci devait permettre de passer de notre monde \u00e0 l\u2019au-del\u00e0 et inversement. Mais d\u00e8s le tout premier test au sein de son laboratoire, Giacomo disparu sans laisser de traces.<\/p>\n<blockquote><p><em>Depuis, on \u00e9met toute sortes de supposition sur ce qui est arriv\u00e9 \u00e0 Giacomo. Certain disent qu\u2019il s\u2019est donn\u00e9 la mort suite \u00e0 son chagrin, apr\u00e8s avoir perdu son amour \u00e0 jamais. Mais demandez aux vieilles dames de la Piazza delle Erbe. Elles en sont certaines : Giacomo et Marisa sont \u00e0 nouveau unis. Et quand le souffle du vent r\u00e9sonne aux coins de la Piazza la nuit, on croirait presque entendre r\u00e9sonner le nom de Giacomo.<\/em><br \/>\n<em>\u2013 Franco Iacci, chercheur en sciences paranormales<\/em><\/p><\/blockquote>\n<p>[\/vc_column_text][\/vc_column][\/vc_row][vc_row][vc_column][vc_empty_space][\/vc_column][\/vc_row][vc_row][vc_column][vc_single_image image=\u00a0\u00bb1299&Prime; img_size=\u00a0\u00bblarge\u00a0\u00bb alignment=\u00a0\u00bbcenter\u00a0\u00bb][\/vc_column][\/vc_row][vc_row][vc_column][vc_empty_space][\/vc_column][\/vc_row][vc_row][vc_column][vc_single_image image=\u00a0\u00bb398&Prime; img_size=\u00a0\u00bbmedium\u00a0\u00bb alignment=\u00a0\u00bbcenter\u00a0\u00bb][\/vc_column][\/vc_row][vc_row][vc_column][vc_empty_space][\/vc_column][\/vc_row][vc_row][vc_column][vc_empty_space][\/vc_column][\/vc_row]<\/p>","protected":false},"excerpt":{"rendered":"<p>[vc_row][vc_column][vc_empty_space height=\u00a0\u00bb200px\u00a0\u00bb][\/vc_column][\/vc_row][vc_row][vc_column][vc_column_text] Giacomo Medaina [\/vc_column_text][\/vc_column][\/vc_row][vc_row][vc_column][vc_empty_space][\/vc_column][\/vc_row][vc_row][vc_column][vc_column_text] Membre de 1756 \u00e0 1786 [\/vc_column_text][\/vc_column][\/vc_row][vc_row][vc_column][vc_empty_space][\/vc_column][\/vc_row][vc_row][vc_column][vc_single_image image=\u00a0\u00bb1319&Prime; img_size=\u00a0\u00bblarge\u00a0\u00bb alignment=\u00a0\u00bbcenter\u00a0\u00bb][\/vc_column][\/vc_row][vc_row][vc_column][vc_empty_space][\/vc_column][\/vc_row][vc_row][vc_column][vc_empty_space][\/vc_column][\/vc_row][vc_row][vc_column][vc_single_image image=\u00a0\u00bb398&Prime; img_size=\u00a0\u00bbmedium\u00a0\u00bb alignment=\u00a0\u00bbcenter\u00a0\u00bb][\/vc_column][\/vc_row][vc_row][vc_column][vc_empty_space][\/vc_column][\/vc_row][vc_row][vc_column width=\u00a0\u00bb1\/2&Prime;][vc_column_text]Avez-vous d\u00e9j\u00e0 eu l\u2019impression de ne pas \u00eatre r\u00e9ellement seul dans une pi\u00e8ce pourtant visiblement d\u00e9serte ? Avez-vous d\u00e9j\u00e0 ressenti une sueur froide qui vous traverse de part en part ? Entendez-vous parfois des grincements la nuit, et [&hellip;]<\/p>\n","protected":false},"author":9,"featured_media":1319,"parent":303,"menu_order":0,"comment_status":"closed","ping_status":"closed","template":"","meta":{"footnotes":""},"class_list":["post-1442","page","type-page","status-publish","has-post-thumbnail","hentry"],"yoast_head":"<!-- This site is optimized with the Yoast SEO plugin v26.9 - https:\/\/yoast.com\/product\/yoast-seo-wordpress\/ -->\n<title>Giacomo Medaina - Adventure Club of Europe<\/title>\n<meta name=\"description\" content=\"Adventure Club of Europe \u2013 Entdecken Sie unsere interessantesten, spannendsten und zum Teil auch umstrittensten Expeditionen der vergangenen Jahrhunderte.\" \/>\n<meta name=\"robots\" content=\"index, follow, max-snippet:-1, max-image-preview:large, max-video-preview:-1\" \/>\n<link rel=\"canonical\" href=\"https:\/\/adventureclub.eu\/home-page\/giacomo-medaina\/\" \/>\n<meta property=\"og:locale\" content=\"fr_FR\" \/>\n<meta property=\"og:type\" content=\"article\" \/>\n<meta property=\"og:title\" content=\"Giacomo Medaina - Adventure Club of Europe\" \/>\n<meta property=\"og:description\" content=\"Adventure Club of Europe \u2013 Entdecken Sie unsere interessantesten, spannendsten und zum Teil auch umstrittensten Expeditionen der vergangenen Jahrhunderte.\" \/>\n<meta property=\"og:url\" content=\"https:\/\/adventureclub.eu\/home-page\/giacomo-medaina\/\" \/>\n<meta property=\"og:site_name\" content=\"Adventure Club of Europe\" \/>\n<meta property=\"article:modified_time\" content=\"2019-04-17T06:48:39+00:00\" \/>\n<meta property=\"og:image\" content=\"https:\/\/adventureclub.eu\/wp-content\/uploads\/2014\/11\/giacomo_medaina-1.jpg\" \/>\n\t<meta property=\"og:image:width\" content=\"400\" \/>\n\t<meta property=\"og:image:height\" content=\"504\" \/>\n\t<meta property=\"og:image:type\" content=\"image\/jpeg\" \/>\n<meta name=\"twitter:card\" content=\"summary_large_image\" \/>\n<meta name=\"twitter:label1\" content=\"Dur\u00e9e de lecture estim\u00e9e\" \/>\n\t<meta name=\"twitter:data1\" content=\"19 minutes\" \/>\n<script type=\"application\/ld+json\" class=\"yoast-schema-graph\">{\"@context\":\"https:\/\/schema.org\",\"@graph\":[{\"@type\":\"WebPage\",\"@id\":\"https:\/\/adventureclub.eu\/home-page\/giacomo-medaina\/\",\"url\":\"https:\/\/adventureclub.eu\/home-page\/giacomo-medaina\/\",\"name\":\"Giacomo Medaina - Adventure Club of Europe\",\"isPartOf\":{\"@id\":\"https:\/\/adventureclub.eu\/#website\"},\"primaryImageOfPage\":{\"@id\":\"https:\/\/adventureclub.eu\/home-page\/giacomo-medaina\/#primaryimage\"},\"image\":{\"@id\":\"https:\/\/adventureclub.eu\/home-page\/giacomo-medaina\/#primaryimage\"},\"thumbnailUrl\":\"https:\/\/adventureclub.eu\/wp-content\/uploads\/2014\/11\/giacomo_medaina-1.jpg\",\"datePublished\":\"2019-04-16T14:04:00+00:00\",\"dateModified\":\"2019-04-17T06:48:39+00:00\",\"description\":\"Adventure Club of Europe \u2013 Entdecken Sie unsere interessantesten, spannendsten und zum Teil auch umstrittensten Expeditionen der vergangenen Jahrhunderte.\",\"breadcrumb\":{\"@id\":\"https:\/\/adventureclub.eu\/home-page\/giacomo-medaina\/#breadcrumb\"},\"inLanguage\":\"fr-FR\",\"potentialAction\":[{\"@type\":\"ReadAction\",\"target\":[\"https:\/\/adventureclub.eu\/home-page\/giacomo-medaina\/\"]}]},{\"@type\":\"ImageObject\",\"inLanguage\":\"fr-FR\",\"@id\":\"https:\/\/adventureclub.eu\/home-page\/giacomo-medaina\/#primaryimage\",\"url\":\"https:\/\/adventureclub.eu\/wp-content\/uploads\/2014\/11\/giacomo_medaina-1.jpg\",\"contentUrl\":\"https:\/\/adventureclub.eu\/wp-content\/uploads\/2014\/11\/giacomo_medaina-1.jpg\",\"width\":400,\"height\":504,\"caption\":\"Gem\u00e4lde des Mitglieds des Adventure Club Europe, Giacomo Medaina. Er hat lange schwarze Haare und lehnt an einen Baum.\"},{\"@type\":\"BreadcrumbList\",\"@id\":\"https:\/\/adventureclub.eu\/home-page\/giacomo-medaina\/#breadcrumb\",\"itemListElement\":[{\"@type\":\"ListItem\",\"position\":1,\"name\":\"Startseite\",\"item\":\"https:\/\/adventureclub.eu\/\"},{\"@type\":\"ListItem\",\"position\":2,\"name\":\"Home Page\",\"item\":\"https:\/\/adventureclub.eu\/\"},{\"@type\":\"ListItem\",\"position\":3,\"name\":\"Giacomo Medaina\"}]},{\"@type\":\"WebSite\",\"@id\":\"https:\/\/adventureclub.eu\/#website\",\"url\":\"https:\/\/adventureclub.eu\/\",\"name\":\"Adventure Club of Europe\",\"description\":\"Adventure Club of Europe \u2013 Entdecken Sie unsere interessantesten, spannendsten und zum Teil auch umstrittensten Expeditionen der vergangenen Jahrhunderte.\",\"publisher\":{\"@id\":\"https:\/\/adventureclub.eu\/#organization\"},\"potentialAction\":[{\"@type\":\"SearchAction\",\"target\":{\"@type\":\"EntryPoint\",\"urlTemplate\":\"https:\/\/adventureclub.eu\/?s={search_term_string}\"},\"query-input\":{\"@type\":\"PropertyValueSpecification\",\"valueRequired\":true,\"valueName\":\"search_term_string\"}}],\"inLanguage\":\"fr-FR\"},{\"@type\":\"Organization\",\"@id\":\"https:\/\/adventureclub.eu\/#organization\",\"name\":\"Adventure Club of Europe\",\"url\":\"https:\/\/adventureclub.eu\/\",\"logo\":{\"@type\":\"ImageObject\",\"inLanguage\":\"fr-FR\",\"@id\":\"https:\/\/adventureclub.eu\/#\/schema\/logo\/image\/\",\"url\":\"https:\/\/adventureclub.eu\/wp-content\/uploads\/2017\/05\/ACE-TITLE-PAGE.jpg\",\"contentUrl\":\"https:\/\/adventureclub.eu\/wp-content\/uploads\/2017\/05\/ACE-TITLE-PAGE.jpg\",\"width\":1024,\"height\":604,\"caption\":\"Adventure Club of Europe\"},\"image\":{\"@id\":\"https:\/\/adventureclub.eu\/#\/schema\/logo\/image\/\"}}]}<\/script>\n<!-- \/ Yoast SEO plugin. -->","yoast_head_json":{"title":"Giacomo Medaina - Adventure Club of Europe","description":"Adventure Club of Europe \u2013 Entdecken Sie unsere interessantesten, spannendsten und zum Teil auch umstrittensten Expeditionen der vergangenen Jahrhunderte.","robots":{"index":"index","follow":"follow","max-snippet":"max-snippet:-1","max-image-preview":"max-image-preview:large","max-video-preview":"max-video-preview:-1"},"canonical":"https:\/\/adventureclub.eu\/home-page\/giacomo-medaina\/","og_locale":"fr_FR","og_type":"article","og_title":"Giacomo Medaina - Adventure Club of Europe","og_description":"Adventure Club of Europe \u2013 Entdecken Sie unsere interessantesten, spannendsten und zum Teil auch umstrittensten Expeditionen der vergangenen Jahrhunderte.","og_url":"https:\/\/adventureclub.eu\/home-page\/giacomo-medaina\/","og_site_name":"Adventure Club of Europe","article_modified_time":"2019-04-17T06:48:39+00:00","og_image":[{"width":400,"height":504,"url":"https:\/\/adventureclub.eu\/wp-content\/uploads\/2014\/11\/giacomo_medaina-1.jpg","type":"image\/jpeg"}],"twitter_card":"summary_large_image","twitter_misc":{"Dur\u00e9e de lecture estim\u00e9e":"19 minutes"},"schema":{"@context":"https:\/\/schema.org","@graph":[{"@type":"WebPage","@id":"https:\/\/adventureclub.eu\/home-page\/giacomo-medaina\/","url":"https:\/\/adventureclub.eu\/home-page\/giacomo-medaina\/","name":"Giacomo Medaina - Adventure Club of Europe","isPartOf":{"@id":"https:\/\/adventureclub.eu\/#website"},"primaryImageOfPage":{"@id":"https:\/\/adventureclub.eu\/home-page\/giacomo-medaina\/#primaryimage"},"image":{"@id":"https:\/\/adventureclub.eu\/home-page\/giacomo-medaina\/#primaryimage"},"thumbnailUrl":"https:\/\/adventureclub.eu\/wp-content\/uploads\/2014\/11\/giacomo_medaina-1.jpg","datePublished":"2019-04-16T14:04:00+00:00","dateModified":"2019-04-17T06:48:39+00:00","description":"Adventure Club of Europe \u2013 Entdecken Sie unsere interessantesten, spannendsten und zum Teil auch umstrittensten Expeditionen der vergangenen Jahrhunderte.","breadcrumb":{"@id":"https:\/\/adventureclub.eu\/home-page\/giacomo-medaina\/#breadcrumb"},"inLanguage":"fr-FR","potentialAction":[{"@type":"ReadAction","target":["https:\/\/adventureclub.eu\/home-page\/giacomo-medaina\/"]}]},{"@type":"ImageObject","inLanguage":"fr-FR","@id":"https:\/\/adventureclub.eu\/home-page\/giacomo-medaina\/#primaryimage","url":"https:\/\/adventureclub.eu\/wp-content\/uploads\/2014\/11\/giacomo_medaina-1.jpg","contentUrl":"https:\/\/adventureclub.eu\/wp-content\/uploads\/2014\/11\/giacomo_medaina-1.jpg","width":400,"height":504,"caption":"Gem\u00e4lde des Mitglieds des Adventure Club Europe, Giacomo Medaina. Er hat lange schwarze Haare und lehnt an einen Baum."},{"@type":"BreadcrumbList","@id":"https:\/\/adventureclub.eu\/home-page\/giacomo-medaina\/#breadcrumb","itemListElement":[{"@type":"ListItem","position":1,"name":"Startseite","item":"https:\/\/adventureclub.eu\/"},{"@type":"ListItem","position":2,"name":"Home Page","item":"https:\/\/adventureclub.eu\/"},{"@type":"ListItem","position":3,"name":"Giacomo Medaina"}]},{"@type":"WebSite","@id":"https:\/\/adventureclub.eu\/#website","url":"https:\/\/adventureclub.eu\/","name":"Adventure Club of Europe","description":"Adventure Club of Europe \u2013 Entdecken Sie unsere interessantesten, spannendsten und zum Teil auch umstrittensten Expeditionen der vergangenen Jahrhunderte.","publisher":{"@id":"https:\/\/adventureclub.eu\/#organization"},"potentialAction":[{"@type":"SearchAction","target":{"@type":"EntryPoint","urlTemplate":"https:\/\/adventureclub.eu\/?s={search_term_string}"},"query-input":{"@type":"PropertyValueSpecification","valueRequired":true,"valueName":"search_term_string"}}],"inLanguage":"fr-FR"},{"@type":"Organization","@id":"https:\/\/adventureclub.eu\/#organization","name":"Adventure Club of Europe","url":"https:\/\/adventureclub.eu\/","logo":{"@type":"ImageObject","inLanguage":"fr-FR","@id":"https:\/\/adventureclub.eu\/#\/schema\/logo\/image\/","url":"https:\/\/adventureclub.eu\/wp-content\/uploads\/2017\/05\/ACE-TITLE-PAGE.jpg","contentUrl":"https:\/\/adventureclub.eu\/wp-content\/uploads\/2017\/05\/ACE-TITLE-PAGE.jpg","width":1024,"height":604,"caption":"Adventure Club of Europe"},"image":{"@id":"https:\/\/adventureclub.eu\/#\/schema\/logo\/image\/"}}]}},"_links":{"self":[{"href":"https:\/\/adventureclub.eu\/fr\/wp-json\/wp\/v2\/pages\/1442","targetHints":{"allow":["GET"]}}],"collection":[{"href":"https:\/\/adventureclub.eu\/fr\/wp-json\/wp\/v2\/pages"}],"about":[{"href":"https:\/\/adventureclub.eu\/fr\/wp-json\/wp\/v2\/types\/page"}],"author":[{"embeddable":true,"href":"https:\/\/adventureclub.eu\/fr\/wp-json\/wp\/v2\/users\/9"}],"replies":[{"embeddable":true,"href":"https:\/\/adventureclub.eu\/fr\/wp-json\/wp\/v2\/comments?post=1442"}],"version-history":[{"count":16,"href":"https:\/\/adventureclub.eu\/fr\/wp-json\/wp\/v2\/pages\/1442\/revisions"}],"predecessor-version":[{"id":1458,"href":"https:\/\/adventureclub.eu\/fr\/wp-json\/wp\/v2\/pages\/1442\/revisions\/1458"}],"up":[{"embeddable":true,"href":"https:\/\/adventureclub.eu\/fr\/wp-json\/wp\/v2\/pages\/303"}],"wp:featuredmedia":[{"embeddable":true,"href":"https:\/\/adventureclub.eu\/fr\/wp-json\/wp\/v2\/media\/1319"}],"wp:attachment":[{"href":"https:\/\/adventureclub.eu\/fr\/wp-json\/wp\/v2\/media?parent=1442"}],"curies":[{"name":"wp","href":"https:\/\/api.w.org\/{rel}","templated":true}]}}