{"id":1789,"date":"2020-10-02T10:30:22","date_gmt":"2020-10-02T08:30:22","guid":{"rendered":"https:\/\/adventure-club.de\/?page_id=1789"},"modified":"2020-10-02T13:29:56","modified_gmt":"2020-10-02T11:29:56","slug":"johann-gottfried-tulla","status":"publish","type":"page","link":"https:\/\/adventureclub.eu\/fr\/home-page\/johann-gottfried-tulla\/","title":{"rendered":"Johann Gottfried Tulla"},"content":{"rendered":"<p>[vc_row][vc_column][vc_empty_space height=\u00a0\u00bb200px\u00a0\u00bb][\/vc_column][\/vc_row][vc_row][vc_column][vc_column_text]<\/p>\n<h2 style=\"text-align: center;\">Johann Gottfried Tulla<\/h2>\n<p>[\/vc_column_text][\/vc_column][\/vc_row][vc_row][vc_column][vc_empty_space][\/vc_column][\/vc_row][vc_row][vc_column][vc_column_text]<\/p>\n<h4 style=\"text-align: center;\">Membre de 1801 &#8211; 1828<\/h4>\n<p>[\/vc_column_text][\/vc_column][\/vc_row][vc_row][vc_column][vc_empty_space][\/vc_column][\/vc_row][vc_row][vc_column][vc_single_image image=\u00a0\u00bb1787&Prime; img_size=\u00a0\u00bblarge\u00a0\u00bb alignment=\u00a0\u00bbcenter\u00a0\u00bb][\/vc_column][\/vc_row][vc_row][vc_column][vc_empty_space][\/vc_column][\/vc_row][vc_row][vc_column][vc_empty_space][\/vc_column][\/vc_row][vc_row][vc_column][vc_single_image image=\u00a0\u00bb398&Prime; img_size=\u00a0\u00bbmedium\u00a0\u00bb alignment=\u00a0\u00bbcenter\u00a0\u00bb][\/vc_column][\/vc_row][vc_row][vc_column][vc_empty_space][\/vc_column][\/vc_row][vc_row][vc_column width=\u00a0\u00bb1\/2&Prime;][vc_column_text]<\/p>\n<blockquote><p><em>C\u2019est une jungle imp\u00e9n\u00e9trable. Entre les arbres denses, des plantes grimpantes, des herbes hautes, des foug\u00e8res et des roseaux de toutes sortes prolif\u00e8rent \u00e0 foison. Le fleuve m\u00e9andre \u00e0 travers le territoire, se divise en centaines de bras, cr\u00e9\u00e9 des milliers d\u2019\u00eelots, que personne ne parvient \u00e0 comptabiliser, m\u00eame avec la meilleure volont\u00e9. Et quand l\u2019eau se retire \u00e0 un endroit, elle laisse derri\u00e8re elle des marais dont la bourbe est un danger \u00e0 chaque pas, et dont \u00e9manent des vapeurs putrides et toxiques. Elles sont \u00e0 l\u2019origine de fi\u00e8vres mortelles chez les Hommes. Dans la chaleur moite, des essaims de moustiques et autres vermines couvent leurs colonies qui viendront tourmenter tous ceux qui s\u2019y aventureront jusqu\u2019au plus profond de leur chair.<\/em><\/p><\/blockquote>\n<p>Ceci n\u2019est pas l\u2019extrait d\u2019un rapport d\u2019exp\u00e9dition de l\u2019ACE au c\u0153ur de la jungle amazonienne, mais c\u2019est ainsi que Johann Gottfried Tulla d\u00e9crivait la situation de sa patrie badoise, le long du Rhin, quand il prit la parole pour la premi\u00e8re fois au sein de l\u2019ACE en 1801. Le compterendu de son discours est d\u00e9sormais conserv\u00e9 dans les archives de l\u2019ACE.<\/p>\n<p>Le jeune officier et ing\u00e9nieur avait \u00e9t\u00e9 envoy\u00e9 \u00e9tudier \u00e0 Paris par le Margrave Charles Fr\u00e9d\u00e9ric de Bade. Il devait y d\u00e9velopper encore ses riches connaissances en g\u00e9nie hydraulique afin de contribuer \u00e0 la modernisation de sa patrie badoise, en rejoignant les rangs d\u2019une nouvelle universit\u00e9 hors du commun\u00a0: la d\u00e9sormais tr\u00e8s c\u00e9l\u00e8bre <em>\u00c9cole polytechnique, <\/em>o\u00f9 les d\u00e9couvertes th\u00e9oriques r\u00e9volutionnaires \u00e9taient aussi mise en pratique dans la foul\u00e9e. Les scientifiques les plus renomm\u00e9s de l\u2019\u00e9poque y fa\u00e7onnaient les technologies du futur.<\/p>\n<p>Mais m\u00eame au milieu de ces visionnaires, Tulla devait souvent faire face \u00e0 l\u2019incompr\u00e9hension quand il prof\u00e9rait ses th\u00e9ories audacieuses. Seul l\u2019un de ses professeurs lui pr\u00eata l\u2019oreille, et l\u2019invita ainsi \u00e0 prendre part \u00e0 la f\u00e9d\u00e9ration secr\u00e8te de l\u2019Adventure Club of Europe. Le professeur, qui appartenait aussi au club, lui assura qu\u2019en son sein, on s\u2019int\u00e9ressait grandement \u00e0 ce qui pouvait para\u00eetre incroyable ou inconcevable pour le commun des mortels.<\/p>\n<p>Et effectivement, quand Tulla se retrouva dans un \u00e9l\u00e9gant salon parisien \u00e0 \u00e9couter des rapports d\u2019exp\u00e9dition et d\u2019incroyables nouvelles d\u00e9couvertes, il oscillait lui-m\u00eame entre fascination et incr\u00e9dulit\u00e9. D\u2019un autre c\u00f4t\u00e9, il se sentait galvanis\u00e9 de pouvoir formuler pour la premi\u00e8re fois son plan ambitieux. Voil\u00e0 ce qu\u2019on peut lire dans la suite du compte rendu :<\/p>\n<blockquote><p>Ann\u00e9e apr\u00e8s ann\u00e9e, le Rhin provoque r\u00e9guli\u00e8rement des inondations destructrices. Les crues r\u00e9duisent des surfaces agricoles fertiles \u00e0 n\u00e9ant, et emportent des villages entiers avec elles.<\/p>\n<p>Mais nous, Mesdames et Messieurs, nous vivons d\u00e9sormais au 19<sup>e<\/sup> si\u00e8cle !<\/p>\n<p>Nous n\u2019avons plus \u00e0 nous plier aux humeurs de la nature. Nous disposons d\u00e9sormais des moyens techniques, et avons donc de ce fait aussi l\u2019obligation morale de ma\u00eetriser le flux de ce cours d\u2019eau.<\/p>\n<p>Nous allons cr\u00e9er un nouveau lit pour le fleuve ! Un trac\u00e9 droit, selon notre vision et nos calculs. C\u2019est ainsi que nous devrons l\u2019apprivoiser, et transformer ce destructeur impr\u00e9visible en art\u00e8re vitale.<\/p><\/blockquote>\n<p><img loading=\"lazy\" decoding=\"async\" class=\"alignnone size-full wp-image-1788 cc_cursor\" src=\"https:\/\/adventureclub.eu\/wp-content\/uploads\/2014\/11\/ace_karte_rheinbegradigung.jpg\" alt=\"\" width=\"730\" height=\"400\" srcset=\"https:\/\/adventureclub.eu\/wp-content\/uploads\/2014\/11\/ace_karte_rheinbegradigung.jpg 730w, https:\/\/adventureclub.eu\/wp-content\/uploads\/2014\/11\/ace_karte_rheinbegradigung-300x164.jpg 300w\" sizes=\"auto, (max-width: 730px) 100vw, 730px\" \/><\/p>\n<p>Rectifier le cours d\u2019un fleuve comme le Rhin, et lui cr\u00e9er un lit artificiel sur des centaines de kilom\u00e8tres\u00a0? Si Tulla avait \u00e0 peine \u00e9voqu\u00e9 une telle th\u00e9orie en un autre lieu, on l\u2019aura tax\u00e9 de fou furieux.[\/vc_column_text][\/vc_column][vc_column width=\u00a0\u00bb1\/2&Prime;][vc_column_text]Mais les membres de l\u2019ACE furent enthousiasm\u00e9s par son expos\u00e9.<\/p>\n<p>Tulla fut accept\u00e9 \u00e0 l\u2019unanimit\u00e9 au sein du club et re\u00e7u un soutien de taille : il eu droit d\u2019acc\u00e9der aux archives secr\u00e8tes de l\u2019ACE, o\u00f9 il consulta des croquis des syst\u00e8mes de canaux \u00e9labor\u00e9s con\u00e7us par les Mayas. On lui remit aussi des prototypes d\u2019appareils de mesures tr\u00e8s pr\u00e9cis. Et le pr\u00e9sident de l\u2019ACE en personne \u00e9crivit une lettre de recommandation qui lui ouvrira les portes d\u00e9cisives du c\u00f4t\u00e9 fran\u00e7ais. Le Rhin \u00e9tant un fleuve frontalier, il fallait \u00e0 tout prix coop\u00e9rer avec la France pour rectifier son cours.<\/p>\n<p>Stimul\u00e9 par ces approbations et d\u00e9termin\u00e9 \u00e0 mettre son plan \u00e0 ex\u00e9cution, Tulla s\u2019en retourna alors dans sa patrie badoise. Il dut faire preuve d\u2019une grande patience pour convaincre ses contemporains\u00a0: \u00e0 la cour, on consid\u00e9rait son plan comme irr\u00e9alisable, on avait peur des co\u00fbts \u00e9normes que cela engendrerait. L\u2019\u00e9glise d\u00e9clara que cela consistait une atteinte inadmissible \u00e0 la cr\u00e9ation de Dieu. Les pr\u00e9fets fran\u00e7ais de l\u2019autre c\u00f4t\u00e9 du Rhin se m\u00e9fiaient de ce jeune allemand. Et le peuple craignait pour le fondement de son existence, vu que le nouveau trac\u00e9 du fleuve allait traverser ses villages et champs.<\/p>\n<p>Mais Tulla travailla sans rel\u00e2che, des ann\u00e9es, des d\u00e9cennies m\u00eame, pour contrer toutes ces r\u00e9sistances. Il fit des mesures, dessina des cartes, \u00e9labora des plans. Les pr\u00e9senta partout o\u00f9 c\u2019\u00e9tait possible. Utilisa le savoir et les relations de l\u2019ACE \u00e0 bon escient. Il \u00e9tablit, en grande partie gr\u00e2ce \u00e0 la recommandation du pr\u00e9sident de l\u2019ACE, une relation amicale avec les pr\u00e9fets fran\u00e7ais. Ainsi, des deux c\u00f4t\u00e9s du fleuve, l\u2019id\u00e9e de la r\u00e9alisation commune de ce grand projet s\u2019installait peu \u00e0 peu dans les esprits.<\/p>\n<p>Vu qu\u2019il manquait d\u2019alli\u00e9s qualifi\u00e9s pour la mise en \u0153uvre, Tulla fonda une \u00e9cole d\u2019ing\u00e9nieurs \u00e0 Karlsruhe, sur le mod\u00e8le de l\u2019<em>\u00c9cole polytechnique.<\/em> Il r\u00e9ussi \u00e0 faire venir de c\u00e9l\u00e8bres intervenants, il parvint m\u00eame \u00e0 convaincre les l\u00e9gendaires fr\u00e8res Eulenstein d\u2019y donner des cours magistraux. En contrepartie, il fit jouer ses bonnes relations pour qu\u2019ils obtiennent des subventions de l\u2019\u00e9tat pour construire leur <em>Voletarium, <\/em>et il appuya leur admission au sein de l\u2019ACE.<\/p>\n<p>C\u2019est aussi au cours d\u2019une soir\u00e9e conviviale avec les Eulenstein, raconte-t-on, que l\u2019id\u00e9e cruciale fut \u00e9voqu\u00e9e pour la premi\u00e8re fois : apr\u00e8s une visite d\u2019ordre diplomatique en France, Tulla, les deux fr\u00e8res et leur bon ami Paul Mack \u00e9taient invit\u00e9s \u00e0 boire un verre au sein du domaine viticole d\u2019Ollwiller.<\/p>\n<p>On d\u00e9gusta le bon vin, on chanta des chansons, parfois en badois, parfois en fran\u00e7ais, et on discuta ardemment de la question centrale qui entourait encore le projet : m\u00eame si les calculs \u00e9taient exacts, les plans pr\u00e9cis et les d\u00e9cideurs convaincus, comment faire pour mettre en \u0153uvre les gigantesques travaux d\u2019excavation sur des milliers de kilom\u00e8tres et r\u00e9aliser un lit artificiel pour le fleuve ? On manquait de moyens et de main d\u2019\u0153uvre. Qui allait r\u00e9aliser ce travail surhumain\u00a0?<\/p>\n<p>Soudain, Tulla se leva de sa chaise et s\u2019\u00e9cria avec conviction : \u00ab Le Rhin fera le travail luim\u00eame, Messieurs ! \u00bb<\/p>\n<p>Il se fit apporter une carte, et dessina des lignes droites \u00e0 trois ou quatre points strat\u00e9giques sur le cours du Rhin\u00a0: \u00ab\u00a0Nous n\u2019avons pas besoin de tout creuser nous-m\u00eames. Il nous suffit de faire de courtes perc\u00e9es ici, ici et ici, et ensuite le fleuve, guid\u00e9 par nos actions, se cr\u00e9era son nouveau lit tout seul !\u00a0\u00bb.<\/p>\n<p>Le plan de Tulla fut mis en pratique. En 1817, les premi\u00e8res rectifications furent effectu\u00e9es \u00e0 Karlsruhe, suivies de nombreuses autres. Peu \u00e0 peu, le fleuve prit son nouveau cours. Et avec les ann\u00e9es, toutes les am\u00e9liorations pr\u00e9vues se produisirent\u00a0: les inondations cess\u00e8rent, les marais, v\u00e9ritables nids \u00e0 nuisibles, se dess\u00e9ch\u00e8rent, on gagna de nouvelles terres fertiles d\u00e9sormais prot\u00e9g\u00e9es des crues. Ce Rhin apprivois\u00e9 devint navigable, et se transforma en la voie commerciale et touristique d\u00e9cisive qu\u2019il est encore aujourd\u2019hui.<\/p>\n<p>L\u2019\u0153uvre de Tulla, qui fut initi\u00e9e au cours d\u2019une r\u00e9union de l\u2019ACE, se perp\u00e9tue d\u00e9sormais \u00e0 travers les si\u00e8cles.[\/vc_column_text][\/vc_column][\/vc_row][vc_row][vc_column][vc_empty_space][\/vc_column][\/vc_row][vc_row][vc_column][vc_single_image image=\u00a0\u00bb398&Prime; img_size=\u00a0\u00bbmedium\u00a0\u00bb alignment=\u00a0\u00bbcenter\u00a0\u00bb][\/vc_column][\/vc_row][vc_row][vc_column][vc_empty_space][\/vc_column][\/vc_row][vc_row][vc_column][vc_empty_space][\/vc_column][\/vc_row]<\/p>","protected":false},"excerpt":{"rendered":"<p>[vc_row][vc_column][vc_empty_space height=\u00a0\u00bb200px\u00a0\u00bb][\/vc_column][\/vc_row][vc_row][vc_column][vc_column_text] Johann Gottfried Tulla [\/vc_column_text][\/vc_column][\/vc_row][vc_row][vc_column][vc_empty_space][\/vc_column][\/vc_row][vc_row][vc_column][vc_column_text] Membre de 1801 &#8211; 1828 [\/vc_column_text][\/vc_column][\/vc_row][vc_row][vc_column][vc_empty_space][\/vc_column][\/vc_row][vc_row][vc_column][vc_single_image image=\u00a0\u00bb1787&Prime; img_size=\u00a0\u00bblarge\u00a0\u00bb alignment=\u00a0\u00bbcenter\u00a0\u00bb][\/vc_column][\/vc_row][vc_row][vc_column][vc_empty_space][\/vc_column][\/vc_row][vc_row][vc_column][vc_empty_space][\/vc_column][\/vc_row][vc_row][vc_column][vc_single_image image=\u00a0\u00bb398&Prime; img_size=\u00a0\u00bbmedium\u00a0\u00bb alignment=\u00a0\u00bbcenter\u00a0\u00bb][\/vc_column][\/vc_row][vc_row][vc_column][vc_empty_space][\/vc_column][\/vc_row][vc_row][vc_column width=\u00a0\u00bb1\/2&Prime;][vc_column_text] C\u2019est une jungle imp\u00e9n\u00e9trable. Entre les arbres denses, des plantes grimpantes, des herbes hautes, des foug\u00e8res et des roseaux de toutes sortes prolif\u00e8rent \u00e0 foison. Le fleuve m\u00e9andre \u00e0 travers le territoire, se divise en centaines [&hellip;]<\/p>\n","protected":false},"author":9,"featured_media":1787,"parent":303,"menu_order":0,"comment_status":"closed","ping_status":"closed","template":"","meta":{"footnotes":""},"class_list":["post-1789","page","type-page","status-publish","has-post-thumbnail","hentry"],"yoast_head":"<!-- This site is optimized with the Yoast SEO plugin v26.9 - https:\/\/yoast.com\/product\/yoast-seo-wordpress\/ -->\n<title>Johann Gottfried Tulla - Adventure Club of Europe<\/title>\n<meta name=\"description\" content=\"Adventure Club of Europe \u2013 Entdecken Sie unsere interessantesten, spannendsten und zum Teil auch umstrittensten Expeditionen der vergangenen Jahrhunderte.\" \/>\n<meta name=\"robots\" content=\"index, follow, max-snippet:-1, max-image-preview:large, max-video-preview:-1\" \/>\n<link rel=\"canonical\" href=\"https:\/\/adventureclub.eu\/home-page\/johann-gottfried-tulla\/\" \/>\n<meta property=\"og:locale\" content=\"fr_FR\" \/>\n<meta property=\"og:type\" content=\"article\" \/>\n<meta property=\"og:title\" content=\"Johann Gottfried Tulla - Adventure Club of Europe\" \/>\n<meta property=\"og:description\" content=\"Adventure Club of Europe \u2013 Entdecken Sie unsere interessantesten, spannendsten und zum Teil auch umstrittensten Expeditionen der vergangenen Jahrhunderte.\" \/>\n<meta property=\"og:url\" content=\"https:\/\/adventureclub.eu\/home-page\/johann-gottfried-tulla\/\" \/>\n<meta property=\"og:site_name\" content=\"Adventure Club of Europe\" \/>\n<meta property=\"article:modified_time\" content=\"2020-10-02T11:29:56+00:00\" \/>\n<meta property=\"og:image\" content=\"https:\/\/adventureclub.eu\/wp-content\/uploads\/2014\/11\/adevntureclub_of_europe_johann_gottfried_tulla.jpg\" \/>\n\t<meta property=\"og:image:width\" content=\"414\" \/>\n\t<meta property=\"og:image:height\" content=\"506\" \/>\n\t<meta property=\"og:image:type\" content=\"image\/jpeg\" \/>\n<meta name=\"twitter:card\" content=\"summary_large_image\" \/>\n<meta name=\"twitter:label1\" content=\"Dur\u00e9e de lecture estim\u00e9e\" \/>\n\t<meta name=\"twitter:data1\" content=\"21 minutes\" \/>\n<script type=\"application\/ld+json\" class=\"yoast-schema-graph\">{\"@context\":\"https:\/\/schema.org\",\"@graph\":[{\"@type\":\"WebPage\",\"@id\":\"https:\/\/adventureclub.eu\/home-page\/johann-gottfried-tulla\/\",\"url\":\"https:\/\/adventureclub.eu\/home-page\/johann-gottfried-tulla\/\",\"name\":\"Johann Gottfried Tulla - Adventure Club of Europe\",\"isPartOf\":{\"@id\":\"https:\/\/adventureclub.eu\/#website\"},\"primaryImageOfPage\":{\"@id\":\"https:\/\/adventureclub.eu\/home-page\/johann-gottfried-tulla\/#primaryimage\"},\"image\":{\"@id\":\"https:\/\/adventureclub.eu\/home-page\/johann-gottfried-tulla\/#primaryimage\"},\"thumbnailUrl\":\"https:\/\/adventureclub.eu\/wp-content\/uploads\/2014\/11\/adevntureclub_of_europe_johann_gottfried_tulla.jpg\",\"datePublished\":\"2020-10-02T08:30:22+00:00\",\"dateModified\":\"2020-10-02T11:29:56+00:00\",\"description\":\"Adventure Club of Europe \u2013 Entdecken Sie unsere interessantesten, spannendsten und zum Teil auch umstrittensten Expeditionen der vergangenen Jahrhunderte.\",\"breadcrumb\":{\"@id\":\"https:\/\/adventureclub.eu\/home-page\/johann-gottfried-tulla\/#breadcrumb\"},\"inLanguage\":\"fr-FR\",\"potentialAction\":[{\"@type\":\"ReadAction\",\"target\":[\"https:\/\/adventureclub.eu\/home-page\/johann-gottfried-tulla\/\"]}]},{\"@type\":\"ImageObject\",\"inLanguage\":\"fr-FR\",\"@id\":\"https:\/\/adventureclub.eu\/home-page\/johann-gottfried-tulla\/#primaryimage\",\"url\":\"https:\/\/adventureclub.eu\/wp-content\/uploads\/2014\/11\/adevntureclub_of_europe_johann_gottfried_tulla.jpg\",\"contentUrl\":\"https:\/\/adventureclub.eu\/wp-content\/uploads\/2014\/11\/adevntureclub_of_europe_johann_gottfried_tulla.jpg\",\"width\":414,\"height\":506,\"caption\":\"Zeichnung von Johann Gottfried Tulla, Mitglied im Adventure Club of Europe. Er tr\u00e4gt eine Uniform.\"},{\"@type\":\"BreadcrumbList\",\"@id\":\"https:\/\/adventureclub.eu\/home-page\/johann-gottfried-tulla\/#breadcrumb\",\"itemListElement\":[{\"@type\":\"ListItem\",\"position\":1,\"name\":\"Startseite\",\"item\":\"https:\/\/adventureclub.eu\/\"},{\"@type\":\"ListItem\",\"position\":2,\"name\":\"Home Page\",\"item\":\"https:\/\/adventureclub.eu\/\"},{\"@type\":\"ListItem\",\"position\":3,\"name\":\"Johann Gottfried Tulla\"}]},{\"@type\":\"WebSite\",\"@id\":\"https:\/\/adventureclub.eu\/#website\",\"url\":\"https:\/\/adventureclub.eu\/\",\"name\":\"Adventure Club of Europe\",\"description\":\"Adventure Club of Europe \u2013 Entdecken Sie unsere interessantesten, spannendsten und zum Teil auch umstrittensten Expeditionen der vergangenen Jahrhunderte.\",\"publisher\":{\"@id\":\"https:\/\/adventureclub.eu\/#organization\"},\"potentialAction\":[{\"@type\":\"SearchAction\",\"target\":{\"@type\":\"EntryPoint\",\"urlTemplate\":\"https:\/\/adventureclub.eu\/?s={search_term_string}\"},\"query-input\":{\"@type\":\"PropertyValueSpecification\",\"valueRequired\":true,\"valueName\":\"search_term_string\"}}],\"inLanguage\":\"fr-FR\"},{\"@type\":\"Organization\",\"@id\":\"https:\/\/adventureclub.eu\/#organization\",\"name\":\"Adventure Club of Europe\",\"url\":\"https:\/\/adventureclub.eu\/\",\"logo\":{\"@type\":\"ImageObject\",\"inLanguage\":\"fr-FR\",\"@id\":\"https:\/\/adventureclub.eu\/#\/schema\/logo\/image\/\",\"url\":\"https:\/\/adventureclub.eu\/wp-content\/uploads\/2017\/05\/ACE-TITLE-PAGE.jpg\",\"contentUrl\":\"https:\/\/adventureclub.eu\/wp-content\/uploads\/2017\/05\/ACE-TITLE-PAGE.jpg\",\"width\":1024,\"height\":604,\"caption\":\"Adventure Club of Europe\"},\"image\":{\"@id\":\"https:\/\/adventureclub.eu\/#\/schema\/logo\/image\/\"}}]}<\/script>\n<!-- \/ Yoast SEO plugin. -->","yoast_head_json":{"title":"Johann Gottfried Tulla - Adventure Club of Europe","description":"Adventure Club of Europe \u2013 Entdecken Sie unsere interessantesten, spannendsten und zum Teil auch umstrittensten Expeditionen der vergangenen Jahrhunderte.","robots":{"index":"index","follow":"follow","max-snippet":"max-snippet:-1","max-image-preview":"max-image-preview:large","max-video-preview":"max-video-preview:-1"},"canonical":"https:\/\/adventureclub.eu\/home-page\/johann-gottfried-tulla\/","og_locale":"fr_FR","og_type":"article","og_title":"Johann Gottfried Tulla - Adventure Club of Europe","og_description":"Adventure Club of Europe \u2013 Entdecken Sie unsere interessantesten, spannendsten und zum Teil auch umstrittensten Expeditionen der vergangenen Jahrhunderte.","og_url":"https:\/\/adventureclub.eu\/home-page\/johann-gottfried-tulla\/","og_site_name":"Adventure Club of Europe","article_modified_time":"2020-10-02T11:29:56+00:00","og_image":[{"width":414,"height":506,"url":"https:\/\/adventureclub.eu\/wp-content\/uploads\/2014\/11\/adevntureclub_of_europe_johann_gottfried_tulla.jpg","type":"image\/jpeg"}],"twitter_card":"summary_large_image","twitter_misc":{"Dur\u00e9e de lecture estim\u00e9e":"21 minutes"},"schema":{"@context":"https:\/\/schema.org","@graph":[{"@type":"WebPage","@id":"https:\/\/adventureclub.eu\/home-page\/johann-gottfried-tulla\/","url":"https:\/\/adventureclub.eu\/home-page\/johann-gottfried-tulla\/","name":"Johann Gottfried Tulla - Adventure Club of Europe","isPartOf":{"@id":"https:\/\/adventureclub.eu\/#website"},"primaryImageOfPage":{"@id":"https:\/\/adventureclub.eu\/home-page\/johann-gottfried-tulla\/#primaryimage"},"image":{"@id":"https:\/\/adventureclub.eu\/home-page\/johann-gottfried-tulla\/#primaryimage"},"thumbnailUrl":"https:\/\/adventureclub.eu\/wp-content\/uploads\/2014\/11\/adevntureclub_of_europe_johann_gottfried_tulla.jpg","datePublished":"2020-10-02T08:30:22+00:00","dateModified":"2020-10-02T11:29:56+00:00","description":"Adventure Club of Europe \u2013 Entdecken Sie unsere interessantesten, spannendsten und zum Teil auch umstrittensten Expeditionen der vergangenen Jahrhunderte.","breadcrumb":{"@id":"https:\/\/adventureclub.eu\/home-page\/johann-gottfried-tulla\/#breadcrumb"},"inLanguage":"fr-FR","potentialAction":[{"@type":"ReadAction","target":["https:\/\/adventureclub.eu\/home-page\/johann-gottfried-tulla\/"]}]},{"@type":"ImageObject","inLanguage":"fr-FR","@id":"https:\/\/adventureclub.eu\/home-page\/johann-gottfried-tulla\/#primaryimage","url":"https:\/\/adventureclub.eu\/wp-content\/uploads\/2014\/11\/adevntureclub_of_europe_johann_gottfried_tulla.jpg","contentUrl":"https:\/\/adventureclub.eu\/wp-content\/uploads\/2014\/11\/adevntureclub_of_europe_johann_gottfried_tulla.jpg","width":414,"height":506,"caption":"Zeichnung von Johann Gottfried Tulla, Mitglied im Adventure Club of Europe. Er tr\u00e4gt eine Uniform."},{"@type":"BreadcrumbList","@id":"https:\/\/adventureclub.eu\/home-page\/johann-gottfried-tulla\/#breadcrumb","itemListElement":[{"@type":"ListItem","position":1,"name":"Startseite","item":"https:\/\/adventureclub.eu\/"},{"@type":"ListItem","position":2,"name":"Home Page","item":"https:\/\/adventureclub.eu\/"},{"@type":"ListItem","position":3,"name":"Johann Gottfried Tulla"}]},{"@type":"WebSite","@id":"https:\/\/adventureclub.eu\/#website","url":"https:\/\/adventureclub.eu\/","name":"Adventure Club of Europe","description":"Adventure Club of Europe \u2013 Entdecken Sie unsere interessantesten, spannendsten und zum Teil auch umstrittensten Expeditionen der vergangenen Jahrhunderte.","publisher":{"@id":"https:\/\/adventureclub.eu\/#organization"},"potentialAction":[{"@type":"SearchAction","target":{"@type":"EntryPoint","urlTemplate":"https:\/\/adventureclub.eu\/?s={search_term_string}"},"query-input":{"@type":"PropertyValueSpecification","valueRequired":true,"valueName":"search_term_string"}}],"inLanguage":"fr-FR"},{"@type":"Organization","@id":"https:\/\/adventureclub.eu\/#organization","name":"Adventure Club of Europe","url":"https:\/\/adventureclub.eu\/","logo":{"@type":"ImageObject","inLanguage":"fr-FR","@id":"https:\/\/adventureclub.eu\/#\/schema\/logo\/image\/","url":"https:\/\/adventureclub.eu\/wp-content\/uploads\/2017\/05\/ACE-TITLE-PAGE.jpg","contentUrl":"https:\/\/adventureclub.eu\/wp-content\/uploads\/2017\/05\/ACE-TITLE-PAGE.jpg","width":1024,"height":604,"caption":"Adventure Club of Europe"},"image":{"@id":"https:\/\/adventureclub.eu\/#\/schema\/logo\/image\/"}}]}},"_links":{"self":[{"href":"https:\/\/adventureclub.eu\/fr\/wp-json\/wp\/v2\/pages\/1789","targetHints":{"allow":["GET"]}}],"collection":[{"href":"https:\/\/adventureclub.eu\/fr\/wp-json\/wp\/v2\/pages"}],"about":[{"href":"https:\/\/adventureclub.eu\/fr\/wp-json\/wp\/v2\/types\/page"}],"author":[{"embeddable":true,"href":"https:\/\/adventureclub.eu\/fr\/wp-json\/wp\/v2\/users\/9"}],"replies":[{"embeddable":true,"href":"https:\/\/adventureclub.eu\/fr\/wp-json\/wp\/v2\/comments?post=1789"}],"version-history":[{"count":12,"href":"https:\/\/adventureclub.eu\/fr\/wp-json\/wp\/v2\/pages\/1789\/revisions"}],"predecessor-version":[{"id":1802,"href":"https:\/\/adventureclub.eu\/fr\/wp-json\/wp\/v2\/pages\/1789\/revisions\/1802"}],"up":[{"embeddable":true,"href":"https:\/\/adventureclub.eu\/fr\/wp-json\/wp\/v2\/pages\/303"}],"wp:featuredmedia":[{"embeddable":true,"href":"https:\/\/adventureclub.eu\/fr\/wp-json\/wp\/v2\/media\/1787"}],"wp:attachment":[{"href":"https:\/\/adventureclub.eu\/fr\/wp-json\/wp\/v2\/media?parent=1789"}],"curies":[{"name":"wp","href":"https:\/\/api.w.org\/{rel}","templated":true}]}}