{"id":1861,"date":"2022-02-28T08:23:44","date_gmt":"2022-02-28T07:23:44","guid":{"rendered":"https:\/\/adventure-club.de\/?page_id=1861"},"modified":"2022-03-21T14:21:53","modified_gmt":"2022-03-21T13:21:53","slug":"kaiserin-josefina-von-oesterreich","status":"publish","type":"page","link":"https:\/\/adventureclub.eu\/fr\/home-page\/kaiserin-josefina-von-oesterreich\/","title":{"rendered":"L\u2019Imp\u00e9ratrice Josefina d\u2019Autriche"},"content":{"rendered":"<p>[vc_row][vc_column][vc_empty_space height=\u00a0\u00bb200px\u00a0\u00bb][\/vc_column][\/vc_row][vc_row][vc_column][vc_column_text]<\/p>\n<h2 style=\"text-align: center;\">L\u2019Imp\u00e9ratrice Josefina d\u2019Autriche<\/h2>\n<p>[\/vc_column_text][\/vc_column][\/vc_row][vc_row][vc_column][vc_empty_space][\/vc_column][\/vc_row][vc_row][vc_column][vc_column_text]<\/p>\n<h4 style=\"text-align: center;\">Membre de 1855 \u00e0 1912<\/h4>\n<p>[\/vc_column_text][\/vc_column][\/vc_row][vc_row][vc_column][vc_empty_space][\/vc_column][\/vc_row][vc_row][vc_column][vc_single_image image=\u00a0\u00bb1851&Prime; img_size=\u00a0\u00bbmedium\u00a0\u00bb alignment=\u00a0\u00bbcenter\u00a0\u00bb][\/vc_column][\/vc_row][vc_row][vc_column][vc_empty_space][\/vc_column][\/vc_row][vc_row][vc_column][vc_empty_space][\/vc_column][\/vc_row][vc_row][vc_column][vc_single_image image=\u00a0\u00bb398&Prime; img_size=\u00a0\u00bbmedium\u00a0\u00bb alignment=\u00a0\u00bbcenter\u00a0\u00bb][\/vc_column][\/vc_row][vc_row][vc_column][vc_empty_space][\/vc_column][\/vc_row][vc_row][vc_column width=\u00a0\u00bb1\/2&Prime;][vc_column_text]Les livres d\u2019histoire se souviennent de Josefina comme de l\u2019une des imp\u00e9ratrices autrichiennes les plus intelligentes et les plus justes. Avec son tendre \u00e9poux Theodor \u00e0 ses c\u00f4t\u00e9s, elle r\u00e9gna de nombreuses d\u00e9cennies sur le pays, en faisant preuve d\u2019une habilet\u00e9 sans pair sur le plan diplomatique. Elle cr\u00e9a ainsi des alliances amicales avec tous les pays voisins en Europe, et \u00e9tait unanimement pl\u00e9biscit\u00e9e par la population. Elle adorait donner des bals fastueux dans son \u00e9l\u00e9gante r\u00e9sidence d\u2019\u00e9t\u00e9, le Ch\u00e2teau \u00ab Bergkristall \u00bb, qui \u00e9tait situ\u00e9 non loin de Vienne. Elle portait une grande attention \u00e0 l\u2019entretien des jardins du ch\u00e2teau, avec ses nombreux recoins d\u00e9rob\u00e9s et ses superbes fontaines et statues.<\/p>\n<p>Il est vrai qu\u2019elle \u00e9tait vue dans toute l\u2019Europe comme l\u2019une des dirigeantes les plus ouvertes et les plus progressiste de son \u00e9poque. Mais derri\u00e8re la fa\u00e7ade du faste imp\u00e9rial se cachait un secret bien gard\u00e9, dont seule une poign\u00e9e d\u2019initi\u00e9s connaissait l\u2019existence : Josefina \u00e9tait aussi une pionni\u00e8re et une aventuri\u00e8re chevronn\u00e9e. De nos jours, seul l\u2019ACE est au courant de cette double vie.<\/p>\n<p>Josefina s\u2019\u00e9tait entour\u00e9e dans sa cour d\u2019un cercle secret d\u2019aventuriers, de chercheurs et d\u2019artistes. Elle faisait usage de son influence en tant qu\u2019imp\u00e9ratrice pour subventionner toutes sortes d\u2019exp\u00e9ditions. Dans son salon, on discutait de tout ce qui \u00e9tait nouveau, inconnu et incroyable : tout ce qui allait au-del\u00e0 des connaissances et m\u00eame de l\u2019imagination de l\u2019\u00e9poque. Ainsi, il \u00e9tait tout sauf \u00e9tonnant qu\u2019elle devienne la plus grande bienfaitrice de l\u2019Adventure Club of Europe en Autriche. Elle fit m\u00eame construire un quartier g\u00e9n\u00e9ral pour la section autrichienne de la confr\u00e9rie, dans les hauteurs des Alpes.<\/p>\n<p>L\u2019imp\u00e9ratrice s\u2019y rendait souvent. Rien ne la rendait plus heureuse ces escapades r\u00e9guli\u00e8res en montagne.<\/p>\n<p>Dans ses m\u00e9moires, elle \u00e9crit :<\/p>\n<blockquote><p>\u00ab Oui, j\u2019aimais \u00e9perdument les montagnes. J\u2019y ai pass\u00e9 beaucoup de temps dans ma vie, je m\u2019y sens comme chez moi. Passer du temps en altitude avec des scientifiques, des pionniers et des aventuriers, et discuter de longues heures avec eux des nouvelles inventions et d\u00e9couvertes, oui, c\u2019\u00e9tait vraiment \u00e7a qui contribuait \u00e0 mon bonheur. \u00bb<\/p><\/blockquote>\n<p>Ainsi, Josefina devint la pr\u00e9sidente d\u2019honneur de l\u2019ACE en Autriche, et la confr\u00e9rie occupe aujourd\u2019hui encore le quartier g\u00e9n\u00e9ral qu\u2019elle avait fait construire.<\/p>\n<p>Il y a quelques ann\u00e9es, des membres de l\u2019ACE y ont d\u00e9couvert son journal intime, qui d\u00e9bordait de textes et de dessins. Ceci \u00e9veilla l\u2019espoir d\u2019en savoir plus sur l\u2019enfance et l\u2019adolescence de l\u2019imp\u00e9ratrice. Car ses origines restent un myst\u00e8re, m\u00eame pour l\u2019ACE. De nombreux secrets et l\u00e9gendes entourent son enfance. Elle n\u2019\u00e9tait en tout cas pas issue de l\u2019une des grandes maisons nobles europ\u00e9ennes : le jeune Empereur Theodor est revenu un jour d\u2019une chasse dans les Alpes en compagnie de la jeune fille. Peu apr\u00e8s, elle devint son \u00e9pouse, et ainsi la nouvelle imp\u00e9ratrice d\u2019Autriche.[\/vc_column_text][\/vc_column][vc_column width=\u00a0\u00bb1\/2&Prime;][vc_column_text]La lecture de son journal intime apporte un \u00e9clairage, mais am\u00e8ne aussi de nouvelles questions. On apprend que le surnom d\u2019enfance de Josefina \u00e9tait le diminutif \u00ab Fina \u00bb, et qu\u2019elle a apparemment grandi au beau milieu de la nature alpine. De nombreux passages mentionnent un peuple montagnard ancestral, qu\u2019on appelait les \u00ab Yomis \u00bb. Pr\u00e9tendument, il s\u2019agissait de petits \u00eatre semblables \u00e0 des gnomes, dont la peau \u00e9tait couleur turquoise, et qui \u00e9taient les seuls \u00e0 conna\u00eetre l\u2019art de la taille et du sertissage de pierres pr\u00e9cieuses magiques. Dans les Alpes, on raconte effectivement de nombreuses l\u00e9gendes \u00e0 propos des merveilleux cristaux et pierres pr\u00e9cieuses qui seraient enfouis au c\u0153ur des montagnes. Le peuple des Yomis devait savoir tirer profit de leur magie \u00e0 la perfection, car on trouve divers dessins repr\u00e9sentant des objets et des bijoux qui comportent ces pierres pr\u00e9cieuses dans le journal intime de Josefina. Mais l\u2019ACE n\u2019est pour l\u2019instant pas parvenu \u00e0 prouver la v\u00e9racit\u00e9 de cette l\u00e9gende, ni \u00e0 mettre la main sur l\u2019un de ces bijoux.<\/p>\n<p>Pourtant, Josefina fait une description d\u00e9taill\u00e9e de ces objets :<\/p>\n<blockquote><p>\u00ab Chaque Yomi arborait une pierre pr\u00e9cieuse diff\u00e9rente. Certaines \u00e9taient violettes, d\u2019autres vertes, bleues ou encore oranges. Chacun la portait \u00e0 sa mani\u00e8re : il y avait des barrettes, des broches, des bracelets et aussi des colliers. Toutes les pierres \u00e9taient superbes et rayonnaient tellement que leur simple vision faisait naitre un sourire dans le visage de ceux qui les observaient. Elles semblaient d\u00e9gager une aura de calme et de joie. C\u2019\u00e9tait un v\u00e9ritable oc\u00e9an scintillant de pierres pr\u00e9cieuses, qui scellait l\u2019union des Yomis avec leur magie et celle de la montagne. \u00bb<\/p><\/blockquote>\n<p>La l\u00e9gende des Yomis allait aussi de pair avec la l\u00e9gende du \u00ab C\u0153ur de Dragon \u00bb dans le journal intime de Josefina (ou Fina, comme on la surnommait). Celle-ci raconte qu\u2019un m\u00e9chant sorcier cr\u00e9a il y a fort longtemps un puissant cristal, qu\u2019il baptisa \u00ab C\u0153ur de Dragon \u00bb. Par le biais d\u2019un puissant sortil\u00e8ge, il y enferma la force vitale d\u2019un dragon s\u00e9culaire qui vivait dans les montagnes. Ainsi, le dragon lui \u00e9tait soumis. Quiconque poss\u00e9dait le \u00ab C\u0153ur de Dragon \u00bb pouvait ainsi commander le dragon \u00e0 sa guise. Avec l\u2019aide du dragon, le sorcier pu r\u00e9duire les Yomis en esclavage. Dans une grotte nich\u00e9e les profondeurs des montagnes, ils \u00e9taient contraints d\u2019extraire toujours plus de pierre pr\u00e9cieuses, afin d\u2019alimenter les pouvoirs du sorcier jusqu\u2019\u00e0 l\u2019incommensurable.<\/p>\n<p>Le journal intime de Josefina ne r\u00e9v\u00e8le pas si les Yomis sont un jour parvenus \u00e0 se lib\u00e9rer. Mais beaucoup de passages indiquent que Josefina et les Yomis ont combattu le sorcier c\u00f4te \u00e0 c\u00f4te. Si jamais ils sont finalement parvenus \u00e0 briser le \u00ab C\u0153ur de Dragon \u00bb, le dragon et les Yomis se seraient alors lib\u00e9r\u00e9s apr\u00e8s des centaines d\u2019ann\u00e9es de captivit\u00e9.<\/p>\n<p>Au cours de sa vie, l\u2019imp\u00e9ratrice passa en tout cas cette histoire sous silence. N\u00e9anmoins, de nombreuses statues repr\u00e9sentant des Yomis jalonnent le jardin du ch\u00e2teau de l\u2019imp\u00e9ratrice. Les autres indices dont dispose l\u2019ACE sont la couronne et le sceptre de l\u2019imp\u00e9ratrice. Les deux sont chacun sertis d\u2019un fragment provenant d\u2019un grand cristal, dont la couleur et la nature correspondent aux repr\u00e9sentations et descriptions du \u00ab C\u0153ur de Dragon \u00bb. Le sceptre et la couronne en eux-m\u00eames sont d\u2019une facture artistique incomparable. Aucun orf\u00e8vre en Autriche n\u2019aurait \u00e9t\u00e9 capable de r\u00e9aliser des d\u00e9corations en filigrane d\u2019une telle finesse. \u00c0 l\u2019exception des Yomis\u2026<\/p>\n<p>Artefacts de l\u2019Imp\u00e9ratrice Josefina actuellement en possession de l\u2019ACE :<\/p>\n<ul>\n<li>Sceptre<\/li>\n<li>Couronne<\/li>\n<li>Journal intime<\/li>\n<\/ul>\n<p>[\/vc_column_text][\/vc_column][\/vc_row][vc_row][vc_column][vc_empty_space][\/vc_column][\/vc_row][vc_row][vc_column][vc_single_image image=\u00a0\u00bb398&Prime; img_size=\u00a0\u00bbmedium\u00a0\u00bb alignment=\u00a0\u00bbcenter\u00a0\u00bb][\/vc_column][\/vc_row][vc_row][vc_column][vc_empty_space][\/vc_column][\/vc_row][vc_row][vc_column][vc_empty_space][\/vc_column][\/vc_row][vc_row][vc_column][vc_empty_space][\/vc_column][\/vc_row]<\/p>","protected":false},"excerpt":{"rendered":"<p>[vc_row][vc_column][vc_empty_space height=\u00a0\u00bb200px\u00a0\u00bb][\/vc_column][\/vc_row][vc_row][vc_column][vc_column_text] L\u2019Imp\u00e9ratrice Josefina d\u2019Autriche [\/vc_column_text][\/vc_column][\/vc_row][vc_row][vc_column][vc_empty_space][\/vc_column][\/vc_row][vc_row][vc_column][vc_column_text] Membre de 1855 \u00e0 1912 [\/vc_column_text][\/vc_column][\/vc_row][vc_row][vc_column][vc_empty_space][\/vc_column][\/vc_row][vc_row][vc_column][vc_single_image image=\u00a0\u00bb1851&Prime; img_size=\u00a0\u00bbmedium\u00a0\u00bb alignment=\u00a0\u00bbcenter\u00a0\u00bb][\/vc_column][\/vc_row][vc_row][vc_column][vc_empty_space][\/vc_column][\/vc_row][vc_row][vc_column][vc_empty_space][\/vc_column][\/vc_row][vc_row][vc_column][vc_single_image image=\u00a0\u00bb398&Prime; img_size=\u00a0\u00bbmedium\u00a0\u00bb alignment=\u00a0\u00bbcenter\u00a0\u00bb][\/vc_column][\/vc_row][vc_row][vc_column][vc_empty_space][\/vc_column][\/vc_row][vc_row][vc_column width=\u00a0\u00bb1\/2&Prime;][vc_column_text]Les livres d\u2019histoire se souviennent de Josefina comme de l\u2019une des imp\u00e9ratrices autrichiennes les plus intelligentes et les plus justes. Avec son tendre \u00e9poux Theodor \u00e0 ses c\u00f4t\u00e9s, elle r\u00e9gna de nombreuses d\u00e9cennies sur le pays, en [&hellip;]<\/p>\n","protected":false},"author":9,"featured_media":1851,"parent":303,"menu_order":0,"comment_status":"closed","ping_status":"closed","template":"","meta":{"footnotes":""},"class_list":["post-1861","page","type-page","status-publish","has-post-thumbnail","hentry"],"yoast_head":"<!-- This site is optimized with the Yoast SEO plugin v26.9 - https:\/\/yoast.com\/product\/yoast-seo-wordpress\/ -->\n<title>L\u2019Imp\u00e9ratrice Josefina d\u2019Autriche - Adventure Club of Europe<\/title>\n<meta name=\"description\" content=\"Adventure Club of Europe \u2013 Entdecken Sie unsere interessantesten, spannendsten und zum Teil auch umstrittensten Expeditionen der vergangenen Jahrhunderte.\" \/>\n<meta name=\"robots\" content=\"index, follow, max-snippet:-1, max-image-preview:large, max-video-preview:-1\" \/>\n<link rel=\"canonical\" href=\"https:\/\/adventureclub.eu\/home-page\/kaiserin-josefina-von-oesterreich\/\" \/>\n<meta property=\"og:locale\" content=\"fr_FR\" \/>\n<meta property=\"og:type\" content=\"article\" \/>\n<meta property=\"og:title\" content=\"L\u2019Imp\u00e9ratrice Josefina d\u2019Autriche - Adventure Club of Europe\" \/>\n<meta property=\"og:description\" content=\"Adventure Club of Europe \u2013 Entdecken Sie unsere interessantesten, spannendsten und zum Teil auch umstrittensten Expeditionen der vergangenen Jahrhunderte.\" \/>\n<meta property=\"og:url\" content=\"https:\/\/adventureclub.eu\/home-page\/kaiserin-josefina-von-oesterreich\/\" \/>\n<meta property=\"og:site_name\" content=\"Adventure Club of Europe\" \/>\n<meta property=\"article:modified_time\" content=\"2022-03-21T13:21:53+00:00\" \/>\n<meta property=\"og:image\" content=\"https:\/\/adventureclub.eu\/wp-content\/uploads\/2014\/11\/ace_kaiserin_josefina.jpg\" \/>\n\t<meta property=\"og:image:width\" content=\"585\" \/>\n\t<meta property=\"og:image:height\" content=\"800\" \/>\n\t<meta property=\"og:image:type\" content=\"image\/jpeg\" \/>\n<meta name=\"twitter:card\" content=\"summary_large_image\" \/>\n<meta name=\"twitter:label1\" content=\"Dur\u00e9e de lecture estim\u00e9e\" \/>\n\t<meta name=\"twitter:data1\" content=\"6 minutes\" \/>\n<script type=\"application\/ld+json\" class=\"yoast-schema-graph\">{\"@context\":\"https:\/\/schema.org\",\"@graph\":[{\"@type\":\"WebPage\",\"@id\":\"https:\/\/adventureclub.eu\/home-page\/kaiserin-josefina-von-oesterreich\/\",\"url\":\"https:\/\/adventureclub.eu\/home-page\/kaiserin-josefina-von-oesterreich\/\",\"name\":\"L\u2019Imp\u00e9ratrice Josefina d\u2019Autriche - Adventure Club of Europe\",\"isPartOf\":{\"@id\":\"https:\/\/adventureclub.eu\/#website\"},\"primaryImageOfPage\":{\"@id\":\"https:\/\/adventureclub.eu\/home-page\/kaiserin-josefina-von-oesterreich\/#primaryimage\"},\"image\":{\"@id\":\"https:\/\/adventureclub.eu\/home-page\/kaiserin-josefina-von-oesterreich\/#primaryimage\"},\"thumbnailUrl\":\"https:\/\/adventureclub.eu\/wp-content\/uploads\/2014\/11\/ace_kaiserin_josefina.jpg\",\"datePublished\":\"2022-02-28T07:23:44+00:00\",\"dateModified\":\"2022-03-21T13:21:53+00:00\",\"description\":\"Adventure Club of Europe \u2013 Entdecken Sie unsere interessantesten, spannendsten und zum Teil auch umstrittensten Expeditionen der vergangenen Jahrhunderte.\",\"breadcrumb\":{\"@id\":\"https:\/\/adventureclub.eu\/home-page\/kaiserin-josefina-von-oesterreich\/#breadcrumb\"},\"inLanguage\":\"fr-FR\",\"potentialAction\":[{\"@type\":\"ReadAction\",\"target\":[\"https:\/\/adventureclub.eu\/home-page\/kaiserin-josefina-von-oesterreich\/\"]}]},{\"@type\":\"ImageObject\",\"inLanguage\":\"fr-FR\",\"@id\":\"https:\/\/adventureclub.eu\/home-page\/kaiserin-josefina-von-oesterreich\/#primaryimage\",\"url\":\"https:\/\/adventureclub.eu\/wp-content\/uploads\/2014\/11\/ace_kaiserin_josefina.jpg\",\"contentUrl\":\"https:\/\/adventureclub.eu\/wp-content\/uploads\/2014\/11\/ace_kaiserin_josefina.jpg\",\"width\":585,\"height\":800,\"caption\":\"Portrait Gem\u00e4lde der Kaiserin Josefina von \u00d6sterreich, Mitglied des Adventure Club of Europe. Sie tr\u00e4gt eine Krone und hat langes rotbraunes Haar.\"},{\"@type\":\"BreadcrumbList\",\"@id\":\"https:\/\/adventureclub.eu\/home-page\/kaiserin-josefina-von-oesterreich\/#breadcrumb\",\"itemListElement\":[{\"@type\":\"ListItem\",\"position\":1,\"name\":\"Startseite\",\"item\":\"https:\/\/adventureclub.eu\/\"},{\"@type\":\"ListItem\",\"position\":2,\"name\":\"Home Page\",\"item\":\"https:\/\/adventureclub.eu\/\"},{\"@type\":\"ListItem\",\"position\":3,\"name\":\"Kaiserin Josefina von \u00d6sterreich\"}]},{\"@type\":\"WebSite\",\"@id\":\"https:\/\/adventureclub.eu\/#website\",\"url\":\"https:\/\/adventureclub.eu\/\",\"name\":\"Adventure Club of Europe\",\"description\":\"Adventure Club of Europe \u2013 Entdecken Sie unsere interessantesten, spannendsten und zum Teil auch umstrittensten Expeditionen der vergangenen Jahrhunderte.\",\"publisher\":{\"@id\":\"https:\/\/adventureclub.eu\/#organization\"},\"potentialAction\":[{\"@type\":\"SearchAction\",\"target\":{\"@type\":\"EntryPoint\",\"urlTemplate\":\"https:\/\/adventureclub.eu\/?s={search_term_string}\"},\"query-input\":{\"@type\":\"PropertyValueSpecification\",\"valueRequired\":true,\"valueName\":\"search_term_string\"}}],\"inLanguage\":\"fr-FR\"},{\"@type\":\"Organization\",\"@id\":\"https:\/\/adventureclub.eu\/#organization\",\"name\":\"Adventure Club of Europe\",\"url\":\"https:\/\/adventureclub.eu\/\",\"logo\":{\"@type\":\"ImageObject\",\"inLanguage\":\"fr-FR\",\"@id\":\"https:\/\/adventureclub.eu\/#\/schema\/logo\/image\/\",\"url\":\"https:\/\/adventureclub.eu\/wp-content\/uploads\/2017\/05\/ACE-TITLE-PAGE.jpg\",\"contentUrl\":\"https:\/\/adventureclub.eu\/wp-content\/uploads\/2017\/05\/ACE-TITLE-PAGE.jpg\",\"width\":1024,\"height\":604,\"caption\":\"Adventure Club of Europe\"},\"image\":{\"@id\":\"https:\/\/adventureclub.eu\/#\/schema\/logo\/image\/\"}}]}<\/script>\n<!-- \/ Yoast SEO plugin. -->","yoast_head_json":{"title":"L\u2019Imp\u00e9ratrice Josefina d\u2019Autriche - Adventure Club of Europe","description":"Adventure Club of Europe \u2013 Entdecken Sie unsere interessantesten, spannendsten und zum Teil auch umstrittensten Expeditionen der vergangenen Jahrhunderte.","robots":{"index":"index","follow":"follow","max-snippet":"max-snippet:-1","max-image-preview":"max-image-preview:large","max-video-preview":"max-video-preview:-1"},"canonical":"https:\/\/adventureclub.eu\/home-page\/kaiserin-josefina-von-oesterreich\/","og_locale":"fr_FR","og_type":"article","og_title":"L\u2019Imp\u00e9ratrice Josefina d\u2019Autriche - Adventure Club of Europe","og_description":"Adventure Club of Europe \u2013 Entdecken Sie unsere interessantesten, spannendsten und zum Teil auch umstrittensten Expeditionen der vergangenen Jahrhunderte.","og_url":"https:\/\/adventureclub.eu\/home-page\/kaiserin-josefina-von-oesterreich\/","og_site_name":"Adventure Club of Europe","article_modified_time":"2022-03-21T13:21:53+00:00","og_image":[{"width":585,"height":800,"url":"https:\/\/adventureclub.eu\/wp-content\/uploads\/2014\/11\/ace_kaiserin_josefina.jpg","type":"image\/jpeg"}],"twitter_card":"summary_large_image","twitter_misc":{"Dur\u00e9e de lecture estim\u00e9e":"6 minutes"},"schema":{"@context":"https:\/\/schema.org","@graph":[{"@type":"WebPage","@id":"https:\/\/adventureclub.eu\/home-page\/kaiserin-josefina-von-oesterreich\/","url":"https:\/\/adventureclub.eu\/home-page\/kaiserin-josefina-von-oesterreich\/","name":"L\u2019Imp\u00e9ratrice Josefina d\u2019Autriche - Adventure Club of Europe","isPartOf":{"@id":"https:\/\/adventureclub.eu\/#website"},"primaryImageOfPage":{"@id":"https:\/\/adventureclub.eu\/home-page\/kaiserin-josefina-von-oesterreich\/#primaryimage"},"image":{"@id":"https:\/\/adventureclub.eu\/home-page\/kaiserin-josefina-von-oesterreich\/#primaryimage"},"thumbnailUrl":"https:\/\/adventureclub.eu\/wp-content\/uploads\/2014\/11\/ace_kaiserin_josefina.jpg","datePublished":"2022-02-28T07:23:44+00:00","dateModified":"2022-03-21T13:21:53+00:00","description":"Adventure Club of Europe \u2013 Entdecken Sie unsere interessantesten, spannendsten und zum Teil auch umstrittensten Expeditionen der vergangenen Jahrhunderte.","breadcrumb":{"@id":"https:\/\/adventureclub.eu\/home-page\/kaiserin-josefina-von-oesterreich\/#breadcrumb"},"inLanguage":"fr-FR","potentialAction":[{"@type":"ReadAction","target":["https:\/\/adventureclub.eu\/home-page\/kaiserin-josefina-von-oesterreich\/"]}]},{"@type":"ImageObject","inLanguage":"fr-FR","@id":"https:\/\/adventureclub.eu\/home-page\/kaiserin-josefina-von-oesterreich\/#primaryimage","url":"https:\/\/adventureclub.eu\/wp-content\/uploads\/2014\/11\/ace_kaiserin_josefina.jpg","contentUrl":"https:\/\/adventureclub.eu\/wp-content\/uploads\/2014\/11\/ace_kaiserin_josefina.jpg","width":585,"height":800,"caption":"Portrait Gem\u00e4lde der Kaiserin Josefina von \u00d6sterreich, Mitglied des Adventure Club of Europe. Sie tr\u00e4gt eine Krone und hat langes rotbraunes Haar."},{"@type":"BreadcrumbList","@id":"https:\/\/adventureclub.eu\/home-page\/kaiserin-josefina-von-oesterreich\/#breadcrumb","itemListElement":[{"@type":"ListItem","position":1,"name":"Startseite","item":"https:\/\/adventureclub.eu\/"},{"@type":"ListItem","position":2,"name":"Home Page","item":"https:\/\/adventureclub.eu\/"},{"@type":"ListItem","position":3,"name":"Kaiserin Josefina von \u00d6sterreich"}]},{"@type":"WebSite","@id":"https:\/\/adventureclub.eu\/#website","url":"https:\/\/adventureclub.eu\/","name":"Adventure Club of Europe","description":"Adventure Club of Europe \u2013 Entdecken Sie unsere interessantesten, spannendsten und zum Teil auch umstrittensten Expeditionen der vergangenen Jahrhunderte.","publisher":{"@id":"https:\/\/adventureclub.eu\/#organization"},"potentialAction":[{"@type":"SearchAction","target":{"@type":"EntryPoint","urlTemplate":"https:\/\/adventureclub.eu\/?s={search_term_string}"},"query-input":{"@type":"PropertyValueSpecification","valueRequired":true,"valueName":"search_term_string"}}],"inLanguage":"fr-FR"},{"@type":"Organization","@id":"https:\/\/adventureclub.eu\/#organization","name":"Adventure Club of Europe","url":"https:\/\/adventureclub.eu\/","logo":{"@type":"ImageObject","inLanguage":"fr-FR","@id":"https:\/\/adventureclub.eu\/#\/schema\/logo\/image\/","url":"https:\/\/adventureclub.eu\/wp-content\/uploads\/2017\/05\/ACE-TITLE-PAGE.jpg","contentUrl":"https:\/\/adventureclub.eu\/wp-content\/uploads\/2017\/05\/ACE-TITLE-PAGE.jpg","width":1024,"height":604,"caption":"Adventure Club of Europe"},"image":{"@id":"https:\/\/adventureclub.eu\/#\/schema\/logo\/image\/"}}]}},"_links":{"self":[{"href":"https:\/\/adventureclub.eu\/fr\/wp-json\/wp\/v2\/pages\/1861","targetHints":{"allow":["GET"]}}],"collection":[{"href":"https:\/\/adventureclub.eu\/fr\/wp-json\/wp\/v2\/pages"}],"about":[{"href":"https:\/\/adventureclub.eu\/fr\/wp-json\/wp\/v2\/types\/page"}],"author":[{"embeddable":true,"href":"https:\/\/adventureclub.eu\/fr\/wp-json\/wp\/v2\/users\/9"}],"replies":[{"embeddable":true,"href":"https:\/\/adventureclub.eu\/fr\/wp-json\/wp\/v2\/comments?post=1861"}],"version-history":[{"count":2,"href":"https:\/\/adventureclub.eu\/fr\/wp-json\/wp\/v2\/pages\/1861\/revisions"}],"predecessor-version":[{"id":1894,"href":"https:\/\/adventureclub.eu\/fr\/wp-json\/wp\/v2\/pages\/1861\/revisions\/1894"}],"up":[{"embeddable":true,"href":"https:\/\/adventureclub.eu\/fr\/wp-json\/wp\/v2\/pages\/303"}],"wp:featuredmedia":[{"embeddable":true,"href":"https:\/\/adventureclub.eu\/fr\/wp-json\/wp\/v2\/media\/1851"}],"wp:attachment":[{"href":"https:\/\/adventureclub.eu\/fr\/wp-json\/wp\/v2\/media?parent=1861"}],"curies":[{"name":"wp","href":"https:\/\/api.w.org\/{rel}","templated":true}]}}