{"id":1943,"date":"2023-03-09T10:27:12","date_gmt":"2023-03-09T09:27:12","guid":{"rendered":"https:\/\/adventure-club.de\/?page_id=1943"},"modified":"2023-03-09T16:10:32","modified_gmt":"2023-03-09T15:10:32","slug":"nikola-tesla","status":"publish","type":"page","link":"https:\/\/adventureclub.eu\/fr\/home-page\/nikola-tesla\/","title":{"rendered":"Nikola Tesla"},"content":{"rendered":"<p>[vc_row][vc_column][vc_empty_space height=\u00a0\u00bb200px\u00a0\u00bb][\/vc_column][\/vc_row][vc_row][vc_column][vc_column_text]<\/p>\n<h2 style=\"text-align: center;\">Nikola Tesla<\/h2>\n<p>[\/vc_column_text][\/vc_column][\/vc_row][vc_row][vc_column][vc_empty_space][\/vc_column][\/vc_row][vc_row][vc_column][vc_column_text]<\/p>\n<h4 style=\"text-align: center;\">Membre de 1881 \u00e0 1943<\/h4>\n<p>[\/vc_column_text][\/vc_column][\/vc_row][vc_row][vc_column][vc_empty_space][\/vc_column][\/vc_row][vc_row][vc_column][vc_single_image image=\u00a0\u00bb1944&Prime; img_size=\u00a0\u00bbmedium\u00a0\u00bb alignment=\u00a0\u00bbcenter\u00a0\u00bb][\/vc_column][\/vc_row][vc_row][vc_column][vc_empty_space][\/vc_column][\/vc_row][vc_row][vc_column][vc_empty_space][\/vc_column][\/vc_row][vc_row][vc_column][vc_single_image image=\u00a0\u00bb398&Prime; img_size=\u00a0\u00bbmedium\u00a0\u00bb alignment=\u00a0\u00bbcenter\u00a0\u00bb][\/vc_column][\/vc_row][vc_row][vc_column][vc_empty_space][\/vc_column][\/vc_row][vc_row][vc_column width=\u00a0\u00bb1\/2&Prime;][vc_column_text]Nikola Tesla : un visionnaire et pionnier d\u2019une nouvelle \u00e8re technique, dont les innovations se retrouvent encore de nos jours au c\u0153ur des appareils que nous utilisons au quotidien. Gr\u00e2ce \u00e0 ses inventions, Nikola Tesla, qui \u00e9tait originaire de la Croatie actuelle, avait acc\u00e9d\u00e9 \u00e0 une notori\u00e9t\u00e9 mondiale pendant qu\u2019il vivait aux \u00c9tats-Unis. Mais sa p\u00e9riode europ\u00e9enne, qui \u00e9tait tout aussi palpitante, reste encore m\u00e9connue.<\/p>\n<p>Cela est certainement d\u00fb au fait que Nikola Tesla menait \u00e0 l\u2019\u00e9poque des exp\u00e9riences novatrices pour le compte de l\u2019ACE. Ces exp\u00e9riences \u00e9taient en avance sur leur temps, et connurent une issue tragique. C\u2019est pour cela que le club d\u00e9cida de les garder secr\u00e8tes. Et ce jusqu\u2019\u00e0 aujourd\u2019hui, car en raison d\u2019un rapport de Jelica Munja (repr\u00e9sentante de l\u2019ACE en Croatie \u00e0 l\u2019\u00e9poque) red\u00e9couvert r\u00e9cemment , les circonstances des \u00e9v\u00e9nements dramatiques ont pu \u00eatre red\u00e9finies sous un jour nouveau.<\/p>\n<p>C\u2019est pourquoi le club rompt pour la premi\u00e8re fois le silence sur l\u2019un de ses plus ing\u00e9nieux membres, et a la joie de pr\u00e9senter des d\u00e9couvertes issues de sa vie et de ses travaux ant\u00e9rieurs.<\/p>\n<p>Selon l\u2019une de ses ma\u00eetresses d\u2019\u00e9cole, il \u00e9tait tr\u00e8s dou\u00e9 pour les math\u00e9matiques d\u00e8s son plus jeune \u00e2ge, et sa compr\u00e9hension de la technologie et de la physique a rapidement outrepass\u00e9 celle de ses enseignants.<\/p>\n<p>En lisant les notes que Nikola Tesla \u00e9crivit quand il \u00e9tait \u00e9tudiant \u00e0 l\u2019universit\u00e9, on ne peut que conclure qu\u2019il croyait fermement au pouvoir de la technologie, \u00e0 la force de l\u2019innovation, et qu\u2019il concentrait ses travaux sur l\u2019\u00e9lectricit\u00e9. Son but ultime \u00e9tait de parvenir \u00e0 transmettre l\u2019\u00e9nergie sans fil. Il \u00e9crivait :<\/p>\n<blockquote><p>\u00ab Les \u00eatres humains sont compos\u00e9s d\u2019\u00e9nergie cosmique. De fait, on peut les int\u00e9grer \u00e0 un faisceau d\u2019\u00e9nergie, puis les transporter d\u2019un point A \u00e0 un point B sous forme d\u2019\u00e9clairs \u00e9lectriques. \u00bb<\/p><\/blockquote>\n<p>Ainsi naquit l\u2019une de ses plus grandes et ambitieuses id\u00e9es : une machine \u00e0 t\u00e9l\u00e9porter, qui pourrait transporter les Hommes sous forme d\u2019\u00e9nergie pure via un \u00e9clair circulant entre deux tours. En 1881, il pr\u00e9senta son invention aux c\u00f4t\u00e9s de son assistant Erik devant un comit\u00e9 de son universit\u00e9. Jelica Munja a immortalis\u00e9 ce qu\u2019elle a pu observer ce jour-l\u00e0 dans les anales de l\u2019ACE.<\/p>\n<blockquote><p>\u00ab Le public retenait son souffle ! Nikola Tesla voulait montrer que son invention fonctionnait d\u00e9j\u00e0 au format miniature. Il a branch\u00e9 le courant, \u00e7a bourdonnait, \u00e7a sifflotait, le g\u00e9n\u00e9rateur bondissait\u2026 puis la petite figurine disparut dans la premi\u00e8re tour\u2026 des \u00e9clairs se mirent \u00e0 circuler entre les deux tours\u2026 et\u2026 la figurine se mat\u00e9rialisa dans la deuxi\u00e8me tour. Un franc succ\u00e8s ! Sa maquette fonctionnait ! R\u00e9volutionnaire ! \u00bb<\/p><\/blockquote>\n<p>Mais \u00e0 la place de l\u2019enthousiasme qu\u2019un tel accomplissement aurait d\u00fb g\u00e9n\u00e9rer, le public se montra sceptique et d\u00e9daigneux. Nikola Tesla fut m\u00eame exclu de l\u2019universit\u00e9 pour ses exp\u00e9riences consid\u00e9r\u00e9es comme trop os\u00e9es. Jelica Munja ajouta dans son rapport :<\/p>\n<blockquote><p>\u00ab Une fois de plus, la c\u00e9l\u00e8bre maxime de notre p\u00e8re fondateur Bartholomeus van Robbemond se v\u00e9rifie : d\u2019abord, l\u2019humanit\u00e9 refusera l\u2019innovation, puis elle en dira du mal, et finalement, elle fera comme si elle l\u2019avait toujours connue. C\u2019est frustrant ! \u00bb<\/p><\/blockquote>\n<p>[\/vc_column_text][\/vc_column][vc_column width=\u00a0\u00bb1\/2&Prime;][vc_column_text]Comme l\u2019ACE s\u2019\u00e9vertue depuis toujours \u00e0 promouvoir l\u2019innovation, Jelica Munja proposa \u00e0 Nikola Tesla le soutien du club, afin qu\u2019il puisse construire son invention \u00e0 taille r\u00e9elle. Elle d\u00e9crivit ses premi\u00e8res impressions de l\u2019inventeur comme suit :<\/p>\n<blockquote><p>\u00ab Nikola Tesla est un jeune homme vif d\u2019esprit, et dont le cerveau regorge d\u2019id\u00e9es prometteuses qui pourraient changer la face du monde \u00e0 jamais ! \u00bb<\/p><\/blockquote>\n<p>Le club mis \u00e0 la disposition de son nouveau membre des fonds ainsi qu\u2019un b\u00e2timent industriel dot\u00e9 d\u2019une centrale \u00e9lectrique pour y \u00e9tablir son laboratoire. En suivant ses sch\u00e9mas, Nikola Tesla construit alors une imposante tour avec une gigantesque bobine sur le toit du laboratoire. Elle devait servir \u00e0 projeter les humains sous forme d\u2019\u00e9clairs. Erik et Nikola exp\u00e9rimentaient sans rel\u00e2che. Bient\u00f4t, Erik devint lui-m\u00eame cobaye pour cette invention que Nikola Tesla baptisa d\u2019abord du nom de code \u00ab Apparatus \u03a9 \u00bb.<\/p>\n<p>Jelica Munja soulignait :<\/p>\n<blockquote><p>\u00ab Nikola est l\u2019arch\u00e9type d\u2019un v\u00e9ritable g\u00e9nie, avec les deux revers de la m\u00e9daille que cela implique : il agit donc parfois dans la pr\u00e9cipitation, et son enthousiasme peut le rendre imprudent. Je l\u2019exhorte \u00e0 mettre de l\u2019eau dans son vin, et lui rappelle l\u2019un des principes de l\u2019ACE, qui veut que ses membres soient certes intr\u00e9pides dans leurs actes, mais jamais irr\u00e9fl\u00e9chis ou d\u00e9raisonnables. \u00bb<\/p><\/blockquote>\n<p>Et un peu plus loin, sa contribution suivante se pr\u00e9sente dans un style inhabituellement lapidaire :<\/p>\n<blockquote><p>\u00ab Terrible accident. Erik gravement bless\u00e9 au visage, Nikola atterr\u00e9. \u00bb<\/p><\/blockquote>\n<p>Les \u00e9crits de Jelica laissent entendre que l\u2019accident n\u2019\u00e9tait pas le fait, comme on le craignait jusqu\u2019\u00e0 pr\u00e9sent, d\u2019un Nikola Tesla qui aurait surestim\u00e9 ses capacit\u00e9s, mais bel et bien de militaires qui auraient cherch\u00e9 \u00e0 d\u00e9tourner son invention. Les deux hommes prirent la fuite en urgence, et Erik sabota la machine \u00e0 la h\u00e2te afin de la rendre inutilisable. C\u2019est au cours de ce processus qu\u2019il fut victime d\u2019un accident qui le blessa s\u00e9rieusement au visage.<\/p>\n<p>Le Club aida Erik \u00e0 prendre la fuite et l\u2019aida \u00e0 obtenir un poste d\u2019ing\u00e9nieur pour la construction de l\u2019op\u00e9ra dans la capitale croate Zagreb. Mais \u00e0 partir de l\u00e0, on perd sa trace : malgr\u00e9 tous les efforts mis en \u0153uvre, pas le moindre indice n\u2019a pu \u00eatre d\u00e9couvert sur ses activit\u00e9s ult\u00e9rieures. Les rumeurs, comme quoi sa disparition aurait un lien avec des l\u00e9gendes autour d\u2019un fant\u00f4me masqu\u00e9 au sein de ce m\u00eame op\u00e9ra, n\u2019ont jamais pu \u00eatre ni confirm\u00e9es ni infirm\u00e9es\u2026<\/p>\n<p>Malgr\u00e9 la fin abrupte de ses exp\u00e9riences dans la Croatie actuelle, Nikola Tesla ne se laissa pas abattre, emporta ses id\u00e9es novatrices et son esprit de d\u00e9couverte europ\u00e9en dans ses valises, et poursuivit ses exp\u00e9riences aux \u00c9tats-Unis. On ne sait malheureusement pas si la machine connue sous le nom de code \u00ab Apparatus \u03a9 \u00bb a finalement r\u00e9ussi \u00e0 t\u00e9l\u00e9porter des \u00eatres humains. Mais la tour de Wardenclyffe, construite par Nikola Tesla \u00e0 Long Island, ressemblait \u00e0 s\u2019y m\u00e9prendre \u00e0 celles qu\u2019il avait \u00e9rig\u00e9 dans sa patrie natale, m\u00eame si sa fonction officielle \u00e9tait diff\u00e9rente. Ce qui est certain, c\u2019est que ses recherches furent une \u00e9tape majeure pour l\u2019\u00e9volution de la technologie, et que ses inventions novatrices sont pr\u00e9sentes de nos jours encore dans la plupart des appareils modernes.<\/p>\n<p>Les art\u00e9facts suivants de Nikola Tesla sont en possession de l\u2019ACE :<\/p>\n<ul>\n<li>Grande bobine<\/li>\n<li>Journal de recherches<\/li>\n<\/ul>\n<p>[\/vc_column_text][\/vc_column][\/vc_row][vc_row][vc_column][vc_empty_space][\/vc_column][\/vc_row][vc_row][vc_column][vc_single_image image=\u00a0\u00bb398&Prime; img_size=\u00a0\u00bbmedium\u00a0\u00bb alignment=\u00a0\u00bbcenter\u00a0\u00bb][\/vc_column][\/vc_row][vc_row][vc_column][vc_empty_space][\/vc_column][\/vc_row][vc_row][vc_column][vc_single_image image=\u00a0\u00bb1947&Prime; img_size=\u00a0\u00bblarge\u00a0\u00bb alignment=\u00a0\u00bbcenter\u00a0\u00bb][\/vc_column][\/vc_row][vc_row][vc_column][vc_empty_space][\/vc_column][\/vc_row]<\/p>","protected":false},"excerpt":{"rendered":"<p>[vc_row][vc_column][vc_empty_space height=\u00a0\u00bb200px\u00a0\u00bb][\/vc_column][\/vc_row][vc_row][vc_column][vc_column_text] Nikola Tesla [\/vc_column_text][\/vc_column][\/vc_row][vc_row][vc_column][vc_empty_space][\/vc_column][\/vc_row][vc_row][vc_column][vc_column_text] Membre de 1881 \u00e0 1943 [\/vc_column_text][\/vc_column][\/vc_row][vc_row][vc_column][vc_empty_space][\/vc_column][\/vc_row][vc_row][vc_column][vc_single_image image=\u00a0\u00bb1944&Prime; img_size=\u00a0\u00bbmedium\u00a0\u00bb alignment=\u00a0\u00bbcenter\u00a0\u00bb][\/vc_column][\/vc_row][vc_row][vc_column][vc_empty_space][\/vc_column][\/vc_row][vc_row][vc_column][vc_empty_space][\/vc_column][\/vc_row][vc_row][vc_column][vc_single_image image=\u00a0\u00bb398&Prime; img_size=\u00a0\u00bbmedium\u00a0\u00bb alignment=\u00a0\u00bbcenter\u00a0\u00bb][\/vc_column][\/vc_row][vc_row][vc_column][vc_empty_space][\/vc_column][\/vc_row][vc_row][vc_column width=\u00a0\u00bb1\/2&Prime;][vc_column_text]Nikola Tesla : un visionnaire et pionnier d\u2019une nouvelle \u00e8re technique, dont les innovations se retrouvent encore de nos jours au c\u0153ur des appareils que nous utilisons au quotidien. Gr\u00e2ce \u00e0 ses inventions, Nikola Tesla, qui \u00e9tait originaire [&hellip;]<\/p>\n","protected":false},"author":9,"featured_media":1944,"parent":303,"menu_order":0,"comment_status":"closed","ping_status":"closed","template":"","meta":{"footnotes":""},"class_list":["post-1943","page","type-page","status-publish","has-post-thumbnail","hentry"],"yoast_head":"<!-- This site is optimized with the Yoast SEO plugin v26.9 - https:\/\/yoast.com\/product\/yoast-seo-wordpress\/ -->\n<title>Nikola Tesla - Adventure Club of Europe<\/title>\n<meta name=\"description\" content=\"Nikola Tesla : un visionnaire et pionnier d\u2019une nouvelle \u00e8re technique, dont les innovations se retrouvent encore de nos jours au c\u0153ur des appareils que nous utilisons au quotidien.\" \/>\n<meta name=\"robots\" content=\"index, follow, max-snippet:-1, max-image-preview:large, max-video-preview:-1\" \/>\n<link rel=\"canonical\" href=\"https:\/\/adventureclub.eu\/home-page\/nikola-tesla\/\" \/>\n<meta property=\"og:locale\" content=\"fr_FR\" \/>\n<meta property=\"og:type\" content=\"article\" \/>\n<meta property=\"og:title\" content=\"Nikola Tesla - Adventure Club of Europe\" \/>\n<meta property=\"og:description\" content=\"{:de}Nikola Tesla: Vision\u00e4r und Wegbereiter f\u00fcr ein neues technisches Zeitalter, dessen Innovationen wir auch heute noch in unseren Ger\u00e4ten wiederfinden.Nikola Tesla: Vision\u00e4r und Wegbereiter f\u00fcr ein neues technisches Zeitalter, dessen Innovationen wir auch heute noch in unseren Ger\u00e4ten wiederfinden.Nikola Tesla: Vision\u00e4r und Wegbereiter f\u00fcr ein neues technisches Zeitalter, dessen Innovationen wir auch heute noch in unseren Ger\u00e4ten wiederfinden.Nikola Tesla: Vision\u00e4r und Wegbereiter f\u00fcr ein neues technisches Zeitalter, dessen Innovationen wir auch heute noch in unseren Ger\u00e4ten wiederfinden.{:fr}Nikola Tesla : un visionnaire et pionnier d\u2019une nouvelle \u00e8re technique, dont les innovations se retrouvent encore de nos jours au c\u0153ur des appareils que nous utilisons au quotidien. {:en}Nikola Tesla: Visionary and trailblazer for a new technological era, who\u2019s inventions can be found in our devices until this date. Nikola Tesla: Visionary and trailblazer for a new technological era, who\u2019s inventions can be found in our devices until this date. {:}\" \/>\n<meta property=\"og:url\" content=\"https:\/\/adventureclub.eu\/home-page\/nikola-tesla\/\" \/>\n<meta property=\"og:site_name\" content=\"Adventure Club of Europe\" \/>\n<meta property=\"article:modified_time\" content=\"2023-03-09T15:10:32+00:00\" \/>\n<meta property=\"og:image\" content=\"https:\/\/adventureclub.eu\/wp-content\/uploads\/2023\/03\/nikola_tesla_ace.jpg\" \/>\n\t<meta property=\"og:image:width\" content=\"819\" \/>\n\t<meta property=\"og:image:height\" content=\"1024\" \/>\n\t<meta property=\"og:image:type\" content=\"image\/jpeg\" \/>\n<meta name=\"twitter:card\" content=\"summary_large_image\" \/>\n<meta name=\"twitter:label1\" content=\"Dur\u00e9e de lecture estim\u00e9e\" \/>\n\t<meta name=\"twitter:data1\" content=\"5 minutes\" \/>\n<script type=\"application\/ld+json\" class=\"yoast-schema-graph\">{\"@context\":\"https:\/\/schema.org\",\"@graph\":[{\"@type\":\"WebPage\",\"@id\":\"https:\/\/adventureclub.eu\/home-page\/nikola-tesla\/\",\"url\":\"https:\/\/adventureclub.eu\/home-page\/nikola-tesla\/\",\"name\":\"Nikola Tesla - Adventure Club of Europe\",\"isPartOf\":{\"@id\":\"https:\/\/adventureclub.eu\/#website\"},\"primaryImageOfPage\":{\"@id\":\"https:\/\/adventureclub.eu\/home-page\/nikola-tesla\/#primaryimage\"},\"image\":{\"@id\":\"https:\/\/adventureclub.eu\/home-page\/nikola-tesla\/#primaryimage\"},\"thumbnailUrl\":\"https:\/\/adventureclub.eu\/wp-content\/uploads\/2023\/03\/nikola_tesla_ace.jpg\",\"datePublished\":\"2023-03-09T09:27:12+00:00\",\"dateModified\":\"2023-03-09T15:10:32+00:00\",\"description\":\"{:de}Nikola Tesla: Vision\u00e4r und Wegbereiter f\u00fcr ein neues technisches Zeitalter, dessen Innovationen wir auch heute noch in unseren Ger\u00e4ten wiederfinden.Nikola Tesla: Vision\u00e4r und Wegbereiter f\u00fcr ein neues technisches Zeitalter, dessen Innovationen wir auch heute noch in unseren Ger\u00e4ten wiederfinden.Nikola Tesla: Vision\u00e4r und Wegbereiter f\u00fcr ein neues technisches Zeitalter, dessen Innovationen wir auch heute noch in unseren Ger\u00e4ten wiederfinden.Nikola Tesla: Vision\u00e4r und Wegbereiter f\u00fcr ein neues technisches Zeitalter, dessen Innovationen wir auch heute noch in unseren Ger\u00e4ten wiederfinden.{:fr}Nikola Tesla : un visionnaire et pionnier d\u2019une nouvelle \u00e8re technique, dont les innovations se retrouvent encore de nos jours au c\u0153ur des appareils que nous utilisons au quotidien. {:en}Nikola Tesla: Visionary and trailblazer for a new technological era, who\u2019s inventions can be found in our devices until this date. Nikola Tesla: Visionary and trailblazer for a new technological era, who\u2019s inventions can be found in our devices until this date. {:}\",\"breadcrumb\":{\"@id\":\"https:\/\/adventureclub.eu\/home-page\/nikola-tesla\/#breadcrumb\"},\"inLanguage\":\"fr-FR\",\"potentialAction\":[{\"@type\":\"ReadAction\",\"target\":[\"https:\/\/adventureclub.eu\/home-page\/nikola-tesla\/\"]}]},{\"@type\":\"ImageObject\",\"inLanguage\":\"fr-FR\",\"@id\":\"https:\/\/adventureclub.eu\/home-page\/nikola-tesla\/#primaryimage\",\"url\":\"https:\/\/adventureclub.eu\/wp-content\/uploads\/2023\/03\/nikola_tesla_ace.jpg\",\"contentUrl\":\"https:\/\/adventureclub.eu\/wp-content\/uploads\/2023\/03\/nikola_tesla_ace.jpg\",\"width\":819,\"height\":1024,\"caption\":\"Schwarz-wei\u00df Fotografie des Adventure Club of Europe Mitglied, Nikola Tesla. Er st\u00fctzt die H\u00e4nde in die H\u00fcften und l\u00e4chelt in die Kamera.\"},{\"@type\":\"BreadcrumbList\",\"@id\":\"https:\/\/adventureclub.eu\/home-page\/nikola-tesla\/#breadcrumb\",\"itemListElement\":[{\"@type\":\"ListItem\",\"position\":1,\"name\":\"Startseite\",\"item\":\"https:\/\/adventureclub.eu\/\"},{\"@type\":\"ListItem\",\"position\":2,\"name\":\"Home Page\",\"item\":\"https:\/\/adventureclub.eu\/\"},{\"@type\":\"ListItem\",\"position\":3,\"name\":\"Nikola Tesla\"}]},{\"@type\":\"WebSite\",\"@id\":\"https:\/\/adventureclub.eu\/#website\",\"url\":\"https:\/\/adventureclub.eu\/\",\"name\":\"Adventure Club of Europe\",\"description\":\"Adventure Club of Europe \u2013 Entdecken Sie unsere interessantesten, spannendsten und zum Teil auch umstrittensten Expeditionen der vergangenen Jahrhunderte.\",\"publisher\":{\"@id\":\"https:\/\/adventureclub.eu\/#organization\"},\"potentialAction\":[{\"@type\":\"SearchAction\",\"target\":{\"@type\":\"EntryPoint\",\"urlTemplate\":\"https:\/\/adventureclub.eu\/?s={search_term_string}\"},\"query-input\":{\"@type\":\"PropertyValueSpecification\",\"valueRequired\":true,\"valueName\":\"search_term_string\"}}],\"inLanguage\":\"fr-FR\"},{\"@type\":\"Organization\",\"@id\":\"https:\/\/adventureclub.eu\/#organization\",\"name\":\"Adventure Club of Europe\",\"url\":\"https:\/\/adventureclub.eu\/\",\"logo\":{\"@type\":\"ImageObject\",\"inLanguage\":\"fr-FR\",\"@id\":\"https:\/\/adventureclub.eu\/#\/schema\/logo\/image\/\",\"url\":\"https:\/\/adventureclub.eu\/wp-content\/uploads\/2017\/05\/ACE-TITLE-PAGE.jpg\",\"contentUrl\":\"https:\/\/adventureclub.eu\/wp-content\/uploads\/2017\/05\/ACE-TITLE-PAGE.jpg\",\"width\":1024,\"height\":604,\"caption\":\"Adventure Club of Europe\"},\"image\":{\"@id\":\"https:\/\/adventureclub.eu\/#\/schema\/logo\/image\/\"}}]}<\/script>\n<!-- \/ Yoast SEO plugin. -->","yoast_head_json":{"title":"Nikola Tesla - Adventure Club of Europe","description":"Nikola Tesla : un visionnaire et pionnier d\u2019une nouvelle \u00e8re technique, dont les innovations se retrouvent encore de nos jours au c\u0153ur des appareils que nous utilisons au quotidien.","robots":{"index":"index","follow":"follow","max-snippet":"max-snippet:-1","max-image-preview":"max-image-preview:large","max-video-preview":"max-video-preview:-1"},"canonical":"https:\/\/adventureclub.eu\/home-page\/nikola-tesla\/","og_locale":"fr_FR","og_type":"article","og_title":"Nikola Tesla - Adventure Club of Europe","og_description":"{:de}Nikola Tesla: Vision\u00e4r und Wegbereiter f\u00fcr ein neues technisches Zeitalter, dessen Innovationen wir auch heute noch in unseren Ger\u00e4ten wiederfinden.Nikola Tesla: Vision\u00e4r und Wegbereiter f\u00fcr ein neues technisches Zeitalter, dessen Innovationen wir auch heute noch in unseren Ger\u00e4ten wiederfinden.Nikola Tesla: Vision\u00e4r und Wegbereiter f\u00fcr ein neues technisches Zeitalter, dessen Innovationen wir auch heute noch in unseren Ger\u00e4ten wiederfinden.Nikola Tesla: Vision\u00e4r und Wegbereiter f\u00fcr ein neues technisches Zeitalter, dessen Innovationen wir auch heute noch in unseren Ger\u00e4ten wiederfinden.{:fr}Nikola Tesla : un visionnaire et pionnier d\u2019une nouvelle \u00e8re technique, dont les innovations se retrouvent encore de nos jours au c\u0153ur des appareils que nous utilisons au quotidien. {:en}Nikola Tesla: Visionary and trailblazer for a new technological era, who\u2019s inventions can be found in our devices until this date. Nikola Tesla: Visionary and trailblazer for a new technological era, who\u2019s inventions can be found in our devices until this date. {:}","og_url":"https:\/\/adventureclub.eu\/home-page\/nikola-tesla\/","og_site_name":"Adventure Club of Europe","article_modified_time":"2023-03-09T15:10:32+00:00","og_image":[{"width":819,"height":1024,"url":"https:\/\/adventureclub.eu\/wp-content\/uploads\/2023\/03\/nikola_tesla_ace.jpg","type":"image\/jpeg"}],"twitter_card":"summary_large_image","twitter_misc":{"Dur\u00e9e de lecture estim\u00e9e":"5 minutes"},"schema":{"@context":"https:\/\/schema.org","@graph":[{"@type":"WebPage","@id":"https:\/\/adventureclub.eu\/home-page\/nikola-tesla\/","url":"https:\/\/adventureclub.eu\/home-page\/nikola-tesla\/","name":"Nikola Tesla - Adventure Club of Europe","isPartOf":{"@id":"https:\/\/adventureclub.eu\/#website"},"primaryImageOfPage":{"@id":"https:\/\/adventureclub.eu\/home-page\/nikola-tesla\/#primaryimage"},"image":{"@id":"https:\/\/adventureclub.eu\/home-page\/nikola-tesla\/#primaryimage"},"thumbnailUrl":"https:\/\/adventureclub.eu\/wp-content\/uploads\/2023\/03\/nikola_tesla_ace.jpg","datePublished":"2023-03-09T09:27:12+00:00","dateModified":"2023-03-09T15:10:32+00:00","description":"{:de}Nikola Tesla: Vision\u00e4r und Wegbereiter f\u00fcr ein neues technisches Zeitalter, dessen Innovationen wir auch heute noch in unseren Ger\u00e4ten wiederfinden.Nikola Tesla: Vision\u00e4r und Wegbereiter f\u00fcr ein neues technisches Zeitalter, dessen Innovationen wir auch heute noch in unseren Ger\u00e4ten wiederfinden.Nikola Tesla: Vision\u00e4r und Wegbereiter f\u00fcr ein neues technisches Zeitalter, dessen Innovationen wir auch heute noch in unseren Ger\u00e4ten wiederfinden.Nikola Tesla: Vision\u00e4r und Wegbereiter f\u00fcr ein neues technisches Zeitalter, dessen Innovationen wir auch heute noch in unseren Ger\u00e4ten wiederfinden.{:fr}Nikola Tesla : un visionnaire et pionnier d\u2019une nouvelle \u00e8re technique, dont les innovations se retrouvent encore de nos jours au c\u0153ur des appareils que nous utilisons au quotidien. {:en}Nikola Tesla: Visionary and trailblazer for a new technological era, who\u2019s inventions can be found in our devices until this date. Nikola Tesla: Visionary and trailblazer for a new technological era, who\u2019s inventions can be found in our devices until this date. {:}","breadcrumb":{"@id":"https:\/\/adventureclub.eu\/home-page\/nikola-tesla\/#breadcrumb"},"inLanguage":"fr-FR","potentialAction":[{"@type":"ReadAction","target":["https:\/\/adventureclub.eu\/home-page\/nikola-tesla\/"]}]},{"@type":"ImageObject","inLanguage":"fr-FR","@id":"https:\/\/adventureclub.eu\/home-page\/nikola-tesla\/#primaryimage","url":"https:\/\/adventureclub.eu\/wp-content\/uploads\/2023\/03\/nikola_tesla_ace.jpg","contentUrl":"https:\/\/adventureclub.eu\/wp-content\/uploads\/2023\/03\/nikola_tesla_ace.jpg","width":819,"height":1024,"caption":"Schwarz-wei\u00df Fotografie des Adventure Club of Europe Mitglied, Nikola Tesla. Er st\u00fctzt die H\u00e4nde in die H\u00fcften und l\u00e4chelt in die Kamera."},{"@type":"BreadcrumbList","@id":"https:\/\/adventureclub.eu\/home-page\/nikola-tesla\/#breadcrumb","itemListElement":[{"@type":"ListItem","position":1,"name":"Startseite","item":"https:\/\/adventureclub.eu\/"},{"@type":"ListItem","position":2,"name":"Home Page","item":"https:\/\/adventureclub.eu\/"},{"@type":"ListItem","position":3,"name":"Nikola Tesla"}]},{"@type":"WebSite","@id":"https:\/\/adventureclub.eu\/#website","url":"https:\/\/adventureclub.eu\/","name":"Adventure Club of Europe","description":"Adventure Club of Europe \u2013 Entdecken Sie unsere interessantesten, spannendsten und zum Teil auch umstrittensten Expeditionen der vergangenen Jahrhunderte.","publisher":{"@id":"https:\/\/adventureclub.eu\/#organization"},"potentialAction":[{"@type":"SearchAction","target":{"@type":"EntryPoint","urlTemplate":"https:\/\/adventureclub.eu\/?s={search_term_string}"},"query-input":{"@type":"PropertyValueSpecification","valueRequired":true,"valueName":"search_term_string"}}],"inLanguage":"fr-FR"},{"@type":"Organization","@id":"https:\/\/adventureclub.eu\/#organization","name":"Adventure Club of Europe","url":"https:\/\/adventureclub.eu\/","logo":{"@type":"ImageObject","inLanguage":"fr-FR","@id":"https:\/\/adventureclub.eu\/#\/schema\/logo\/image\/","url":"https:\/\/adventureclub.eu\/wp-content\/uploads\/2017\/05\/ACE-TITLE-PAGE.jpg","contentUrl":"https:\/\/adventureclub.eu\/wp-content\/uploads\/2017\/05\/ACE-TITLE-PAGE.jpg","width":1024,"height":604,"caption":"Adventure Club of Europe"},"image":{"@id":"https:\/\/adventureclub.eu\/#\/schema\/logo\/image\/"}}]}},"_links":{"self":[{"href":"https:\/\/adventureclub.eu\/fr\/wp-json\/wp\/v2\/pages\/1943","targetHints":{"allow":["GET"]}}],"collection":[{"href":"https:\/\/adventureclub.eu\/fr\/wp-json\/wp\/v2\/pages"}],"about":[{"href":"https:\/\/adventureclub.eu\/fr\/wp-json\/wp\/v2\/types\/page"}],"author":[{"embeddable":true,"href":"https:\/\/adventureclub.eu\/fr\/wp-json\/wp\/v2\/users\/9"}],"replies":[{"embeddable":true,"href":"https:\/\/adventureclub.eu\/fr\/wp-json\/wp\/v2\/comments?post=1943"}],"version-history":[{"count":10,"href":"https:\/\/adventureclub.eu\/fr\/wp-json\/wp\/v2\/pages\/1943\/revisions"}],"predecessor-version":[{"id":1956,"href":"https:\/\/adventureclub.eu\/fr\/wp-json\/wp\/v2\/pages\/1943\/revisions\/1956"}],"up":[{"embeddable":true,"href":"https:\/\/adventureclub.eu\/fr\/wp-json\/wp\/v2\/pages\/303"}],"wp:featuredmedia":[{"embeddable":true,"href":"https:\/\/adventureclub.eu\/fr\/wp-json\/wp\/v2\/media\/1944"}],"wp:attachment":[{"href":"https:\/\/adventureclub.eu\/fr\/wp-json\/wp\/v2\/media?parent=1943"}],"curies":[{"name":"wp","href":"https:\/\/api.w.org\/{rel}","templated":true}]}}