{"id":1995,"date":"2023-12-18T15:18:36","date_gmt":"2023-12-18T14:18:36","guid":{"rendered":"https:\/\/adventureclub.eu\/?page_id=1995"},"modified":"2023-12-19T14:56:39","modified_gmt":"2023-12-19T13:56:39","slug":"balthazar","status":"publish","type":"page","link":"https:\/\/adventureclub.eu\/fr\/home-page\/balthazar\/","title":{"rendered":"Balthazar"},"content":{"rendered":"<p>[vc_row][vc_column][vc_empty_space height=\u00a0\u00bb200px\u00a0\u00bb][\/vc_column][\/vc_row][vc_row][vc_column][vc_column_text]<\/p>\n<h2 style=\"text-align: center;\">Balthazar<\/h2>\n<p>[\/vc_column_text][\/vc_column][\/vc_row][vc_row][vc_column][vc_empty_space][\/vc_column][\/vc_row][vc_row][vc_column][vc_column_text]<\/p>\n<h4 style=\"text-align: center;\">Membre depuis 1796<\/h4>\n<p>[\/vc_column_text][\/vc_column][\/vc_row][vc_row][vc_column][vc_empty_space][\/vc_column][\/vc_row][vc_row][vc_column][vc_single_image image=\u00a0\u00bb1999&Prime; img_size=\u00a0\u00bbmedium\u00a0\u00bb alignment=\u00a0\u00bbcenter\u00a0\u00bb][\/vc_column][\/vc_row][vc_row][vc_column][vc_empty_space][\/vc_column][\/vc_row][vc_row][vc_column][vc_empty_space][\/vc_column][\/vc_row][vc_row][vc_column][vc_single_image image=\u00a0\u00bb398&Prime; img_size=\u00a0\u00bbmedium\u00a0\u00bb alignment=\u00a0\u00bbcenter\u00a0\u00bb][\/vc_column][\/vc_row][vc_row][vc_column][vc_empty_space][\/vc_column][\/vc_row][vc_row][vc_column width=\u00a0\u00bb1\/2&Prime;][vc_column_text]Digne descendant d\u2019une lign\u00e9e noble, Balthazar \u00e9tait un r\u00eaveur, un grand romantique et surtout un aventurier. Il a rejoint les rangs de l\u2019Adventure Club of Europe d\u00e8s son plus jeune \u00e2ge, et a voyag\u00e9 dans le monde entier. M\u00eame si une r\u00e9putation d\u2019excentrique, de libre-penseur et m\u00eame de libertin le pr\u00e9c\u00e9dait, il fr\u00e9quentait malgr\u00e9 tout les hautes sph\u00e8res, car il savait \u00e0 merveille convaincre son auditoire avec son charme, son \u00e9loquence et ses connaissances philosophique, scientifiques et artistiques.<\/p>\n<p>Balthazar croquait la vie \u00e0 pleines dents. On le rencontrait \u00e0 tous les \u00e9v\u00e9nements mondains. La beaut\u00e9 \u00e9tait sa passion, et il avait excellent go\u00fbt, buvait les vins les plus on\u00e9reux, d\u00e9gustait les mets les plus raffin\u00e9s, et poss\u00e9dait des \u0153uvres d\u2019art d\u2019exception. Il adorait le th\u00e9\u00e2tre, et d\u00e9ambulait jusqu\u2019au bout de la nuit dans les rues de Paris aux c\u00f4t\u00e9s des acteurs, des artistes et des po\u00e8tes. Balthazar tombait souvent amoureux, toujours anim\u00e9 d\u2019une grande passion, a bris\u00e9 un grand nombre de c\u0153urs, et souffrait d&rsquo;autant de chagrins d\u2019amour de son c\u00f4t\u00e9.<\/p>\n<p>Mais cette vie mondaine stoppa soudainement son cours : le jour de son 30e anniversaire, lors d\u2019une f\u00eate somptueuse donn\u00e9e en son honneur dans son h\u00f4tel particulier, Balthazar se volatilisa.<br \/>\nPersonne n\u2019avait id\u00e9e d\u2019o\u00f9 il avait bien pu aller. Dans la haute soci\u00e9t\u00e9, les rumeurs les plus folles couraient. Seuls ses proches compagnons de l\u2019ACE connaissaient la v\u00e9rit\u00e9 : Balthazar \u00e9tait retourn\u00e9 se terrer dans le domaine appartenant \u00e0 sa famille, dans une contr\u00e9e lointaine situ\u00e9e entre les sommets de la For\u00eat-Noire et les berges du Rhin. Et il en expliqua la raison dans une lettre qui est d\u00e9sormais conserv\u00e9e dans les archives de l\u2019ACE :<\/p>\n<blockquote><p>\u00ab Je suis satur\u00e9 par tout cela. Le luxe, les f\u00eates, toutes ces distractions superficielles\u2026 n&rsquo;\u00e9veillent en moins rien d&rsquo;autre qu&rsquo;une grande vacuit\u00e9. J\u2019avais esp\u00e9r\u00e9 atteindre dans l\u2019ivresse, dans l\u2019extase, un niveau sup\u00e9rieur de l\u2019\u00eatre. Acc\u00e9der \u00e0 une autre r\u00e9alit\u00e9. Quelle erreur monumentale ! Mais je reste n\u00e9anmoins convaincu qu\u2019il existe quelque chose de grand, au-del\u00e0 des fronti\u00e8res de notre monde. Une intuition profonde m\u2019habite en ce sens. \u00c0 partir de maintenant, je poursuivrai ma qu\u00eate dans le calme et la solitude, car ces ann\u00e9es de d\u00e9bauche et d&rsquo;exc\u00e8s ne m\u2019ont aucunement permis de la mener \u00e0 bien. \u00bb<\/p><\/blockquote>\n<p>Dans une lettre subs\u00e9quente, Balthazar semble confiant :<\/p>\n<blockquote><p>\u00ab Mes livres sont arriv\u00e9s ! Des ouvrages rares, qui contiennent des connaissances secr\u00e8tes s\u00e9culaires. Ah, et ce lieu, la terre de mes anc\u00eatres ! On peut randonner des jours durant \u00e0 travers monts et vaux dans la For\u00eat-Noire sans m\u00eame rencontrer \u00e2me qui vive. Je le sens, au plus profond de ces for\u00eats vivent encore des elfes et des f\u00e9es qui pourront me guider dans un autre monde. Et si ce n\u2019est eux, ce seront les ondins et les nixes du Rhin, fleuve dont j\u2019explore les bras et affluents quotidiennement \u00e0 bord de ma barque. \u00bb<\/p><\/blockquote>\n<p>[\/vc_column_text][\/vc_column][vc_column width=\u00a0\u00bb1\/2&Prime;][vc_column_text]Mais les ann\u00e9es s\u2019\u00e9coul\u00e8rent, et les recherches de Balthazar rest\u00e8rent st\u00e9riles. Jusqu\u2019\u00e0 ce qu\u2019il re\u00e7oive un jour une lettre d\u2019un vieil ami qui venait de rentrer d\u2019une exp\u00e9dition en Afrique de l\u2019ACE :<\/p>\n<blockquote><p>\u00ab O\u00f9 que l\u2019on aille ici, les gens racontent l\u2019histoire d\u2019une puissante souveraine d\u2019une beaut\u00e9 incomparable qui r\u00e8gne au c\u0153ur de la jungle. Certains pr\u00e9tendent qu\u2019elle serait une d\u00e9mone. D\u2019autres la consid\u00e8rent comme une d\u00e9esse, comme un \u00eatre sup\u00e9rieur venu d\u2019un autre monde : celle \u00e0 qui l\u2019on se doit d\u2019ob\u00e9ir. \u00bb<\/p><\/blockquote>\n<p>\u00c9tait-ce cet \u00ab autre monde \u00bb qu\u2019il cherchait d\u00e9sesp\u00e9r\u00e9ment ? Et cette myst\u00e9rieuse souveraine \u00e9tait-elle la cl\u00e9 qui l\u2019y m\u00e8nerait ? Quand cet ami vint lui rendre visite en personne en lui apportant un art\u00e9fact myst\u00e9rieux, cela provoqua un d\u00e9clic en lui : la superbe broche que son ami lui tendait \u00e9tait en forme d\u2019ouroboros, un serpent qui se mord la queue. On retrouvait le m\u00eame symbole dans un manuscrit pr\u00e9cieux qui \u00e9tait en sa possession, et qui parlait aussi d\u2019une reine l\u00e9gendaire au c\u0153ur de l\u2019Afrique. Le texte contenait la description d\u2019un itin\u00e9raire permettant d\u2019acc\u00e9der \u00e0 son royaume ! Les deux amis se rendirent imm\u00e9diatement en Afrique, et parvinrent non sans mal \u00e0 leur destination Balthazar avait not\u00e9 ceci dans son journal :<\/p>\n<blockquote><p>\u00ab La voici donc qui se tenait devant nous en chair et en os : celle \u00e0 qui l\u2019on se doit d\u2019ob\u00e9ir. Dans la lueur bl\u00eame de la lune, elle a proc\u00e9d\u00e9 \u00e0 un rituel. Autant dire qu\u2019elle ne laisse personne indiff\u00e9rent ! Certains sont irr\u00e9pressiblement envo\u00fbt\u00e9s par son charme, elle est leur r\u00e9demptrice, elle leur apporte la lumi\u00e8re en ces temps sombres. D\u2019autres la maudissent et la traitent de tentatrice, qui risque de nous conduire \u00e0 la perte. Mais en r\u00e9alit\u00e9, elle n\u2019est ni bonne ni mauvaise. Elle est au-dessus de cela, au-dessus de ces jugements profanes auxquels s\u2019adonne l\u2019humanit\u00e9. \u00bb<\/p><\/blockquote>\n<p>[\/vc_column_text][\/vc_column][\/vc_row][vc_row][vc_column][vc_empty_space][\/vc_column][\/vc_row][vc_row][vc_column][vc_single_image image=\u00a0\u00bb2000&Prime; img_size=\u00a0\u00bbmedium\u00a0\u00bb alignment=\u00a0\u00bbcenter\u00a0\u00bb][\/vc_column][\/vc_row][vc_row][vc_column][vc_empty_space][\/vc_column][\/vc_row][vc_row][vc_column width=\u00a0\u00bb1\/2&Prime;][vc_column_text]Balthazar n\u2019a pas d\u00e9crit comment il est parvenu \u00e0 gagner sa confiance. Mais il fait alors preuve d\u2019un grand enthousiasme :<\/p>\n<blockquote><p>\u00ab Elle s\u2019est ouverte \u00e0 moi ! Oui, \u00e0 moi ! Au cours des si\u00e8cles, on l\u2019a appel\u00e9e Lilith, V\u00e9nus, Reine de Saba. Mais elle m\u2019a r\u00e9v\u00e9l\u00e9 son v\u00e9ritable nom : Myra.<br \/>\nElle m\u2019a accord\u00e9 l\u2019acc\u00e8s \u00e0 ce monde sup\u00e9rieur que j\u2019ai cherch\u00e9 \u00e0 trouver pendant de longues ann\u00e9es. Car Myra est \u00e0 la fois la gardienne de la porte et la cl\u00e9 qui l\u2019ouvre. C\u2019est un lieu par-del\u00e0 le temps et l\u2019espace, o\u00f9 les lois du commun des mortels sont caduques. Il n\u2019y existe ni pass\u00e9, ni futur, seul pr\u00e9domine un \u00e9ternel pr\u00e9sent. Pas de bien, pas de mal, rien n\u2019y est vrai ou faux : on y exp\u00e9rimente une pure expression de l\u2019\u00catre. Une sph\u00e8re de pl\u00e9nitude et de beaut\u00e9, o\u00f9 toutes les contraintes s\u2019\u00e9vaporent. Les anciens appelaient ce lieu : EDEN. \u00bb<\/p><\/blockquote>\n<p>EDEN courait n\u00e9anmoins un grand danger. Un \u00e9quilibre fragile le liait au monde des Hommes : EDEN continuerait \u00e0 exister seulement tant que la foi en la magie et la croyance aux merveilles de ce monde perdurerait durablement ici bas. Mais les deux s\u2019estompaient jour apr\u00e8s jour. L\u2019\u00e2ge de la modernit\u00e9 avait engag\u00e9 une d\u00e9mystification de la vie. La raison, la pr\u00e9dictibilit\u00e9 et le rendement \u00e9taient les seules valeurs qui comptaient. Il n\u2019y avait plus de place pour la magie. Les Hommes avaient perdu progressivement le lien \u00e0 leurs origines, \u00e0 toutes les cr\u00e9atures fantastiques et esprits de la nature avec lesquels ils vivaient en harmonie jadis. Des forces nouvelles s\u2019\u00e9levaient pour prendre le pouvoir, d\u00e9termin\u00e9es \u00e0 piller toutes les merveilles du monde jusqu&rsquo;\u00e0 la destruction finale.[\/vc_column_text][\/vc_column][vc_column width=\u00a0\u00bb1\/2&Prime;][vc_column_text]Mais si le surnaturel et la magie venaient \u00e0 p\u00e9rir en notre monde, cela aurait aussi sonn\u00e9 le glas d\u2019EDEN. C\u2019est pourquoi Balthazar et Myra fond\u00e8rent, avec une poign\u00e9e d\u2019amis fid\u00e8les de l\u2019ACE, une soci\u00e9t\u00e9 secr\u00e8te d\u00e9di\u00e9e \u00e0 la protection de ces merveilles. Ils cr\u00e9\u00e8rent un refuge pour les cr\u00e9atures magiques sur le domaine de Balthazar, afin qu\u2019elles puissent s\u2019y \u00e9panouir \u00e0 nouveau. Ils baptis\u00e8rent ce lieu EDEN Manor.<\/p>\n<p>Avec le temps, beaucoup d\u2019\u00eatres mystiques s\u2019y retrouv\u00e8rent, et le nombre de camarades humains \u00e9tait aussi en constante augmentation. Ils tenaient r\u00e9guli\u00e8rement des assembl\u00e9es, des soir\u00e9es conviviales o\u00f9 ils c\u00e9l\u00e9braient, en l\u2019honneur de Myra, la beaut\u00e9, la volupt\u00e9 et le merveilleux, afin que l\u2019esprit d\u2019EDEN se perp\u00e9tue et ne soit plus jamais vou\u00e9 \u00e0 l\u2019extinction.<\/p>\n<p>On dit que depuis ses s\u00e9jours \u00e0 EDEN, le temps s\u2019\u00e9coule diff\u00e9remment pour Balthazar. Jusqu\u2019\u00e0 aujourd\u2019hui, il reste le gardien d\u2019EDEN Manor, sans pour autant r\u00e9v\u00e9ler sa v\u00e9ritable identit\u00e9. Les \u00e9trangers qui s\u2019y perdent parfois parlent d\u2019un Monsieur poli, tr\u00e8s \u00e9l\u00e9gant et peut-\u00eatre un peu vieux-jeu, qui pr\u00e9tend \u00eatre jardinier, et qui les conduit ensuite dans la serre du domaine, toujours affubl\u00e9 d\u2019un sourire espi\u00e8gle. Et l\u00e0, ils sont t\u00e9moins de soir\u00e9es et c\u00e9l\u00e9brations \u00e0 la fois illustres et excentriques. Ceux qui parviennent \u00e0 passer dignement les \u00e9preuves de la soci\u00e9t\u00e9 secr\u00e8te pourront \u00e9ventuellement obtenir le privil\u00e8ge d\u2019avoir acc\u00e8s au monde de Myra, EDEN.[\/vc_column_text][\/vc_column][\/vc_row][vc_row][vc_column][vc_empty_space][\/vc_column][\/vc_row][vc_row][vc_column][vc_empty_space][\/vc_column][\/vc_row][vc_row][vc_column][vc_single_image image=\u00a0\u00bb2001&Prime; img_size=\u00a0\u00bblarge\u00a0\u00bb alignment=\u00a0\u00bbcenter\u00a0\u00bb][\/vc_column][\/vc_row][vc_row][vc_column][vc_empty_space][\/vc_column][\/vc_row]<\/p>","protected":false},"excerpt":{"rendered":"<p>[vc_row][vc_column][vc_empty_space height=\u00a0\u00bb200px\u00a0\u00bb][\/vc_column][\/vc_row][vc_row][vc_column][vc_column_text] Balthazar [\/vc_column_text][\/vc_column][\/vc_row][vc_row][vc_column][vc_empty_space][\/vc_column][\/vc_row][vc_row][vc_column][vc_column_text] Membre depuis 1796 [\/vc_column_text][\/vc_column][\/vc_row][vc_row][vc_column][vc_empty_space][\/vc_column][\/vc_row][vc_row][vc_column][vc_single_image image=\u00a0\u00bb1999&Prime; img_size=\u00a0\u00bbmedium\u00a0\u00bb alignment=\u00a0\u00bbcenter\u00a0\u00bb][\/vc_column][\/vc_row][vc_row][vc_column][vc_empty_space][\/vc_column][\/vc_row][vc_row][vc_column][vc_empty_space][\/vc_column][\/vc_row][vc_row][vc_column][vc_single_image image=\u00a0\u00bb398&Prime; img_size=\u00a0\u00bbmedium\u00a0\u00bb alignment=\u00a0\u00bbcenter\u00a0\u00bb][\/vc_column][\/vc_row][vc_row][vc_column][vc_empty_space][\/vc_column][\/vc_row][vc_row][vc_column width=\u00a0\u00bb1\/2&Prime;][vc_column_text]Digne descendant d\u2019une lign\u00e9e noble, Balthazar \u00e9tait un r\u00eaveur, un grand romantique et surtout un aventurier. Il a rejoint les rangs de l\u2019Adventure Club of Europe d\u00e8s son plus jeune \u00e2ge, et a voyag\u00e9 dans le monde entier. M\u00eame si une [&hellip;]<\/p>\n","protected":false},"author":9,"featured_media":1999,"parent":303,"menu_order":0,"comment_status":"closed","ping_status":"closed","template":"","meta":{"footnotes":""},"class_list":["post-1995","page","type-page","status-publish","has-post-thumbnail","hentry"],"yoast_head":"<!-- This site is optimized with the Yoast SEO plugin v26.9 - https:\/\/yoast.com\/product\/yoast-seo-wordpress\/ -->\n<title>Balthazar - Adventure Club of Europe<\/title>\n<meta name=\"description\" content=\"Adventure Club of Europe \u2013 Entdecken Sie unsere interessantesten, spannendsten und zum Teil auch umstrittensten Expeditionen der vergangenen Jahrhunderte.\" \/>\n<meta name=\"robots\" content=\"index, follow, max-snippet:-1, max-image-preview:large, max-video-preview:-1\" \/>\n<link rel=\"canonical\" href=\"https:\/\/adventureclub.eu\/home-page\/balthazar\/\" \/>\n<meta property=\"og:locale\" content=\"fr_FR\" \/>\n<meta property=\"og:type\" content=\"article\" \/>\n<meta property=\"og:title\" content=\"Balthazar - Adventure Club of Europe\" \/>\n<meta property=\"og:description\" content=\"Adventure Club of Europe \u2013 Entdecken Sie unsere interessantesten, spannendsten und zum Teil auch umstrittensten Expeditionen der vergangenen Jahrhunderte.\" \/>\n<meta property=\"og:url\" content=\"https:\/\/adventureclub.eu\/home-page\/balthazar\/\" \/>\n<meta property=\"og:site_name\" content=\"Adventure Club of Europe\" \/>\n<meta property=\"article:modified_time\" content=\"2023-12-19T13:56:39+00:00\" \/>\n<meta property=\"og:image\" content=\"https:\/\/adventureclub.eu\/wp-content\/uploads\/2014\/11\/Adventure_Club_Europe_Balthazar.jpg\" \/>\n\t<meta property=\"og:image:width\" content=\"785\" \/>\n\t<meta property=\"og:image:height\" content=\"1024\" \/>\n\t<meta property=\"og:image:type\" content=\"image\/jpeg\" \/>\n<meta name=\"twitter:card\" content=\"summary_large_image\" \/>\n<meta name=\"twitter:label1\" content=\"Dur\u00e9e de lecture estim\u00e9e\" \/>\n\t<meta name=\"twitter:data1\" content=\"5 minutes\" \/>\n<script type=\"application\/ld+json\" class=\"yoast-schema-graph\">{\"@context\":\"https:\/\/schema.org\",\"@graph\":[{\"@type\":\"WebPage\",\"@id\":\"https:\/\/adventureclub.eu\/home-page\/balthazar\/\",\"url\":\"https:\/\/adventureclub.eu\/home-page\/balthazar\/\",\"name\":\"Balthazar - Adventure Club of Europe\",\"isPartOf\":{\"@id\":\"https:\/\/adventureclub.eu\/#website\"},\"primaryImageOfPage\":{\"@id\":\"https:\/\/adventureclub.eu\/home-page\/balthazar\/#primaryimage\"},\"image\":{\"@id\":\"https:\/\/adventureclub.eu\/home-page\/balthazar\/#primaryimage\"},\"thumbnailUrl\":\"https:\/\/adventureclub.eu\/wp-content\/uploads\/2014\/11\/Adventure_Club_Europe_Balthazar.jpg\",\"datePublished\":\"2023-12-18T14:18:36+00:00\",\"dateModified\":\"2023-12-19T13:56:39+00:00\",\"description\":\"Adventure Club of Europe \u2013 Entdecken Sie unsere interessantesten, spannendsten und zum Teil auch umstrittensten Expeditionen der vergangenen Jahrhunderte.\",\"breadcrumb\":{\"@id\":\"https:\/\/adventureclub.eu\/home-page\/balthazar\/#breadcrumb\"},\"inLanguage\":\"fr-FR\",\"potentialAction\":[{\"@type\":\"ReadAction\",\"target\":[\"https:\/\/adventureclub.eu\/home-page\/balthazar\/\"]}]},{\"@type\":\"ImageObject\",\"inLanguage\":\"fr-FR\",\"@id\":\"https:\/\/adventureclub.eu\/home-page\/balthazar\/#primaryimage\",\"url\":\"https:\/\/adventureclub.eu\/wp-content\/uploads\/2014\/11\/Adventure_Club_Europe_Balthazar.jpg\",\"contentUrl\":\"https:\/\/adventureclub.eu\/wp-content\/uploads\/2014\/11\/Adventure_Club_Europe_Balthazar.jpg\",\"width\":785,\"height\":1024,\"caption\":\"Gem\u00e4lde des MItgliedes des Adventure Club of Europe, Balthazar. Er hat einen Zirkel in der Hand und steht vor einem Globus.\"},{\"@type\":\"BreadcrumbList\",\"@id\":\"https:\/\/adventureclub.eu\/home-page\/balthazar\/#breadcrumb\",\"itemListElement\":[{\"@type\":\"ListItem\",\"position\":1,\"name\":\"Startseite\",\"item\":\"https:\/\/adventureclub.eu\/\"},{\"@type\":\"ListItem\",\"position\":2,\"name\":\"Home Page\",\"item\":\"https:\/\/adventureclub.eu\/\"},{\"@type\":\"ListItem\",\"position\":3,\"name\":\"Balthazar\"}]},{\"@type\":\"WebSite\",\"@id\":\"https:\/\/adventureclub.eu\/#website\",\"url\":\"https:\/\/adventureclub.eu\/\",\"name\":\"Adventure Club of Europe\",\"description\":\"Adventure Club of Europe \u2013 Entdecken Sie unsere interessantesten, spannendsten und zum Teil auch umstrittensten Expeditionen der vergangenen Jahrhunderte.\",\"publisher\":{\"@id\":\"https:\/\/adventureclub.eu\/#organization\"},\"potentialAction\":[{\"@type\":\"SearchAction\",\"target\":{\"@type\":\"EntryPoint\",\"urlTemplate\":\"https:\/\/adventureclub.eu\/?s={search_term_string}\"},\"query-input\":{\"@type\":\"PropertyValueSpecification\",\"valueRequired\":true,\"valueName\":\"search_term_string\"}}],\"inLanguage\":\"fr-FR\"},{\"@type\":\"Organization\",\"@id\":\"https:\/\/adventureclub.eu\/#organization\",\"name\":\"Adventure Club of Europe\",\"url\":\"https:\/\/adventureclub.eu\/\",\"logo\":{\"@type\":\"ImageObject\",\"inLanguage\":\"fr-FR\",\"@id\":\"https:\/\/adventureclub.eu\/#\/schema\/logo\/image\/\",\"url\":\"https:\/\/adventureclub.eu\/wp-content\/uploads\/2017\/05\/ACE-TITLE-PAGE.jpg\",\"contentUrl\":\"https:\/\/adventureclub.eu\/wp-content\/uploads\/2017\/05\/ACE-TITLE-PAGE.jpg\",\"width\":1024,\"height\":604,\"caption\":\"Adventure Club of Europe\"},\"image\":{\"@id\":\"https:\/\/adventureclub.eu\/#\/schema\/logo\/image\/\"}}]}<\/script>\n<!-- \/ Yoast SEO plugin. -->","yoast_head_json":{"title":"Balthazar - Adventure Club of Europe","description":"Adventure Club of Europe \u2013 Entdecken Sie unsere interessantesten, spannendsten und zum Teil auch umstrittensten Expeditionen der vergangenen Jahrhunderte.","robots":{"index":"index","follow":"follow","max-snippet":"max-snippet:-1","max-image-preview":"max-image-preview:large","max-video-preview":"max-video-preview:-1"},"canonical":"https:\/\/adventureclub.eu\/home-page\/balthazar\/","og_locale":"fr_FR","og_type":"article","og_title":"Balthazar - Adventure Club of Europe","og_description":"Adventure Club of Europe \u2013 Entdecken Sie unsere interessantesten, spannendsten und zum Teil auch umstrittensten Expeditionen der vergangenen Jahrhunderte.","og_url":"https:\/\/adventureclub.eu\/home-page\/balthazar\/","og_site_name":"Adventure Club of Europe","article_modified_time":"2023-12-19T13:56:39+00:00","og_image":[{"width":785,"height":1024,"url":"https:\/\/adventureclub.eu\/wp-content\/uploads\/2014\/11\/Adventure_Club_Europe_Balthazar.jpg","type":"image\/jpeg"}],"twitter_card":"summary_large_image","twitter_misc":{"Dur\u00e9e de lecture estim\u00e9e":"5 minutes"},"schema":{"@context":"https:\/\/schema.org","@graph":[{"@type":"WebPage","@id":"https:\/\/adventureclub.eu\/home-page\/balthazar\/","url":"https:\/\/adventureclub.eu\/home-page\/balthazar\/","name":"Balthazar - Adventure Club of Europe","isPartOf":{"@id":"https:\/\/adventureclub.eu\/#website"},"primaryImageOfPage":{"@id":"https:\/\/adventureclub.eu\/home-page\/balthazar\/#primaryimage"},"image":{"@id":"https:\/\/adventureclub.eu\/home-page\/balthazar\/#primaryimage"},"thumbnailUrl":"https:\/\/adventureclub.eu\/wp-content\/uploads\/2014\/11\/Adventure_Club_Europe_Balthazar.jpg","datePublished":"2023-12-18T14:18:36+00:00","dateModified":"2023-12-19T13:56:39+00:00","description":"Adventure Club of Europe \u2013 Entdecken Sie unsere interessantesten, spannendsten und zum Teil auch umstrittensten Expeditionen der vergangenen Jahrhunderte.","breadcrumb":{"@id":"https:\/\/adventureclub.eu\/home-page\/balthazar\/#breadcrumb"},"inLanguage":"fr-FR","potentialAction":[{"@type":"ReadAction","target":["https:\/\/adventureclub.eu\/home-page\/balthazar\/"]}]},{"@type":"ImageObject","inLanguage":"fr-FR","@id":"https:\/\/adventureclub.eu\/home-page\/balthazar\/#primaryimage","url":"https:\/\/adventureclub.eu\/wp-content\/uploads\/2014\/11\/Adventure_Club_Europe_Balthazar.jpg","contentUrl":"https:\/\/adventureclub.eu\/wp-content\/uploads\/2014\/11\/Adventure_Club_Europe_Balthazar.jpg","width":785,"height":1024,"caption":"Gem\u00e4lde des MItgliedes des Adventure Club of Europe, Balthazar. Er hat einen Zirkel in der Hand und steht vor einem Globus."},{"@type":"BreadcrumbList","@id":"https:\/\/adventureclub.eu\/home-page\/balthazar\/#breadcrumb","itemListElement":[{"@type":"ListItem","position":1,"name":"Startseite","item":"https:\/\/adventureclub.eu\/"},{"@type":"ListItem","position":2,"name":"Home Page","item":"https:\/\/adventureclub.eu\/"},{"@type":"ListItem","position":3,"name":"Balthazar"}]},{"@type":"WebSite","@id":"https:\/\/adventureclub.eu\/#website","url":"https:\/\/adventureclub.eu\/","name":"Adventure Club of Europe","description":"Adventure Club of Europe \u2013 Entdecken Sie unsere interessantesten, spannendsten und zum Teil auch umstrittensten Expeditionen der vergangenen Jahrhunderte.","publisher":{"@id":"https:\/\/adventureclub.eu\/#organization"},"potentialAction":[{"@type":"SearchAction","target":{"@type":"EntryPoint","urlTemplate":"https:\/\/adventureclub.eu\/?s={search_term_string}"},"query-input":{"@type":"PropertyValueSpecification","valueRequired":true,"valueName":"search_term_string"}}],"inLanguage":"fr-FR"},{"@type":"Organization","@id":"https:\/\/adventureclub.eu\/#organization","name":"Adventure Club of Europe","url":"https:\/\/adventureclub.eu\/","logo":{"@type":"ImageObject","inLanguage":"fr-FR","@id":"https:\/\/adventureclub.eu\/#\/schema\/logo\/image\/","url":"https:\/\/adventureclub.eu\/wp-content\/uploads\/2017\/05\/ACE-TITLE-PAGE.jpg","contentUrl":"https:\/\/adventureclub.eu\/wp-content\/uploads\/2017\/05\/ACE-TITLE-PAGE.jpg","width":1024,"height":604,"caption":"Adventure Club of Europe"},"image":{"@id":"https:\/\/adventureclub.eu\/#\/schema\/logo\/image\/"}}]}},"_links":{"self":[{"href":"https:\/\/adventureclub.eu\/fr\/wp-json\/wp\/v2\/pages\/1995","targetHints":{"allow":["GET"]}}],"collection":[{"href":"https:\/\/adventureclub.eu\/fr\/wp-json\/wp\/v2\/pages"}],"about":[{"href":"https:\/\/adventureclub.eu\/fr\/wp-json\/wp\/v2\/types\/page"}],"author":[{"embeddable":true,"href":"https:\/\/adventureclub.eu\/fr\/wp-json\/wp\/v2\/users\/9"}],"replies":[{"embeddable":true,"href":"https:\/\/adventureclub.eu\/fr\/wp-json\/wp\/v2\/comments?post=1995"}],"version-history":[{"count":8,"href":"https:\/\/adventureclub.eu\/fr\/wp-json\/wp\/v2\/pages\/1995\/revisions"}],"predecessor-version":[{"id":2006,"href":"https:\/\/adventureclub.eu\/fr\/wp-json\/wp\/v2\/pages\/1995\/revisions\/2006"}],"up":[{"embeddable":true,"href":"https:\/\/adventureclub.eu\/fr\/wp-json\/wp\/v2\/pages\/303"}],"wp:featuredmedia":[{"embeddable":true,"href":"https:\/\/adventureclub.eu\/fr\/wp-json\/wp\/v2\/media\/1999"}],"wp:attachment":[{"href":"https:\/\/adventureclub.eu\/fr\/wp-json\/wp\/v2\/media?parent=1995"}],"curies":[{"name":"wp","href":"https:\/\/api.w.org\/{rel}","templated":true}]}}