{"id":681,"date":"2017-02-06T23:53:20","date_gmt":"2017-02-06T22:53:20","guid":{"rendered":"http:\/\/adventure-club.de\/?page_id=681"},"modified":"2022-10-14T15:55:49","modified_gmt":"2022-10-14T13:55:49","slug":"die-erstflug-theorie","status":"publish","type":"page","link":"https:\/\/adventureclub.eu\/fr\/die-erstflug-theorie\/","title":{"rendered":"La Th\u00e9orie du Premier Vol"},"content":{"rendered":"<p>[vc_row bg_color=\u00a0\u00bb#140601&Prime; padding=\u00a0\u00bb160&Prime; full_width=\u00a0\u00bb1&Prime; a13_nava=\u00a0\u00bb1&Prime; a13_nava_title=\u00a0\u00bb-1&Prime; a13_nava_timestamp=\u00a0\u00bb1417505971.3721&Prime;][vc_column][vc_row_inner][vc_column_inner css=\u00a0\u00bb.vc_custom_1474993091663{margin-bottom: 40px !important;}\u00a0\u00bb][vc_column_text]<\/p>\n<h2><\/h2>\n<h2 class=\"gold\" style=\"text-align: center;\">LA TH\u00c9ORIE DU PREMIER VOL<\/h2>\n<p>[\/vc_column_text][vc_text_separator title=\u00a0\u00bbHighlights\u00a0\u00bb color=\u00a0\u00bbcustom\u00a0\u00bb el_width=\u00a0\u00bb50&Prime; second_font=\u00a0\u00bb1&Prime; text_color=\u00a0\u00bbrgba(219,219,219,0.74)\u00a0\u00bb accent_color=\u00a0\u00bbrgba(255,255,255,0.25)\u00a0\u00bb margin_top=\u00a0\u00bb25&Prime; css=\u00a0\u00bb.vc_custom_1487943992238{margin-bottom: 45px !important;}\u00a0\u00bb][\/vc_column_inner][\/vc_row_inner][vc_column_text]<\/p>\n<h5 style=\"text-align: center;\"><span style=\"color: #ffffff;\"><del datetime=\"2017-03-04T15:54:25+00:00\"><\/del>Pour le compte de l\u2019Adventure Club of Europe, le professeur Andrej Nikolajew doit apporter la preuve que les fr\u00e8res Eulenstein ont effectu\u00e9 le premier vol habit\u00e9 d\u2019un a\u00e9ronef pilot\u00e9 d\u00e8s 1825. <\/span><\/h5>\n<h5 style=\"text-align: center;\"><span style=\"color: #ffffff;\">Sont-ils r\u00e9ellement parvenus \u00e0 voler avant les fr\u00e8res Wright ?<\/span><\/h5>\n<p>&nbsp;<\/p>\n<p>&nbsp;<\/p>\n<p>[\/vc_column_text][vc_row_inner el_class=\u00a0\u00bbhide\u00a0\u00bb][vc_column_inner]\n\t<div class=\"wpb_teaser_grid wpb_content_element wpb_filtered_grid columns_count_4 grid_layout-masonry grid_template-filtered_grid\"><style scoped>.g-link-bgimg_844{background-image:url('https:\/\/adventureclub.eu\/wp-content\/uploads\/2017\/03\/Adventure_Club_of_Europe_1-1024x352.jpg');}.g-link-bgimg_831{background-image:url('https:\/\/adventureclub.eu\/wp-content\/uploads\/2014\/11\/Erstflug-Theorie_Folge_3_Poster-1024x388.jpg');}.g-link-bgimg_788{background-image:url('https:\/\/adventureclub.eu\/wp-content\/uploads\/2014\/11\/erstflug_folge1_poster-1024x575.jpg');}<\/style><style scoped>.posts_margin_class711754346{padding:10px 10px;} .layer.posts_margin_class711754346{width: calc(100% - 20px); height: calc(100% - 20px); }<\/style>\n\t\t<div class=\"wpb_wrapper\"><div class=\"teaser_grid_container variant_3 classic\"><div class=\"categories_filter_wrapper center\"><ul class=\"categories_filter genre-filter open static-block\"><li class=\"active  label\"><a class=\"fa-circle-o fa-dot-circle-o\" href=\"#\" data-filter=\"*\">All categories<\/a><\/li><li  style=\"display:none;\"><a class=\"fa-circle-o\" href=\"#\" data-filter=\".grid-cat-17\">Media<\/a><\/li><\/ul><\/div><div class=\"clearfix\"><\/div><ul class=\"wpb_thumbnails wpb_thumbnails-fluid clearfix\" data-layout-mode=\"masonry\"><li class=\"g-item ready vc_col-sm-3 isotope-item   grid-cat-17  w4 h1 \" style=\"padding:10px 10px;\"><div data-target=\"_self\" data-post_id=\"844\" data-lazy_load=\"off\" class=\"g-link   right under \" data-post-type=\"work\" data-href=\"https:\/\/adventureclub.eu\/fr\/ace\/media\/die-erstflug-theorie-folge-4\/\" id=\"album-844\" data-pass-protection=\"0\"><i class=\"g-link-bgimg_844\"><\/i><div class=\"overlay \" style=\"background-color:rgba(255,255,255,0.5);\"><\/div><div class=\"cov works\" ><span class=\"\"><small> Media<\/small><strong>La Th\u00e9orie du Premier Vol \u2013 Episode 4<\/strong><\/span><div class=\"cov-bg\" style=\"\"><\/div><\/div><\/div><\/li><li class=\"g-item ready vc_col-sm-3 isotope-item   grid-cat-17  w4 h1 \" style=\"padding:10px 10px;\"><div data-target=\"_self\" data-post_id=\"831\" data-lazy_load=\"off\" class=\"g-link   right under \" data-post-type=\"work\" data-href=\"https:\/\/adventureclub.eu\/fr\/ace\/media\/die-erstflug-theorie-folge-3\/\" id=\"album-831\" data-pass-protection=\"0\"><i class=\"g-link-bgimg_831\"><\/i><div class=\"overlay \" style=\"background-color:rgba(255,255,255,0.5);\"><\/div><div class=\"cov works\" ><span class=\"\"><small> Media<\/small><strong>La Th\u00e9orie du Premier Vol \u2013 Episode 3<\/strong><\/span><div class=\"cov-bg\" style=\"\"><\/div><\/div><\/div><\/li><li class=\"g-item ready vc_col-sm-3 isotope-item   grid-cat-17  w4 h1 \" style=\"padding:10px 10px;\"><div data-target=\"_self\" data-post_id=\"788\" data-lazy_load=\"off\" class=\"g-link   right under \" data-post-type=\"work\" data-href=\"https:\/\/adventureclub.eu\/fr\/ace\/media\/die-erstflug-theorie-folge-2\/\" id=\"album-788\" data-pass-protection=\"0\"><i class=\"g-link-bgimg_788\"><\/i><div class=\"overlay \" style=\"background-color:rgba(255,255,255,0.5);\"><\/div><div class=\"cov works\" ><span class=\"\"><small> Media<\/small><strong>La Th\u00e9orie du Premier Vol \u2013 Episode 2<\/strong><\/span><div class=\"cov-bg\" style=\"\"><\/div><\/div><\/div><\/li><\/ul><p class=\"categories_filter_wrapper center\"><a class=\"a13_load_more a13_load_more_works\"><span data-hover=\"Load more\"  data-post-type=\"work\" data-category=\"Array\" data-post-not-in=\"\" data-posts-number=\"4\" data-target=\"_self\" data-offset=\"10\" data-order-by=\"date\" data-order=\"DESC\" data-template=\"filtered_grid\" data-item-layout-mode=\"classic\" data-v-margin=\"10\" data-h-margin=\"10\" data-margin_class=\"posts_margin_class711754346\" data-block_fx=\"\" data-display_works_as=\"\" >Load more<\/span><\/a><\/p><\/div>\n\t\t<\/div> \n\t<\/div> [\/vc_column_inner][\/vc_row_inner][\/vc_column][\/vc_row]<\/p>","protected":false},"excerpt":{"rendered":"<p>[vc_row bg_color=\u00a0\u00bb#140601&Prime; padding=\u00a0\u00bb160&Prime; full_width=\u00a0\u00bb1&Prime; a13_nava=\u00a0\u00bb1&Prime; a13_nava_title=\u00a0\u00bb-1&Prime; a13_nava_timestamp=\u00a0\u00bb1417505971.3721&Prime;][vc_column][vc_row_inner][vc_column_inner css=\u00a0\u00bb.vc_custom_1474993091663{margin-bottom: 40px !important;}\u00a0\u00bb][vc_column_text] LA TH\u00c9ORIE DU PREMIER VOL [\/vc_column_text][vc_text_separator title=\u00a0\u00bbHighlights\u00a0\u00bb color=\u00a0\u00bbcustom\u00a0\u00bb el_width=\u00a0\u00bb50&Prime; second_font=\u00a0\u00bb1&Prime; text_color=\u00a0\u00bbrgba(219,219,219,0.74)\u00a0\u00bb accent_color=\u00a0\u00bbrgba(255,255,255,0.25)\u00a0\u00bb margin_top=\u00a0\u00bb25&Prime; css=\u00a0\u00bb.vc_custom_1487943992238{margin-bottom: 45px !important;}\u00a0\u00bb][\/vc_column_inner][\/vc_row_inner][vc_column_text] Pour le compte de l\u2019Adventure Club of Europe, le professeur Andrej Nikolajew doit apporter la preuve que les fr\u00e8res Eulenstein ont effectu\u00e9 le premier vol habit\u00e9 d\u2019un a\u00e9ronef pilot\u00e9 [&hellip;]<\/p>\n","protected":false},"author":9,"featured_media":0,"parent":0,"menu_order":0,"comment_status":"closed","ping_status":"closed","template":"","meta":{"footnotes":""},"class_list":["post-681","page","type-page","status-publish","hentry"],"yoast_head":"<!-- This site is optimized with the Yoast SEO plugin v26.9 - https:\/\/yoast.com\/product\/yoast-seo-wordpress\/ -->\n<title>La Th\u00e9orie du Premier Vol - Adventure Club of Europe<\/title>\n<meta name=\"description\" content=\"Adventure Club of Europe \u2013 Entdecken Sie unsere interessantesten, spannendsten und zum Teil auch umstrittensten Expeditionen der vergangenen Jahrhunderte.\" \/>\n<meta name=\"robots\" content=\"index, follow, max-snippet:-1, max-image-preview:large, max-video-preview:-1\" \/>\n<link rel=\"canonical\" href=\"https:\/\/adventureclub.eu\/die-erstflug-theorie\/\" \/>\n<meta property=\"og:locale\" content=\"fr_FR\" \/>\n<meta property=\"og:type\" content=\"article\" \/>\n<meta property=\"og:title\" content=\"La Th\u00e9orie du Premier Vol - Adventure Club of Europe\" \/>\n<meta property=\"og:description\" content=\"Adventure Club of Europe \u2013 Entdecken Sie unsere interessantesten, spannendsten und zum Teil auch umstrittensten Expeditionen der vergangenen Jahrhunderte.\" \/>\n<meta property=\"og:url\" content=\"https:\/\/adventureclub.eu\/die-erstflug-theorie\/\" \/>\n<meta property=\"og:site_name\" content=\"Adventure Club of Europe\" \/>\n<meta property=\"article:modified_time\" content=\"2022-10-14T13:55:49+00:00\" \/>\n<meta property=\"og:image\" content=\"https:\/\/adventureclub.eu\/wp-content\/uploads\/2017\/05\/ACE-TITLE-PAGE.jpg\" \/>\n\t<meta property=\"og:image:width\" content=\"1024\" \/>\n\t<meta property=\"og:image:height\" content=\"604\" \/>\n\t<meta property=\"og:image:type\" content=\"image\/jpeg\" \/>\n<meta name=\"twitter:card\" content=\"summary_large_image\" \/>\n<meta name=\"twitter:label1\" content=\"Dur\u00e9e de lecture estim\u00e9e\" \/>\n\t<meta name=\"twitter:data1\" content=\"1 minute\" \/>\n<script type=\"application\/ld+json\" class=\"yoast-schema-graph\">{\"@context\":\"https:\/\/schema.org\",\"@graph\":[{\"@type\":\"WebPage\",\"@id\":\"https:\/\/adventureclub.eu\/die-erstflug-theorie\/\",\"url\":\"https:\/\/adventureclub.eu\/die-erstflug-theorie\/\",\"name\":\"La Th\u00e9orie du Premier Vol - Adventure Club of Europe\",\"isPartOf\":{\"@id\":\"https:\/\/adventureclub.eu\/#website\"},\"datePublished\":\"2017-02-06T22:53:20+00:00\",\"dateModified\":\"2022-10-14T13:55:49+00:00\",\"description\":\"Adventure Club of Europe \u2013 Entdecken Sie unsere interessantesten, spannendsten und zum Teil auch umstrittensten Expeditionen der vergangenen Jahrhunderte.\",\"breadcrumb\":{\"@id\":\"https:\/\/adventureclub.eu\/die-erstflug-theorie\/#breadcrumb\"},\"inLanguage\":\"fr-FR\",\"potentialAction\":[{\"@type\":\"ReadAction\",\"target\":[\"https:\/\/adventureclub.eu\/die-erstflug-theorie\/\"]}]},{\"@type\":\"BreadcrumbList\",\"@id\":\"https:\/\/adventureclub.eu\/die-erstflug-theorie\/#breadcrumb\",\"itemListElement\":[{\"@type\":\"ListItem\",\"position\":1,\"name\":\"Startseite\",\"item\":\"https:\/\/adventureclub.eu\/\"},{\"@type\":\"ListItem\",\"position\":2,\"name\":\"Die Erstflug-Theorie\"}]},{\"@type\":\"WebSite\",\"@id\":\"https:\/\/adventureclub.eu\/#website\",\"url\":\"https:\/\/adventureclub.eu\/\",\"name\":\"Adventure Club of Europe\",\"description\":\"Adventure Club of Europe \u2013 Entdecken Sie unsere interessantesten, spannendsten und zum Teil auch umstrittensten Expeditionen der vergangenen Jahrhunderte.\",\"publisher\":{\"@id\":\"https:\/\/adventureclub.eu\/#organization\"},\"potentialAction\":[{\"@type\":\"SearchAction\",\"target\":{\"@type\":\"EntryPoint\",\"urlTemplate\":\"https:\/\/adventureclub.eu\/?s={search_term_string}\"},\"query-input\":{\"@type\":\"PropertyValueSpecification\",\"valueRequired\":true,\"valueName\":\"search_term_string\"}}],\"inLanguage\":\"fr-FR\"},{\"@type\":\"Organization\",\"@id\":\"https:\/\/adventureclub.eu\/#organization\",\"name\":\"Adventure Club of Europe\",\"url\":\"https:\/\/adventureclub.eu\/\",\"logo\":{\"@type\":\"ImageObject\",\"inLanguage\":\"fr-FR\",\"@id\":\"https:\/\/adventureclub.eu\/#\/schema\/logo\/image\/\",\"url\":\"https:\/\/adventureclub.eu\/wp-content\/uploads\/2017\/05\/ACE-TITLE-PAGE.jpg\",\"contentUrl\":\"https:\/\/adventureclub.eu\/wp-content\/uploads\/2017\/05\/ACE-TITLE-PAGE.jpg\",\"width\":1024,\"height\":604,\"caption\":\"Adventure Club of Europe\"},\"image\":{\"@id\":\"https:\/\/adventureclub.eu\/#\/schema\/logo\/image\/\"}}]}<\/script>\n<!-- \/ Yoast SEO plugin. -->","yoast_head_json":{"title":"La Th\u00e9orie du Premier Vol - Adventure Club of Europe","description":"Adventure Club of Europe \u2013 Entdecken Sie unsere interessantesten, spannendsten und zum Teil auch umstrittensten Expeditionen der vergangenen Jahrhunderte.","robots":{"index":"index","follow":"follow","max-snippet":"max-snippet:-1","max-image-preview":"max-image-preview:large","max-video-preview":"max-video-preview:-1"},"canonical":"https:\/\/adventureclub.eu\/die-erstflug-theorie\/","og_locale":"fr_FR","og_type":"article","og_title":"La Th\u00e9orie du Premier Vol - Adventure Club of Europe","og_description":"Adventure Club of Europe \u2013 Entdecken Sie unsere interessantesten, spannendsten und zum Teil auch umstrittensten Expeditionen der vergangenen Jahrhunderte.","og_url":"https:\/\/adventureclub.eu\/die-erstflug-theorie\/","og_site_name":"Adventure Club of Europe","article_modified_time":"2022-10-14T13:55:49+00:00","og_image":[{"width":1024,"height":604,"url":"https:\/\/adventureclub.eu\/wp-content\/uploads\/2017\/05\/ACE-TITLE-PAGE.jpg","type":"image\/jpeg"}],"twitter_card":"summary_large_image","twitter_misc":{"Dur\u00e9e de lecture estim\u00e9e":"1 minute"},"schema":{"@context":"https:\/\/schema.org","@graph":[{"@type":"WebPage","@id":"https:\/\/adventureclub.eu\/die-erstflug-theorie\/","url":"https:\/\/adventureclub.eu\/die-erstflug-theorie\/","name":"La Th\u00e9orie du Premier Vol - Adventure Club of Europe","isPartOf":{"@id":"https:\/\/adventureclub.eu\/#website"},"datePublished":"2017-02-06T22:53:20+00:00","dateModified":"2022-10-14T13:55:49+00:00","description":"Adventure Club of Europe \u2013 Entdecken Sie unsere interessantesten, spannendsten und zum Teil auch umstrittensten Expeditionen der vergangenen Jahrhunderte.","breadcrumb":{"@id":"https:\/\/adventureclub.eu\/die-erstflug-theorie\/#breadcrumb"},"inLanguage":"fr-FR","potentialAction":[{"@type":"ReadAction","target":["https:\/\/adventureclub.eu\/die-erstflug-theorie\/"]}]},{"@type":"BreadcrumbList","@id":"https:\/\/adventureclub.eu\/die-erstflug-theorie\/#breadcrumb","itemListElement":[{"@type":"ListItem","position":1,"name":"Startseite","item":"https:\/\/adventureclub.eu\/"},{"@type":"ListItem","position":2,"name":"Die Erstflug-Theorie"}]},{"@type":"WebSite","@id":"https:\/\/adventureclub.eu\/#website","url":"https:\/\/adventureclub.eu\/","name":"Adventure Club of Europe","description":"Adventure Club of Europe \u2013 Entdecken Sie unsere interessantesten, spannendsten und zum Teil auch umstrittensten Expeditionen der vergangenen Jahrhunderte.","publisher":{"@id":"https:\/\/adventureclub.eu\/#organization"},"potentialAction":[{"@type":"SearchAction","target":{"@type":"EntryPoint","urlTemplate":"https:\/\/adventureclub.eu\/?s={search_term_string}"},"query-input":{"@type":"PropertyValueSpecification","valueRequired":true,"valueName":"search_term_string"}}],"inLanguage":"fr-FR"},{"@type":"Organization","@id":"https:\/\/adventureclub.eu\/#organization","name":"Adventure Club of Europe","url":"https:\/\/adventureclub.eu\/","logo":{"@type":"ImageObject","inLanguage":"fr-FR","@id":"https:\/\/adventureclub.eu\/#\/schema\/logo\/image\/","url":"https:\/\/adventureclub.eu\/wp-content\/uploads\/2017\/05\/ACE-TITLE-PAGE.jpg","contentUrl":"https:\/\/adventureclub.eu\/wp-content\/uploads\/2017\/05\/ACE-TITLE-PAGE.jpg","width":1024,"height":604,"caption":"Adventure Club of Europe"},"image":{"@id":"https:\/\/adventureclub.eu\/#\/schema\/logo\/image\/"}}]}},"_links":{"self":[{"href":"https:\/\/adventureclub.eu\/fr\/wp-json\/wp\/v2\/pages\/681","targetHints":{"allow":["GET"]}}],"collection":[{"href":"https:\/\/adventureclub.eu\/fr\/wp-json\/wp\/v2\/pages"}],"about":[{"href":"https:\/\/adventureclub.eu\/fr\/wp-json\/wp\/v2\/types\/page"}],"author":[{"embeddable":true,"href":"https:\/\/adventureclub.eu\/fr\/wp-json\/wp\/v2\/users\/9"}],"replies":[{"embeddable":true,"href":"https:\/\/adventureclub.eu\/fr\/wp-json\/wp\/v2\/comments?post=681"}],"version-history":[{"count":57,"href":"https:\/\/adventureclub.eu\/fr\/wp-json\/wp\/v2\/pages\/681\/revisions"}],"predecessor-version":[{"id":1909,"href":"https:\/\/adventureclub.eu\/fr\/wp-json\/wp\/v2\/pages\/681\/revisions\/1909"}],"wp:attachment":[{"href":"https:\/\/adventureclub.eu\/fr\/wp-json\/wp\/v2\/media?parent=681"}],"curies":[{"name":"wp","href":"https:\/\/api.w.org\/{rel}","templated":true}]}}