{"id":688,"date":"2017-02-07T14:20:57","date_gmt":"2017-02-07T13:20:57","guid":{"rendered":"http:\/\/adventure-club.de\/?page_id=688"},"modified":"2023-04-12T15:28:12","modified_gmt":"2023-04-12T13:28:12","slug":"impressum","status":"publish","type":"page","link":"https:\/\/adventureclub.eu\/fr\/impressum\/","title":{"rendered":"Mentions l\u00e9gales"},"content":{"rendered":"<p>&nbsp;<\/p>\n<p>&nbsp;<\/p>\n<p>&nbsp;<\/p>\n<p>[vc_row][vc_column]<div class=\"a13_title_with_icon\" style=\"text-align:left;\"><h1 style=\"font-weight:normal;\">Mentions l\u00e9gales<\/h1><\/div>\n[vc_column_text]<\/p>\n<p><strong>Mack Media &amp; Brands GmbH &amp; Co KG<br \/>\nEuropa-Park-Str. 2<br \/>\n77977 Rust<br \/>\nALLEMAGNE<\/strong><\/p>\n<p>T\u00e9l\u00e9phone : <a href=\"tel:+4978227718000\">00 49 78 22 77 18 000<\/a><br \/>\nE-Mail : <a href=\"mailto:info@mackmedia.de\">info@mackmedia.de<\/a><\/p>\n<p>Mack Media &amp; Brands GmbH &amp; Co KG<br \/>\nSi\u00e8ge : Rust<br \/>\nRepr\u00e9sent\u00e9 par Michael Mack (Pr\u00e9sident-directeur g\u00e9n\u00e9ral)<br \/>\nSoci\u00e9t\u00e9 enregistr\u00e9e au tribunal d&rsquo;instance de Fribourg-en-Brisgau sous le num\u00e9ro HRA 702835<br \/>\nNum\u00e9ro TVA DE287042000<\/p>\n<p>Soci\u00e9taire \u00e0 responsabilit\u00e9 personnelle : Mack One Global GmbH<br \/>\nSi\u00e8ge : Rust<\/p>\n<p>Soci\u00e9t\u00e9 enregistr\u00e9e au tribunal d&rsquo;instance de Fribourg-en-Brisgau sous le num\u00e9ro HRB 715466<br \/>\nPr\u00e9sidents-directeurs g\u00e9n\u00e9raux : Dr.-Ing. h. c. Roland Mack, Dipl.-Wirt.-Ing. J\u00fcrgen Mack, Dipl.-Betriebswirt (FH) Michael Mack, Dipl.-H\u00f4telier HF\/SHL Thomas Mack<\/p>\n<p>&nbsp;<\/p>\n<h3>Exclusion de responsabilit\u00e9<\/h3>\n<p><strong>Contenu <\/strong><\/p>\n<p>L\u2019entreprise Mack Media &amp; Brands GmbH &amp; CO. KG (ci-apr\u00e8s \u00ab le prestataire \u00bb) ne peut garantir l\u2019actualisation, l\u2019exactitude, l&rsquo;int\u00e9gralit\u00e9 ou la qualit\u00e9 des informations fournies malgr\u00e9 de multiples v\u00e9rifications du contenu.<\/p>\n<p>Les recours en responsabilit\u00e9 \u00e0 l&rsquo;encontre du prestataire, li\u00e9s \u00e0 des pr\u00e9judices mat\u00e9riels ou intellectuels caus\u00e9s par l&rsquo;utilisation ou la non-utilisation des informations fournies ou par des informations erron\u00e9es ou incompl\u00e8tes, sont en principe exclus pour autant que l&rsquo;on ne puisse prouver de faute intentionnelle ou de n\u00e9gligence grave dans le chef du prestataire.<\/p>\n<p>Le prestataire se r\u00e9serve express\u00e9ment le droit de modifier, de compl\u00e9ter ou d&rsquo;effacer des parties du site ou l&rsquo;ensemble de l&rsquo;offre, ou de suspendre la publication sans avertissement pr\u00e9alable.<\/p>\n<p>&nbsp;<\/p>\n<p><strong>Liens<\/strong><\/p>\n<p>Dans la mesure o\u00f9 le prestataire renvoie directement ou indirectement \u00e0 des sites Internet externes (\u00ab liens \u00bb), le prestataire n&rsquo;engage sa responsabilit\u00e9 que s&rsquo;il a une connaissance exacte des contenus et qu&rsquo;il lui est raisonnablement et techniquement possible d&#8217;emp\u00eacher une utilisation en cas de contenus ill\u00e9gaux.<\/p>\n<p>Par la pr\u00e9sente, le prestataire d\u00e9clare express\u00e9ment qu&rsquo;au moment de l&rsquo;insertion des liens, les pages accessibles par ces liens ne contiennent aucun contenu ill\u00e9gal. Le prestataire n&rsquo;a aucune influence sur la composition actuelle et future des pages accessibles par un lien. Le prestataire d\u00e9cline donc express\u00e9ment la responsabilit\u00e9 pour toutes les modifications de contenu effectu\u00e9es sur ces pages apr\u00e8s l&rsquo;insertion des liens.<\/p>\n<p>Le prestataire d\u00e9cline toute responsabilit\u00e9 quant au contenu, la disponibilit\u00e9, l&rsquo;exactitude et la pr\u00e9cision des pages accessibles par des liens, de leurs offres, liens ou annonces publicitaires. Le prestataire ne peut \u00eatre tenu responsable des contenus ill\u00e9gaux, erron\u00e9s ou incomplets, ni des dommages r\u00e9sultant de l&rsquo;utilisation ou de la non-utilisation des informations publi\u00e9es sur les sites accessibles par les liens.<\/p>\n<p>&nbsp;<\/p>\n<p><strong>Protection des donn\u00e9es <\/strong><br \/>\n<a href=\"https:\/\/adventureclub.eu\/fr\/datenschutz\/\">D\u00e9claration de confidentialit\u00e9<\/a><\/p>\n<p>&nbsp;<\/p>\n<p><strong>Droits d\u2019auteur<\/strong><\/p>\n<p>Le fournisseur entend respecter la l\u00e9gislation sur les droits d\u2019auteur dans toutes ses publications. Si les droits d\u2019auteur venaient malgr\u00e9 tout \u00e0 \u00eatre viol\u00e9s, le fournisseur s\u2019engage \u00e0 retirer l\u2019objet en question de sa publication apr\u00e8s en avoir \u00e9t\u00e9 averti ou \u00e0 l\u2019identifier avec le droit d\u2019auteur correspondant.<\/p>\n<p>Toutes les marques commerciales et marques d\u00e9pos\u00e9es cit\u00e9es dans cette offre internet et prot\u00e9g\u00e9es par des tiers sont soumises sans limitation aux dispositions l\u00e9gales applicables aux droits d\u2019auteur ainsi qu\u2019aux droits de propri\u00e9t\u00e9 du propri\u00e9taire enregistr\u00e9 correspondant.<br \/>\nLe simple fait qu\u2019elles soient mentionn\u00e9es ne permet pas de conclure que les marques d\u00e9pos\u00e9es ne sont pas prot\u00e9g\u00e9es par les droits de tiers.<\/p>\n<p>Le contenu propre \u00e0 l\u2019entreprise disponible sur ce site est la propri\u00e9t\u00e9 exclusive du prestataire et est soumis au droit d\u2019auteur. La reproduction de ces images, sons ou textes dans d\u2019autres publications \u00e9lectroniques ou imprim\u00e9es est interdite sans l\u2019autorisation expresse de l\u2019entreprise.<\/p>\n<p>&nbsp;<\/p>\n<p><strong>Efficacit\u00e9 juridique<\/strong><\/p>\n<p>La pr\u00e9sente exclusion de responsabilit\u00e9 est r\u00e9put\u00e9e faire partie int\u00e9grante de l&rsquo;offre Internet qui renvoie \u00e0 cette page. Si des parties ou certaines formulations de ce texte ne sont pas, plus ou pas enti\u00e8rement conformes \u00e0 la l\u00e9gislation en vigueur, le contenu et la validit\u00e9 des dispositions restantes de ce document n&rsquo;en resteront pas moins intacts.<\/p>\n<p>&nbsp;<\/p>\n<p><strong>Proc\u00e9dure de recours pour le r\u00e8glement en ligne des litiges pour les consommateurs (RLL):<\/strong><\/p>\n<p><a href=\"http:\/\/ec.europa.eu\/consumers\/odr\">http:\/\/ec.europa.eu\/consumers\/odr<\/a><br \/>\nNous ne sommes pas pr\u00eats et pas tenus de participer \u00e0 une proc\u00e9dure de r\u00e8glement des litiges devant le service de m\u00e9diation des consommateurs.<\/p>\n<p>&nbsp;<\/p>\n<p><strong>Autorit\u00e9 de r\u00e9gulation comp\u00e9tente<\/strong><\/p>\n<p>L&rsquo;autorit\u00e9 de r\u00e9gulation comp\u00e9tente est le Regierungspr\u00e4sidium de T\u00fcbingen :<\/p>\n<p>Regierungspr\u00e4sidium T\u00fcbingen<br \/>\nKonrad-Adenauer-Str. 20<br \/>\n72072 T\u00fcbingen<br \/>\n<a href=\"https:\/\/rp.baden-wuerttemberg.de\">https:\/\/rp.baden-wuerttemberg.de<\/a><\/p>\n<p>&nbsp;<\/p>\n<p>[\/vc_column_text][\/vc_column][\/vc_row]<\/p>","protected":false},"excerpt":{"rendered":"<p>&nbsp; &nbsp; &nbsp; [vc_row][vc_column][vc_column_text] Mack Media &amp; Brands GmbH &amp; Co KG Europa-Park-Str. 2 77977 Rust ALLEMAGNE T\u00e9l\u00e9phone : 00 49 78 22 77 18 000 E-Mail : info@mackmedia.de Mack Media &amp; Brands GmbH &amp; Co KG Si\u00e8ge : Rust Repr\u00e9sent\u00e9 par Michael Mack (Pr\u00e9sident-directeur g\u00e9n\u00e9ral) Soci\u00e9t\u00e9 enregistr\u00e9e au tribunal d&rsquo;instance de Fribourg-en-Brisgau sous le [&hellip;]<\/p>\n","protected":false},"author":9,"featured_media":0,"parent":0,"menu_order":0,"comment_status":"closed","ping_status":"closed","template":"","meta":{"footnotes":""},"class_list":["post-688","page","type-page","status-publish","hentry"],"yoast_head":"<!-- This site is optimized with the Yoast SEO plugin v26.9 - https:\/\/yoast.com\/product\/yoast-seo-wordpress\/ -->\n<title>Mentions l\u00e9gales - Adventure Club of Europe<\/title>\n<meta name=\"description\" content=\"Adventure Club of Europe \u2013 Entdecken Sie unsere interessantesten, spannendsten und zum Teil auch umstrittensten Expeditionen der vergangenen Jahrhunderte.\" \/>\n<meta name=\"robots\" content=\"index, follow, max-snippet:-1, max-image-preview:large, max-video-preview:-1\" \/>\n<link rel=\"canonical\" href=\"https:\/\/adventureclub.eu\/impressum\/\" \/>\n<meta property=\"og:locale\" content=\"fr_FR\" \/>\n<meta property=\"og:type\" content=\"article\" \/>\n<meta property=\"og:title\" content=\"Mentions l\u00e9gales - Adventure Club of Europe\" \/>\n<meta property=\"og:description\" content=\"Adventure Club of Europe \u2013 Entdecken Sie unsere interessantesten, spannendsten und zum Teil auch umstrittensten Expeditionen der vergangenen Jahrhunderte.\" \/>\n<meta property=\"og:url\" content=\"https:\/\/adventureclub.eu\/impressum\/\" \/>\n<meta property=\"og:site_name\" content=\"Adventure Club of Europe\" \/>\n<meta property=\"article:modified_time\" content=\"2023-04-12T13:28:12+00:00\" \/>\n<meta property=\"og:image\" content=\"https:\/\/adventureclub.eu\/wp-content\/uploads\/2017\/05\/ACE-TITLE-PAGE.jpg\" \/>\n\t<meta property=\"og:image:width\" content=\"1024\" \/>\n\t<meta property=\"og:image:height\" content=\"604\" \/>\n\t<meta property=\"og:image:type\" content=\"image\/jpeg\" \/>\n<meta name=\"twitter:card\" content=\"summary_large_image\" \/>\n<meta name=\"twitter:label1\" content=\"Dur\u00e9e de lecture estim\u00e9e\" \/>\n\t<meta name=\"twitter:data1\" content=\"4 minutes\" \/>\n<script type=\"application\/ld+json\" class=\"yoast-schema-graph\">{\"@context\":\"https:\/\/schema.org\",\"@graph\":[{\"@type\":\"WebPage\",\"@id\":\"https:\/\/adventureclub.eu\/impressum\/\",\"url\":\"https:\/\/adventureclub.eu\/impressum\/\",\"name\":\"Mentions l\u00e9gales - Adventure Club of Europe\",\"isPartOf\":{\"@id\":\"https:\/\/adventureclub.eu\/#website\"},\"datePublished\":\"2017-02-07T13:20:57+00:00\",\"dateModified\":\"2023-04-12T13:28:12+00:00\",\"description\":\"Adventure Club of Europe \u2013 Entdecken Sie unsere interessantesten, spannendsten und zum Teil auch umstrittensten Expeditionen der vergangenen Jahrhunderte.\",\"breadcrumb\":{\"@id\":\"https:\/\/adventureclub.eu\/impressum\/#breadcrumb\"},\"inLanguage\":\"fr-FR\",\"potentialAction\":[{\"@type\":\"ReadAction\",\"target\":[\"https:\/\/adventureclub.eu\/impressum\/\"]}]},{\"@type\":\"BreadcrumbList\",\"@id\":\"https:\/\/adventureclub.eu\/impressum\/#breadcrumb\",\"itemListElement\":[{\"@type\":\"ListItem\",\"position\":1,\"name\":\"Startseite\",\"item\":\"https:\/\/adventureclub.eu\/\"},{\"@type\":\"ListItem\",\"position\":2,\"name\":\"Impressum\"}]},{\"@type\":\"WebSite\",\"@id\":\"https:\/\/adventureclub.eu\/#website\",\"url\":\"https:\/\/adventureclub.eu\/\",\"name\":\"Adventure Club of Europe\",\"description\":\"Adventure Club of Europe \u2013 Entdecken Sie unsere interessantesten, spannendsten und zum Teil auch umstrittensten Expeditionen der vergangenen Jahrhunderte.\",\"publisher\":{\"@id\":\"https:\/\/adventureclub.eu\/#organization\"},\"potentialAction\":[{\"@type\":\"SearchAction\",\"target\":{\"@type\":\"EntryPoint\",\"urlTemplate\":\"https:\/\/adventureclub.eu\/?s={search_term_string}\"},\"query-input\":{\"@type\":\"PropertyValueSpecification\",\"valueRequired\":true,\"valueName\":\"search_term_string\"}}],\"inLanguage\":\"fr-FR\"},{\"@type\":\"Organization\",\"@id\":\"https:\/\/adventureclub.eu\/#organization\",\"name\":\"Adventure Club of Europe\",\"url\":\"https:\/\/adventureclub.eu\/\",\"logo\":{\"@type\":\"ImageObject\",\"inLanguage\":\"fr-FR\",\"@id\":\"https:\/\/adventureclub.eu\/#\/schema\/logo\/image\/\",\"url\":\"https:\/\/adventureclub.eu\/wp-content\/uploads\/2017\/05\/ACE-TITLE-PAGE.jpg\",\"contentUrl\":\"https:\/\/adventureclub.eu\/wp-content\/uploads\/2017\/05\/ACE-TITLE-PAGE.jpg\",\"width\":1024,\"height\":604,\"caption\":\"Adventure Club of Europe\"},\"image\":{\"@id\":\"https:\/\/adventureclub.eu\/#\/schema\/logo\/image\/\"}}]}<\/script>\n<!-- \/ Yoast SEO plugin. -->","yoast_head_json":{"title":"Mentions l\u00e9gales - Adventure Club of Europe","description":"Adventure Club of Europe \u2013 Entdecken Sie unsere interessantesten, spannendsten und zum Teil auch umstrittensten Expeditionen der vergangenen Jahrhunderte.","robots":{"index":"index","follow":"follow","max-snippet":"max-snippet:-1","max-image-preview":"max-image-preview:large","max-video-preview":"max-video-preview:-1"},"canonical":"https:\/\/adventureclub.eu\/impressum\/","og_locale":"fr_FR","og_type":"article","og_title":"Mentions l\u00e9gales - Adventure Club of Europe","og_description":"Adventure Club of Europe \u2013 Entdecken Sie unsere interessantesten, spannendsten und zum Teil auch umstrittensten Expeditionen der vergangenen Jahrhunderte.","og_url":"https:\/\/adventureclub.eu\/impressum\/","og_site_name":"Adventure Club of Europe","article_modified_time":"2023-04-12T13:28:12+00:00","og_image":[{"width":1024,"height":604,"url":"https:\/\/adventureclub.eu\/wp-content\/uploads\/2017\/05\/ACE-TITLE-PAGE.jpg","type":"image\/jpeg"}],"twitter_card":"summary_large_image","twitter_misc":{"Dur\u00e9e de lecture estim\u00e9e":"4 minutes"},"schema":{"@context":"https:\/\/schema.org","@graph":[{"@type":"WebPage","@id":"https:\/\/adventureclub.eu\/impressum\/","url":"https:\/\/adventureclub.eu\/impressum\/","name":"Mentions l\u00e9gales - Adventure Club of Europe","isPartOf":{"@id":"https:\/\/adventureclub.eu\/#website"},"datePublished":"2017-02-07T13:20:57+00:00","dateModified":"2023-04-12T13:28:12+00:00","description":"Adventure Club of Europe \u2013 Entdecken Sie unsere interessantesten, spannendsten und zum Teil auch umstrittensten Expeditionen der vergangenen Jahrhunderte.","breadcrumb":{"@id":"https:\/\/adventureclub.eu\/impressum\/#breadcrumb"},"inLanguage":"fr-FR","potentialAction":[{"@type":"ReadAction","target":["https:\/\/adventureclub.eu\/impressum\/"]}]},{"@type":"BreadcrumbList","@id":"https:\/\/adventureclub.eu\/impressum\/#breadcrumb","itemListElement":[{"@type":"ListItem","position":1,"name":"Startseite","item":"https:\/\/adventureclub.eu\/"},{"@type":"ListItem","position":2,"name":"Impressum"}]},{"@type":"WebSite","@id":"https:\/\/adventureclub.eu\/#website","url":"https:\/\/adventureclub.eu\/","name":"Adventure Club of Europe","description":"Adventure Club of Europe \u2013 Entdecken Sie unsere interessantesten, spannendsten und zum Teil auch umstrittensten Expeditionen der vergangenen Jahrhunderte.","publisher":{"@id":"https:\/\/adventureclub.eu\/#organization"},"potentialAction":[{"@type":"SearchAction","target":{"@type":"EntryPoint","urlTemplate":"https:\/\/adventureclub.eu\/?s={search_term_string}"},"query-input":{"@type":"PropertyValueSpecification","valueRequired":true,"valueName":"search_term_string"}}],"inLanguage":"fr-FR"},{"@type":"Organization","@id":"https:\/\/adventureclub.eu\/#organization","name":"Adventure Club of Europe","url":"https:\/\/adventureclub.eu\/","logo":{"@type":"ImageObject","inLanguage":"fr-FR","@id":"https:\/\/adventureclub.eu\/#\/schema\/logo\/image\/","url":"https:\/\/adventureclub.eu\/wp-content\/uploads\/2017\/05\/ACE-TITLE-PAGE.jpg","contentUrl":"https:\/\/adventureclub.eu\/wp-content\/uploads\/2017\/05\/ACE-TITLE-PAGE.jpg","width":1024,"height":604,"caption":"Adventure Club of Europe"},"image":{"@id":"https:\/\/adventureclub.eu\/#\/schema\/logo\/image\/"}}]}},"_links":{"self":[{"href":"https:\/\/adventureclub.eu\/fr\/wp-json\/wp\/v2\/pages\/688","targetHints":{"allow":["GET"]}}],"collection":[{"href":"https:\/\/adventureclub.eu\/fr\/wp-json\/wp\/v2\/pages"}],"about":[{"href":"https:\/\/adventureclub.eu\/fr\/wp-json\/wp\/v2\/types\/page"}],"author":[{"embeddable":true,"href":"https:\/\/adventureclub.eu\/fr\/wp-json\/wp\/v2\/users\/9"}],"replies":[{"embeddable":true,"href":"https:\/\/adventureclub.eu\/fr\/wp-json\/wp\/v2\/comments?post=688"}],"version-history":[{"count":93,"href":"https:\/\/adventureclub.eu\/fr\/wp-json\/wp\/v2\/pages\/688\/revisions"}],"predecessor-version":[{"id":1988,"href":"https:\/\/adventureclub.eu\/fr\/wp-json\/wp\/v2\/pages\/688\/revisions\/1988"}],"wp:attachment":[{"href":"https:\/\/adventureclub.eu\/fr\/wp-json\/wp\/v2\/media?parent=688"}],"curies":[{"name":"wp","href":"https:\/\/api.w.org\/{rel}","templated":true}]}}